{"id":991,"date":"2026-01-14T08:29:39","date_gmt":"2026-01-14T08:29:39","guid":{"rendered":"https:\/\/futureg.sk\/hu\/?page_id=991"},"modified":"2026-01-14T08:29:39","modified_gmt":"2026-01-14T08:29:39","slug":"deq","status":"publish","type":"page","link":"https:\/\/futureg.sk\/hu\/deq\/","title":{"rendered":"DEQ"},"content":{"rendered":"<p><a href=\"http:\/\/www.deq.digital\">A Digitalized Emotional Questions (DEQ)<\/a> egy oktat\u00e1si projekt, amelynek c\u00e9lja a fiatalabb gener\u00e1ci\u00f3 \u00e9rzelmi j\u00f3l\u00e9t\u00e9nek t\u00e1mogat\u00e1sa. A projekt k\u00f6z\u00e9ppontj\u00e1ban a fiatalok k\u00f6zvetlen t\u00e1mogat\u00e1sa, a konfliktusok megold\u00e1sa, valamint az \u00f6nseg\u00edt\u00e9s \u00e9s a k\u00f6lcs\u00f6n\u00f6s t\u00e1mogat\u00e1s er\u0151s\u00edt\u00e9se \u00e1ll. A projekt fontos szempontja a gy\u0171l\u00f6letkelt\u0151 besz\u00e9d, a konfliktusok \u00e9s a cyberzaklat\u00e1s cs\u00f6kkent\u00e9se, valamint a hat\u00e9kony kommunik\u00e1ci\u00f3 el\u0151mozd\u00edt\u00e1sa. A DEQ p\u00e1rbesz\u00e9dm\u00f3dszereket fejleszt ki a fiatal gener\u00e1ci\u00f3, k\u00fcl\u00f6n\u00f6sen a speci\u00e1lis sz\u00fcks\u00e9gletekkel rendelkez\u0151 fiatalok bevon\u00e1s\u00e1ra a pand\u00e9mi\u00e1t k\u00f6vet\u0151 korszakban, valamint v\u00e1ls\u00e1gok \u00e9s h\u00e1bor\u00fak idej\u00e9n, motiv\u00e1lva a r\u00e9sztvev\u0151ket az akt\u00edv \u00e1llampolg\u00e1rs\u00e1gra. Az ifj\u00fas\u00e1gi munk\u00e1sok a fiatalok ig\u00e9nyeinek felm\u00e9r\u00e9se alapj\u00e1n b\u0151v\u00edtik digit\u00e1lis er\u0151fesz\u00edt\u00e9seiket az inkluz\u00edv oktat\u00e1s \u00e9rdek\u00e9ben, \u00e9s MOOC oktat\u00e1si port\u00e1lt terveznek a DCR-Dialogue m\u00f3dszertan alapj\u00e1n. A fiatalok \u00faj k\u00e9szs\u00e9geket saj\u00e1t\u00edtanak el, \u00e9s az \u00fczleti t\u00e1rgyal\u00e1sok t\u00e9mak\u00f6r\u00e9n kereszt\u00fcl er\u0151s\u00f6dik kritikai gondolkod\u00e1suk \u00e9s \u00e9rzelmi egyens\u00falyuk. A projektet a pozsonyi Comenius Egyetem Nemzetk\u00f6zi Menedzsment Tansz\u00e9ke t\u00e1mogatja.<\/p>\n<p>A projekt a FutuReg, a<a href=\"http:\/\/www.szabadpatanya.hu\"> Ment\u00e1l-Mank\u00f3<\/a>, a <a href=\"https:\/\/rozmawiajmy.org\/\">Fundacja Wspierania Dialogu \u201eRozmawiajmy\u201d<\/a> \u00e9s az<a href=\"http:\/\/www.artevio.com\"> Artevio<\/a> szervezeteket egyes\u00edti.<\/p>\n<p>A PROJEKT TEV\u00c9KENYS\u00c9GEI<\/p>\n<p>Projektmenedzsment<br \/>\nP\u00e1rbesz\u00e9des konfliktuskezel\u00e9s<br \/>\nOnline oktat\u00e1si modul<br \/>\nTerjeszt\u00e9s<br \/>\nTransznacion\u00e1lis tal\u00e1lkoz\u00f3k<\/p>\n<p><a href=\"https:\/\/futureg.sk\/hu\/digit4all\/copy-of-1200px-erasmus_logo-svg1\/\" rel=\"attachment wp-att-673\"><img loading=\"lazy\" decoding=\"async\" class=\"alignnone size-medium wp-image-673\" src=\"https:\/\/futureg.sk\/hu\/wp-content\/uploads\/sites\/2\/2023\/01\/Copy-of-1200px-Erasmus_Logo.svg1_-300x86.png\" alt=\"\" width=\"300\" height=\"86\" srcset=\"https:\/\/futureg.sk\/hu\/wp-content\/uploads\/sites\/2\/2023\/01\/Copy-of-1200px-Erasmus_Logo.svg1_-300x86.png 300w, https:\/\/futureg.sk\/hu\/wp-content\/uploads\/sites\/2\/2023\/01\/Copy-of-1200px-Erasmus_Logo.svg1_-1024x294.png 1024w, https:\/\/futureg.sk\/hu\/wp-content\/uploads\/sites\/2\/2023\/01\/Copy-of-1200px-Erasmus_Logo.svg1_-768x220.png 768w, https:\/\/futureg.sk\/hu\/wp-content\/uploads\/sites\/2\/2023\/01\/Copy-of-1200px-Erasmus_Logo.svg1_.png 1200w\" sizes=\"auto, (max-width: 300px) 100vw, 300px\" \/><\/a><\/p>\n<p>A projektet az Eur\u00f3pai uni\u00f3 t\u00e1mogatta. Project Nr.: DEQ-2023-2-SK02-KA220-YOU-000177746<\/p>\n","protected":false},"excerpt":{"rendered":"<p>A Digitalized Emotional Questions (DEQ) egy oktat\u00e1si projekt, amelynek c\u00e9lja a fiatalabb gener\u00e1ci\u00f3 \u00e9rzelmi j\u00f3l\u00e9t\u00e9nek t\u00e1mogat\u00e1sa. A projekt k\u00f6z\u00e9ppontj\u00e1ban a fiatalok k\u00f6zvetlen t\u00e1mogat\u00e1sa, a konfliktusok megold\u00e1sa, valamint az \u00f6nseg\u00edt\u00e9s \u00e9s a k\u00f6lcs\u00f6n\u00f6s t\u00e1mogat\u00e1s er\u0151s\u00edt\u00e9se \u00e1ll. A projekt fontos szempontja a gy\u0171l\u00f6letkelt\u0151 besz\u00e9d, a konfliktusok \u00e9s a cyberzaklat\u00e1s cs\u00f6kkent\u00e9se, valamint a hat\u00e9kony kommunik\u00e1ci\u00f3 el\u0151mozd\u00edt\u00e1sa. A DEQ [&hellip;]<\/p>\n","protected":false},"author":1,"featured_media":0,"parent":0,"menu_order":0,"comment_status":"closed","ping_status":"closed","template":"","meta":{"_monsterinsights_skip_tracking":false,"_monsterinsights_sitenote_active":false,"_monsterinsights_sitenote_note":"","_monsterinsights_sitenote_category":0,"footnotes":""},"class_list":["post-991","page","type-page","status-publish","hentry"],"yoast_head":"<!-- This site is optimized with the Yoast SEO plugin v26.1.1 - https:\/\/yoast.com\/wordpress\/plugins\/seo\/ -->\n<title>DEQ - FutuReg PT<\/title>\n<meta name=\"robots\" content=\"index, follow, max-snippet:-1, max-image-preview:large, max-video-preview:-1\" \/>\n<link rel=\"canonical\" href=\"https:\/\/futureg.sk\/hu\/deq\/\" \/>\n<meta property=\"og:locale\" content=\"hu_HU\" \/>\n<meta property=\"og:type\" content=\"article\" \/>\n<meta property=\"og:title\" content=\"DEQ - FutuReg PT\" \/>\n<meta property=\"og:description\" content=\"A Digitalized Emotional Questions (DEQ) egy oktat\u00e1si projekt, amelynek c\u00e9lja a fiatalabb gener\u00e1ci\u00f3 \u00e9rzelmi j\u00f3l\u00e9t\u00e9nek t\u00e1mogat\u00e1sa. A projekt k\u00f6z\u00e9ppontj\u00e1ban a fiatalok k\u00f6zvetlen t\u00e1mogat\u00e1sa, a konfliktusok megold\u00e1sa, valamint az \u00f6nseg\u00edt\u00e9s \u00e9s a k\u00f6lcs\u00f6n\u00f6s t\u00e1mogat\u00e1s er\u0151s\u00edt\u00e9se \u00e1ll. A projekt fontos szempontja a gy\u0171l\u00f6letkelt\u0151 besz\u00e9d, a konfliktusok \u00e9s a cyberzaklat\u00e1s cs\u00f6kkent\u00e9se, valamint a hat\u00e9kony kommunik\u00e1ci\u00f3 el\u0151mozd\u00edt\u00e1sa. A DEQ [&hellip;]\" \/>\n<meta property=\"og:url\" content=\"https:\/\/futureg.sk\/hu\/deq\/\" \/>\n<meta property=\"og:site_name\" content=\"FutuReg PT\" \/>\n<meta property=\"og:image\" content=\"https:\/\/futureg.sk\/hu\/wp-content\/uploads\/sites\/2\/2023\/01\/Copy-of-1200px-Erasmus_Logo.svg1_.png\" \/>\n\t<meta property=\"og:image:width\" content=\"1200\" \/>\n\t<meta property=\"og:image:height\" content=\"344\" \/>\n\t<meta property=\"og:image:type\" content=\"image\/png\" \/>\n<meta name=\"twitter:card\" content=\"summary_large_image\" \/>\n<meta name=\"twitter:label1\" content=\"Becs\u00fclt olvas\u00e1si id\u0151\" \/>\n\t<meta name=\"twitter:data1\" content=\"2 perc\" \/>\n<script type=\"application\/ld+json\" class=\"yoast-schema-graph\">{\"@context\":\"https:\/\/schema.org\",\"@graph\":[{\"@type\":\"WebPage\",\"@id\":\"https:\/\/futureg.sk\/hu\/deq\/\",\"url\":\"https:\/\/futureg.sk\/hu\/deq\/\",\"name\":\"DEQ - FutuReg PT\",\"isPartOf\":{\"@id\":\"https:\/\/futureg.sk\/hu\/#website\"},\"primaryImageOfPage\":{\"@id\":\"https:\/\/futureg.sk\/hu\/deq\/#primaryimage\"},\"image\":{\"@id\":\"https:\/\/futureg.sk\/hu\/deq\/#primaryimage\"},\"thumbnailUrl\":\"https:\/\/futureg.sk\/hu\/wp-content\/uploads\/sites\/2\/2023\/01\/Copy-of-1200px-Erasmus_Logo.svg1_-300x86.png\",\"datePublished\":\"2026-01-14T08:29:39+00:00\",\"breadcrumb\":{\"@id\":\"https:\/\/futureg.sk\/hu\/deq\/#breadcrumb\"},\"inLanguage\":\"hu\",\"potentialAction\":[{\"@type\":\"ReadAction\",\"target\":[\"https:\/\/futureg.sk\/hu\/deq\/\"]}]},{\"@type\":\"ImageObject\",\"inLanguage\":\"hu\",\"@id\":\"https:\/\/futureg.sk\/hu\/deq\/#primaryimage\",\"url\":\"https:\/\/futureg.sk\/hu\/wp-content\/uploads\/sites\/2\/2023\/01\/Copy-of-1200px-Erasmus_Logo.svg1_.png\",\"contentUrl\":\"https:\/\/futureg.sk\/hu\/wp-content\/uploads\/sites\/2\/2023\/01\/Copy-of-1200px-Erasmus_Logo.svg1_.png\",\"width\":1200,\"height\":344},{\"@type\":\"BreadcrumbList\",\"@id\":\"https:\/\/futureg.sk\/hu\/deq\/#breadcrumb\",\"itemListElement\":[{\"@type\":\"ListItem\",\"position\":1,\"name\":\"Home\",\"item\":\"https:\/\/futureg.sk\/hu\/\"},{\"@type\":\"ListItem\",\"position\":2,\"name\":\"DEQ\"}]},{\"@type\":\"WebSite\",\"@id\":\"https:\/\/futureg.sk\/hu\/#website\",\"url\":\"https:\/\/futureg.sk\/hu\/\",\"name\":\"FutuReg PT\",\"description\":\"R\u00e9gi\u00f3nk \u00e9s gyermekeink fejleszt\u00e9s\u00e9\u00e9rt\",\"potentialAction\":[{\"@type\":\"SearchAction\",\"target\":{\"@type\":\"EntryPoint\",\"urlTemplate\":\"https:\/\/futureg.sk\/hu\/?s={search_term_string}\"},\"query-input\":{\"@type\":\"PropertyValueSpecification\",\"valueRequired\":true,\"valueName\":\"search_term_string\"}}],\"inLanguage\":\"hu\"}]}<\/script>\n<!-- \/ Yoast SEO plugin. -->","yoast_head_json":{"title":"DEQ - FutuReg PT","robots":{"index":"index","follow":"follow","max-snippet":"max-snippet:-1","max-image-preview":"max-image-preview:large","max-video-preview":"max-video-preview:-1"},"canonical":"https:\/\/futureg.sk\/hu\/deq\/","og_locale":"hu_HU","og_type":"article","og_title":"DEQ - FutuReg PT","og_description":"A Digitalized Emotional Questions (DEQ) egy oktat\u00e1si projekt, amelynek c\u00e9lja a fiatalabb gener\u00e1ci\u00f3 \u00e9rzelmi j\u00f3l\u00e9t\u00e9nek t\u00e1mogat\u00e1sa. A projekt k\u00f6z\u00e9ppontj\u00e1ban a fiatalok k\u00f6zvetlen t\u00e1mogat\u00e1sa, a konfliktusok megold\u00e1sa, valamint az \u00f6nseg\u00edt\u00e9s \u00e9s a k\u00f6lcs\u00f6n\u00f6s t\u00e1mogat\u00e1s er\u0151s\u00edt\u00e9se \u00e1ll. A projekt fontos szempontja a gy\u0171l\u00f6letkelt\u0151 besz\u00e9d, a konfliktusok \u00e9s a cyberzaklat\u00e1s cs\u00f6kkent\u00e9se, valamint a hat\u00e9kony kommunik\u00e1ci\u00f3 el\u0151mozd\u00edt\u00e1sa. A DEQ [&hellip;]","og_url":"https:\/\/futureg.sk\/hu\/deq\/","og_site_name":"FutuReg PT","og_image":[{"width":1200,"height":344,"url":"https:\/\/futureg.sk\/hu\/wp-content\/uploads\/sites\/2\/2023\/01\/Copy-of-1200px-Erasmus_Logo.svg1_.png","type":"image\/png"}],"twitter_card":"summary_large_image","twitter_misc":{"Becs\u00fclt olvas\u00e1si id\u0151":"2 perc"},"schema":{"@context":"https:\/\/schema.org","@graph":[{"@type":"WebPage","@id":"https:\/\/futureg.sk\/hu\/deq\/","url":"https:\/\/futureg.sk\/hu\/deq\/","name":"DEQ - FutuReg PT","isPartOf":{"@id":"https:\/\/futureg.sk\/hu\/#website"},"primaryImageOfPage":{"@id":"https:\/\/futureg.sk\/hu\/deq\/#primaryimage"},"image":{"@id":"https:\/\/futureg.sk\/hu\/deq\/#primaryimage"},"thumbnailUrl":"https:\/\/futureg.sk\/hu\/wp-content\/uploads\/sites\/2\/2023\/01\/Copy-of-1200px-Erasmus_Logo.svg1_-300x86.png","datePublished":"2026-01-14T08:29:39+00:00","breadcrumb":{"@id":"https:\/\/futureg.sk\/hu\/deq\/#breadcrumb"},"inLanguage":"hu","potentialAction":[{"@type":"ReadAction","target":["https:\/\/futureg.sk\/hu\/deq\/"]}]},{"@type":"ImageObject","inLanguage":"hu","@id":"https:\/\/futureg.sk\/hu\/deq\/#primaryimage","url":"https:\/\/futureg.sk\/hu\/wp-content\/uploads\/sites\/2\/2023\/01\/Copy-of-1200px-Erasmus_Logo.svg1_.png","contentUrl":"https:\/\/futureg.sk\/hu\/wp-content\/uploads\/sites\/2\/2023\/01\/Copy-of-1200px-Erasmus_Logo.svg1_.png","width":1200,"height":344},{"@type":"BreadcrumbList","@id":"https:\/\/futureg.sk\/hu\/deq\/#breadcrumb","itemListElement":[{"@type":"ListItem","position":1,"name":"Home","item":"https:\/\/futureg.sk\/hu\/"},{"@type":"ListItem","position":2,"name":"DEQ"}]},{"@type":"WebSite","@id":"https:\/\/futureg.sk\/hu\/#website","url":"https:\/\/futureg.sk\/hu\/","name":"FutuReg PT","description":"R\u00e9gi\u00f3nk \u00e9s gyermekeink fejleszt\u00e9s\u00e9\u00e9rt","potentialAction":[{"@type":"SearchAction","target":{"@type":"EntryPoint","urlTemplate":"https:\/\/futureg.sk\/hu\/?s={search_term_string}"},"query-input":{"@type":"PropertyValueSpecification","valueRequired":true,"valueName":"search_term_string"}}],"inLanguage":"hu"}]}},"_links":{"self":[{"href":"https:\/\/futureg.sk\/hu\/wp-json\/wp\/v2\/pages\/991","targetHints":{"allow":["GET"]}}],"collection":[{"href":"https:\/\/futureg.sk\/hu\/wp-json\/wp\/v2\/pages"}],"about":[{"href":"https:\/\/futureg.sk\/hu\/wp-json\/wp\/v2\/types\/page"}],"author":[{"embeddable":true,"href":"https:\/\/futureg.sk\/hu\/wp-json\/wp\/v2\/users\/1"}],"replies":[{"embeddable":true,"href":"https:\/\/futureg.sk\/hu\/wp-json\/wp\/v2\/comments?post=991"}],"version-history":[{"count":1,"href":"https:\/\/futureg.sk\/hu\/wp-json\/wp\/v2\/pages\/991\/revisions"}],"predecessor-version":[{"id":992,"href":"https:\/\/futureg.sk\/hu\/wp-json\/wp\/v2\/pages\/991\/revisions\/992"}],"wp:attachment":[{"href":"https:\/\/futureg.sk\/hu\/wp-json\/wp\/v2\/media?parent=991"}],"curies":[{"name":"wp","href":"https:\/\/api.w.org\/{rel}","templated":true}]}}