{"id":986,"date":"2026-01-14T08:20:59","date_gmt":"2026-01-14T08:20:59","guid":{"rendered":"https:\/\/futureg.sk\/hu\/?page_id=986"},"modified":"2026-01-14T08:25:24","modified_gmt":"2026-01-14T08:25:24","slug":"wowme","status":"publish","type":"page","link":"https:\/\/futureg.sk\/hu\/wowme\/","title":{"rendered":"WOWME"},"content":{"rendered":"<p><strong><a href=\"https:\/\/wow-me.eu\/\">A WOW-ME<\/a>: Women on Work Market \u2013 Maximising Empowerment<\/strong> (N\u0151k a munkaer\u0151piacon \u2013 a felhatalmaz\u00e1s maximaliz\u00e1l\u00e1sa) egy egy\u00fcttm\u0171k\u00f6d\u00e9si Erasmus+ projekt, amelyet a 2023-2-ES01-KA210-ADU-00018355 program finansz\u00edroz, \u00e9s amelyben h\u00e1rom kiv\u00e1l\u00f3 partner vesz r\u00e9szt, akiknek c\u00e9lja a FutuReg-gel k\u00f6z\u00f6sen a n\u0151k felhatalmaz\u00e1sa \u00e9s a munkaer\u0151piacra val\u00f3 bejut\u00e1s\u00e1nak el\u0151seg\u00edt\u00e9se.<\/p>\n<p>A legfontosabb eredm\u00e9nyek:<\/p>\n<p><strong>Fokozott foglalkoztathat\u00f3s\u00e1g:<\/strong> A WOW-ME k\u00e9pz\u00e9si programjai arra ir\u00e1nyulnak, hogy a n\u0151k megszerezhess\u00e9k a keresett munkapiaci k\u00e9szs\u00e9geket, amelyek seg\u00edts\u00e9g\u00e9vel jobb munkalehet\u0151s\u00e9geket szerezhetnek \u00e9s ezzel jav\u00edthatj\u00e1k j\u00f6vedelmi potenci\u00e1ljukat.<\/p>\n<p><strong>Fokozott \u00f6nbizalom \u00e9s \u00f6n\u00e9rt\u00e9kel\u00e9s:<\/strong> A WOW-ME szem\u00e9lyre szabott karrier-tan\u00e1csad\u00e1ssal \u00e9s t\u00e1mogat\u00f3 k\u00f6z\u00f6ss\u00e9gekkel seg\u00edti a n\u0151ket az akad\u00e1lyok lek\u00fczd\u00e9s\u00e9ben \u00e9s abban, hogy higgyenek saj\u00e1t k\u00e9pess\u00e9geikben.<\/p>\n<p><strong>Er\u0151sebb t\u00e1rsadalmi befogad\u00e1s:<\/strong> A h\u00e1tr\u00e1nyos helyzet\u0171 \u00e9s kevesebb lehet\u0151s\u00e9get \u00e9lvez\u0151 n\u0151k megc\u00e9lz\u00e1s\u00e1val a WOW-ME egy befogad\u00f3bb \u00e9s igazs\u00e1gosabb t\u00e1rsadalom megteremt\u00e9s\u00e9hez k\u00edv\u00e1n hozz\u00e1j\u00e1rulni.<\/p>\n<p><strong>Hozz\u00e1f\u00e9rhet\u0151 \u00e9s befogad\u00f3 feln\u0151ttk\u00e9pz\u00e9s:<\/strong> A WOW-ME hozz\u00e1j\u00e1rul a kevesebb lehet\u0151s\u00e9get \u00e9lvez\u0151 n\u0151k k\u00e9pz\u00e9s\u00e9hez, szem\u00e9lyre szabott oktat\u00e1si programokat k\u00edn\u00e1lva, amelyek a t\u00e1rsadalmi-gazdas\u00e1gi \u00e9s technol\u00f3giai egyenl\u0151tlens\u00e9geket c\u00e9lozz\u00e1k meg. Ezek a kezdem\u00e9nyez\u00e9sek el\u0151seg\u00edtik az eg\u00e9sz \u00e9leten \u00e1t tart\u00f3 tanul\u00e1s \u00e9s a tart\u00f3s karrierfejl\u0151d\u00e9s \u00fatj\u00e1nak megteremt\u00e9s\u00e9t.<\/p>\n<p><strong>Online eszk\u00f6zk\u00e9szlet m\u00f3dszerei eur\u00f3pai n\u0151k sz\u00e1m\u00e1ra:<\/strong> A WOW-ME online eszk\u00f6zk\u00e9szlete olyan innovat\u00edv m\u00f3dszereket fog \u00f6tv\u00f6zni, mint a digit\u00e1lis k\u00e9szs\u00e9gek, a tervez\u0151i gondolkod\u00e1s, a mesters\u00e9ges intelligencia, a HR karrier-coaching \u00e9s a narrat\u00edv megk\u00f6zel\u00edt\u00e9sek, \u00edgy a n\u0151k sz\u00e1m\u00e1ra sk\u00e1l\u00e1zhat\u00f3, praktikus \u00e9s j\u00f6v\u0151re k\u00e9sz er\u0151forr\u00e1sokat biztos\u00edt a foglalkoztathat\u00f3s\u00e1g n\u00f6vel\u00e9se \u00e9rdek\u00e9ben.<\/p>\n<p>A WOW-ME projekt folyamatos fejl\u0151d\u00e9se mellett tov\u00e1bbra is elk\u00f6telezettek vagyunk a n\u0151k felhatalmaz\u00e1sa \u00e9s egy f\u00e9nyesebb j\u00f6v\u0151 megteremt\u00e9se mellett.<br \/>\nA konzorcium partnerei: <a href=\"http:\/\/www.ea.consulting\">Az EA Consulting,<\/a> a <a href=\"http:\/\/www.rovnovazka.cz\">Rovnov\u00e1\u017eka,<\/a> a<a href=\"http:\/\/www.norsensus.no\"> NorSensus Mediaforum<\/a> \u00e9s a FutuReg b\u00fcszk\u00e9k arra, hogy r\u00e9szesei lehetnek ennek a \u00fatt\u00f6r\u0151 kezdem\u00e9nyez\u00e9snek.<\/p>\n<p><strong>Egy\u00fctt v\u00e1ltoz\u00e1st hozhatunk.<\/strong> Csatlakozzon a projekthez \u00e9s t\u00e1mogassa a n\u0151k gazdas\u00e1gi szerepv\u00e1llal\u00e1s\u00e1t!<\/p>\n<p>A projekt az Eur\u00f3pai Uni\u00f3 t\u00e1rsfinansz\u00edroz\u00e1s\u00e1val l\u00e9tesulhetett.<\/p>\n<p>A kifejezett v\u00e9lem\u00e9nyek \u00e9s n\u00e9z\u0151pontok kiz\u00e1r\u00f3lag a szerz\u0151(k) v\u00e9lem\u00e9ny\u00e9t t\u00fckr\u00f6zik, \u00e9s nem felt\u00e9tlen\u00fcl egyeznek meg az Eur\u00f3pai Uni\u00f3 vagy a Spanyol Oktat\u00e1s Nemzetk\u00f6zi Szolg\u00e1lat\u00e1nak (SEPIE) v\u00e9lem\u00e9ny\u00e9vel. Sem az Eur\u00f3pai Uni\u00f3, sem a t\u00e1mogat\u00f3 hat\u00f3s\u00e1g nem tehet\u0151 felel\u0151ss\u00e9 azok\u00e9rt.<\/p>\n<p><a href=\"https:\/\/futureg.sk\/hu\/digit4all\/copy-of-1200px-erasmus_logo-svg1\/\" rel=\"attachment wp-att-673\"><img loading=\"lazy\" decoding=\"async\" class=\"alignnone size-medium wp-image-673\" src=\"https:\/\/futureg.sk\/hu\/wp-content\/uploads\/sites\/2\/2023\/01\/Copy-of-1200px-Erasmus_Logo.svg1_-300x86.png\" alt=\"\" width=\"300\" height=\"86\" srcset=\"https:\/\/futureg.sk\/hu\/wp-content\/uploads\/sites\/2\/2023\/01\/Copy-of-1200px-Erasmus_Logo.svg1_-300x86.png 300w, https:\/\/futureg.sk\/hu\/wp-content\/uploads\/sites\/2\/2023\/01\/Copy-of-1200px-Erasmus_Logo.svg1_-1024x294.png 1024w, https:\/\/futureg.sk\/hu\/wp-content\/uploads\/sites\/2\/2023\/01\/Copy-of-1200px-Erasmus_Logo.svg1_-768x220.png 768w, https:\/\/futureg.sk\/hu\/wp-content\/uploads\/sites\/2\/2023\/01\/Copy-of-1200px-Erasmus_Logo.svg1_.png 1200w\" sizes=\"auto, (max-width: 300px) 100vw, 300px\" \/><\/a><a href=\"https:\/\/futureg.sk\/hu\/projektek\/wowit\/en-co-funded-by-the-eu_pos\/\" rel=\"attachment wp-att-737\"><img loading=\"lazy\" decoding=\"async\" class=\"alignnone size-medium wp-image-737\" src=\"https:\/\/futureg.sk\/hu\/wp-content\/uploads\/sites\/2\/2023\/05\/EN-Co-funded-by-the-EU_POS-300x63.jpg\" alt=\"\" width=\"300\" height=\"63\" srcset=\"https:\/\/futureg.sk\/hu\/wp-content\/uploads\/sites\/2\/2023\/05\/EN-Co-funded-by-the-EU_POS-300x63.jpg 300w, https:\/\/futureg.sk\/hu\/wp-content\/uploads\/sites\/2\/2023\/05\/EN-Co-funded-by-the-EU_POS-1024x215.jpg 1024w, https:\/\/futureg.sk\/hu\/wp-content\/uploads\/sites\/2\/2023\/05\/EN-Co-funded-by-the-EU_POS-768x161.jpg 768w, https:\/\/futureg.sk\/hu\/wp-content\/uploads\/sites\/2\/2023\/05\/EN-Co-funded-by-the-EU_POS-1536x322.jpg 1536w, https:\/\/futureg.sk\/hu\/wp-content\/uploads\/sites\/2\/2023\/05\/EN-Co-funded-by-the-EU_POS-2048x430.jpg 2048w\" sizes=\"auto, (max-width: 300px) 100vw, 300px\" \/><\/a><\/p>\n<p><a href=\"https:\/\/futureg.sk\/hu\/wowme\/wowme\/\" rel=\"attachment wp-att-987\"><img loading=\"lazy\" decoding=\"async\" class=\"alignnone size-medium wp-image-987\" src=\"https:\/\/futureg.sk\/hu\/wp-content\/uploads\/sites\/2\/2026\/01\/wowme-300x92.jpg\" alt=\"\" width=\"300\" height=\"92\" srcset=\"https:\/\/futureg.sk\/hu\/wp-content\/uploads\/sites\/2\/2026\/01\/wowme-300x92.jpg 300w, https:\/\/futureg.sk\/hu\/wp-content\/uploads\/sites\/2\/2026\/01\/wowme-1024x313.jpg 1024w, https:\/\/futureg.sk\/hu\/wp-content\/uploads\/sites\/2\/2026\/01\/wowme-768x235.jpg 768w, https:\/\/futureg.sk\/hu\/wp-content\/uploads\/sites\/2\/2026\/01\/wowme-1536x470.jpg 1536w, https:\/\/futureg.sk\/hu\/wp-content\/uploads\/sites\/2\/2026\/01\/wowme.jpg 1858w\" sizes=\"auto, (max-width: 300px) 100vw, 300px\" \/><\/a><\/p>\n<p>&nbsp;<\/p>\n","protected":false},"excerpt":{"rendered":"<p>A WOW-ME: Women on Work Market \u2013 Maximising Empowerment (N\u0151k a munkaer\u0151piacon \u2013 a felhatalmaz\u00e1s maximaliz\u00e1l\u00e1sa) egy egy\u00fcttm\u0171k\u00f6d\u00e9si Erasmus+ projekt, amelyet a 2023-2-ES01-KA210-ADU-00018355 program finansz\u00edroz, \u00e9s amelyben h\u00e1rom kiv\u00e1l\u00f3 partner vesz r\u00e9szt, akiknek c\u00e9lja a FutuReg-gel k\u00f6z\u00f6sen a n\u0151k felhatalmaz\u00e1sa \u00e9s a munkaer\u0151piacra val\u00f3 bejut\u00e1s\u00e1nak el\u0151seg\u00edt\u00e9se. A legfontosabb eredm\u00e9nyek: Fokozott foglalkoztathat\u00f3s\u00e1g: A WOW-ME k\u00e9pz\u00e9si programjai [&hellip;]<\/p>\n","protected":false},"author":1,"featured_media":0,"parent":0,"menu_order":0,"comment_status":"closed","ping_status":"closed","template":"","meta":{"_monsterinsights_skip_tracking":false,"_monsterinsights_sitenote_active":false,"_monsterinsights_sitenote_note":"","_monsterinsights_sitenote_category":0,"footnotes":""},"class_list":["post-986","page","type-page","status-publish","hentry"],"yoast_head":"<!-- This site is optimized with the Yoast SEO plugin v26.1.1 - https:\/\/yoast.com\/wordpress\/plugins\/seo\/ -->\n<title>WOWME - FutuReg PT<\/title>\n<meta name=\"robots\" content=\"index, follow, max-snippet:-1, max-image-preview:large, max-video-preview:-1\" \/>\n<link rel=\"canonical\" href=\"https:\/\/futureg.sk\/hu\/wowme\/\" \/>\n<meta property=\"og:locale\" content=\"hu_HU\" \/>\n<meta property=\"og:type\" content=\"article\" \/>\n<meta property=\"og:title\" content=\"WOWME - FutuReg PT\" \/>\n<meta property=\"og:description\" content=\"A WOW-ME: Women on Work Market \u2013 Maximising Empowerment (N\u0151k a munkaer\u0151piacon \u2013 a felhatalmaz\u00e1s maximaliz\u00e1l\u00e1sa) egy egy\u00fcttm\u0171k\u00f6d\u00e9si Erasmus+ projekt, amelyet a 2023-2-ES01-KA210-ADU-00018355 program finansz\u00edroz, \u00e9s amelyben h\u00e1rom kiv\u00e1l\u00f3 partner vesz r\u00e9szt, akiknek c\u00e9lja a FutuReg-gel k\u00f6z\u00f6sen a n\u0151k felhatalmaz\u00e1sa \u00e9s a munkaer\u0151piacra val\u00f3 bejut\u00e1s\u00e1nak el\u0151seg\u00edt\u00e9se. A legfontosabb eredm\u00e9nyek: Fokozott foglalkoztathat\u00f3s\u00e1g: A WOW-ME k\u00e9pz\u00e9si programjai [&hellip;]\" \/>\n<meta property=\"og:url\" content=\"https:\/\/futureg.sk\/hu\/wowme\/\" \/>\n<meta property=\"og:site_name\" content=\"FutuReg PT\" \/>\n<meta property=\"article:modified_time\" content=\"2026-01-14T08:25:24+00:00\" \/>\n<meta property=\"og:image\" content=\"https:\/\/futureg.sk\/hu\/wp-content\/uploads\/sites\/2\/2023\/01\/Copy-of-1200px-Erasmus_Logo.svg1_.png\" \/>\n\t<meta property=\"og:image:width\" content=\"1200\" \/>\n\t<meta property=\"og:image:height\" content=\"344\" \/>\n\t<meta property=\"og:image:type\" content=\"image\/png\" \/>\n<meta name=\"twitter:card\" content=\"summary_large_image\" \/>\n<meta name=\"twitter:label1\" content=\"Becs\u00fclt olvas\u00e1si id\u0151\" \/>\n\t<meta name=\"twitter:data1\" content=\"3 perc\" \/>\n<script type=\"application\/ld+json\" class=\"yoast-schema-graph\">{\"@context\":\"https:\/\/schema.org\",\"@graph\":[{\"@type\":\"WebPage\",\"@id\":\"https:\/\/futureg.sk\/hu\/wowme\/\",\"url\":\"https:\/\/futureg.sk\/hu\/wowme\/\",\"name\":\"WOWME - FutuReg PT\",\"isPartOf\":{\"@id\":\"https:\/\/futureg.sk\/hu\/#website\"},\"primaryImageOfPage\":{\"@id\":\"https:\/\/futureg.sk\/hu\/wowme\/#primaryimage\"},\"image\":{\"@id\":\"https:\/\/futureg.sk\/hu\/wowme\/#primaryimage\"},\"thumbnailUrl\":\"https:\/\/futureg.sk\/hu\/wp-content\/uploads\/sites\/2\/2023\/01\/Copy-of-1200px-Erasmus_Logo.svg1_-300x86.png\",\"datePublished\":\"2026-01-14T08:20:59+00:00\",\"dateModified\":\"2026-01-14T08:25:24+00:00\",\"breadcrumb\":{\"@id\":\"https:\/\/futureg.sk\/hu\/wowme\/#breadcrumb\"},\"inLanguage\":\"hu\",\"potentialAction\":[{\"@type\":\"ReadAction\",\"target\":[\"https:\/\/futureg.sk\/hu\/wowme\/\"]}]},{\"@type\":\"ImageObject\",\"inLanguage\":\"hu\",\"@id\":\"https:\/\/futureg.sk\/hu\/wowme\/#primaryimage\",\"url\":\"https:\/\/futureg.sk\/hu\/wp-content\/uploads\/sites\/2\/2023\/01\/Copy-of-1200px-Erasmus_Logo.svg1_.png\",\"contentUrl\":\"https:\/\/futureg.sk\/hu\/wp-content\/uploads\/sites\/2\/2023\/01\/Copy-of-1200px-Erasmus_Logo.svg1_.png\",\"width\":1200,\"height\":344},{\"@type\":\"BreadcrumbList\",\"@id\":\"https:\/\/futureg.sk\/hu\/wowme\/#breadcrumb\",\"itemListElement\":[{\"@type\":\"ListItem\",\"position\":1,\"name\":\"Home\",\"item\":\"https:\/\/futureg.sk\/hu\/\"},{\"@type\":\"ListItem\",\"position\":2,\"name\":\"WOWME\"}]},{\"@type\":\"WebSite\",\"@id\":\"https:\/\/futureg.sk\/hu\/#website\",\"url\":\"https:\/\/futureg.sk\/hu\/\",\"name\":\"FutuReg PT\",\"description\":\"R\u00e9gi\u00f3nk \u00e9s gyermekeink fejleszt\u00e9s\u00e9\u00e9rt\",\"potentialAction\":[{\"@type\":\"SearchAction\",\"target\":{\"@type\":\"EntryPoint\",\"urlTemplate\":\"https:\/\/futureg.sk\/hu\/?s={search_term_string}\"},\"query-input\":{\"@type\":\"PropertyValueSpecification\",\"valueRequired\":true,\"valueName\":\"search_term_string\"}}],\"inLanguage\":\"hu\"}]}<\/script>\n<!-- \/ Yoast SEO plugin. -->","yoast_head_json":{"title":"WOWME - FutuReg PT","robots":{"index":"index","follow":"follow","max-snippet":"max-snippet:-1","max-image-preview":"max-image-preview:large","max-video-preview":"max-video-preview:-1"},"canonical":"https:\/\/futureg.sk\/hu\/wowme\/","og_locale":"hu_HU","og_type":"article","og_title":"WOWME - FutuReg PT","og_description":"A WOW-ME: Women on Work Market \u2013 Maximising Empowerment (N\u0151k a munkaer\u0151piacon \u2013 a felhatalmaz\u00e1s maximaliz\u00e1l\u00e1sa) egy egy\u00fcttm\u0171k\u00f6d\u00e9si Erasmus+ projekt, amelyet a 2023-2-ES01-KA210-ADU-00018355 program finansz\u00edroz, \u00e9s amelyben h\u00e1rom kiv\u00e1l\u00f3 partner vesz r\u00e9szt, akiknek c\u00e9lja a FutuReg-gel k\u00f6z\u00f6sen a n\u0151k felhatalmaz\u00e1sa \u00e9s a munkaer\u0151piacra val\u00f3 bejut\u00e1s\u00e1nak el\u0151seg\u00edt\u00e9se. A legfontosabb eredm\u00e9nyek: Fokozott foglalkoztathat\u00f3s\u00e1g: A WOW-ME k\u00e9pz\u00e9si programjai [&hellip;]","og_url":"https:\/\/futureg.sk\/hu\/wowme\/","og_site_name":"FutuReg PT","article_modified_time":"2026-01-14T08:25:24+00:00","og_image":[{"width":1200,"height":344,"url":"https:\/\/futureg.sk\/hu\/wp-content\/uploads\/sites\/2\/2023\/01\/Copy-of-1200px-Erasmus_Logo.svg1_.png","type":"image\/png"}],"twitter_card":"summary_large_image","twitter_misc":{"Becs\u00fclt olvas\u00e1si id\u0151":"3 perc"},"schema":{"@context":"https:\/\/schema.org","@graph":[{"@type":"WebPage","@id":"https:\/\/futureg.sk\/hu\/wowme\/","url":"https:\/\/futureg.sk\/hu\/wowme\/","name":"WOWME - FutuReg PT","isPartOf":{"@id":"https:\/\/futureg.sk\/hu\/#website"},"primaryImageOfPage":{"@id":"https:\/\/futureg.sk\/hu\/wowme\/#primaryimage"},"image":{"@id":"https:\/\/futureg.sk\/hu\/wowme\/#primaryimage"},"thumbnailUrl":"https:\/\/futureg.sk\/hu\/wp-content\/uploads\/sites\/2\/2023\/01\/Copy-of-1200px-Erasmus_Logo.svg1_-300x86.png","datePublished":"2026-01-14T08:20:59+00:00","dateModified":"2026-01-14T08:25:24+00:00","breadcrumb":{"@id":"https:\/\/futureg.sk\/hu\/wowme\/#breadcrumb"},"inLanguage":"hu","potentialAction":[{"@type":"ReadAction","target":["https:\/\/futureg.sk\/hu\/wowme\/"]}]},{"@type":"ImageObject","inLanguage":"hu","@id":"https:\/\/futureg.sk\/hu\/wowme\/#primaryimage","url":"https:\/\/futureg.sk\/hu\/wp-content\/uploads\/sites\/2\/2023\/01\/Copy-of-1200px-Erasmus_Logo.svg1_.png","contentUrl":"https:\/\/futureg.sk\/hu\/wp-content\/uploads\/sites\/2\/2023\/01\/Copy-of-1200px-Erasmus_Logo.svg1_.png","width":1200,"height":344},{"@type":"BreadcrumbList","@id":"https:\/\/futureg.sk\/hu\/wowme\/#breadcrumb","itemListElement":[{"@type":"ListItem","position":1,"name":"Home","item":"https:\/\/futureg.sk\/hu\/"},{"@type":"ListItem","position":2,"name":"WOWME"}]},{"@type":"WebSite","@id":"https:\/\/futureg.sk\/hu\/#website","url":"https:\/\/futureg.sk\/hu\/","name":"FutuReg PT","description":"R\u00e9gi\u00f3nk \u00e9s gyermekeink fejleszt\u00e9s\u00e9\u00e9rt","potentialAction":[{"@type":"SearchAction","target":{"@type":"EntryPoint","urlTemplate":"https:\/\/futureg.sk\/hu\/?s={search_term_string}"},"query-input":{"@type":"PropertyValueSpecification","valueRequired":true,"valueName":"search_term_string"}}],"inLanguage":"hu"}]}},"_links":{"self":[{"href":"https:\/\/futureg.sk\/hu\/wp-json\/wp\/v2\/pages\/986","targetHints":{"allow":["GET"]}}],"collection":[{"href":"https:\/\/futureg.sk\/hu\/wp-json\/wp\/v2\/pages"}],"about":[{"href":"https:\/\/futureg.sk\/hu\/wp-json\/wp\/v2\/types\/page"}],"author":[{"embeddable":true,"href":"https:\/\/futureg.sk\/hu\/wp-json\/wp\/v2\/users\/1"}],"replies":[{"embeddable":true,"href":"https:\/\/futureg.sk\/hu\/wp-json\/wp\/v2\/comments?post=986"}],"version-history":[{"count":2,"href":"https:\/\/futureg.sk\/hu\/wp-json\/wp\/v2\/pages\/986\/revisions"}],"predecessor-version":[{"id":989,"href":"https:\/\/futureg.sk\/hu\/wp-json\/wp\/v2\/pages\/986\/revisions\/989"}],"wp:attachment":[{"href":"https:\/\/futureg.sk\/hu\/wp-json\/wp\/v2\/media?parent=986"}],"curies":[{"name":"wp","href":"https:\/\/api.w.org\/{rel}","templated":true}]}}