{"id":981,"date":"2026-01-14T08:07:25","date_gmt":"2026-01-14T08:07:25","guid":{"rendered":"https:\/\/futureg.sk\/hu\/?page_id=981"},"modified":"2026-01-14T08:10:27","modified_gmt":"2026-01-14T08:10:27","slug":"girlpower","status":"publish","type":"page","link":"https:\/\/futureg.sk\/hu\/girlpower\/","title":{"rendered":"GIRLPOWER"},"content":{"rendered":"<p>KA210-SCH-C1510769 \u2013 Kis l\u00e9pt\u00e9k\u0171 partners\u00e9gek az iskolai oktat\u00e1sban<\/p>\n<p>Lead Partner: <a href=\"http:\/\/www.6waters.com\">6waters<\/a><\/p>\n<p>2024.janu\u00e1r 1. \u2013 2025. december 31.<\/p>\n<p><a href=\"https:\/\/girlpowerapp.com\/\">A Girlpower<\/a> projekt \u00e1tfog\u00f3 c\u00e9lja, hogy motiv\u00e1lja az eur\u00f3pai l\u00e1nyokat arra, hogy felismerj\u00e9k saj\u00e1t potenci\u00e1ljukat, \u00e9s \u00edgy a t\u00e1rsadalom \u00e9rt\u00e9kes \u00e9s tiszteletben tartott tagj\u00e1v\u00e1 v\u00e1ljanak. Ennek \u00e9rdek\u00e9ben a Girlpower projekt olyan n\u0151ket mutat be, akik rendk\u00edv\u00fcli eredm\u00e9nyeikkel nevet szereztek maguknak, \u00e9s p\u00e9ldak\u00e9pk\u00e9nt szolg\u00e1lhatnak a k\u00f6vetkez\u0151 gener\u00e1ci\u00f3 sz\u00e1m\u00e1ra.<\/p>\n<p>A projekt c\u00e9lja egy mobilalkalmaz\u00e1s l\u00e9trehoz\u00e1sa, amely bemutatja a r\u00e9szt vev\u0151 orsz\u00e1gokban \u00e9l\u0151 n\u0151k kiv\u00e1l\u00f3 eredm\u00e9nyeit, \u00e9s ezzel p\u00e1rhuzamot teremt a mai fiatalok sz\u00e1m\u00e1ra, motiv\u00e1lva \u0151ket arra, hogy rendk\u00edv\u00fcli eredm\u00e9nyeket \u00e9rjenek el, vagy egyszer\u0171en csak biztons\u00e1gosan \u00e9s b\u00f6lcsen \u00e9lj\u00e9k az \u00e9let\u00fcket a mindennapi neh\u00e9zs\u00e9gek ellen\u00e9re.<\/p>\n<p>Az Erasmus+ projektet az Eur\u00f3pai uni\u00f3 t\u00e1mogatta.<\/p>\n<p><a href=\"https:\/\/futureg.sk\/hu\/green\/flag_2colors-eps\/\" rel=\"attachment wp-att-822\"><img loading=\"lazy\" decoding=\"async\" class=\"alignnone size-medium wp-image-822\" src=\"https:\/\/futureg.sk\/hu\/wp-content\/uploads\/sites\/2\/2023\/12\/eu_co_funded_en-300x63.jpg\" alt=\"\" width=\"300\" height=\"63\" srcset=\"https:\/\/futureg.sk\/hu\/wp-content\/uploads\/sites\/2\/2023\/12\/eu_co_funded_en-300x63.jpg 300w, https:\/\/futureg.sk\/hu\/wp-content\/uploads\/sites\/2\/2023\/12\/eu_co_funded_en-1024x215.jpg 1024w, https:\/\/futureg.sk\/hu\/wp-content\/uploads\/sites\/2\/2023\/12\/eu_co_funded_en-768x161.jpg 768w, https:\/\/futureg.sk\/hu\/wp-content\/uploads\/sites\/2\/2023\/12\/eu_co_funded_en.jpg 1100w\" sizes=\"auto, (max-width: 300px) 100vw, 300px\" \/><\/a><a href=\"https:\/\/futureg.sk\/hu\/digit4all\/copy-of-1200px-erasmus_logo-svg1\/\" rel=\"attachment wp-att-673\"><img loading=\"lazy\" decoding=\"async\" class=\"alignnone size-medium wp-image-673\" src=\"https:\/\/futureg.sk\/hu\/wp-content\/uploads\/sites\/2\/2023\/01\/Copy-of-1200px-Erasmus_Logo.svg1_-300x86.png\" alt=\"\" width=\"300\" height=\"86\" srcset=\"https:\/\/futureg.sk\/hu\/wp-content\/uploads\/sites\/2\/2023\/01\/Copy-of-1200px-Erasmus_Logo.svg1_-300x86.png 300w, https:\/\/futureg.sk\/hu\/wp-content\/uploads\/sites\/2\/2023\/01\/Copy-of-1200px-Erasmus_Logo.svg1_-1024x294.png 1024w, https:\/\/futureg.sk\/hu\/wp-content\/uploads\/sites\/2\/2023\/01\/Copy-of-1200px-Erasmus_Logo.svg1_-768x220.png 768w, https:\/\/futureg.sk\/hu\/wp-content\/uploads\/sites\/2\/2023\/01\/Copy-of-1200px-Erasmus_Logo.svg1_.png 1200w\" sizes=\"auto, (max-width: 300px) 100vw, 300px\" \/><\/a><\/p>\n<p>&nbsp;<\/p>\n<p><a href=\"https:\/\/girlpowerapp.com\/\" rel=\"attachment wp-att-979\"><img loading=\"lazy\" decoding=\"async\" class=\"alignnone size-medium wp-image-979\" src=\"https:\/\/futureg.sk\/hu\/wp-content\/uploads\/sites\/2\/2026\/01\/Screenshot-2026-01-13-at-19.38.58-300x184.png\" alt=\"\" width=\"300\" height=\"184\" srcset=\"https:\/\/futureg.sk\/hu\/wp-content\/uploads\/sites\/2\/2026\/01\/Screenshot-2026-01-13-at-19.38.58-300x184.png 300w, https:\/\/futureg.sk\/hu\/wp-content\/uploads\/sites\/2\/2026\/01\/Screenshot-2026-01-13-at-19.38.58-768x470.png 768w, https:\/\/futureg.sk\/hu\/wp-content\/uploads\/sites\/2\/2026\/01\/Screenshot-2026-01-13-at-19.38.58-340x210.png 340w, https:\/\/futureg.sk\/hu\/wp-content\/uploads\/sites\/2\/2026\/01\/Screenshot-2026-01-13-at-19.38.58.png 1000w\" sizes=\"auto, (max-width: 300px) 100vw, 300px\" \/><\/a><\/p>\n","protected":false},"excerpt":{"rendered":"<p>KA210-SCH-C1510769 \u2013 Kis l\u00e9pt\u00e9k\u0171 partners\u00e9gek az iskolai oktat\u00e1sban Lead Partner: 6waters 2024.janu\u00e1r 1. \u2013 2025. december 31. A Girlpower projekt \u00e1tfog\u00f3 c\u00e9lja, hogy motiv\u00e1lja az eur\u00f3pai l\u00e1nyokat arra, hogy felismerj\u00e9k saj\u00e1t potenci\u00e1ljukat, \u00e9s \u00edgy a t\u00e1rsadalom \u00e9rt\u00e9kes \u00e9s tiszteletben tartott tagj\u00e1v\u00e1 v\u00e1ljanak. Ennek \u00e9rdek\u00e9ben a Girlpower projekt olyan n\u0151ket mutat be, akik rendk\u00edv\u00fcli eredm\u00e9nyeikkel nevet [&hellip;]<\/p>\n","protected":false},"author":1,"featured_media":0,"parent":0,"menu_order":0,"comment_status":"closed","ping_status":"closed","template":"","meta":{"_monsterinsights_skip_tracking":false,"_monsterinsights_sitenote_active":false,"_monsterinsights_sitenote_note":"","_monsterinsights_sitenote_category":0,"footnotes":""},"class_list":["post-981","page","type-page","status-publish","hentry"],"yoast_head":"<!-- This site is optimized with the Yoast SEO plugin v26.1.1 - https:\/\/yoast.com\/wordpress\/plugins\/seo\/ -->\n<title>GIRLPOWER - FutuReg PT<\/title>\n<meta name=\"robots\" content=\"index, follow, max-snippet:-1, max-image-preview:large, max-video-preview:-1\" \/>\n<link rel=\"canonical\" href=\"https:\/\/futureg.sk\/hu\/girlpower\/\" \/>\n<meta property=\"og:locale\" content=\"hu_HU\" \/>\n<meta property=\"og:type\" content=\"article\" \/>\n<meta property=\"og:title\" content=\"GIRLPOWER - FutuReg PT\" \/>\n<meta property=\"og:description\" content=\"KA210-SCH-C1510769 \u2013 Kis l\u00e9pt\u00e9k\u0171 partners\u00e9gek az iskolai oktat\u00e1sban Lead Partner: 6waters 2024.janu\u00e1r 1. \u2013 2025. december 31. A Girlpower projekt \u00e1tfog\u00f3 c\u00e9lja, hogy motiv\u00e1lja az eur\u00f3pai l\u00e1nyokat arra, hogy felismerj\u00e9k saj\u00e1t potenci\u00e1ljukat, \u00e9s \u00edgy a t\u00e1rsadalom \u00e9rt\u00e9kes \u00e9s tiszteletben tartott tagj\u00e1v\u00e1 v\u00e1ljanak. Ennek \u00e9rdek\u00e9ben a Girlpower projekt olyan n\u0151ket mutat be, akik rendk\u00edv\u00fcli eredm\u00e9nyeikkel nevet [&hellip;]\" \/>\n<meta property=\"og:url\" content=\"https:\/\/futureg.sk\/hu\/girlpower\/\" \/>\n<meta property=\"og:site_name\" content=\"FutuReg PT\" \/>\n<meta property=\"article:modified_time\" content=\"2026-01-14T08:10:27+00:00\" \/>\n<meta property=\"og:image\" content=\"https:\/\/futureg.sk\/hu\/wp-content\/uploads\/sites\/2\/2023\/12\/eu_co_funded_en.jpg\" \/>\n\t<meta property=\"og:image:width\" content=\"1100\" \/>\n\t<meta property=\"og:image:height\" content=\"231\" \/>\n\t<meta property=\"og:image:type\" content=\"image\/jpeg\" \/>\n<meta name=\"twitter:card\" content=\"summary_large_image\" \/>\n<meta name=\"twitter:label1\" content=\"Becs\u00fclt olvas\u00e1si id\u0151\" \/>\n\t<meta name=\"twitter:data1\" content=\"2 perc\" \/>\n<script type=\"application\/ld+json\" class=\"yoast-schema-graph\">{\"@context\":\"https:\/\/schema.org\",\"@graph\":[{\"@type\":\"WebPage\",\"@id\":\"https:\/\/futureg.sk\/hu\/girlpower\/\",\"url\":\"https:\/\/futureg.sk\/hu\/girlpower\/\",\"name\":\"GIRLPOWER - FutuReg PT\",\"isPartOf\":{\"@id\":\"https:\/\/futureg.sk\/hu\/#website\"},\"primaryImageOfPage\":{\"@id\":\"https:\/\/futureg.sk\/hu\/girlpower\/#primaryimage\"},\"image\":{\"@id\":\"https:\/\/futureg.sk\/hu\/girlpower\/#primaryimage\"},\"thumbnailUrl\":\"https:\/\/futureg.sk\/hu\/wp-content\/uploads\/sites\/2\/2023\/12\/eu_co_funded_en-300x63.jpg\",\"datePublished\":\"2026-01-14T08:07:25+00:00\",\"dateModified\":\"2026-01-14T08:10:27+00:00\",\"breadcrumb\":{\"@id\":\"https:\/\/futureg.sk\/hu\/girlpower\/#breadcrumb\"},\"inLanguage\":\"hu\",\"potentialAction\":[{\"@type\":\"ReadAction\",\"target\":[\"https:\/\/futureg.sk\/hu\/girlpower\/\"]}]},{\"@type\":\"ImageObject\",\"inLanguage\":\"hu\",\"@id\":\"https:\/\/futureg.sk\/hu\/girlpower\/#primaryimage\",\"url\":\"https:\/\/futureg.sk\/hu\/wp-content\/uploads\/sites\/2\/2023\/12\/eu_co_funded_en.jpg\",\"contentUrl\":\"https:\/\/futureg.sk\/hu\/wp-content\/uploads\/sites\/2\/2023\/12\/eu_co_funded_en.jpg\",\"width\":1100,\"height\":231},{\"@type\":\"BreadcrumbList\",\"@id\":\"https:\/\/futureg.sk\/hu\/girlpower\/#breadcrumb\",\"itemListElement\":[{\"@type\":\"ListItem\",\"position\":1,\"name\":\"Home\",\"item\":\"https:\/\/futureg.sk\/hu\/\"},{\"@type\":\"ListItem\",\"position\":2,\"name\":\"GIRLPOWER\"}]},{\"@type\":\"WebSite\",\"@id\":\"https:\/\/futureg.sk\/hu\/#website\",\"url\":\"https:\/\/futureg.sk\/hu\/\",\"name\":\"FutuReg PT\",\"description\":\"R\u00e9gi\u00f3nk \u00e9s gyermekeink fejleszt\u00e9s\u00e9\u00e9rt\",\"potentialAction\":[{\"@type\":\"SearchAction\",\"target\":{\"@type\":\"EntryPoint\",\"urlTemplate\":\"https:\/\/futureg.sk\/hu\/?s={search_term_string}\"},\"query-input\":{\"@type\":\"PropertyValueSpecification\",\"valueRequired\":true,\"valueName\":\"search_term_string\"}}],\"inLanguage\":\"hu\"}]}<\/script>\n<!-- \/ Yoast SEO plugin. -->","yoast_head_json":{"title":"GIRLPOWER - FutuReg PT","robots":{"index":"index","follow":"follow","max-snippet":"max-snippet:-1","max-image-preview":"max-image-preview:large","max-video-preview":"max-video-preview:-1"},"canonical":"https:\/\/futureg.sk\/hu\/girlpower\/","og_locale":"hu_HU","og_type":"article","og_title":"GIRLPOWER - FutuReg PT","og_description":"KA210-SCH-C1510769 \u2013 Kis l\u00e9pt\u00e9k\u0171 partners\u00e9gek az iskolai oktat\u00e1sban Lead Partner: 6waters 2024.janu\u00e1r 1. \u2013 2025. december 31. A Girlpower projekt \u00e1tfog\u00f3 c\u00e9lja, hogy motiv\u00e1lja az eur\u00f3pai l\u00e1nyokat arra, hogy felismerj\u00e9k saj\u00e1t potenci\u00e1ljukat, \u00e9s \u00edgy a t\u00e1rsadalom \u00e9rt\u00e9kes \u00e9s tiszteletben tartott tagj\u00e1v\u00e1 v\u00e1ljanak. Ennek \u00e9rdek\u00e9ben a Girlpower projekt olyan n\u0151ket mutat be, akik rendk\u00edv\u00fcli eredm\u00e9nyeikkel nevet [&hellip;]","og_url":"https:\/\/futureg.sk\/hu\/girlpower\/","og_site_name":"FutuReg PT","article_modified_time":"2026-01-14T08:10:27+00:00","og_image":[{"width":1100,"height":231,"url":"https:\/\/futureg.sk\/hu\/wp-content\/uploads\/sites\/2\/2023\/12\/eu_co_funded_en.jpg","type":"image\/jpeg"}],"twitter_card":"summary_large_image","twitter_misc":{"Becs\u00fclt olvas\u00e1si id\u0151":"2 perc"},"schema":{"@context":"https:\/\/schema.org","@graph":[{"@type":"WebPage","@id":"https:\/\/futureg.sk\/hu\/girlpower\/","url":"https:\/\/futureg.sk\/hu\/girlpower\/","name":"GIRLPOWER - FutuReg PT","isPartOf":{"@id":"https:\/\/futureg.sk\/hu\/#website"},"primaryImageOfPage":{"@id":"https:\/\/futureg.sk\/hu\/girlpower\/#primaryimage"},"image":{"@id":"https:\/\/futureg.sk\/hu\/girlpower\/#primaryimage"},"thumbnailUrl":"https:\/\/futureg.sk\/hu\/wp-content\/uploads\/sites\/2\/2023\/12\/eu_co_funded_en-300x63.jpg","datePublished":"2026-01-14T08:07:25+00:00","dateModified":"2026-01-14T08:10:27+00:00","breadcrumb":{"@id":"https:\/\/futureg.sk\/hu\/girlpower\/#breadcrumb"},"inLanguage":"hu","potentialAction":[{"@type":"ReadAction","target":["https:\/\/futureg.sk\/hu\/girlpower\/"]}]},{"@type":"ImageObject","inLanguage":"hu","@id":"https:\/\/futureg.sk\/hu\/girlpower\/#primaryimage","url":"https:\/\/futureg.sk\/hu\/wp-content\/uploads\/sites\/2\/2023\/12\/eu_co_funded_en.jpg","contentUrl":"https:\/\/futureg.sk\/hu\/wp-content\/uploads\/sites\/2\/2023\/12\/eu_co_funded_en.jpg","width":1100,"height":231},{"@type":"BreadcrumbList","@id":"https:\/\/futureg.sk\/hu\/girlpower\/#breadcrumb","itemListElement":[{"@type":"ListItem","position":1,"name":"Home","item":"https:\/\/futureg.sk\/hu\/"},{"@type":"ListItem","position":2,"name":"GIRLPOWER"}]},{"@type":"WebSite","@id":"https:\/\/futureg.sk\/hu\/#website","url":"https:\/\/futureg.sk\/hu\/","name":"FutuReg PT","description":"R\u00e9gi\u00f3nk \u00e9s gyermekeink fejleszt\u00e9s\u00e9\u00e9rt","potentialAction":[{"@type":"SearchAction","target":{"@type":"EntryPoint","urlTemplate":"https:\/\/futureg.sk\/hu\/?s={search_term_string}"},"query-input":{"@type":"PropertyValueSpecification","valueRequired":true,"valueName":"search_term_string"}}],"inLanguage":"hu"}]}},"_links":{"self":[{"href":"https:\/\/futureg.sk\/hu\/wp-json\/wp\/v2\/pages\/981","targetHints":{"allow":["GET"]}}],"collection":[{"href":"https:\/\/futureg.sk\/hu\/wp-json\/wp\/v2\/pages"}],"about":[{"href":"https:\/\/futureg.sk\/hu\/wp-json\/wp\/v2\/types\/page"}],"author":[{"embeddable":true,"href":"https:\/\/futureg.sk\/hu\/wp-json\/wp\/v2\/users\/1"}],"replies":[{"embeddable":true,"href":"https:\/\/futureg.sk\/hu\/wp-json\/wp\/v2\/comments?post=981"}],"version-history":[{"count":3,"href":"https:\/\/futureg.sk\/hu\/wp-json\/wp\/v2\/pages\/981\/revisions"}],"predecessor-version":[{"id":984,"href":"https:\/\/futureg.sk\/hu\/wp-json\/wp\/v2\/pages\/981\/revisions\/984"}],"wp:attachment":[{"href":"https:\/\/futureg.sk\/hu\/wp-json\/wp\/v2\/media?parent=981"}],"curies":[{"name":"wp","href":"https:\/\/api.w.org\/{rel}","templated":true}]}}