{"id":724,"date":"2023-05-12T11:34:02","date_gmt":"2023-05-12T11:34:02","guid":{"rendered":"https:\/\/futureg.sk\/hu\/?page_id=724"},"modified":"2023-05-12T11:34:02","modified_gmt":"2023-05-12T11:34:02","slug":"mediamegjelenes","status":"publish","type":"page","link":"https:\/\/futureg.sk\/hu\/mediamegjelenes\/","title":{"rendered":"M\u00e9diamegjelen\u00e9s"},"content":{"rendered":"<p><span data-sheets-value=\"{&quot;1&quot;:2,&quot;2&quot;:&quot;1.1.KICK OFF MEETING&quot;}\" data-sheets-userformat=\"{&quot;2&quot;:14387,&quot;3&quot;:{&quot;1&quot;:0,&quot;3&quot;:1},&quot;4&quot;:{&quot;1&quot;:3,&quot;3&quot;:2},&quot;7&quot;:{&quot;1&quot;:[{&quot;1&quot;:2,&quot;2&quot;:0,&quot;5&quot;:{&quot;1&quot;:2,&quot;2&quot;:0}},{&quot;1&quot;:0,&quot;2&quot;:0,&quot;3&quot;:3},{&quot;1&quot;:1,&quot;2&quot;:0,&quot;4&quot;:1}]},&quot;8&quot;:{&quot;1&quot;:[{&quot;1&quot;:2,&quot;2&quot;:0,&quot;5&quot;:{&quot;1&quot;:2,&quot;2&quot;:0}},{&quot;1&quot;:0,&quot;2&quot;:0,&quot;3&quot;:3},{&quot;1&quot;:1,&quot;2&quot;:0,&quot;4&quot;:1}]},&quot;14&quot;:{&quot;1&quot;:3,&quot;3&quot;:1},&quot;15&quot;:&quot;Calibri&quot;,&quot;16&quot;:11}\">1.1.KICK OFF MEETING<\/span><\/p>\n<table dir=\"ltr\" border=\"1\" cellspacing=\"0\" cellpadding=\"0\">\n<colgroup>\n<col width=\"419\" \/><\/colgroup>\n<tbody>\n<tr>\n<td data-sheets-value=\"{&quot;1&quot;:2,&quot;2&quot;:&quot;https:\/\/www.facebook.com\/ozfutureg     https:\/\/www.instagram.com\/ozfutureg\/&quot;}\" data-sheets-textstyleruns=\"{&quot;1&quot;:0,&quot;2&quot;:{&quot;9&quot;:1}}\uee10{&quot;1&quot;:34}\" data-sheets-hyperlinkruns=\"{&quot;1&quot;:0,&quot;2&quot;:&quot;https:\/\/www.facebook.com\/ozfutureg&quot;}\uee10{&quot;1&quot;:34}\"><a class=\"in-cell-link\" href=\"https:\/\/www.facebook.com\/ozfutureg\" target=\"_blank\" rel=\"noopener\">https:\/\/www.facebook.com\/ozfutureg<\/a><\/p>\n<p>https:\/\/www.instagram.com\/ozfutureg\/<\/td>\n<\/tr>\n<tr>\n<td data-sheets-value=\"{&quot;1&quot;:2,&quot;2&quot;:&quot;https:\/\/futureg.sk\/en\/2023\/01\/26\/digit4all-kickoff-meeting\/&quot;}\" data-sheets-hyperlink=\"https:\/\/futureg.sk\/en\/2023\/01\/26\/digit4all-kickoff-meeting\/\"><a class=\"in-cell-link\" href=\"https:\/\/futureg.sk\/en\/2023\/01\/26\/digit4all-kickoff-meeting\/\" target=\"_blank\" rel=\"noopener\">https:\/\/futureg.sk\/en\/2023\/01\/26\/digit4all-kickoff-meeting\/<\/a><\/td>\n<\/tr>\n<tr>\n<td data-sheets-value=\"{&quot;1&quot;:2,&quot;2&quot;:&quot;https:\/\/www.facebook.com\/alternativaszeged\/posts\/pfbid0pDCsjPn8icnU4U8jhsCF1iVPNJZAJbk2wAo8A4K2dgJZi4ER9o5ydJKGq5HyRjiBl&quot;}\" data-sheets-hyperlink=\"https:\/\/www.facebook.com\/alternativaszeged\/posts\/pfbid0pDCsjPn8icnU4U8jhsCF1iVPNJZAJbk2wAo8A4K2dgJZi4ER9o5ydJKGq5HyRjiBl\"><a class=\"in-cell-link\" href=\"https:\/\/www.facebook.com\/alternativaszeged\/posts\/pfbid0pDCsjPn8icnU4U8jhsCF1iVPNJZAJbk2wAo8A4K2dgJZi4ER9o5ydJKGq5HyRjiBl\" target=\"_blank\" rel=\"noopener\">https:\/\/www.facebook.com\/alternativaszeged\/posts\/pfbid0pDCsjPn8icnU4U8jhsCF1iVPNJZAJbk2wAo8A4K2dgJZi4ER9o5ydJKGq5HyRjiBl<\/a><\/td>\n<\/tr>\n<tr>\n<td data-sheets-value=\"{&quot;1&quot;:2,&quot;2&quot;:&quot;https:\/\/dunaszerdahelyi.sk\/digit4all-kickoff-meeting-dunaszerdahelyen&quot;}\" data-sheets-hyperlink=\"https:\/\/dunaszerdahelyi.sk\/digit4all-kickoff-meeting-dunaszerdahelyen\"><a class=\"in-cell-link\" href=\"https:\/\/dunaszerdahelyi.sk\/digit4all-kickoff-meeting-dunaszerdahelyen\" target=\"_blank\" rel=\"noopener\">https:\/\/dunaszerdahelyi.sk\/digit4all-kickoff-meeting-dunaszerdahelyen<\/a><\/td>\n<\/tr>\n<\/tbody>\n<\/table>\n<p>&nbsp;<\/p>\n","protected":false},"excerpt":{"rendered":"<p>1.1.KICK OFF MEETING https:\/\/www.facebook.com\/ozfutureg https:\/\/www.instagram.com\/ozfutureg\/ https:\/\/futureg.sk\/en\/2023\/01\/26\/digit4all-kickoff-meeting\/ https:\/\/www.facebook.com\/alternativaszeged\/posts\/pfbid0pDCsjPn8icnU4U8jhsCF1iVPNJZAJbk2wAo8A4K2dgJZi4ER9o5ydJKGq5HyRjiBl https:\/\/dunaszerdahelyi.sk\/digit4all-kickoff-meeting-dunaszerdahelyen &nbsp;<\/p>\n","protected":false},"author":1,"featured_media":0,"parent":0,"menu_order":0,"comment_status":"closed","ping_status":"closed","template":"","meta":{"_monsterinsights_skip_tracking":false,"_monsterinsights_sitenote_active":false,"_monsterinsights_sitenote_note":"","_monsterinsights_sitenote_category":0,"footnotes":""},"class_list":["post-724","page","type-page","status-publish","hentry"],"yoast_head":"<!-- This site is optimized with the Yoast SEO plugin v26.1.1 - https:\/\/yoast.com\/wordpress\/plugins\/seo\/ -->\n<title>M\u00e9diamegjelen\u00e9s - FutuReg PT<\/title>\n<meta name=\"robots\" content=\"index, follow, max-snippet:-1, max-image-preview:large, max-video-preview:-1\" \/>\n<link rel=\"canonical\" href=\"https:\/\/futureg.sk\/hu\/mediamegjelenes\/\" \/>\n<meta property=\"og:locale\" content=\"hu_HU\" \/>\n<meta property=\"og:type\" content=\"article\" \/>\n<meta property=\"og:title\" content=\"M\u00e9diamegjelen\u00e9s - FutuReg PT\" \/>\n<meta property=\"og:description\" content=\"1.1.KICK OFF MEETING https:\/\/www.facebook.com\/ozfutureg https:\/\/www.instagram.com\/ozfutureg\/ https:\/\/futureg.sk\/en\/2023\/01\/26\/digit4all-kickoff-meeting\/ https:\/\/www.facebook.com\/alternativaszeged\/posts\/pfbid0pDCsjPn8icnU4U8jhsCF1iVPNJZAJbk2wAo8A4K2dgJZi4ER9o5ydJKGq5HyRjiBl https:\/\/dunaszerdahelyi.sk\/digit4all-kickoff-meeting-dunaszerdahelyen &nbsp;\" \/>\n<meta property=\"og:url\" content=\"https:\/\/futureg.sk\/hu\/mediamegjelenes\/\" \/>\n<meta property=\"og:site_name\" content=\"FutuReg PT\" \/>\n<meta name=\"twitter:card\" content=\"summary_large_image\" \/>\n<script type=\"application\/ld+json\" class=\"yoast-schema-graph\">{\"@context\":\"https:\/\/schema.org\",\"@graph\":[{\"@type\":\"WebPage\",\"@id\":\"https:\/\/futureg.sk\/hu\/mediamegjelenes\/\",\"url\":\"https:\/\/futureg.sk\/hu\/mediamegjelenes\/\",\"name\":\"M\u00e9diamegjelen\u00e9s - FutuReg PT\",\"isPartOf\":{\"@id\":\"https:\/\/futureg.sk\/hu\/#website\"},\"datePublished\":\"2023-05-12T11:34:02+00:00\",\"breadcrumb\":{\"@id\":\"https:\/\/futureg.sk\/hu\/mediamegjelenes\/#breadcrumb\"},\"inLanguage\":\"hu\",\"potentialAction\":[{\"@type\":\"ReadAction\",\"target\":[\"https:\/\/futureg.sk\/hu\/mediamegjelenes\/\"]}]},{\"@type\":\"BreadcrumbList\",\"@id\":\"https:\/\/futureg.sk\/hu\/mediamegjelenes\/#breadcrumb\",\"itemListElement\":[{\"@type\":\"ListItem\",\"position\":1,\"name\":\"Home\",\"item\":\"https:\/\/futureg.sk\/hu\/\"},{\"@type\":\"ListItem\",\"position\":2,\"name\":\"M\u00e9diamegjelen\u00e9s\"}]},{\"@type\":\"WebSite\",\"@id\":\"https:\/\/futureg.sk\/hu\/#website\",\"url\":\"https:\/\/futureg.sk\/hu\/\",\"name\":\"FutuReg PT\",\"description\":\"R\u00e9gi\u00f3nk \u00e9s gyermekeink fejleszt\u00e9s\u00e9\u00e9rt\",\"potentialAction\":[{\"@type\":\"SearchAction\",\"target\":{\"@type\":\"EntryPoint\",\"urlTemplate\":\"https:\/\/futureg.sk\/hu\/?s={search_term_string}\"},\"query-input\":{\"@type\":\"PropertyValueSpecification\",\"valueRequired\":true,\"valueName\":\"search_term_string\"}}],\"inLanguage\":\"hu\"}]}<\/script>\n<!-- \/ Yoast SEO plugin. -->","yoast_head_json":{"title":"M\u00e9diamegjelen\u00e9s - FutuReg PT","robots":{"index":"index","follow":"follow","max-snippet":"max-snippet:-1","max-image-preview":"max-image-preview:large","max-video-preview":"max-video-preview:-1"},"canonical":"https:\/\/futureg.sk\/hu\/mediamegjelenes\/","og_locale":"hu_HU","og_type":"article","og_title":"M\u00e9diamegjelen\u00e9s - FutuReg PT","og_description":"1.1.KICK OFF MEETING https:\/\/www.facebook.com\/ozfutureg https:\/\/www.instagram.com\/ozfutureg\/ https:\/\/futureg.sk\/en\/2023\/01\/26\/digit4all-kickoff-meeting\/ https:\/\/www.facebook.com\/alternativaszeged\/posts\/pfbid0pDCsjPn8icnU4U8jhsCF1iVPNJZAJbk2wAo8A4K2dgJZi4ER9o5ydJKGq5HyRjiBl https:\/\/dunaszerdahelyi.sk\/digit4all-kickoff-meeting-dunaszerdahelyen &nbsp;","og_url":"https:\/\/futureg.sk\/hu\/mediamegjelenes\/","og_site_name":"FutuReg PT","twitter_card":"summary_large_image","schema":{"@context":"https:\/\/schema.org","@graph":[{"@type":"WebPage","@id":"https:\/\/futureg.sk\/hu\/mediamegjelenes\/","url":"https:\/\/futureg.sk\/hu\/mediamegjelenes\/","name":"M\u00e9diamegjelen\u00e9s - FutuReg PT","isPartOf":{"@id":"https:\/\/futureg.sk\/hu\/#website"},"datePublished":"2023-05-12T11:34:02+00:00","breadcrumb":{"@id":"https:\/\/futureg.sk\/hu\/mediamegjelenes\/#breadcrumb"},"inLanguage":"hu","potentialAction":[{"@type":"ReadAction","target":["https:\/\/futureg.sk\/hu\/mediamegjelenes\/"]}]},{"@type":"BreadcrumbList","@id":"https:\/\/futureg.sk\/hu\/mediamegjelenes\/#breadcrumb","itemListElement":[{"@type":"ListItem","position":1,"name":"Home","item":"https:\/\/futureg.sk\/hu\/"},{"@type":"ListItem","position":2,"name":"M\u00e9diamegjelen\u00e9s"}]},{"@type":"WebSite","@id":"https:\/\/futureg.sk\/hu\/#website","url":"https:\/\/futureg.sk\/hu\/","name":"FutuReg PT","description":"R\u00e9gi\u00f3nk \u00e9s gyermekeink fejleszt\u00e9s\u00e9\u00e9rt","potentialAction":[{"@type":"SearchAction","target":{"@type":"EntryPoint","urlTemplate":"https:\/\/futureg.sk\/hu\/?s={search_term_string}"},"query-input":{"@type":"PropertyValueSpecification","valueRequired":true,"valueName":"search_term_string"}}],"inLanguage":"hu"}]}},"_links":{"self":[{"href":"https:\/\/futureg.sk\/hu\/wp-json\/wp\/v2\/pages\/724","targetHints":{"allow":["GET"]}}],"collection":[{"href":"https:\/\/futureg.sk\/hu\/wp-json\/wp\/v2\/pages"}],"about":[{"href":"https:\/\/futureg.sk\/hu\/wp-json\/wp\/v2\/types\/page"}],"author":[{"embeddable":true,"href":"https:\/\/futureg.sk\/hu\/wp-json\/wp\/v2\/users\/1"}],"replies":[{"embeddable":true,"href":"https:\/\/futureg.sk\/hu\/wp-json\/wp\/v2\/comments?post=724"}],"version-history":[{"count":1,"href":"https:\/\/futureg.sk\/hu\/wp-json\/wp\/v2\/pages\/724\/revisions"}],"predecessor-version":[{"id":725,"href":"https:\/\/futureg.sk\/hu\/wp-json\/wp\/v2\/pages\/724\/revisions\/725"}],"wp:attachment":[{"href":"https:\/\/futureg.sk\/hu\/wp-json\/wp\/v2\/media?parent=724"}],"curies":[{"name":"wp","href":"https:\/\/api.w.org\/{rel}","templated":true}]}}