{"id":676,"date":"2023-01-28T10:51:30","date_gmt":"2023-01-28T10:51:30","guid":{"rendered":"https:\/\/futureg.sk\/hu\/?page_id=676"},"modified":"2023-12-31T16:31:26","modified_gmt":"2023-12-31T16:31:26","slug":"green","status":"publish","type":"page","link":"https:\/\/futureg.sk\/hu\/green\/","title":{"rendered":"GREEN"},"content":{"rendered":"<p>A \u00cdZ\u00f6ld V\u00e1llalkoz\u00f3n\u0151k Green Entrepreneurship for Women projekt (r\u00f6vid\u00edtve GreEn), amely az Erasmus+ Small-scale Partnership program r\u00e9szek\u00e9nt val\u00f3sul meg, h\u00e1rom szervezet egy\u00fcttm\u0171k\u00f6d\u00e9s\u00e9nek eredm\u00e9nye:<br \/>\nRovnov\u00e1\u017eka (CZ)<br \/>\nAdesos (ES)<br \/>\nFutuReg (SK)<br \/>\nF\u0151 c\u00e9lja a partnerek tapasztalatainak megoszt\u00e1sa a n\u0151k szakmai kompetenci\u00e1inak fejleszt\u00e9se ter\u00e9n, k\u00fcl\u00f6n\u00f6s tekintettel a fenntarthat\u00f3 v\u00e1llalkoz\u00e1sok ir\u00e1ny\u00edt\u00e1s\u00e1ra, valamint a modern technol\u00f3gi\u00e1k marketing c\u00e9l\u00fa felhaszn\u00e1l\u00e1sa ter\u00e9n.<br \/>\nA projekt olyan n\u0151k csoportj\u00e1t c\u00e9lozza meg, akik v\u00e1llalkoz\u00f3i k\u00e9szs\u00e9geik fejleszt\u00e9se ir\u00e1nt \u00e9rdekl\u0151dnek, f\u00fcggetlen\u00fcl att\u00f3l, hogy a v\u00e1llalkoz\u00f3i folyamat mely szakasz\u00e1ban vannak (azaz m\u00e9g akkor is, ha csak gondolkodnak egy v\u00e1llalkoz\u00e1s ind\u00edt\u00e1s\u00e1n). A GreEn c\u00e9lja egy hibrid (online\/offline) oktat\u00e1si kurzus l\u00e9trehoz\u00e1sa e csoport sz\u00e1m\u00e1ra.<br \/>\nA f\u0151 t\u00e9m\u00e1k az \u00f6kol\u00f3giai k\u00e9rd\u00e9sek figyelembev\u00e9tele az \u00fczleti \u00e9letben (pl. az energiafogyaszt\u00e1s cs\u00f6kkent\u00e9se, a hullad\u00e9ktermel\u00e9s korl\u00e1toz\u00e1sa, a k\u00f6rforg\u00e1sos gazdas\u00e1g alkalmaz\u00e1sa vagy a meg\u00fajul\u00f3 \u00e9s helyi er\u0151forr\u00e1sokra val\u00f3 nagyobb \u00f6sszpontos\u00edt\u00e1s), \u00e9s ezzel egyidej\u0171leg e k\u00e9rd\u00e9s marketingstrat\u00e9gi\u00e1kban val\u00f3 n\u00e9pszer\u0171s\u00edt\u00e9se. A kurzus marketing komponense els\u0151sorban a mobilalkalmaz\u00e1sok haszn\u00e1lat\u00e1val foglalkozik. A tanfolyam modul\u00e1ris form\u00e1ban ker\u00fcl megrendez\u00e9sre, \u00edgy minden r\u00e9sztvev\u0151 kiv\u00e1laszthatja az aktu\u00e1lis ig\u00e9nyeinek \u00e9s elv\u00e1r\u00e1sainak megfelel\u0151 f\u00f3kuszt.<br \/>\nAz oktat\u00e1si tanfolyamon k\u00edv\u00fcl a projekt egy k\u00f6z\u00f6ss\u00e9gi h\u00e1l\u00f3zaton alapul\u00f3 nemzetk\u00f6zi csoportot is mag\u00e1ban foglal. Ez a projekt r\u00e9sztvev\u0151i k\u00f6z\u00f6tt a tapasztalatok, term\u00e9kek, tippek \u00e9s tr\u00fckk\u00f6k megoszt\u00e1s\u00e1ra szolg\u00e1l majd.<br \/>\nEgy motiv\u00e1ci\u00f3s blog\/e-book is el\u00e9rhet\u0151 lesz a r\u00e9sztvev\u0151k sz\u00e1m\u00e1ra, amely 12 j\u00f3 gyakorlat p\u00e9ld\u00e1j\u00e1t tartalmazza \u00fczletasszonyokkal k\u00e9sz\u00edtett interj\u00fak form\u00e1j\u00e1ban.<br \/>\nA tanfolyam k\u00eds\u00e9rleti szakasz\u00e1ban 30 n\u0151 vesz r\u00e9szt a projektben egy\u00fcttm\u0171k\u00f6d\u0151 h\u00e1rom orsz\u00e1gb\u00f3l.<\/p>\n<p><a href=\"https:\/\/futureg.sk\/hu\/digit4all\/copy-of-1200px-erasmus_logo-svg1\/\" rel=\"attachment wp-att-673\"><img loading=\"lazy\" decoding=\"async\" class=\"alignnone size-medium wp-image-673\" src=\"https:\/\/futureg.sk\/hu\/wp-content\/uploads\/sites\/2\/2023\/01\/Copy-of-1200px-Erasmus_Logo.svg1_-300x86.png\" alt=\"\" width=\"300\" height=\"86\" srcset=\"https:\/\/futureg.sk\/hu\/wp-content\/uploads\/sites\/2\/2023\/01\/Copy-of-1200px-Erasmus_Logo.svg1_-300x86.png 300w, https:\/\/futureg.sk\/hu\/wp-content\/uploads\/sites\/2\/2023\/01\/Copy-of-1200px-Erasmus_Logo.svg1_-1024x294.png 1024w, https:\/\/futureg.sk\/hu\/wp-content\/uploads\/sites\/2\/2023\/01\/Copy-of-1200px-Erasmus_Logo.svg1_-768x220.png 768w, https:\/\/futureg.sk\/hu\/wp-content\/uploads\/sites\/2\/2023\/01\/Copy-of-1200px-Erasmus_Logo.svg1_.png 1200w\" sizes=\"auto, (max-width: 300px) 100vw, 300px\" \/><\/a><a href=\"https:\/\/futureg.sk\/hu\/green\/flag_2colors-eps\/\" rel=\"attachment wp-att-822\"><img loading=\"lazy\" decoding=\"async\" class=\"alignnone size-medium wp-image-822\" src=\"https:\/\/futureg.sk\/hu\/wp-content\/uploads\/sites\/2\/2023\/12\/eu_co_funded_en-300x63.jpg\" alt=\"\" width=\"300\" height=\"63\" srcset=\"https:\/\/futureg.sk\/hu\/wp-content\/uploads\/sites\/2\/2023\/12\/eu_co_funded_en-300x63.jpg 300w, https:\/\/futureg.sk\/hu\/wp-content\/uploads\/sites\/2\/2023\/12\/eu_co_funded_en-1024x215.jpg 1024w, https:\/\/futureg.sk\/hu\/wp-content\/uploads\/sites\/2\/2023\/12\/eu_co_funded_en-768x161.jpg 768w, https:\/\/futureg.sk\/hu\/wp-content\/uploads\/sites\/2\/2023\/12\/eu_co_funded_en.jpg 1100w\" sizes=\"auto, (max-width: 300px) 100vw, 300px\" \/><\/a><\/p>\n<p>2022-1-CZ01-KA210-ADU-000082694<\/p>\n<p>Partnerek<\/p>\n<p><a href=\"http:\/\/www.rovnovazka.cz\">ROVNOVAZKA<\/a><\/p>\n<p><a href=\"http:\/\/www.adesos.org\">ADESOS<\/a><\/p>\n<p>&nbsp;<\/p>\n<p>&nbsp;<\/p>\n","protected":false},"excerpt":{"rendered":"<p>A \u00cdZ\u00f6ld V\u00e1llalkoz\u00f3n\u0151k Green Entrepreneurship for Women projekt (r\u00f6vid\u00edtve GreEn), amely az Erasmus+ Small-scale Partnership program r\u00e9szek\u00e9nt val\u00f3sul meg, h\u00e1rom szervezet egy\u00fcttm\u0171k\u00f6d\u00e9s\u00e9nek eredm\u00e9nye: Rovnov\u00e1\u017eka (CZ) Adesos (ES) FutuReg (SK) F\u0151 c\u00e9lja a partnerek tapasztalatainak megoszt\u00e1sa a n\u0151k szakmai kompetenci\u00e1inak fejleszt\u00e9se ter\u00e9n, k\u00fcl\u00f6n\u00f6s tekintettel a fenntarthat\u00f3 v\u00e1llalkoz\u00e1sok ir\u00e1ny\u00edt\u00e1s\u00e1ra, valamint a modern technol\u00f3gi\u00e1k marketing c\u00e9l\u00fa felhaszn\u00e1l\u00e1sa ter\u00e9n. [&hellip;]<\/p>\n","protected":false},"author":1,"featured_media":0,"parent":0,"menu_order":0,"comment_status":"closed","ping_status":"closed","template":"","meta":{"_monsterinsights_skip_tracking":false,"_monsterinsights_sitenote_active":false,"_monsterinsights_sitenote_note":"","_monsterinsights_sitenote_category":0,"footnotes":""},"class_list":["post-676","page","type-page","status-publish","hentry"],"yoast_head":"<!-- This site is optimized with the Yoast SEO plugin v26.1.1 - https:\/\/yoast.com\/wordpress\/plugins\/seo\/ -->\n<title>GREEN - FutuReg PT<\/title>\n<meta name=\"robots\" content=\"index, follow, max-snippet:-1, max-image-preview:large, max-video-preview:-1\" \/>\n<link rel=\"canonical\" href=\"https:\/\/futureg.sk\/hu\/green\/\" \/>\n<meta property=\"og:locale\" content=\"hu_HU\" \/>\n<meta property=\"og:type\" content=\"article\" \/>\n<meta property=\"og:title\" content=\"GREEN - FutuReg PT\" \/>\n<meta property=\"og:description\" content=\"A \u00cdZ\u00f6ld V\u00e1llalkoz\u00f3n\u0151k Green Entrepreneurship for Women projekt (r\u00f6vid\u00edtve GreEn), amely az Erasmus+ Small-scale Partnership program r\u00e9szek\u00e9nt val\u00f3sul meg, h\u00e1rom szervezet egy\u00fcttm\u0171k\u00f6d\u00e9s\u00e9nek eredm\u00e9nye: Rovnov\u00e1\u017eka (CZ) Adesos (ES) FutuReg (SK) F\u0151 c\u00e9lja a partnerek tapasztalatainak megoszt\u00e1sa a n\u0151k szakmai kompetenci\u00e1inak fejleszt\u00e9se ter\u00e9n, k\u00fcl\u00f6n\u00f6s tekintettel a fenntarthat\u00f3 v\u00e1llalkoz\u00e1sok ir\u00e1ny\u00edt\u00e1s\u00e1ra, valamint a modern technol\u00f3gi\u00e1k marketing c\u00e9l\u00fa felhaszn\u00e1l\u00e1sa ter\u00e9n. [&hellip;]\" \/>\n<meta property=\"og:url\" content=\"https:\/\/futureg.sk\/hu\/green\/\" \/>\n<meta property=\"og:site_name\" content=\"FutuReg PT\" \/>\n<meta property=\"article:modified_time\" content=\"2023-12-31T16:31:26+00:00\" \/>\n<meta property=\"og:image\" content=\"https:\/\/futureg.sk\/hu\/wp-content\/uploads\/sites\/2\/2023\/01\/Copy-of-1200px-Erasmus_Logo.svg1_-300x86.png\" \/>\n<meta name=\"twitter:card\" content=\"summary_large_image\" \/>\n<meta name=\"twitter:label1\" content=\"Becs\u00fclt olvas\u00e1si id\u0151\" \/>\n\t<meta name=\"twitter:data1\" content=\"2 perc\" \/>\n<script type=\"application\/ld+json\" class=\"yoast-schema-graph\">{\"@context\":\"https:\/\/schema.org\",\"@graph\":[{\"@type\":\"WebPage\",\"@id\":\"https:\/\/futureg.sk\/hu\/green\/\",\"url\":\"https:\/\/futureg.sk\/hu\/green\/\",\"name\":\"GREEN - FutuReg PT\",\"isPartOf\":{\"@id\":\"https:\/\/futureg.sk\/hu\/#website\"},\"primaryImageOfPage\":{\"@id\":\"https:\/\/futureg.sk\/hu\/green\/#primaryimage\"},\"image\":{\"@id\":\"https:\/\/futureg.sk\/hu\/green\/#primaryimage\"},\"thumbnailUrl\":\"https:\/\/futureg.sk\/hu\/wp-content\/uploads\/sites\/2\/2023\/01\/Copy-of-1200px-Erasmus_Logo.svg1_-300x86.png\",\"datePublished\":\"2023-01-28T10:51:30+00:00\",\"dateModified\":\"2023-12-31T16:31:26+00:00\",\"breadcrumb\":{\"@id\":\"https:\/\/futureg.sk\/hu\/green\/#breadcrumb\"},\"inLanguage\":\"hu\",\"potentialAction\":[{\"@type\":\"ReadAction\",\"target\":[\"https:\/\/futureg.sk\/hu\/green\/\"]}]},{\"@type\":\"ImageObject\",\"inLanguage\":\"hu\",\"@id\":\"https:\/\/futureg.sk\/hu\/green\/#primaryimage\",\"url\":\"https:\/\/futureg.sk\/hu\/wp-content\/uploads\/sites\/2\/2023\/01\/Copy-of-1200px-Erasmus_Logo.svg1_.png\",\"contentUrl\":\"https:\/\/futureg.sk\/hu\/wp-content\/uploads\/sites\/2\/2023\/01\/Copy-of-1200px-Erasmus_Logo.svg1_.png\",\"width\":1200,\"height\":344},{\"@type\":\"BreadcrumbList\",\"@id\":\"https:\/\/futureg.sk\/hu\/green\/#breadcrumb\",\"itemListElement\":[{\"@type\":\"ListItem\",\"position\":1,\"name\":\"Home\",\"item\":\"https:\/\/futureg.sk\/hu\/\"},{\"@type\":\"ListItem\",\"position\":2,\"name\":\"GREEN\"}]},{\"@type\":\"WebSite\",\"@id\":\"https:\/\/futureg.sk\/hu\/#website\",\"url\":\"https:\/\/futureg.sk\/hu\/\",\"name\":\"FutuReg PT\",\"description\":\"R\u00e9gi\u00f3nk \u00e9s gyermekeink fejleszt\u00e9s\u00e9\u00e9rt\",\"potentialAction\":[{\"@type\":\"SearchAction\",\"target\":{\"@type\":\"EntryPoint\",\"urlTemplate\":\"https:\/\/futureg.sk\/hu\/?s={search_term_string}\"},\"query-input\":{\"@type\":\"PropertyValueSpecification\",\"valueRequired\":true,\"valueName\":\"search_term_string\"}}],\"inLanguage\":\"hu\"}]}<\/script>\n<!-- \/ Yoast SEO plugin. -->","yoast_head_json":{"title":"GREEN - FutuReg PT","robots":{"index":"index","follow":"follow","max-snippet":"max-snippet:-1","max-image-preview":"max-image-preview:large","max-video-preview":"max-video-preview:-1"},"canonical":"https:\/\/futureg.sk\/hu\/green\/","og_locale":"hu_HU","og_type":"article","og_title":"GREEN - FutuReg PT","og_description":"A \u00cdZ\u00f6ld V\u00e1llalkoz\u00f3n\u0151k Green Entrepreneurship for Women projekt (r\u00f6vid\u00edtve GreEn), amely az Erasmus+ Small-scale Partnership program r\u00e9szek\u00e9nt val\u00f3sul meg, h\u00e1rom szervezet egy\u00fcttm\u0171k\u00f6d\u00e9s\u00e9nek eredm\u00e9nye: Rovnov\u00e1\u017eka (CZ) Adesos (ES) FutuReg (SK) F\u0151 c\u00e9lja a partnerek tapasztalatainak megoszt\u00e1sa a n\u0151k szakmai kompetenci\u00e1inak fejleszt\u00e9se ter\u00e9n, k\u00fcl\u00f6n\u00f6s tekintettel a fenntarthat\u00f3 v\u00e1llalkoz\u00e1sok ir\u00e1ny\u00edt\u00e1s\u00e1ra, valamint a modern technol\u00f3gi\u00e1k marketing c\u00e9l\u00fa felhaszn\u00e1l\u00e1sa ter\u00e9n. [&hellip;]","og_url":"https:\/\/futureg.sk\/hu\/green\/","og_site_name":"FutuReg PT","article_modified_time":"2023-12-31T16:31:26+00:00","og_image":[{"url":"https:\/\/futureg.sk\/hu\/wp-content\/uploads\/sites\/2\/2023\/01\/Copy-of-1200px-Erasmus_Logo.svg1_-300x86.png","type":"","width":"","height":""}],"twitter_card":"summary_large_image","twitter_misc":{"Becs\u00fclt olvas\u00e1si id\u0151":"2 perc"},"schema":{"@context":"https:\/\/schema.org","@graph":[{"@type":"WebPage","@id":"https:\/\/futureg.sk\/hu\/green\/","url":"https:\/\/futureg.sk\/hu\/green\/","name":"GREEN - FutuReg PT","isPartOf":{"@id":"https:\/\/futureg.sk\/hu\/#website"},"primaryImageOfPage":{"@id":"https:\/\/futureg.sk\/hu\/green\/#primaryimage"},"image":{"@id":"https:\/\/futureg.sk\/hu\/green\/#primaryimage"},"thumbnailUrl":"https:\/\/futureg.sk\/hu\/wp-content\/uploads\/sites\/2\/2023\/01\/Copy-of-1200px-Erasmus_Logo.svg1_-300x86.png","datePublished":"2023-01-28T10:51:30+00:00","dateModified":"2023-12-31T16:31:26+00:00","breadcrumb":{"@id":"https:\/\/futureg.sk\/hu\/green\/#breadcrumb"},"inLanguage":"hu","potentialAction":[{"@type":"ReadAction","target":["https:\/\/futureg.sk\/hu\/green\/"]}]},{"@type":"ImageObject","inLanguage":"hu","@id":"https:\/\/futureg.sk\/hu\/green\/#primaryimage","url":"https:\/\/futureg.sk\/hu\/wp-content\/uploads\/sites\/2\/2023\/01\/Copy-of-1200px-Erasmus_Logo.svg1_.png","contentUrl":"https:\/\/futureg.sk\/hu\/wp-content\/uploads\/sites\/2\/2023\/01\/Copy-of-1200px-Erasmus_Logo.svg1_.png","width":1200,"height":344},{"@type":"BreadcrumbList","@id":"https:\/\/futureg.sk\/hu\/green\/#breadcrumb","itemListElement":[{"@type":"ListItem","position":1,"name":"Home","item":"https:\/\/futureg.sk\/hu\/"},{"@type":"ListItem","position":2,"name":"GREEN"}]},{"@type":"WebSite","@id":"https:\/\/futureg.sk\/hu\/#website","url":"https:\/\/futureg.sk\/hu\/","name":"FutuReg PT","description":"R\u00e9gi\u00f3nk \u00e9s gyermekeink fejleszt\u00e9s\u00e9\u00e9rt","potentialAction":[{"@type":"SearchAction","target":{"@type":"EntryPoint","urlTemplate":"https:\/\/futureg.sk\/hu\/?s={search_term_string}"},"query-input":{"@type":"PropertyValueSpecification","valueRequired":true,"valueName":"search_term_string"}}],"inLanguage":"hu"}]}},"_links":{"self":[{"href":"https:\/\/futureg.sk\/hu\/wp-json\/wp\/v2\/pages\/676","targetHints":{"allow":["GET"]}}],"collection":[{"href":"https:\/\/futureg.sk\/hu\/wp-json\/wp\/v2\/pages"}],"about":[{"href":"https:\/\/futureg.sk\/hu\/wp-json\/wp\/v2\/types\/page"}],"author":[{"embeddable":true,"href":"https:\/\/futureg.sk\/hu\/wp-json\/wp\/v2\/users\/1"}],"replies":[{"embeddable":true,"href":"https:\/\/futureg.sk\/hu\/wp-json\/wp\/v2\/comments?post=676"}],"version-history":[{"count":4,"href":"https:\/\/futureg.sk\/hu\/wp-json\/wp\/v2\/pages\/676\/revisions"}],"predecessor-version":[{"id":824,"href":"https:\/\/futureg.sk\/hu\/wp-json\/wp\/v2\/pages\/676\/revisions\/824"}],"wp:attachment":[{"href":"https:\/\/futureg.sk\/hu\/wp-json\/wp\/v2\/media?parent=676"}],"curies":[{"name":"wp","href":"https:\/\/api.w.org\/{rel}","templated":true}]}}