{"id":672,"date":"2023-01-28T10:38:09","date_gmt":"2023-01-28T10:38:09","guid":{"rendered":"https:\/\/futureg.sk\/hu\/?page_id=672"},"modified":"2024-10-24T17:53:02","modified_gmt":"2024-10-24T17:53:02","slug":"digit4all","status":"publish","type":"page","link":"https:\/\/futureg.sk\/hu\/digit4all\/","title":{"rendered":"DIGIT4ALL"},"content":{"rendered":"<p>A Medi@LL a digit\u00e1lis m\u00e9dia \u00e1talakul\u00e1val foglalkozik, m\u00e9gpedig a digit\u00e1lis felk\u00e9sz\u00fclts\u00e9g \u00e9s a m\u00e9dia felhaszn\u00e1l\u00f3k rugalmass\u00e1g\u00e1nak fejleszt\u00e9s\u00e9n kereszt\u00fcl. A fiatal gener\u00e1ci\u00f3, amelynek fontos a m\u00e9diam\u0171velts\u00e9g \u00e9s az azzal foglalkoz\u00f3 \u00fajdons\u00e1gok. A projekt c\u00e9lja, hogy azokat a gyakorlatokat megismerj\u00e9k, amelyek lehet\u0151v\u00e9 teszik az emberek sz\u00e1m\u00e1ra, hogy hozz\u00e1f\u00e9rjenek m\u00e9diatartalmakhoz, kritikusan \u00e9rt\u00e9kelj\u00e9k \u00e9s felismerj\u00e9k a m\u00e9dia manipul\u00e1ci\u00f3it. A m\u00e9diam\u0171velts\u00e9g nem korl\u00e1toz\u00f3dik egy m\u00e9diumra. A m\u00e9diam\u0171velts\u00e9g oktat\u00e1s\u00e1nak c\u00e9lja, hogy el\u0151seg\u00edtse a tudatos m\u00e9diahaszn\u00e1latot, \u00e9s kritikus \u00e1ll\u00e1spontot alak\u00edtsanak ki a m\u00e9dia fogyaszt\u00e1s\u00e1val \u00e9s l\u00e9trehoz\u00e1s\u00e1val kapcsolatban.<\/p>\n<p>A c\u00e9l az egy\u00fcttm\u0171k\u00f6d\u00e9s keret\u00e9ben a k\u00f6vetkez\u0151 feladatokban: f\u0151k\u00e9nt h\u00e1l\u00f3zat\u00e9p\u00edt\u00e9s \u00e9s oktat\u00e1s projektmenedzsmenttel, terjeszt\u00e9ssel \u00e9s h\u00e1l\u00f3zat\u00e9p\u00edt\u00e9ssel<\/p>\n<p>Medi@Coaches \u00e9s mentorok: az oktat\u00e1s MediaCampet keret\u00e9n bel\u00fcl, ezen k\u00edv\u00fcl m\u00e9diaismereti tr\u00e9ninggel \u00e9s szemin\u00e1riummal 40 fiatal sz\u00e1m\u00e1ra, amelyet a legjobbak hasonl\u00f3 projektek ismertet\u00e9s\u00e9vel sz\u00f3l\u00f3 workshop k\u00f6vet.<\/p>\n<p>Medi@LL Commando: val\u00f3di kiadv\u00e1ny<\/p>\n<p>Medi@Camp 5 napon kereszt\u00fcl: 10 fiatal sz\u00e1m\u00e1ra, akik egy \u00fajs\u00e1got szerkesztenek a t\u00e1bor ideje alatt.<\/p>\n<p>Milyen eredm\u00e9nyeket v\u00e1r a projektt\u0151l?<\/p>\n<p>Az 1. TEV\u00c9KENYS\u00c9G:<\/p>\n<p><a href=\"https:\/\/futureg.sk\/hu\/digit4all-kickoff-meeting-dunaszerdahelyen\/\">1.1.Kick off meeting &#8211; 1.tal\u00e1lkoz\u00f3<\/a><\/p>\n<p><a href=\"http:\/\/: https:\/\/futureg.sk\/hu\/mediamegjelenes\/\"><strong>1.2.Dissemination &#8211; M\u00e9diamegjelen\u00e9s<\/strong><\/a><\/p>\n<p>1.3.<a href=\"https:\/\/futureg.sk\/hu\/digit4all-projektmenedzsment\/\">Project management &#8211; projektmenedzsment,<\/a><\/p>\n<p><a href=\"https:\/\/futureg.sk\/hu\/halozatepites-a-pozsonyi-konferencian\/\">1.4.Networking conference of youth workers<\/a><\/p>\n<p>1.5 <a href=\"https:\/\/futureg.sk\/hu\/a-mentorok-virtualis-halozata-es-coachingja\/\">Virtual networking of Media Coaches<\/a><\/p>\n<p>1.6.Evaluation grid<\/p>\n<p>&nbsp;<\/p>\n<p>2. TEV\u00c9KENYS\u00c9G (A Medi@Education f\u0151 c\u00e9lk\u00e9nt a Medi@Camp megszervez\u00e9s\u00e9t tartalmazza):<\/p>\n<p>2.1.<a href=\"https:\/\/futureg.sk\/hu\/a-ai-mesterseges-intelligencia-veszely-vagy-segitseg\/\">Media Literacy Training on-line<\/a><\/p>\n<p>2.2.<a href=\"https:\/\/futureg.sk\/hu\/a-ai-mesterseges-intelligencia-veszely-vagy-segitseg\/\">Seminar on the topic reflecting the situation in youth in their country<\/a><\/p>\n<p>2.3.Workshop on best practices in Medi@LL<\/p>\n<p>2.4.<a href=\"https:\/\/futureg.sk\/hu\/media-camp-ujsag\/\">Newspaper of Medi@ LL COMMANDO<\/a><\/p>\n<p>2.5.<a href=\"https:\/\/futureg.sk\/hu\/digit4all-media-camp-szeged\/\">Medi@LL Camp<\/a><\/p>\n<p>&nbsp;<\/p>\n<p>&nbsp;<\/p>\n<p><a href=\"https:\/\/futureg.sk\/hu\/digitalis-eq-volt-a-temaja-a-dunaszerdahelyi-mediator-treningnek\/eu-funded_official-logo-from-2022\/\" rel=\"attachment wp-att-595\"><img loading=\"lazy\" decoding=\"async\" class=\"alignnone size-medium wp-image-595\" src=\"https:\/\/futureg.sk\/hu\/wp-content\/uploads\/sites\/2\/2022\/09\/EU-FUNDED_official-logo-from-2022-300x63.jpg\" alt=\"\" width=\"300\" height=\"63\" srcset=\"https:\/\/futureg.sk\/hu\/wp-content\/uploads\/sites\/2\/2022\/09\/EU-FUNDED_official-logo-from-2022-300x63.jpg 300w, https:\/\/futureg.sk\/hu\/wp-content\/uploads\/sites\/2\/2022\/09\/EU-FUNDED_official-logo-from-2022-1024x215.jpg 1024w, https:\/\/futureg.sk\/hu\/wp-content\/uploads\/sites\/2\/2022\/09\/EU-FUNDED_official-logo-from-2022-768x161.jpg 768w, https:\/\/futureg.sk\/hu\/wp-content\/uploads\/sites\/2\/2022\/09\/EU-FUNDED_official-logo-from-2022-1536x322.jpg 1536w, https:\/\/futureg.sk\/hu\/wp-content\/uploads\/sites\/2\/2022\/09\/EU-FUNDED_official-logo-from-2022-2048x430.jpg 2048w\" sizes=\"auto, (max-width: 300px) 100vw, 300px\" \/><\/a><a href=\"https:\/\/futureg.sk\/hu\/digit4all\/copy-of-1200px-erasmus_logo-svg1\/\" rel=\"attachment wp-att-673\"><img loading=\"lazy\" decoding=\"async\" class=\"alignnone size-medium wp-image-673\" src=\"https:\/\/futureg.sk\/hu\/wp-content\/uploads\/sites\/2\/2023\/01\/Copy-of-1200px-Erasmus_Logo.svg1_-300x86.png\" alt=\"\" width=\"300\" height=\"86\" srcset=\"https:\/\/futureg.sk\/hu\/wp-content\/uploads\/sites\/2\/2023\/01\/Copy-of-1200px-Erasmus_Logo.svg1_-300x86.png 300w, https:\/\/futureg.sk\/hu\/wp-content\/uploads\/sites\/2\/2023\/01\/Copy-of-1200px-Erasmus_Logo.svg1_-1024x294.png 1024w, https:\/\/futureg.sk\/hu\/wp-content\/uploads\/sites\/2\/2023\/01\/Copy-of-1200px-Erasmus_Logo.svg1_-768x220.png 768w, https:\/\/futureg.sk\/hu\/wp-content\/uploads\/sites\/2\/2023\/01\/Copy-of-1200px-Erasmus_Logo.svg1_.png 1200w\" sizes=\"auto, (max-width: 300px) 100vw, 300px\" \/><\/a><\/p>\n<p>The project is funded by the EU <span data-sheets-value=\"{&quot;1&quot;:2,&quot;2&quot;:&quot;2022-1-SK02-KA210-YOU-000083196&quot;}\" data-sheets-userformat=\"{&quot;2&quot;:18945,&quot;3&quot;:{&quot;1&quot;:0},&quot;12&quot;:0,&quot;14&quot;:{&quot;1&quot;:2,&quot;2&quot;:16750848},&quot;17&quot;:1}\">2022-1-SK02-KA210-YOU-000083196<\/span><\/p>\n<p>&nbsp;<\/p>\n","protected":false},"excerpt":{"rendered":"<p>A Medi@LL a digit\u00e1lis m\u00e9dia \u00e1talakul\u00e1val foglalkozik, m\u00e9gpedig a digit\u00e1lis felk\u00e9sz\u00fclts\u00e9g \u00e9s a m\u00e9dia felhaszn\u00e1l\u00f3k rugalmass\u00e1g\u00e1nak fejleszt\u00e9s\u00e9n kereszt\u00fcl. A fiatal gener\u00e1ci\u00f3, amelynek fontos a m\u00e9diam\u0171velts\u00e9g \u00e9s az azzal foglalkoz\u00f3 \u00fajdons\u00e1gok. A projekt c\u00e9lja, hogy azokat a gyakorlatokat megismerj\u00e9k, amelyek lehet\u0151v\u00e9 teszik az emberek sz\u00e1m\u00e1ra, hogy hozz\u00e1f\u00e9rjenek m\u00e9diatartalmakhoz, kritikusan \u00e9rt\u00e9kelj\u00e9k \u00e9s felismerj\u00e9k a m\u00e9dia manipul\u00e1ci\u00f3it. A [&hellip;]<\/p>\n","protected":false},"author":1,"featured_media":0,"parent":0,"menu_order":0,"comment_status":"closed","ping_status":"closed","template":"","meta":{"_monsterinsights_skip_tracking":false,"_monsterinsights_sitenote_active":false,"_monsterinsights_sitenote_note":"","_monsterinsights_sitenote_category":0,"footnotes":""},"class_list":["post-672","page","type-page","status-publish","hentry"],"yoast_head":"<!-- This site is optimized with the Yoast SEO plugin v26.1.1 - https:\/\/yoast.com\/wordpress\/plugins\/seo\/ -->\n<title>DIGIT4ALL - FutuReg PT<\/title>\n<meta name=\"robots\" content=\"index, follow, max-snippet:-1, max-image-preview:large, max-video-preview:-1\" \/>\n<link rel=\"canonical\" href=\"https:\/\/futureg.sk\/hu\/digit4all\/\" \/>\n<meta property=\"og:locale\" content=\"hu_HU\" \/>\n<meta property=\"og:type\" content=\"article\" \/>\n<meta property=\"og:title\" content=\"DIGIT4ALL - FutuReg PT\" \/>\n<meta property=\"og:description\" content=\"A Medi@LL a digit\u00e1lis m\u00e9dia \u00e1talakul\u00e1val foglalkozik, m\u00e9gpedig a digit\u00e1lis felk\u00e9sz\u00fclts\u00e9g \u00e9s a m\u00e9dia felhaszn\u00e1l\u00f3k rugalmass\u00e1g\u00e1nak fejleszt\u00e9s\u00e9n kereszt\u00fcl. A fiatal gener\u00e1ci\u00f3, amelynek fontos a m\u00e9diam\u0171velts\u00e9g \u00e9s az azzal foglalkoz\u00f3 \u00fajdons\u00e1gok. A projekt c\u00e9lja, hogy azokat a gyakorlatokat megismerj\u00e9k, amelyek lehet\u0151v\u00e9 teszik az emberek sz\u00e1m\u00e1ra, hogy hozz\u00e1f\u00e9rjenek m\u00e9diatartalmakhoz, kritikusan \u00e9rt\u00e9kelj\u00e9k \u00e9s felismerj\u00e9k a m\u00e9dia manipul\u00e1ci\u00f3it. A [&hellip;]\" \/>\n<meta property=\"og:url\" content=\"https:\/\/futureg.sk\/hu\/digit4all\/\" \/>\n<meta property=\"og:site_name\" content=\"FutuReg PT\" \/>\n<meta property=\"article:modified_time\" content=\"2024-10-24T17:53:02+00:00\" \/>\n<meta property=\"og:image\" content=\"https:\/\/futureg.sk\/hu\/wp-content\/uploads\/sites\/2\/2022\/09\/EU-FUNDED_official-logo-from-2022-300x63.jpg\" \/>\n<meta name=\"twitter:card\" content=\"summary_large_image\" \/>\n<meta name=\"twitter:label1\" content=\"Becs\u00fclt olvas\u00e1si id\u0151\" \/>\n\t<meta name=\"twitter:data1\" content=\"2 perc\" \/>\n<script type=\"application\/ld+json\" class=\"yoast-schema-graph\">{\"@context\":\"https:\/\/schema.org\",\"@graph\":[{\"@type\":\"WebPage\",\"@id\":\"https:\/\/futureg.sk\/hu\/digit4all\/\",\"url\":\"https:\/\/futureg.sk\/hu\/digit4all\/\",\"name\":\"DIGIT4ALL - FutuReg PT\",\"isPartOf\":{\"@id\":\"https:\/\/futureg.sk\/hu\/#website\"},\"primaryImageOfPage\":{\"@id\":\"https:\/\/futureg.sk\/hu\/digit4all\/#primaryimage\"},\"image\":{\"@id\":\"https:\/\/futureg.sk\/hu\/digit4all\/#primaryimage\"},\"thumbnailUrl\":\"https:\/\/futureg.sk\/hu\/wp-content\/uploads\/sites\/2\/2022\/09\/EU-FUNDED_official-logo-from-2022-300x63.jpg\",\"datePublished\":\"2023-01-28T10:38:09+00:00\",\"dateModified\":\"2024-10-24T17:53:02+00:00\",\"breadcrumb\":{\"@id\":\"https:\/\/futureg.sk\/hu\/digit4all\/#breadcrumb\"},\"inLanguage\":\"hu\",\"potentialAction\":[{\"@type\":\"ReadAction\",\"target\":[\"https:\/\/futureg.sk\/hu\/digit4all\/\"]}]},{\"@type\":\"ImageObject\",\"inLanguage\":\"hu\",\"@id\":\"https:\/\/futureg.sk\/hu\/digit4all\/#primaryimage\",\"url\":\"https:\/\/futureg.sk\/hu\/wp-content\/uploads\/sites\/2\/2022\/09\/EU-FUNDED_official-logo-from-2022-scaled.jpg\",\"contentUrl\":\"https:\/\/futureg.sk\/hu\/wp-content\/uploads\/sites\/2\/2022\/09\/EU-FUNDED_official-logo-from-2022-scaled.jpg\",\"width\":2560,\"height\":537},{\"@type\":\"BreadcrumbList\",\"@id\":\"https:\/\/futureg.sk\/hu\/digit4all\/#breadcrumb\",\"itemListElement\":[{\"@type\":\"ListItem\",\"position\":1,\"name\":\"Home\",\"item\":\"https:\/\/futureg.sk\/hu\/\"},{\"@type\":\"ListItem\",\"position\":2,\"name\":\"DIGIT4ALL\"}]},{\"@type\":\"WebSite\",\"@id\":\"https:\/\/futureg.sk\/hu\/#website\",\"url\":\"https:\/\/futureg.sk\/hu\/\",\"name\":\"FutuReg PT\",\"description\":\"R\u00e9gi\u00f3nk \u00e9s gyermekeink fejleszt\u00e9s\u00e9\u00e9rt\",\"potentialAction\":[{\"@type\":\"SearchAction\",\"target\":{\"@type\":\"EntryPoint\",\"urlTemplate\":\"https:\/\/futureg.sk\/hu\/?s={search_term_string}\"},\"query-input\":{\"@type\":\"PropertyValueSpecification\",\"valueRequired\":true,\"valueName\":\"search_term_string\"}}],\"inLanguage\":\"hu\"}]}<\/script>\n<!-- \/ Yoast SEO plugin. -->","yoast_head_json":{"title":"DIGIT4ALL - FutuReg PT","robots":{"index":"index","follow":"follow","max-snippet":"max-snippet:-1","max-image-preview":"max-image-preview:large","max-video-preview":"max-video-preview:-1"},"canonical":"https:\/\/futureg.sk\/hu\/digit4all\/","og_locale":"hu_HU","og_type":"article","og_title":"DIGIT4ALL - FutuReg PT","og_description":"A Medi@LL a digit\u00e1lis m\u00e9dia \u00e1talakul\u00e1val foglalkozik, m\u00e9gpedig a digit\u00e1lis felk\u00e9sz\u00fclts\u00e9g \u00e9s a m\u00e9dia felhaszn\u00e1l\u00f3k rugalmass\u00e1g\u00e1nak fejleszt\u00e9s\u00e9n kereszt\u00fcl. A fiatal gener\u00e1ci\u00f3, amelynek fontos a m\u00e9diam\u0171velts\u00e9g \u00e9s az azzal foglalkoz\u00f3 \u00fajdons\u00e1gok. A projekt c\u00e9lja, hogy azokat a gyakorlatokat megismerj\u00e9k, amelyek lehet\u0151v\u00e9 teszik az emberek sz\u00e1m\u00e1ra, hogy hozz\u00e1f\u00e9rjenek m\u00e9diatartalmakhoz, kritikusan \u00e9rt\u00e9kelj\u00e9k \u00e9s felismerj\u00e9k a m\u00e9dia manipul\u00e1ci\u00f3it. A [&hellip;]","og_url":"https:\/\/futureg.sk\/hu\/digit4all\/","og_site_name":"FutuReg PT","article_modified_time":"2024-10-24T17:53:02+00:00","og_image":[{"url":"https:\/\/futureg.sk\/hu\/wp-content\/uploads\/sites\/2\/2022\/09\/EU-FUNDED_official-logo-from-2022-300x63.jpg","type":"","width":"","height":""}],"twitter_card":"summary_large_image","twitter_misc":{"Becs\u00fclt olvas\u00e1si id\u0151":"2 perc"},"schema":{"@context":"https:\/\/schema.org","@graph":[{"@type":"WebPage","@id":"https:\/\/futureg.sk\/hu\/digit4all\/","url":"https:\/\/futureg.sk\/hu\/digit4all\/","name":"DIGIT4ALL - FutuReg PT","isPartOf":{"@id":"https:\/\/futureg.sk\/hu\/#website"},"primaryImageOfPage":{"@id":"https:\/\/futureg.sk\/hu\/digit4all\/#primaryimage"},"image":{"@id":"https:\/\/futureg.sk\/hu\/digit4all\/#primaryimage"},"thumbnailUrl":"https:\/\/futureg.sk\/hu\/wp-content\/uploads\/sites\/2\/2022\/09\/EU-FUNDED_official-logo-from-2022-300x63.jpg","datePublished":"2023-01-28T10:38:09+00:00","dateModified":"2024-10-24T17:53:02+00:00","breadcrumb":{"@id":"https:\/\/futureg.sk\/hu\/digit4all\/#breadcrumb"},"inLanguage":"hu","potentialAction":[{"@type":"ReadAction","target":["https:\/\/futureg.sk\/hu\/digit4all\/"]}]},{"@type":"ImageObject","inLanguage":"hu","@id":"https:\/\/futureg.sk\/hu\/digit4all\/#primaryimage","url":"https:\/\/futureg.sk\/hu\/wp-content\/uploads\/sites\/2\/2022\/09\/EU-FUNDED_official-logo-from-2022-scaled.jpg","contentUrl":"https:\/\/futureg.sk\/hu\/wp-content\/uploads\/sites\/2\/2022\/09\/EU-FUNDED_official-logo-from-2022-scaled.jpg","width":2560,"height":537},{"@type":"BreadcrumbList","@id":"https:\/\/futureg.sk\/hu\/digit4all\/#breadcrumb","itemListElement":[{"@type":"ListItem","position":1,"name":"Home","item":"https:\/\/futureg.sk\/hu\/"},{"@type":"ListItem","position":2,"name":"DIGIT4ALL"}]},{"@type":"WebSite","@id":"https:\/\/futureg.sk\/hu\/#website","url":"https:\/\/futureg.sk\/hu\/","name":"FutuReg PT","description":"R\u00e9gi\u00f3nk \u00e9s gyermekeink fejleszt\u00e9s\u00e9\u00e9rt","potentialAction":[{"@type":"SearchAction","target":{"@type":"EntryPoint","urlTemplate":"https:\/\/futureg.sk\/hu\/?s={search_term_string}"},"query-input":{"@type":"PropertyValueSpecification","valueRequired":true,"valueName":"search_term_string"}}],"inLanguage":"hu"}]}},"_links":{"self":[{"href":"https:\/\/futureg.sk\/hu\/wp-json\/wp\/v2\/pages\/672","targetHints":{"allow":["GET"]}}],"collection":[{"href":"https:\/\/futureg.sk\/hu\/wp-json\/wp\/v2\/pages"}],"about":[{"href":"https:\/\/futureg.sk\/hu\/wp-json\/wp\/v2\/types\/page"}],"author":[{"embeddable":true,"href":"https:\/\/futureg.sk\/hu\/wp-json\/wp\/v2\/users\/1"}],"replies":[{"embeddable":true,"href":"https:\/\/futureg.sk\/hu\/wp-json\/wp\/v2\/comments?post=672"}],"version-history":[{"count":7,"href":"https:\/\/futureg.sk\/hu\/wp-json\/wp\/v2\/pages\/672\/revisions"}],"predecessor-version":[{"id":936,"href":"https:\/\/futureg.sk\/hu\/wp-json\/wp\/v2\/pages\/672\/revisions\/936"}],"wp:attachment":[{"href":"https:\/\/futureg.sk\/hu\/wp-json\/wp\/v2\/media?parent=672"}],"curies":[{"name":"wp","href":"https:\/\/api.w.org\/{rel}","templated":true}]}}