{"id":670,"date":"2023-01-28T10:30:42","date_gmt":"2023-01-28T10:30:42","guid":{"rendered":"https:\/\/futureg.sk\/hu\/?page_id=670"},"modified":"2023-07-07T12:23:40","modified_gmt":"2023-07-07T12:23:40","slug":"digeq","status":"publish","type":"page","link":"https:\/\/futureg.sk\/hu\/digeq\/","title":{"rendered":"DIGEQ"},"content":{"rendered":"<p>A FUTUREG, GLAFKA,FAZEKAS kis partners\u00e9gi projekt c\u00e9lja a digit\u00e1lis tud\u00e1s, a digit\u00e1lis intelligencia n\u00f6veked\u00e9s\u00e9nek el\u0151seg\u00edt\u00e9se a fiatalok \u00e9rzelmi egyens\u00faly\u00e1n kereszt\u00fcl, az online konfliktusok \u00e9rzelmi megold\u00e1si technik\u00e1inak megteremt\u00e9se \u00e9s az \u00fagynevezett \u00e9rzelmi komepetencia tan\u00edt\u00e1sa a fiatalok sz\u00e1m\u00e1ra. A zaklat\u00e1s \u00e9s a cyberbullying megel\u0151z\u00e9se a tapasztalatok, a legjobb gyakorlatok megoszt\u00e1s\u00e1val, a fiatal oktat\u00f3k r\u00e9szv\u00e9telen kereszt\u00fcl t\u00f6rt\u00e9n\u0151 k\u00e9pz\u00e9s\u00e9vel \u00e9s a fiatalok digit\u00e1lis ellen\u00e1ll\u00f3 k\u00e9pess\u00e9g\u00e9nek nem form\u00e1lis oktat\u00e1s\u00e1ra vonatkoz\u00f3 tantervek kidolgoz\u00e1s\u00e1val. A digit\u00e1lis \u00e1talakul\u00e1s \u00e9s a digit\u00e1lis intelligencia n\u00f6veked\u00e9s\u00e9nek el\u0151t\u00e9rbe helyez\u00e9se a fiatalok \u00e9rzelmi min\u0151s\u00e9g\u00e9n kereszt\u00fcl az EU Biztons\u00e1gosabb internet kih\u00edv\u00e1sa \u00e1ltal. A projektpartnerek felel\u0151snek \u00e9rzik magukat a fiatalok digit\u00e1lis ismereteinek megfelel\u0151 biztos\u00edt\u00e1s\u00e1\u00e9rt az online tanul\u00e1shoz az uni\u00f3s int\u00e9zm\u00e9nyekben. A DIGEQ egy k\u00f6z\u00f6s ifj\u00fas\u00e1gi koncepci\u00f3, amelyre s\u00fcrg\u0151sen sz\u00fcks\u00e9g van a projektben r\u00e9szt vev\u0151 gyermekek \u00e9s fiatalok biztons\u00e1g\u00e1nak el\u0151mozd\u00edt\u00e1sa \u00e9rdek\u00e9ben az online k\u00f6rnyezetben &#8211; nemcsak a COVID 19 j\u00e1rv\u00e1ny, hanem \u00f6sszess\u00e9g\u00e9ben korunk digit\u00e1lis \u00e1talakul\u00e1sa miatt. 2020 m\u00e1rcius\u00e1ban a gyermekek \u00e9s fiatalok hirtelen olyan v\u00e1ratlan helyzetbe ker\u00fcltek, amely mindenkit szakmai digit\u00e1lis ismeretek elsaj\u00e1t\u00edt\u00e1s\u00e1ra k\u00e9nyszer\u00edtett. Ha maguk az ifj\u00fas\u00e1g \u00e9s a gyerekek vagy a t\u00e1rsadalmi kamp\u00e1nyok nem reag\u00e1lnak id\u0151ben, hogy felh\u00edvj\u00e1k a figyelmet \u00e9s \u00e9rthet\u0151en a leg\u00e9get\u0151bb k\u00e9rd\u00e9sekre az anna \u00e1lland\u00f3 jelenl\u00e9t\u00e9re a neten.<\/p>\n<p><strong>HORIZONT\u00c1LIS ELVEK<\/strong>: A digit\u00e1lis \u00e1talakul\u00e1s kezel\u00e9se a digit\u00e1lis felk\u00e9sz\u00fclts\u00e9g, ellen\u00e1ll\u00f3 k\u00e9pess\u00e9g \u00e9s kapacit\u00e1s fejleszt\u00e9se r\u00e9v\u00e9n<br \/>\nPriorit\u00e1sok:<br \/>\nK\u00f6z\u00f6s \u00e9rt\u00e9kek, polg\u00e1ri szerepv\u00e1llal\u00e1s \u00e9s akt\u00edv polg\u00e1rs\u00e1g<br \/>\nIfj\u00fas\u00e1g: Az ifj\u00fas\u00e1gi munka min\u0151s\u00e9g\u00e9nek, innovativit\u00e1s\u00e1nak \u00e9s elismerts\u00e9g\u00e9nek n\u00f6vel\u00e9se.<br \/>\n\u00daj tanul\u00e1si \u00e9s tan\u00edt\u00e1si m\u00f3dszerek \u00e9s megk\u00f6zel\u00edt\u00e9sek<br \/>\nDigit\u00e1lis ifj\u00fas\u00e1gi munka<br \/>\nDigit\u00e1lis k\u00e9szs\u00e9gek \u00e9s kompetenci\u00e1k<\/p>\n<p><b>Projekttev\u00e9kenys\u00e9gek<\/b><\/p>\n<p>&nbsp;<\/p>\n<p><strong>activities<\/strong><\/p>\n<table width=\"0\">\n<tbody>\n<tr>\n<td><\/td>\n<td><a href=\"https:\/\/futureg.sk\/hu\/digeq-kickoff-talalkozo-pragaban\/\">1.1 Kick off \u00a0tal\u00e1lkozo<\/a>.<\/td>\n<\/tr>\n<tr>\n<td><\/td>\n<td><a href=\"https:\/\/futureg.sk\/hu\/gyakorlati-utmutato-a-digitalis-intelligencia-fejlesztese-a-fiatalok-erzelmi-jolete-reven\/\">1.2 Best practice quide<\/a><\/td>\n<\/tr>\n<tr>\n<td><\/td>\n<td><a href=\"https:\/\/futureg.sk\/hu\/digeq-projekt-menedzsment\/\">1.3 Project Management<\/a><\/td>\n<\/tr>\n<tr>\n<td><\/td>\n<td><a href=\"https:\/\/futureg.sk\/hu\/a-hexagon-tales-az-erzekeny-temak-oktatasi-kornyezetben-torteno-feltarasanak-eszkoze-mostantol-tanari-kezikonyvkent-is-elerheto\/\">2.1 Offline Handbook on Digital Citizenship<\/a><\/td>\n<\/tr>\n<tr>\n<td><\/td>\n<td><a href=\"https:\/\/futureg.sk\/en\/2023\/07\/07\/digeq-educational-videos-on-youtube\/\">2.2 Online DIGEQ workshop materials\/ DIGEQ videos<\/a><\/td>\n<\/tr>\n<tr>\n<td><\/td>\n<td><a href=\"https:\/\/futureg.sk\/hu\/digeq-ifjusagsegitok-kepzese-pragaban\/\">3.1.Seminar for Youth Workers \u2013 \u00a0Prague<\/a><\/td>\n<\/tr>\n<tr>\n<td><\/td>\n<td><a href=\"https:\/\/futureg.sk\/hu\/digitalis-eq-volt-a-temaja-a-dunaszerdahelyi-mediator-treningnek\/\">3.2.Mediation training\u00a0 \u2013 in Dunajsk\u00e1 Streda 2022<\/a><\/td>\n<\/tr>\n<tr>\n<td><\/td>\n<td><a href=\"https:\/\/futureg.sk\/hu\/a-digeq-gyakorlati-utmutatot-keszit\/\">3.2 Train the traines in Budape\u0161ti Oct. 2022<\/a><\/td>\n<\/tr>\n<\/tbody>\n<\/table>\n<p>&nbsp;<\/p>\n<p><strong>Medialization of project<\/strong><\/p>\n<table width=\"0\">\n<tbody>\n<tr>\n<td><\/td>\n<td><a href=\"https:\/\/futureg.sk\/hu\/digeq-kickoff-talalkozo-pragaban\/\">1.1. kick off meeting <\/a><\/td>\n<\/tr>\n<tr>\n<td><\/td>\n<td><a href=\"https:\/\/futureg.sk\/hu\/gyakorlati-utmutato-a-digitalis-intelligencia-fejlesztese-a-fiatalok-erzelmi-jolete-reven\/\">1.2. Best practice guide\u00a0<\/a><\/td>\n<\/tr>\n<tr>\n<td><\/td>\n<td><a href=\"https:\/\/futureg.sk\/hu\/digeq-projekt-menedzsment\/\">1.3 Project Management- projekt menedzment<\/a><\/td>\n<\/tr>\n<tr>\n<td><\/td>\n<td><a href=\"https:\/\/futureg.sk\/hu\/a-hexagon-tales-az-erzekeny-temak-oktatasi-kornyezetben-torteno-feltarasanak-eszkoze-mostantol-tanari-kezikonyvkent-is-elerheto\/\">2.1 Offline Handbook on Digital Citizenship <\/a><\/p>\n<p>&nbsp;<\/p>\n<p><a href=\"https:\/\/www.discuss-community.eu\/developing-basic-skills-and-key-competences-3\/386-digital-intelligence-growth-via-emotional-quality-of-youth.html\">https:\/\/www.discuss-community.eu\/developing-basic-skills-and-key-competences-3\/386-digital-intelligence-growth-via-emotional-quality-of-youth.html<\/a><\/p>\n<p>EPALE (available with EU login)<\/p>\n<p><a href=\"https:\/\/school-education.ec.europa.eu\/en\/etwinning\/projects\/hexatales-boardgame-writing-stories\">ETWINNING Partners responsible (available for schools)<\/a><\/td>\n<\/tr>\n<tr>\n<td><\/td>\n<td><a href=\"https:\/\/futureg.sk\/en\/2023\/07\/07\/digeq-educational-videos-on-youtube\/\">2.2 Online DIGEQ workshop materials \u2013 <\/a><\/td>\n<\/tr>\n<tr>\n<td><\/td>\n<td><a href=\"https:\/\/futureg.sk\/hu\/digeq-ifjusagsegitok-kepzese-pragaban\/\">3.1.Seminar for Youth Workers- Praga<\/a><\/td>\n<\/tr>\n<tr>\n<td><\/td>\n<td><a href=\"https:\/\/futureg.sk\/digeq\/1399_230605110511_001\/\" rel=\"attachment wp-att-1445\">3.2 Medializ\u00e1cia v Csall\u00f3koz t\u00fd\u017edenn\u00edku j\u00fan 2022<\/a><\/td>\n<\/tr>\n<tr>\n<td><\/td>\n<td><a href=\"https:\/\/futureg.sk\/hu\/digeq-trenerek-treningje-budapesten\/\">3.2 Train the trainers Budapest<\/a><\/td>\n<\/tr>\n<\/tbody>\n<\/table>\n<p>&nbsp;<\/p>\n<p>&nbsp;<\/p>\n<p>STIHANUT SI MOZE*TE NASE MATERIALY<\/p>\n<p><a href=\"https:\/\/futureg.sk\/hu\/gyakorlati-utmutato-a-digitalis-intelligencia-fejlesztese-a-fiatalok-erzelmi-jolete-reven\/\">BEST PRACTiCE<\/a><\/p>\n<p><a href=\"https:\/\/futureg.sk\/hu\/a-hexagon-tales-az-erzekeny-temak-oktatasi-kornyezetben-torteno-feltarasanak-eszkoze-mostantol-tanari-kezikonyvkent-is-elerheto\/\">HEXAGON TALES<\/a><\/p>\n<p><a href=\"https:\/\/futureg.sk\/hu\/digit4all\/copy-of-1200px-erasmus_logo-svg1\/\" rel=\"attachment wp-att-673\"><img loading=\"lazy\" decoding=\"async\" class=\"alignnone size-medium wp-image-673\" src=\"https:\/\/futureg.sk\/hu\/wp-content\/uploads\/sites\/2\/2023\/01\/Copy-of-1200px-Erasmus_Logo.svg1_-300x86.png\" alt=\"\" width=\"300\" height=\"86\" srcset=\"https:\/\/futureg.sk\/hu\/wp-content\/uploads\/sites\/2\/2023\/01\/Copy-of-1200px-Erasmus_Logo.svg1_-300x86.png 300w, https:\/\/futureg.sk\/hu\/wp-content\/uploads\/sites\/2\/2023\/01\/Copy-of-1200px-Erasmus_Logo.svg1_-1024x294.png 1024w, https:\/\/futureg.sk\/hu\/wp-content\/uploads\/sites\/2\/2023\/01\/Copy-of-1200px-Erasmus_Logo.svg1_-768x220.png 768w, https:\/\/futureg.sk\/hu\/wp-content\/uploads\/sites\/2\/2023\/01\/Copy-of-1200px-Erasmus_Logo.svg1_.png 1200w\" sizes=\"auto, (max-width: 300px) 100vw, 300px\" \/><\/a><\/p>\n<p><a href=\"https:\/\/futureg.sk\/hu\/digitalis-eq-volt-a-temaja-a-dunaszerdahelyi-mediator-treningnek\/eu-funded_official-logo-from-2022\/\" rel=\"attachment wp-att-595\"><img loading=\"lazy\" decoding=\"async\" class=\"alignnone size-medium wp-image-595\" src=\"https:\/\/futureg.sk\/hu\/wp-content\/uploads\/sites\/2\/2022\/09\/EU-FUNDED_official-logo-from-2022-300x63.jpg\" alt=\"\" width=\"300\" height=\"63\" srcset=\"https:\/\/futureg.sk\/hu\/wp-content\/uploads\/sites\/2\/2022\/09\/EU-FUNDED_official-logo-from-2022-300x63.jpg 300w, https:\/\/futureg.sk\/hu\/wp-content\/uploads\/sites\/2\/2022\/09\/EU-FUNDED_official-logo-from-2022-1024x215.jpg 1024w, https:\/\/futureg.sk\/hu\/wp-content\/uploads\/sites\/2\/2022\/09\/EU-FUNDED_official-logo-from-2022-768x161.jpg 768w, https:\/\/futureg.sk\/hu\/wp-content\/uploads\/sites\/2\/2022\/09\/EU-FUNDED_official-logo-from-2022-1536x322.jpg 1536w, https:\/\/futureg.sk\/hu\/wp-content\/uploads\/sites\/2\/2022\/09\/EU-FUNDED_official-logo-from-2022-2048x430.jpg 2048w\" sizes=\"auto, (max-width: 300px) 100vw, 300px\" \/><\/a><\/p>\n<p>Partnerek:<\/p>\n<p><a href=\"http:\/\/www.fazekas.hu\">FAZEKAS MIHALY ALTALANOS GYAKORLO GIMNAZIUM<\/a><\/p>\n<p><a href=\"http:\/\/www.glafka.cz\">GLAFKA<\/a><\/p>\n<p>&nbsp;<\/p>\n<p class=\"p1\"><span class=\"s1\">Az Erasmus+ projekt c\u00edme: Digit\u00e1lis intelligencia n\u00f6veked\u00e9se az ifj\u00fas\u00e1g \u00e9rzelmi min\u0151s\u00e9g\u00e9n kereszt\u00fcl DIGEQ.<\/span><\/p>\n<p class=\"p1\"><span class=\"s1\">A projekt sz\u00e1ma 2021-1-SK02-KA210-YOU-000033913.<\/span><\/p>\n<p class=\"p1\"><span class=\"s1\">Ezt az Eur\u00f3pai Uni\u00f3 finansz\u00edrozta.<\/span><\/p>\n","protected":false},"excerpt":{"rendered":"<p>A FUTUREG, GLAFKA,FAZEKAS kis partners\u00e9gi projekt c\u00e9lja a digit\u00e1lis tud\u00e1s, a digit\u00e1lis intelligencia n\u00f6veked\u00e9s\u00e9nek el\u0151seg\u00edt\u00e9se a fiatalok \u00e9rzelmi egyens\u00faly\u00e1n kereszt\u00fcl, az online konfliktusok \u00e9rzelmi megold\u00e1si technik\u00e1inak megteremt\u00e9se \u00e9s az \u00fagynevezett \u00e9rzelmi komepetencia tan\u00edt\u00e1sa a fiatalok sz\u00e1m\u00e1ra. A zaklat\u00e1s \u00e9s a cyberbullying megel\u0151z\u00e9se a tapasztalatok, a legjobb gyakorlatok megoszt\u00e1s\u00e1val, a fiatal oktat\u00f3k r\u00e9szv\u00e9telen kereszt\u00fcl t\u00f6rt\u00e9n\u0151 k\u00e9pz\u00e9s\u00e9vel [&hellip;]<\/p>\n","protected":false},"author":1,"featured_media":0,"parent":0,"menu_order":0,"comment_status":"closed","ping_status":"closed","template":"","meta":{"_monsterinsights_skip_tracking":false,"_monsterinsights_sitenote_active":false,"_monsterinsights_sitenote_note":"","_monsterinsights_sitenote_category":0,"footnotes":""},"class_list":["post-670","page","type-page","status-publish","hentry"],"yoast_head":"<!-- This site is optimized with the Yoast SEO plugin v26.1.1 - https:\/\/yoast.com\/wordpress\/plugins\/seo\/ -->\n<title>DIGEQ - FutuReg PT<\/title>\n<meta name=\"robots\" content=\"index, follow, max-snippet:-1, max-image-preview:large, max-video-preview:-1\" \/>\n<link rel=\"canonical\" href=\"https:\/\/futureg.sk\/hu\/digeq\/\" \/>\n<meta property=\"og:locale\" content=\"hu_HU\" \/>\n<meta property=\"og:type\" content=\"article\" \/>\n<meta property=\"og:title\" content=\"DIGEQ - FutuReg PT\" \/>\n<meta property=\"og:description\" content=\"A FUTUREG, GLAFKA,FAZEKAS kis partners\u00e9gi projekt c\u00e9lja a digit\u00e1lis tud\u00e1s, a digit\u00e1lis intelligencia n\u00f6veked\u00e9s\u00e9nek el\u0151seg\u00edt\u00e9se a fiatalok \u00e9rzelmi egyens\u00faly\u00e1n kereszt\u00fcl, az online konfliktusok \u00e9rzelmi megold\u00e1si technik\u00e1inak megteremt\u00e9se \u00e9s az \u00fagynevezett \u00e9rzelmi komepetencia tan\u00edt\u00e1sa a fiatalok sz\u00e1m\u00e1ra. A zaklat\u00e1s \u00e9s a cyberbullying megel\u0151z\u00e9se a tapasztalatok, a legjobb gyakorlatok megoszt\u00e1s\u00e1val, a fiatal oktat\u00f3k r\u00e9szv\u00e9telen kereszt\u00fcl t\u00f6rt\u00e9n\u0151 k\u00e9pz\u00e9s\u00e9vel [&hellip;]\" \/>\n<meta property=\"og:url\" content=\"https:\/\/futureg.sk\/hu\/digeq\/\" \/>\n<meta property=\"og:site_name\" content=\"FutuReg PT\" \/>\n<meta property=\"article:modified_time\" content=\"2023-07-07T12:23:40+00:00\" \/>\n<meta property=\"og:image\" content=\"https:\/\/futureg.sk\/hu\/wp-content\/uploads\/sites\/2\/2023\/01\/Copy-of-1200px-Erasmus_Logo.svg1_-300x86.png\" \/>\n<meta name=\"twitter:card\" content=\"summary_large_image\" \/>\n<meta name=\"twitter:label1\" content=\"Becs\u00fclt olvas\u00e1si id\u0151\" \/>\n\t<meta name=\"twitter:data1\" content=\"3 perc\" \/>\n<script type=\"application\/ld+json\" class=\"yoast-schema-graph\">{\"@context\":\"https:\/\/schema.org\",\"@graph\":[{\"@type\":\"WebPage\",\"@id\":\"https:\/\/futureg.sk\/hu\/digeq\/\",\"url\":\"https:\/\/futureg.sk\/hu\/digeq\/\",\"name\":\"DIGEQ - FutuReg PT\",\"isPartOf\":{\"@id\":\"https:\/\/futureg.sk\/hu\/#website\"},\"primaryImageOfPage\":{\"@id\":\"https:\/\/futureg.sk\/hu\/digeq\/#primaryimage\"},\"image\":{\"@id\":\"https:\/\/futureg.sk\/hu\/digeq\/#primaryimage\"},\"thumbnailUrl\":\"https:\/\/futureg.sk\/hu\/wp-content\/uploads\/sites\/2\/2023\/01\/Copy-of-1200px-Erasmus_Logo.svg1_-300x86.png\",\"datePublished\":\"2023-01-28T10:30:42+00:00\",\"dateModified\":\"2023-07-07T12:23:40+00:00\",\"breadcrumb\":{\"@id\":\"https:\/\/futureg.sk\/hu\/digeq\/#breadcrumb\"},\"inLanguage\":\"hu\",\"potentialAction\":[{\"@type\":\"ReadAction\",\"target\":[\"https:\/\/futureg.sk\/hu\/digeq\/\"]}]},{\"@type\":\"ImageObject\",\"inLanguage\":\"hu\",\"@id\":\"https:\/\/futureg.sk\/hu\/digeq\/#primaryimage\",\"url\":\"https:\/\/futureg.sk\/hu\/wp-content\/uploads\/sites\/2\/2023\/01\/Copy-of-1200px-Erasmus_Logo.svg1_.png\",\"contentUrl\":\"https:\/\/futureg.sk\/hu\/wp-content\/uploads\/sites\/2\/2023\/01\/Copy-of-1200px-Erasmus_Logo.svg1_.png\",\"width\":1200,\"height\":344},{\"@type\":\"BreadcrumbList\",\"@id\":\"https:\/\/futureg.sk\/hu\/digeq\/#breadcrumb\",\"itemListElement\":[{\"@type\":\"ListItem\",\"position\":1,\"name\":\"Home\",\"item\":\"https:\/\/futureg.sk\/hu\/\"},{\"@type\":\"ListItem\",\"position\":2,\"name\":\"DIGEQ\"}]},{\"@type\":\"WebSite\",\"@id\":\"https:\/\/futureg.sk\/hu\/#website\",\"url\":\"https:\/\/futureg.sk\/hu\/\",\"name\":\"FutuReg PT\",\"description\":\"R\u00e9gi\u00f3nk \u00e9s gyermekeink fejleszt\u00e9s\u00e9\u00e9rt\",\"potentialAction\":[{\"@type\":\"SearchAction\",\"target\":{\"@type\":\"EntryPoint\",\"urlTemplate\":\"https:\/\/futureg.sk\/hu\/?s={search_term_string}\"},\"query-input\":{\"@type\":\"PropertyValueSpecification\",\"valueRequired\":true,\"valueName\":\"search_term_string\"}}],\"inLanguage\":\"hu\"}]}<\/script>\n<!-- \/ Yoast SEO plugin. -->","yoast_head_json":{"title":"DIGEQ - FutuReg PT","robots":{"index":"index","follow":"follow","max-snippet":"max-snippet:-1","max-image-preview":"max-image-preview:large","max-video-preview":"max-video-preview:-1"},"canonical":"https:\/\/futureg.sk\/hu\/digeq\/","og_locale":"hu_HU","og_type":"article","og_title":"DIGEQ - FutuReg PT","og_description":"A FUTUREG, GLAFKA,FAZEKAS kis partners\u00e9gi projekt c\u00e9lja a digit\u00e1lis tud\u00e1s, a digit\u00e1lis intelligencia n\u00f6veked\u00e9s\u00e9nek el\u0151seg\u00edt\u00e9se a fiatalok \u00e9rzelmi egyens\u00faly\u00e1n kereszt\u00fcl, az online konfliktusok \u00e9rzelmi megold\u00e1si technik\u00e1inak megteremt\u00e9se \u00e9s az \u00fagynevezett \u00e9rzelmi komepetencia tan\u00edt\u00e1sa a fiatalok sz\u00e1m\u00e1ra. A zaklat\u00e1s \u00e9s a cyberbullying megel\u0151z\u00e9se a tapasztalatok, a legjobb gyakorlatok megoszt\u00e1s\u00e1val, a fiatal oktat\u00f3k r\u00e9szv\u00e9telen kereszt\u00fcl t\u00f6rt\u00e9n\u0151 k\u00e9pz\u00e9s\u00e9vel [&hellip;]","og_url":"https:\/\/futureg.sk\/hu\/digeq\/","og_site_name":"FutuReg PT","article_modified_time":"2023-07-07T12:23:40+00:00","og_image":[{"url":"https:\/\/futureg.sk\/hu\/wp-content\/uploads\/sites\/2\/2023\/01\/Copy-of-1200px-Erasmus_Logo.svg1_-300x86.png","type":"","width":"","height":""}],"twitter_card":"summary_large_image","twitter_misc":{"Becs\u00fclt olvas\u00e1si id\u0151":"3 perc"},"schema":{"@context":"https:\/\/schema.org","@graph":[{"@type":"WebPage","@id":"https:\/\/futureg.sk\/hu\/digeq\/","url":"https:\/\/futureg.sk\/hu\/digeq\/","name":"DIGEQ - FutuReg PT","isPartOf":{"@id":"https:\/\/futureg.sk\/hu\/#website"},"primaryImageOfPage":{"@id":"https:\/\/futureg.sk\/hu\/digeq\/#primaryimage"},"image":{"@id":"https:\/\/futureg.sk\/hu\/digeq\/#primaryimage"},"thumbnailUrl":"https:\/\/futureg.sk\/hu\/wp-content\/uploads\/sites\/2\/2023\/01\/Copy-of-1200px-Erasmus_Logo.svg1_-300x86.png","datePublished":"2023-01-28T10:30:42+00:00","dateModified":"2023-07-07T12:23:40+00:00","breadcrumb":{"@id":"https:\/\/futureg.sk\/hu\/digeq\/#breadcrumb"},"inLanguage":"hu","potentialAction":[{"@type":"ReadAction","target":["https:\/\/futureg.sk\/hu\/digeq\/"]}]},{"@type":"ImageObject","inLanguage":"hu","@id":"https:\/\/futureg.sk\/hu\/digeq\/#primaryimage","url":"https:\/\/futureg.sk\/hu\/wp-content\/uploads\/sites\/2\/2023\/01\/Copy-of-1200px-Erasmus_Logo.svg1_.png","contentUrl":"https:\/\/futureg.sk\/hu\/wp-content\/uploads\/sites\/2\/2023\/01\/Copy-of-1200px-Erasmus_Logo.svg1_.png","width":1200,"height":344},{"@type":"BreadcrumbList","@id":"https:\/\/futureg.sk\/hu\/digeq\/#breadcrumb","itemListElement":[{"@type":"ListItem","position":1,"name":"Home","item":"https:\/\/futureg.sk\/hu\/"},{"@type":"ListItem","position":2,"name":"DIGEQ"}]},{"@type":"WebSite","@id":"https:\/\/futureg.sk\/hu\/#website","url":"https:\/\/futureg.sk\/hu\/","name":"FutuReg PT","description":"R\u00e9gi\u00f3nk \u00e9s gyermekeink fejleszt\u00e9s\u00e9\u00e9rt","potentialAction":[{"@type":"SearchAction","target":{"@type":"EntryPoint","urlTemplate":"https:\/\/futureg.sk\/hu\/?s={search_term_string}"},"query-input":{"@type":"PropertyValueSpecification","valueRequired":true,"valueName":"search_term_string"}}],"inLanguage":"hu"}]}},"_links":{"self":[{"href":"https:\/\/futureg.sk\/hu\/wp-json\/wp\/v2\/pages\/670","targetHints":{"allow":["GET"]}}],"collection":[{"href":"https:\/\/futureg.sk\/hu\/wp-json\/wp\/v2\/pages"}],"about":[{"href":"https:\/\/futureg.sk\/hu\/wp-json\/wp\/v2\/types\/page"}],"author":[{"embeddable":true,"href":"https:\/\/futureg.sk\/hu\/wp-json\/wp\/v2\/users\/1"}],"replies":[{"embeddable":true,"href":"https:\/\/futureg.sk\/hu\/wp-json\/wp\/v2\/comments?post=670"}],"version-history":[{"count":4,"href":"https:\/\/futureg.sk\/hu\/wp-json\/wp\/v2\/pages\/670\/revisions"}],"predecessor-version":[{"id":801,"href":"https:\/\/futureg.sk\/hu\/wp-json\/wp\/v2\/pages\/670\/revisions\/801"}],"wp:attachment":[{"href":"https:\/\/futureg.sk\/hu\/wp-json\/wp\/v2\/media?parent=670"}],"curies":[{"name":"wp","href":"https:\/\/api.w.org\/{rel}","templated":true}]}}