{"id":466,"date":"2021-03-05T18:46:55","date_gmt":"2021-03-05T18:46:55","guid":{"rendered":"http:\/\/futureg.sk\/hu\/?page_id=466"},"modified":"2021-03-05T18:46:55","modified_gmt":"2021-03-05T18:46:55","slug":"kidsafedu","status":"publish","type":"page","link":"https:\/\/futureg.sk\/hu\/kidsafedu\/","title":{"rendered":"KIDSAFEDU"},"content":{"rendered":"<p>Ha nem vagy online, nem is l\u00e9tezel? Mi val\u00f3s \u00e9s mi nem az interneten a gyereknek? Ki biztos\u00edt gyermekjogi eszk\u00f6z\u00f6ket \u00e9s IKT megold\u00e1sokat az online oktat\u00e1s hat\u00e1ron \u00e1tny\u00fal\u00f3 \u00f6nkorm\u00e1nyzatianak iskol\u00e1iban? A KIDSAFEDU egy olyan hat\u00e1ron \u00e1tny\u00fal\u00f3 online koncepci\u00f3, mely a gyermekek online biztons\u00e1g\u00e1nak s\u00fcrg\u00f5s v\u00e9delm\u00e9re h\u00edvja fel a figyelmet gyermekjogi \u00e9s IKT eszk\u00f6z\u00f6kkel.<br \/>\n2020 m\u00e1rcius\u00e1ban az iskol\u00e1k online oktat\u00e1si int\u00e9zm\u00e9nyekk\u00e9 v\u00e1ltak, a sz\u00fcl\u00f5k szinte tan\u00e1rok lettek, a tan\u00e1rok pedig IKT szakmai dolgokat k\u00e9nyszer\u00fcltek megtanulni.<br \/>\nHa a gyermekek sz\u00e1m\u00e1ra legfontosabb feln\u0151ttek \u00e9s figyelemfelkelt\u0151 kamp\u00e1nyok nem reag\u00e1lnak el\u00e9g gyorsan \u00e9s \u00e9rthet\u0151en a gyermekek online jelenl\u00e9t\u00e9nek \u00e9get\u0151 probl\u00e9m\u00e1ira, a helyzet ki\u00e9lesedhet \u00e9s ak\u00e1r internetes zaklat\u00e1ss\u00e1 vagy m\u00e1s t\u00e1rsadalmi probl\u00e9m\u00e1v\u00e1 fajulhat. A EU Biztons\u00e1gos Internet programja szerint minden harmadik gyermek m\u00e1r tal\u00e1lkozott online zaklat\u00e1ssal.<br \/>\nMagyarorsz\u00e1gon \u00e9s Szlov\u00e1ki\u00e1ban a statisztik\u00e1k n\u00e9hol m\u00e9g magasabbak, mivel kor\u00e1bban a t\u00e9ma nem volt kiemelten fontos. Ezt bizony\u00edtja az a t\u00e9ny, hogy \u00e9vente t\u00f6bb sz\u00e1z \u00faj online b\u0171ncselekm\u00e9nyt regisztr\u00e1lnak. Ezt a probl\u00e9m\u00e1t a hat\u00e1ron \u00e1tny\u00fal\u00f3 egy\u00fcttm\u0171k\u00f6d\u00e9ssel effekt\u00edvebb megoldani, mivel oktat\u00e1si int\u00e9zm\u00e9nyeink, tud\u00e1st\u00e1runk \u00e9s IKT k\u00e9szs\u00e9geink nagyon hasonl\u00f3ak.<br \/>\nA projekt c\u00e9lja a szlov\u00e1k- magyar nyugati hat\u00e1rt\u00e9rs\u00e9g oktat\u00e1si int\u00e9zm\u00e9nyeinek szakmai t\u00e1mogat\u00e1sa a biztons\u00e1gos online oktat\u00e1si eszk\u00f6z\u00f6k ter\u00fclet\u00e9n \u00e9s a kiskor\u00faak internetes zaklat\u00e1s\u00e1nak megel\u0151z\u00e9se \u00e9rdek\u00e9ben. A projekt specifikus c\u00e9lja az egy\u00fcttm\u0171k\u00f6d\u0151 szervezetek intenz\u00edv hat\u00e1ron \u00e1tny\u00fal\u00f3 szakmai tev\u00e9kenys\u00e9ge : 1) felm\u00e9r\u00e9st, tanulm\u00e1nyt, kutat\u00e1st, 2) IKT digit\u00e1lis tud\u00e1st\u00e1r eszk\u00f6z\u00f6ket 3) tananyagot \u00e9s gyermekjogi tapasztalatcser\u00e9t tartalmaz.<br \/>\nA projekt keret\u00e9ben felm\u00e9rj\u00fck a c\u00e9lcsoport ig\u00e9nyeit, mind a gyerekek \u00e9s feln\u0151ttek k\u00f6zt. Kidolgoz\u00e1sra ker\u00fcl tan\u00e1rok sz\u00e1m\u00e1ra az online biztons\u00e1ghoz szolg\u00e1l\u00f3 m\u00f3dszertan, IKT eszk\u00f6z\u00f6k sorozat\u00e1t tartalmaz\u00f3 tananyag is, mert \u201e Az internetet feln\u0151tteknek tal\u00e1lt\u00e1k ki, de a gyermekek vesz\u00e9lyesebben haszn\u00e1lj\u00e1k.&#8221;<\/p>\n","protected":false},"excerpt":{"rendered":"<p>Ha nem vagy online, nem is l\u00e9tezel? Mi val\u00f3s \u00e9s mi nem az interneten a gyereknek? Ki biztos\u00edt gyermekjogi eszk\u00f6z\u00f6ket \u00e9s IKT megold\u00e1sokat az online oktat\u00e1s hat\u00e1ron \u00e1tny\u00fal\u00f3 \u00f6nkorm\u00e1nyzatianak iskol\u00e1iban? A KIDSAFEDU egy olyan hat\u00e1ron \u00e1tny\u00fal\u00f3 online koncepci\u00f3, mely a gyermekek online biztons\u00e1g\u00e1nak s\u00fcrg\u00f5s v\u00e9delm\u00e9re h\u00edvja fel a figyelmet gyermekjogi \u00e9s IKT eszk\u00f6z\u00f6kkel. 2020 m\u00e1rcius\u00e1ban [&hellip;]<\/p>\n","protected":false},"author":1,"featured_media":462,"parent":0,"menu_order":0,"comment_status":"closed","ping_status":"closed","template":"","meta":{"_monsterinsights_skip_tracking":false,"_monsterinsights_sitenote_active":false,"_monsterinsights_sitenote_note":"","_monsterinsights_sitenote_category":0,"footnotes":""},"class_list":["post-466","page","type-page","status-publish","has-post-thumbnail","hentry"],"yoast_head":"<!-- This site is optimized with the Yoast SEO plugin v26.1.1 - https:\/\/yoast.com\/wordpress\/plugins\/seo\/ -->\n<title>KIDSAFEDU - FutuReg PT<\/title>\n<meta name=\"robots\" content=\"index, follow, max-snippet:-1, max-image-preview:large, max-video-preview:-1\" \/>\n<link rel=\"canonical\" href=\"https:\/\/futureg.sk\/hu\/kidsafedu\/\" \/>\n<meta property=\"og:locale\" content=\"hu_HU\" \/>\n<meta property=\"og:type\" content=\"article\" \/>\n<meta property=\"og:title\" content=\"KIDSAFEDU - FutuReg PT\" \/>\n<meta property=\"og:description\" content=\"Ha nem vagy online, nem is l\u00e9tezel? Mi val\u00f3s \u00e9s mi nem az interneten a gyereknek? Ki biztos\u00edt gyermekjogi eszk\u00f6z\u00f6ket \u00e9s IKT megold\u00e1sokat az online oktat\u00e1s hat\u00e1ron \u00e1tny\u00fal\u00f3 \u00f6nkorm\u00e1nyzatianak iskol\u00e1iban? A KIDSAFEDU egy olyan hat\u00e1ron \u00e1tny\u00fal\u00f3 online koncepci\u00f3, mely a gyermekek online biztons\u00e1g\u00e1nak s\u00fcrg\u00f5s v\u00e9delm\u00e9re h\u00edvja fel a figyelmet gyermekjogi \u00e9s IKT eszk\u00f6z\u00f6kkel. 2020 m\u00e1rcius\u00e1ban [&hellip;]\" \/>\n<meta property=\"og:url\" content=\"https:\/\/futureg.sk\/hu\/kidsafedu\/\" \/>\n<meta property=\"og:site_name\" content=\"FutuReg PT\" \/>\n<meta property=\"og:image\" content=\"https:\/\/futureg.sk\/hu\/wp-content\/uploads\/sites\/2\/2021\/03\/kidsafedu_1farba.png\" \/>\n\t<meta property=\"og:image:width\" content=\"600\" \/>\n\t<meta property=\"og:image:height\" content=\"600\" \/>\n\t<meta property=\"og:image:type\" content=\"image\/png\" \/>\n<meta name=\"twitter:card\" content=\"summary_large_image\" \/>\n<meta name=\"twitter:label1\" content=\"Becs\u00fclt olvas\u00e1si id\u0151\" \/>\n\t<meta name=\"twitter:data1\" content=\"2 perc\" \/>\n<script type=\"application\/ld+json\" class=\"yoast-schema-graph\">{\"@context\":\"https:\/\/schema.org\",\"@graph\":[{\"@type\":\"WebPage\",\"@id\":\"https:\/\/futureg.sk\/hu\/kidsafedu\/\",\"url\":\"https:\/\/futureg.sk\/hu\/kidsafedu\/\",\"name\":\"KIDSAFEDU - FutuReg PT\",\"isPartOf\":{\"@id\":\"https:\/\/futureg.sk\/hu\/#website\"},\"primaryImageOfPage\":{\"@id\":\"https:\/\/futureg.sk\/hu\/kidsafedu\/#primaryimage\"},\"image\":{\"@id\":\"https:\/\/futureg.sk\/hu\/kidsafedu\/#primaryimage\"},\"thumbnailUrl\":\"https:\/\/futureg.sk\/hu\/wp-content\/uploads\/sites\/2\/2021\/03\/kidsafedu_1farba.png\",\"datePublished\":\"2021-03-05T18:46:55+00:00\",\"breadcrumb\":{\"@id\":\"https:\/\/futureg.sk\/hu\/kidsafedu\/#breadcrumb\"},\"inLanguage\":\"hu\",\"potentialAction\":[{\"@type\":\"ReadAction\",\"target\":[\"https:\/\/futureg.sk\/hu\/kidsafedu\/\"]}]},{\"@type\":\"ImageObject\",\"inLanguage\":\"hu\",\"@id\":\"https:\/\/futureg.sk\/hu\/kidsafedu\/#primaryimage\",\"url\":\"https:\/\/futureg.sk\/hu\/wp-content\/uploads\/sites\/2\/2021\/03\/kidsafedu_1farba.png\",\"contentUrl\":\"https:\/\/futureg.sk\/hu\/wp-content\/uploads\/sites\/2\/2021\/03\/kidsafedu_1farba.png\",\"width\":600,\"height\":600},{\"@type\":\"BreadcrumbList\",\"@id\":\"https:\/\/futureg.sk\/hu\/kidsafedu\/#breadcrumb\",\"itemListElement\":[{\"@type\":\"ListItem\",\"position\":1,\"name\":\"Home\",\"item\":\"https:\/\/futureg.sk\/hu\/\"},{\"@type\":\"ListItem\",\"position\":2,\"name\":\"KIDSAFEDU\"}]},{\"@type\":\"WebSite\",\"@id\":\"https:\/\/futureg.sk\/hu\/#website\",\"url\":\"https:\/\/futureg.sk\/hu\/\",\"name\":\"FutuReg PT\",\"description\":\"R\u00e9gi\u00f3nk \u00e9s gyermekeink fejleszt\u00e9s\u00e9\u00e9rt\",\"potentialAction\":[{\"@type\":\"SearchAction\",\"target\":{\"@type\":\"EntryPoint\",\"urlTemplate\":\"https:\/\/futureg.sk\/hu\/?s={search_term_string}\"},\"query-input\":{\"@type\":\"PropertyValueSpecification\",\"valueRequired\":true,\"valueName\":\"search_term_string\"}}],\"inLanguage\":\"hu\"}]}<\/script>\n<!-- \/ Yoast SEO plugin. -->","yoast_head_json":{"title":"KIDSAFEDU - FutuReg PT","robots":{"index":"index","follow":"follow","max-snippet":"max-snippet:-1","max-image-preview":"max-image-preview:large","max-video-preview":"max-video-preview:-1"},"canonical":"https:\/\/futureg.sk\/hu\/kidsafedu\/","og_locale":"hu_HU","og_type":"article","og_title":"KIDSAFEDU - FutuReg PT","og_description":"Ha nem vagy online, nem is l\u00e9tezel? Mi val\u00f3s \u00e9s mi nem az interneten a gyereknek? Ki biztos\u00edt gyermekjogi eszk\u00f6z\u00f6ket \u00e9s IKT megold\u00e1sokat az online oktat\u00e1s hat\u00e1ron \u00e1tny\u00fal\u00f3 \u00f6nkorm\u00e1nyzatianak iskol\u00e1iban? A KIDSAFEDU egy olyan hat\u00e1ron \u00e1tny\u00fal\u00f3 online koncepci\u00f3, mely a gyermekek online biztons\u00e1g\u00e1nak s\u00fcrg\u00f5s v\u00e9delm\u00e9re h\u00edvja fel a figyelmet gyermekjogi \u00e9s IKT eszk\u00f6z\u00f6kkel. 2020 m\u00e1rcius\u00e1ban [&hellip;]","og_url":"https:\/\/futureg.sk\/hu\/kidsafedu\/","og_site_name":"FutuReg PT","og_image":[{"width":600,"height":600,"url":"https:\/\/futureg.sk\/hu\/wp-content\/uploads\/sites\/2\/2021\/03\/kidsafedu_1farba.png","type":"image\/png"}],"twitter_card":"summary_large_image","twitter_misc":{"Becs\u00fclt olvas\u00e1si id\u0151":"2 perc"},"schema":{"@context":"https:\/\/schema.org","@graph":[{"@type":"WebPage","@id":"https:\/\/futureg.sk\/hu\/kidsafedu\/","url":"https:\/\/futureg.sk\/hu\/kidsafedu\/","name":"KIDSAFEDU - FutuReg PT","isPartOf":{"@id":"https:\/\/futureg.sk\/hu\/#website"},"primaryImageOfPage":{"@id":"https:\/\/futureg.sk\/hu\/kidsafedu\/#primaryimage"},"image":{"@id":"https:\/\/futureg.sk\/hu\/kidsafedu\/#primaryimage"},"thumbnailUrl":"https:\/\/futureg.sk\/hu\/wp-content\/uploads\/sites\/2\/2021\/03\/kidsafedu_1farba.png","datePublished":"2021-03-05T18:46:55+00:00","breadcrumb":{"@id":"https:\/\/futureg.sk\/hu\/kidsafedu\/#breadcrumb"},"inLanguage":"hu","potentialAction":[{"@type":"ReadAction","target":["https:\/\/futureg.sk\/hu\/kidsafedu\/"]}]},{"@type":"ImageObject","inLanguage":"hu","@id":"https:\/\/futureg.sk\/hu\/kidsafedu\/#primaryimage","url":"https:\/\/futureg.sk\/hu\/wp-content\/uploads\/sites\/2\/2021\/03\/kidsafedu_1farba.png","contentUrl":"https:\/\/futureg.sk\/hu\/wp-content\/uploads\/sites\/2\/2021\/03\/kidsafedu_1farba.png","width":600,"height":600},{"@type":"BreadcrumbList","@id":"https:\/\/futureg.sk\/hu\/kidsafedu\/#breadcrumb","itemListElement":[{"@type":"ListItem","position":1,"name":"Home","item":"https:\/\/futureg.sk\/hu\/"},{"@type":"ListItem","position":2,"name":"KIDSAFEDU"}]},{"@type":"WebSite","@id":"https:\/\/futureg.sk\/hu\/#website","url":"https:\/\/futureg.sk\/hu\/","name":"FutuReg PT","description":"R\u00e9gi\u00f3nk \u00e9s gyermekeink fejleszt\u00e9s\u00e9\u00e9rt","potentialAction":[{"@type":"SearchAction","target":{"@type":"EntryPoint","urlTemplate":"https:\/\/futureg.sk\/hu\/?s={search_term_string}"},"query-input":{"@type":"PropertyValueSpecification","valueRequired":true,"valueName":"search_term_string"}}],"inLanguage":"hu"}]}},"_links":{"self":[{"href":"https:\/\/futureg.sk\/hu\/wp-json\/wp\/v2\/pages\/466","targetHints":{"allow":["GET"]}}],"collection":[{"href":"https:\/\/futureg.sk\/hu\/wp-json\/wp\/v2\/pages"}],"about":[{"href":"https:\/\/futureg.sk\/hu\/wp-json\/wp\/v2\/types\/page"}],"author":[{"embeddable":true,"href":"https:\/\/futureg.sk\/hu\/wp-json\/wp\/v2\/users\/1"}],"replies":[{"embeddable":true,"href":"https:\/\/futureg.sk\/hu\/wp-json\/wp\/v2\/comments?post=466"}],"version-history":[{"count":1,"href":"https:\/\/futureg.sk\/hu\/wp-json\/wp\/v2\/pages\/466\/revisions"}],"predecessor-version":[{"id":467,"href":"https:\/\/futureg.sk\/hu\/wp-json\/wp\/v2\/pages\/466\/revisions\/467"}],"wp:featuredmedia":[{"embeddable":true,"href":"https:\/\/futureg.sk\/hu\/wp-json\/wp\/v2\/media\/462"}],"wp:attachment":[{"href":"https:\/\/futureg.sk\/hu\/wp-json\/wp\/v2\/media?parent=466"}],"curies":[{"name":"wp","href":"https:\/\/api.w.org\/{rel}","templated":true}]}}