{"id":445,"date":"2021-03-04T18:27:59","date_gmt":"2021-03-04T18:27:59","guid":{"rendered":"http:\/\/futureg.sk\/hu\/?page_id=445"},"modified":"2021-05-17T03:39:18","modified_gmt":"2021-05-17T03:39:18","slug":"hintalovon-kutatas","status":"publish","type":"page","link":"https:\/\/futureg.sk\/hu\/hintalovon-kutatas\/","title":{"rendered":"Hintalovon kutat\u00e1s"},"content":{"rendered":"<header class=\"entry-header\">\n<h2 class=\"entry-title\">Hintalovon Kutat\u00e1s 13-18 \u00e9ves gyerekeknek<\/h2>\n<\/header>\n<div class=\"entry-content\">\n<h3 class=\"text__TextWrapper-sc-1t2ribu-0 eAsalT\"><em><span style=\"color: #008000;\">Bele\u00e1llsz?<\/span><\/em><strong><br \/>\n<\/strong><\/h3>\n<h3><a href=\"https:\/\/zfycxf8xyd3.typeform.com\/to\/xKArsamp\">https:\/\/zfycxf8xyd3.typeform.com\/to\/xKArsamp<\/a><\/h3>\n<h3 class=\"text__TextWrapper-sc-1t2ribu-0 eAsalT\"><span style=\"color: #008000;\"><em>Elmes\u00e9ln\u00e9d?<\/em><\/span><\/h3>\n<h3><a href=\"https:\/\/zfycxf8xyd3.typeform.com\/to\/U5fPqdBe\">https:\/\/zfycxf8xyd3.typeform.com\/to\/U5fPqdBe<\/a><\/h3>\n<h3 class=\"text__TextWrapper-sc-1t2ribu-0 eAsalT\"><em><span style=\"color: #008000;\">Kire sz\u00e1m\u00edthasz?<\/span><\/em><\/h3>\n<h3 class=\"text__TextWrapper-sc-1t2ribu-0 eAsalT\"><a href=\"https:\/\/zfycxf8xyd3.typeform.com\/to\/oXxxh6Bg\"><strong>https:\/\/zfycxf8xyd3.typeform.com\/to\/oXxxh6Bg<\/strong><\/a><\/h3>\n<h3><a href=\"http:\/\/futureg.sk\/vyskum-hintalovon\/gyerekbarat_adatvedelem_hu_0419\/\" rel=\"attachment wp-att-906\">gyerekbar\u00e1t_adatv\u00e9delem_HU_0419<\/a><\/h3>\n<h2>SZLOV\u00c1K<\/h2>\n<h3 class=\"text__TextWrapper-sc-1t2ribu-0 eAsalT\"><strong><span style=\"color: #000080;\"><em>Ozve\u0161 sa?<\/em><\/span><br \/>\n<\/strong><\/h3>\n<h3><a href=\"https:\/\/zfycxf8xyd3.typeform.com\/to\/DZm548TD\">https:\/\/zfycxf8xyd3.typeform.com\/to\/DZm548TD<\/a><\/h3>\n<h3 class=\"text__TextWrapper-sc-1t2ribu-0 eAsalT\"><span style=\"color: #000080;\"><em>Povie\u0161 to in\u00fdm?<\/em><\/span><\/h3>\n<h3><a href=\"https:\/\/zfycxf8xyd3.typeform.com\/to\/U5fPqdBe\">https:\/\/zfycxf8xyd3.typeform.com\/to\/U5fPqdBe<\/a><\/h3>\n<h3><span style=\"color: #000080;\"><em><strong>Na koho sa m\u00f4\u017ee\u0161 spo\u013eahn\u00fa\u0165?<\/strong><\/em><\/span><\/h3>\n<h3><a href=\"https:\/\/zfycxf8xyd3.typeform.com\/to\/Z6SSnV1z\">https:\/\/zfycxf8xyd3.typeform.com\/to\/Z6SSnV1z<\/a><\/h3>\n<h3><a href=\"http:\/\/futureg.sk\/vyskum-hintalovon\/sk-gyerekbarat_adatvedelem_sk_0419\/\" rel=\"attachment wp-att-907\">GDPR ochrana osobn\u00fdch \u00fadajov SK gyerekbar\u00e1t_adatv\u00e9delem_SK_0419<\/a><\/h3>\n<\/div>\n<h1>ADULT SURVEY<\/h1>\n<h1 class=\"text__TextWrapper-sc-1t2ribu-0 eAsalT\"><span style=\"color: #00ff00;\"><strong>Egy pofon m\u00e9g nem a vil\u00e1g?<\/strong><\/span><\/h1>\n<h1 class=\"text__TextWrapper-sc-1t2ribu-0 eAsalT\">MAGYAR K\u00c9RD\u0150\u00cdV:<br \/>\n<a href=\"https:\/\/zfycxf8xyd3.typeform.com\/to\/UrHxRDrT\"><em>Felm\u00e9r\u00e9s a b\u00e1ntalmaz\u00e1s t\u00e1rsadalmi elfogadotts\u00e1g\u00e1r\u00f3l<\/em><\/a><\/h1>\n<h1 class=\"text__TextWrapper-sc-1t2ribu-0 eAsalT\"><span style=\"color: #0000ff;\"><strong>Jedna v\u00fdchovn\u00e1 neza\u0161kod\u00ed?<\/strong><\/span><\/h1>\n<h1 class=\"text__TextWrapper-sc-1t2ribu-0 eAsalT\">SZLOV\u00c1K K\u00c9RD\u0150\u00cdV:<a href=\"https:\/\/zfycxf8xyd3.typeform.com\/to\/cFhHWhiy\"><em>Prieskum o miere spolo\u010denskej akcept\u00e1cie n\u00e1silia p\u00e1chanom na de\u0165och<\/em><\/a><\/h1>\n<p>2015 \u00f3ta m\u0171k\u00f6d\u0151, a gyermekjogok \u00e9rv\u00e9nyes\u00fcl\u00e9s\u00e9nek el\u0151mozd\u00edt\u00e1sa ir\u00e1nt elk\u00f6telezett civil szervezet. Jelen kutat\u00e1s c\u00e9lja a k\u00f6z\u00f6ss\u00e9gi gyermekv\u00e9delem megval\u00f3s\u00edt\u00e1s\u00e1val kapcsolatos lehet\u0151s\u00e9gek felt\u00e1r\u00e1sa, azaz, hogy egyes helyi k\u00f6z\u00f6ss\u00e9gek tagjai mik\u00e9nt meger\u0151s\u00edthet\u0151ek a gyermekekkel szembeni b\u00e1ntalmaz\u00e1s kezel\u00e9s\u00e9ben. A kutat\u00e1s keret\u00e9ben t\u00f6bbek k\u00f6z\u00f6tt egy online k\u00e9rd\u0151\u00edvvel vizsg\u00e1ljuk a feln\u0151tt lakoss\u00e1g gyermekekkel szembeni er\u0151szakkal kapcsolatos v\u00e9lem\u00e9ny\u00e9t.<\/p>\n<p><a href=\"https:\/\/futureg.sk\/hu\/uj-kutatasunk-a-hintalovon-alapitvannyal\/cropped-hintalovon_logo_100px\/\" rel=\"attachment wp-att-451\"><img loading=\"lazy\" decoding=\"async\" class=\"alignnone size-full wp-image-451\" src=\"https:\/\/futureg.sk\/hu\/wp-content\/uploads\/sites\/2\/2021\/03\/cropped-hintalovon_logo_100px.jpg\" alt=\"\" width=\"84\" height=\"97\" \/><\/a><\/p>\n<p class=\"text__TextWrapper-sc-1t2ribu-0 jZetgM\">Kedves R\u00e9sztvev\u0151!<\/p>\n<p>Az al\u00e1bbi k\u00e9rd\u0151\u00edvet a Hintalovon Gyermekjogi Alap\u00edtv\u00e1ny \u00e1ll\u00edtotta \u00f6ssze. \u00d6t orsz\u00e1g non-profit szervezeteivel* azon dolgozunk, hogy felm\u00e9rj\u00fck, mennyire figyelnek a gyerekekre, a biztons\u00e1gukra \u00e9s a jogaikra. Szeretn\u00e9nk felm\u00e9rni, hogy a k\u00fcl\u00f6nb\u00f6z\u0151 k\u00f6z\u00f6ss\u00e9gek mit tartanak gyermekb\u00e1ntalmaz\u00e1snak \u00e9s mit nem. Kutat\u00e1sunk c\u00e9lja, hogy olyan javaslatokat fogalmazzunk meg, amik n\u00f6velhetik a gyerekek biztons\u00e1g\u00e1t. A k\u00e9rd\u0151\u00edv kit\u00f6lt\u00e9s\u00e9vel, a saj\u00e1t v\u00e9lem\u00e9ny\u00e9vel sokat seg\u00edthet nek\u00fcnk ebben.<\/p>\n<p>*A kutat\u00e1sban r\u00e9sztvev\u0151 szervezetek:<br \/>\nChild Rights Center Albania, Alb\u00e1nia<br \/>\nHintalovon Gyermekjogi Alap\u00edtv\u00e1ny, Magyarorsz\u00e1g<br \/>\nConcordia, Moldova<br \/>\nCaritas Alba Iulia, Rom\u00e1nia<br \/>\nOB\u010cIANSKE ZDRU\u017dENIE FutuReg, Szlov\u00e1kia<\/p>\n<p>A gyerekekkel szembeni er\u0151szakr\u00f3l sz\u00f3l\u00f3 k\u00e9rd\u00e9sek felkavar\u00f3ak lehetnek. Ha a k\u00e9rd\u0151\u00edv kit\u00f6lt\u00e9se k\u00f6zben, vagy ut\u00e1na \u00fagy \u00e9rzi, seg\u00edts\u00e9gre, tan\u00e1csad\u00e1sra van sz\u00fcks\u00e9ge, k\u00e9rj\u00fck h\u00edvja az ingyenes lelkiels\u0151seg\u00e9ly-sz\u00e1mot!<br \/>\nMagyarorsz\u00e1gon: 116-123<br \/>\nSzlov\u00e1ki\u00e1ban:0800 800<\/p>\n<p>A v\u00e1laszad\u00e1s <strong>\u00f6nk\u00e9ntes<\/strong>, amely b\u00e1rmikor megszak\u00edthat\u00f3 an\u00e9lk\u00fcl, hogy b\u00e1rmilyen h\u00e1tr\u00e1nyt szenvedne emiatt. A felm\u00e9r\u00e9st a Typeform szoftver seg\u00edts\u00e9g\u00e9vel v\u00e9gezz\u00fck el, a kapcsol\u00f3d\u00f3 adatkezel\u00e9si t\u00e1j\u00e9koztat\u00f3 az al\u00e1bbi linken \u00e9rhet\u0151 el. A v\u00e1laszok <strong>anonim<\/strong> m\u00f3don ker\u00fclnek r\u00f6gz\u00edt\u00e9sre. Az \u00f6sszegy\u0171lt adatok a projekt c\u00e9ljainak megfelel\u0151en kutat\u00e1si jelent\u00e9sben ker\u00fclnek \u00f6sszegz\u00e9sre, amelyet a r\u00e9sztvev\u0151 szervezetek a honlapjukon tesznek k\u00f6zz\u00e9 a kutat\u00e1s lez\u00e1r\u00e1s\u00e1t k\u00f6vet\u0151en.<br \/>\nA k\u00e9rd\u0151\u00edv kit\u00f6lt\u00e9se felf\u00fcggeszthet\u0151, \u00e9s k\u00e9s\u0151bb azonos eszk\u00f6zr\u0151l folytathat\u00f3, vagy \u00fajrakezdhet\u0151. Az egyes k\u00e9rd\u00e9sek megv\u00e1laszol\u00e1sa nem k\u00f6telez\u0151, a jobb sarokban tal\u00e1lhat\u00f3 navig\u00e1ci\u00f3s gombok seg\u00edts\u00e9g\u00e9vel a kihagyni k\u00edv\u00e1nt k\u00e9rd\u00e9sek \u00e1tugorhat\u00f3ak.<br \/>\nA k\u00e9rd\u0151\u00edv kit\u00f6lt\u00e9se kb. 20 percet vesz ig\u00e9nybe.<\/p>\n<div class=\"question-header__HeaderWrapper-z8zey9-3 jwzXXR\">\n<div class=\"question-header__CounterPosition-z8zey9-1 fNYihY\">\n<div class=\"question-header__CounterWrapper-z8zey9-2 fgWWLd\">\n<div class=\"responsive-spacer__SpacerWrapper-sc-2bvre0-0 efAoXt\">\n<div id=\"header-counter-eec44547-c6fe-4011-92f2-7e4769b215a7\" class=\"question-header__CounterContent-z8zey9-0 fdyJLz\"><\/div>\n<\/div>\n<\/div>\n<\/div>\n<div class=\"text__TextWrapper-sc-1t2ribu-0 eAsalT\">\n<p><span id=\"statement-eec44547-c6fe-4011-92f2-7e4769b215a7-j0iH7M6JuKZm5e87-title\" class=\"text__TextWrapper-sc-1t2ribu-0 hbZNOg\" data-qa=\"block-title deep-purple-block-title\" aria-live=\"polite\">-Megismertem a kutat\u00e1s alapvet\u0151 c\u00e9lj\u00e1t, m\u00f3dszereit, valamint az \u00f6sszegy\u0171jt\u00f6tt adatok felhaszn\u00e1l\u00e1s\u00e1nak m\u00f3dj\u00e1t<\/span><\/p>\n<p>-Az adatv\u00e9delmi t\u00e1j\u00e9koztat\u00f3t elolvastam \u00e9s hozz\u00e1j\u00e1rulok a szem\u00e9lyes adataim kezel\u00e9shez, illetve hogy a kutat\u00e1sban r\u00e9sztvev\u0151k az adatokat anonim m\u00f3don \u00e9s kiz\u00e1r\u00f3lag \u00f6sszegzett form\u00e1ban felhaszn\u00e1lhass\u00e1k elemz\u00e9seikhez.<\/p>\n<div class=\"text__TextWrapper-sc-1t2ribu-0 eAsalT\">\n<p>-T\u00e1j\u00e9koztat\u00e1st kaptam, arr\u00f3l, hogy a kutat\u00e1sban val\u00f3 r\u00e9szv\u00e9tel \u00f6nk\u00e9ntes \u00e9s arr\u00f3l is, hogy minden k\u00f6vetkezm\u00e9ny n\u00e9lk\u00fcl, b\u00e1rmikor d\u00f6nthetek \u00fagy, hogy visszal\u00e9pek t\u0151le \u00e9s abbahagyhatom a k\u00e9rd\u0151\u00edv kit\u00f6lt\u00e9s\u00e9t.<\/p>\n<\/div>\n<div>\n<div class=\"question-header__HeaderWrapper-z8zey9-3 jwzXXR\">\n<div class=\"text__TextWrapper-sc-1t2ribu-0 eAsalT\"><span id=\"statement-dd754f2e-650d-46ff-8350-dde57f1d952e-j0iH7M6JuKZm5e87-title\" class=\"text__TextWrapper-sc-1t2ribu-0 hbZNOg\" data-qa=\"block-title deep-purple-block-title\" aria-live=\"polite\">N\u00e9h\u00e1ny tudnival\u00f3 a k\u00e9rd\u0151\u00edvr\u0151l<\/span><\/div>\n<\/div>\n<div class=\"responsive-spacer__SpacerWrapper-sc-2bvre0-0 bRptqN\">\n<p id=\"statement-dd754f2e-650d-46ff-8350-dde57f1d952e-j0iH7M6JuKZm5e87-description\" class=\"text__TextWrapper-sc-1t2ribu-0 Xwnf\" data-qa=\"block-description\">A k\u00e9rd\u0151\u00edvben minden 18 \u00e9ven alulira gyerekk\u00e9nt tekint\u00fcnk.<\/p>\n<p>A k\u00e9rd\u0151\u00edvben 4 t\u00e9mak\u00f6r lesz, a v\u00e9g\u00e9n pedig n\u00e9h\u00e1ny k\u00e9rd\u00e9st tesz\u00fcnk fel \u00d6nr\u0151l.<\/p>\n<\/div>\n<\/div>\n<\/div>\n<div class=\"text__TextWrapper-sc-1t2ribu-0 eAsalT\">\n<p><span id=\"statement-eec44547-c6fe-4011-92f2-7e4769b215a7-j0iH7M6JuKZm5e87-title\" class=\"text__TextWrapper-sc-1t2ribu-0 hbZNOg\" data-qa=\"block-title deep-purple-block-title\" aria-live=\"polite\"><a href=\"https:\/\/futureg.sk\/hu\/hintalovon-kutatas\/adatkezelesi-tajekoztato_community-safeguarding-kutatas_kerdoiv_hintalovon_2021_docx\/\" rel=\"attachment wp-att-470\">Adatkezel\u00e9si t\u00e1j\u00e9koztat\u00f3_Community Safeguarding kutat\u00e1s_k\u00e9rd\u0151\u00edv_Hintalovon_2021_doc<\/a><\/span><\/p>\n<\/div>\n<div>\n<div class=\"responsive-spacer__SpacerWrapper-sc-2bvre0-0 bRptqN\">\n<p>&nbsp;<\/p>\n<\/div>\n<\/div>\n<\/div>\n<p>&nbsp;<\/p>\n","protected":false},"excerpt":{"rendered":"<p>Hintalovon Kutat\u00e1s 13-18 \u00e9ves gyerekeknek Bele\u00e1llsz? https:\/\/zfycxf8xyd3.typeform.com\/to\/xKArsamp Elmes\u00e9ln\u00e9d? https:\/\/zfycxf8xyd3.typeform.com\/to\/U5fPqdBe Kire sz\u00e1m\u00edthasz? https:\/\/zfycxf8xyd3.typeform.com\/to\/oXxxh6Bg gyerekbar\u00e1t_adatv\u00e9delem_HU_0419 SZLOV\u00c1K Ozve\u0161 sa? https:\/\/zfycxf8xyd3.typeform.com\/to\/DZm548TD Povie\u0161 to in\u00fdm? https:\/\/zfycxf8xyd3.typeform.com\/to\/U5fPqdBe Na koho sa m\u00f4\u017ee\u0161 spo\u013eahn\u00fa\u0165? https:\/\/zfycxf8xyd3.typeform.com\/to\/Z6SSnV1z GDPR ochrana osobn\u00fdch \u00fadajov SK gyerekbar\u00e1t_adatv\u00e9delem_SK_0419 ADULT SURVEY Egy pofon m\u00e9g nem a vil\u00e1g? MAGYAR K\u00c9RD\u0150\u00cdV: Felm\u00e9r\u00e9s a b\u00e1ntalmaz\u00e1s t\u00e1rsadalmi elfogadotts\u00e1g\u00e1r\u00f3l Jedna v\u00fdchovn\u00e1 neza\u0161kod\u00ed? SZLOV\u00c1K K\u00c9RD\u0150\u00cdV:Prieskum o miere [&hellip;]<\/p>\n","protected":false},"author":1,"featured_media":0,"parent":0,"menu_order":0,"comment_status":"closed","ping_status":"closed","template":"","meta":{"_monsterinsights_skip_tracking":false,"_monsterinsights_sitenote_active":false,"_monsterinsights_sitenote_note":"","_monsterinsights_sitenote_category":0,"footnotes":""},"class_list":["post-445","page","type-page","status-publish","hentry"],"yoast_head":"<!-- This site is optimized with the Yoast SEO plugin v26.1.1 - https:\/\/yoast.com\/wordpress\/plugins\/seo\/ -->\n<title>Hintalovon kutat\u00e1s - FutuReg PT<\/title>\n<meta name=\"robots\" content=\"index, follow, max-snippet:-1, max-image-preview:large, max-video-preview:-1\" \/>\n<link rel=\"canonical\" href=\"https:\/\/futureg.sk\/hu\/hintalovon-kutatas\/\" \/>\n<meta property=\"og:locale\" content=\"hu_HU\" \/>\n<meta property=\"og:type\" content=\"article\" \/>\n<meta property=\"og:title\" content=\"Hintalovon kutat\u00e1s - FutuReg PT\" \/>\n<meta property=\"og:description\" content=\"Hintalovon Kutat\u00e1s 13-18 \u00e9ves gyerekeknek Bele\u00e1llsz? https:\/\/zfycxf8xyd3.typeform.com\/to\/xKArsamp Elmes\u00e9ln\u00e9d? https:\/\/zfycxf8xyd3.typeform.com\/to\/U5fPqdBe Kire sz\u00e1m\u00edthasz? https:\/\/zfycxf8xyd3.typeform.com\/to\/oXxxh6Bg gyerekbar\u00e1t_adatv\u00e9delem_HU_0419 SZLOV\u00c1K Ozve\u0161 sa? https:\/\/zfycxf8xyd3.typeform.com\/to\/DZm548TD Povie\u0161 to in\u00fdm? https:\/\/zfycxf8xyd3.typeform.com\/to\/U5fPqdBe Na koho sa m\u00f4\u017ee\u0161 spo\u013eahn\u00fa\u0165? https:\/\/zfycxf8xyd3.typeform.com\/to\/Z6SSnV1z GDPR ochrana osobn\u00fdch \u00fadajov SK gyerekbar\u00e1t_adatv\u00e9delem_SK_0419 ADULT SURVEY Egy pofon m\u00e9g nem a vil\u00e1g? MAGYAR K\u00c9RD\u0150\u00cdV: Felm\u00e9r\u00e9s a b\u00e1ntalmaz\u00e1s t\u00e1rsadalmi elfogadotts\u00e1g\u00e1r\u00f3l Jedna v\u00fdchovn\u00e1 neza\u0161kod\u00ed? SZLOV\u00c1K K\u00c9RD\u0150\u00cdV:Prieskum o miere [&hellip;]\" \/>\n<meta property=\"og:url\" content=\"https:\/\/futureg.sk\/hu\/hintalovon-kutatas\/\" \/>\n<meta property=\"og:site_name\" content=\"FutuReg PT\" \/>\n<meta property=\"article:modified_time\" content=\"2021-05-17T03:39:18+00:00\" \/>\n<meta property=\"og:image\" content=\"http:\/\/futureg.sk\/hu\/wp-content\/uploads\/sites\/2\/2021\/03\/cropped-hintalovon_logo_100px.jpg\" \/>\n<meta name=\"twitter:card\" content=\"summary_large_image\" \/>\n<meta name=\"twitter:label1\" content=\"Becs\u00fclt olvas\u00e1si id\u0151\" \/>\n\t<meta name=\"twitter:data1\" content=\"4 perc\" \/>\n<script type=\"application\/ld+json\" class=\"yoast-schema-graph\">{\"@context\":\"https:\/\/schema.org\",\"@graph\":[{\"@type\":\"WebPage\",\"@id\":\"https:\/\/futureg.sk\/hu\/hintalovon-kutatas\/\",\"url\":\"https:\/\/futureg.sk\/hu\/hintalovon-kutatas\/\",\"name\":\"Hintalovon kutat\u00e1s - FutuReg PT\",\"isPartOf\":{\"@id\":\"https:\/\/futureg.sk\/hu\/#website\"},\"primaryImageOfPage\":{\"@id\":\"https:\/\/futureg.sk\/hu\/hintalovon-kutatas\/#primaryimage\"},\"image\":{\"@id\":\"https:\/\/futureg.sk\/hu\/hintalovon-kutatas\/#primaryimage\"},\"thumbnailUrl\":\"http:\/\/futureg.sk\/hu\/wp-content\/uploads\/sites\/2\/2021\/03\/cropped-hintalovon_logo_100px.jpg\",\"datePublished\":\"2021-03-04T18:27:59+00:00\",\"dateModified\":\"2021-05-17T03:39:18+00:00\",\"breadcrumb\":{\"@id\":\"https:\/\/futureg.sk\/hu\/hintalovon-kutatas\/#breadcrumb\"},\"inLanguage\":\"hu\",\"potentialAction\":[{\"@type\":\"ReadAction\",\"target\":[\"https:\/\/futureg.sk\/hu\/hintalovon-kutatas\/\"]}]},{\"@type\":\"ImageObject\",\"inLanguage\":\"hu\",\"@id\":\"https:\/\/futureg.sk\/hu\/hintalovon-kutatas\/#primaryimage\",\"url\":\"http:\/\/futureg.sk\/hu\/wp-content\/uploads\/sites\/2\/2021\/03\/cropped-hintalovon_logo_100px.jpg\",\"contentUrl\":\"http:\/\/futureg.sk\/hu\/wp-content\/uploads\/sites\/2\/2021\/03\/cropped-hintalovon_logo_100px.jpg\"},{\"@type\":\"BreadcrumbList\",\"@id\":\"https:\/\/futureg.sk\/hu\/hintalovon-kutatas\/#breadcrumb\",\"itemListElement\":[{\"@type\":\"ListItem\",\"position\":1,\"name\":\"Home\",\"item\":\"https:\/\/futureg.sk\/hu\/\"},{\"@type\":\"ListItem\",\"position\":2,\"name\":\"Hintalovon kutat\u00e1s\"}]},{\"@type\":\"WebSite\",\"@id\":\"https:\/\/futureg.sk\/hu\/#website\",\"url\":\"https:\/\/futureg.sk\/hu\/\",\"name\":\"FutuReg PT\",\"description\":\"R\u00e9gi\u00f3nk \u00e9s gyermekeink fejleszt\u00e9s\u00e9\u00e9rt\",\"potentialAction\":[{\"@type\":\"SearchAction\",\"target\":{\"@type\":\"EntryPoint\",\"urlTemplate\":\"https:\/\/futureg.sk\/hu\/?s={search_term_string}\"},\"query-input\":{\"@type\":\"PropertyValueSpecification\",\"valueRequired\":true,\"valueName\":\"search_term_string\"}}],\"inLanguage\":\"hu\"}]}<\/script>\n<!-- \/ Yoast SEO plugin. -->","yoast_head_json":{"title":"Hintalovon kutat\u00e1s - FutuReg PT","robots":{"index":"index","follow":"follow","max-snippet":"max-snippet:-1","max-image-preview":"max-image-preview:large","max-video-preview":"max-video-preview:-1"},"canonical":"https:\/\/futureg.sk\/hu\/hintalovon-kutatas\/","og_locale":"hu_HU","og_type":"article","og_title":"Hintalovon kutat\u00e1s - FutuReg PT","og_description":"Hintalovon Kutat\u00e1s 13-18 \u00e9ves gyerekeknek Bele\u00e1llsz? https:\/\/zfycxf8xyd3.typeform.com\/to\/xKArsamp Elmes\u00e9ln\u00e9d? https:\/\/zfycxf8xyd3.typeform.com\/to\/U5fPqdBe Kire sz\u00e1m\u00edthasz? https:\/\/zfycxf8xyd3.typeform.com\/to\/oXxxh6Bg gyerekbar\u00e1t_adatv\u00e9delem_HU_0419 SZLOV\u00c1K Ozve\u0161 sa? https:\/\/zfycxf8xyd3.typeform.com\/to\/DZm548TD Povie\u0161 to in\u00fdm? https:\/\/zfycxf8xyd3.typeform.com\/to\/U5fPqdBe Na koho sa m\u00f4\u017ee\u0161 spo\u013eahn\u00fa\u0165? https:\/\/zfycxf8xyd3.typeform.com\/to\/Z6SSnV1z GDPR ochrana osobn\u00fdch \u00fadajov SK gyerekbar\u00e1t_adatv\u00e9delem_SK_0419 ADULT SURVEY Egy pofon m\u00e9g nem a vil\u00e1g? MAGYAR K\u00c9RD\u0150\u00cdV: Felm\u00e9r\u00e9s a b\u00e1ntalmaz\u00e1s t\u00e1rsadalmi elfogadotts\u00e1g\u00e1r\u00f3l Jedna v\u00fdchovn\u00e1 neza\u0161kod\u00ed? SZLOV\u00c1K K\u00c9RD\u0150\u00cdV:Prieskum o miere [&hellip;]","og_url":"https:\/\/futureg.sk\/hu\/hintalovon-kutatas\/","og_site_name":"FutuReg PT","article_modified_time":"2021-05-17T03:39:18+00:00","og_image":[{"url":"http:\/\/futureg.sk\/hu\/wp-content\/uploads\/sites\/2\/2021\/03\/cropped-hintalovon_logo_100px.jpg","type":"","width":"","height":""}],"twitter_card":"summary_large_image","twitter_misc":{"Becs\u00fclt olvas\u00e1si id\u0151":"4 perc"},"schema":{"@context":"https:\/\/schema.org","@graph":[{"@type":"WebPage","@id":"https:\/\/futureg.sk\/hu\/hintalovon-kutatas\/","url":"https:\/\/futureg.sk\/hu\/hintalovon-kutatas\/","name":"Hintalovon kutat\u00e1s - FutuReg PT","isPartOf":{"@id":"https:\/\/futureg.sk\/hu\/#website"},"primaryImageOfPage":{"@id":"https:\/\/futureg.sk\/hu\/hintalovon-kutatas\/#primaryimage"},"image":{"@id":"https:\/\/futureg.sk\/hu\/hintalovon-kutatas\/#primaryimage"},"thumbnailUrl":"http:\/\/futureg.sk\/hu\/wp-content\/uploads\/sites\/2\/2021\/03\/cropped-hintalovon_logo_100px.jpg","datePublished":"2021-03-04T18:27:59+00:00","dateModified":"2021-05-17T03:39:18+00:00","breadcrumb":{"@id":"https:\/\/futureg.sk\/hu\/hintalovon-kutatas\/#breadcrumb"},"inLanguage":"hu","potentialAction":[{"@type":"ReadAction","target":["https:\/\/futureg.sk\/hu\/hintalovon-kutatas\/"]}]},{"@type":"ImageObject","inLanguage":"hu","@id":"https:\/\/futureg.sk\/hu\/hintalovon-kutatas\/#primaryimage","url":"http:\/\/futureg.sk\/hu\/wp-content\/uploads\/sites\/2\/2021\/03\/cropped-hintalovon_logo_100px.jpg","contentUrl":"http:\/\/futureg.sk\/hu\/wp-content\/uploads\/sites\/2\/2021\/03\/cropped-hintalovon_logo_100px.jpg"},{"@type":"BreadcrumbList","@id":"https:\/\/futureg.sk\/hu\/hintalovon-kutatas\/#breadcrumb","itemListElement":[{"@type":"ListItem","position":1,"name":"Home","item":"https:\/\/futureg.sk\/hu\/"},{"@type":"ListItem","position":2,"name":"Hintalovon kutat\u00e1s"}]},{"@type":"WebSite","@id":"https:\/\/futureg.sk\/hu\/#website","url":"https:\/\/futureg.sk\/hu\/","name":"FutuReg PT","description":"R\u00e9gi\u00f3nk \u00e9s gyermekeink fejleszt\u00e9s\u00e9\u00e9rt","potentialAction":[{"@type":"SearchAction","target":{"@type":"EntryPoint","urlTemplate":"https:\/\/futureg.sk\/hu\/?s={search_term_string}"},"query-input":{"@type":"PropertyValueSpecification","valueRequired":true,"valueName":"search_term_string"}}],"inLanguage":"hu"}]}},"_links":{"self":[{"href":"https:\/\/futureg.sk\/hu\/wp-json\/wp\/v2\/pages\/445","targetHints":{"allow":["GET"]}}],"collection":[{"href":"https:\/\/futureg.sk\/hu\/wp-json\/wp\/v2\/pages"}],"about":[{"href":"https:\/\/futureg.sk\/hu\/wp-json\/wp\/v2\/types\/page"}],"author":[{"embeddable":true,"href":"https:\/\/futureg.sk\/hu\/wp-json\/wp\/v2\/users\/1"}],"replies":[{"embeddable":true,"href":"https:\/\/futureg.sk\/hu\/wp-json\/wp\/v2\/comments?post=445"}],"version-history":[{"count":6,"href":"https:\/\/futureg.sk\/hu\/wp-json\/wp\/v2\/pages\/445\/revisions"}],"predecessor-version":[{"id":491,"href":"https:\/\/futureg.sk\/hu\/wp-json\/wp\/v2\/pages\/445\/revisions\/491"}],"wp:attachment":[{"href":"https:\/\/futureg.sk\/hu\/wp-json\/wp\/v2\/media?parent=445"}],"curies":[{"name":"wp","href":"https:\/\/api.w.org\/{rel}","templated":true}]}}