{"id":376,"date":"2020-10-10T22:47:04","date_gmt":"2020-10-10T22:47:04","guid":{"rendered":"http:\/\/futureg.sk\/hu\/?page_id=376"},"modified":"2020-10-10T23:40:01","modified_gmt":"2020-10-10T23:40:01","slug":"minority-kids-blog","status":"publish","type":"page","link":"https:\/\/futureg.sk\/hu\/minority-kids-blog\/","title":{"rendered":"Minority Kids blog"},"content":{"rendered":"<p><span class=\"tlid-translation translation\" lang=\"hu\">A projekt c\u00e9lja online eszk\u00f6z\u00f6k seg\u00edts\u00e9g\u00e9vel v\u00e9deni a kisebbs\u00e9gben \u00e9l\u0151 gyermekek \u00e9s any\u00e1k jogait \u00e9s \u00e9rdekeit. Pontosabban, min\u00e9l t\u00f6bb aktivist\u00e1t szeretn\u00e9nk bevonni a projektbe az\u00e1ltal, hogy tov\u00e1bbra is relev\u00e1ns blogtartalmakat alak\u00edtunk ki a <a href=\"http:\/\/www.minoritykids.sk\">minoritykids.sk<\/a> weboldalon, \u00e9s egyedi tartalmakat hozunk a szervezet r\u00e9g\u00f3ta fenn\u00e1ll\u00f3 webhely\u00e9re \u00e9s j\u00f3l bev\u00e1lt blogf\u00f3rum\u00e1ra. <\/span><\/p>\n<p><span class=\"tlid-translation translation\" lang=\"hu\">A blog egyben gyermekeknek sz\u00f3l\u00f3 tan\u00e1csad\u00e1si projekt is, amely nagyon n\u00e9pszer\u0171 az olvas\u00f3k k\u00f6r\u00e9ben a nevel\u00e9s, oktat\u00e1s \u00e9s a gyermek \u00e9letm\u00f3dja, valamint gyerekjogok ter\u00e9n.<\/span><\/p>\n<p><span class=\"tlid-translation translation\" lang=\"hu\"> B\u00e1r a gyermekek probl\u00e9m\u00e1it a szakemberek szem\u00e9lyesen is meg tudj\u00e1k oldani, alkalmasabb, ha tal\u00e1lunk magyar szakembert a t\u00e9rs\u00e9gben.<\/span><\/p>\n<p><span class=\"tlid-translation translation\" lang=\"hu\">A Minority Kids az els\u0151 magyar csal\u00e1di tan\u00e1csad\u00f3 port\u00e1l Szlov\u00e1ki\u00e1ban, amely egy\u00fattal szak\u00e9rt\u0151i k\u00f6z\u00f6ss\u00e9get is \u00e9p\u00edt. A cikkek a gyerekek es\u00e9lyegyenl\u0151s\u00e9g\u00e9r\u0151l sz\u00f3lnak ak\u00e1r a kisebbs\u00e9gi gyermek oktat\u00e1s\u00e1ban, emberi \u00e9s m\u00e9lt\u00f3 form\u00e1ban az anya \u00e9s a gyermek sz\u00e1m\u00e1ra. A f\u0151 tev\u00e9kenys\u00e9g a szakmai inform\u00e1ci\u00f3terjeszt\u00e9s magyar nyelven, hogy a gyerekeket a t\u00f6bbs\u00e9gi t\u00e1rsadalom m\u00e1s gyermekeivel is fel lehessen nevelni, m\u00e9g akkor is, ha a k\u00f6rnyezet\u00fckben anya seg\u00edts\u00e9g\u00e9vel kapnak inform\u00e1ci\u00f3t.<\/span><\/p>\n<p><span class=\"tlid-translation translation\" lang=\"hu\">Nagy \u00e9rdekl\u0151d\u00e9s \u00f6vezte cikkeinket, ez\u00e9rt tov\u00e1bbra is folytatni szeretn\u00e9nk a c\u00e9lcsoportok, a csal\u00e1dok, az any\u00e1k sz\u00e1m\u00e1ra, nagyobb hangs\u00falyt fektetve az ap\u00e1kra \u00e9s a sz\u00fcl\u0151 k\u00f6zti egyenl\u0151s\u00e9gre. Tervezz\u00fck b\u0151v\u00edteni c\u00e9lcsoportunkat a nagysz\u00fcl\u0151k \u00e9s a tan\u00e1rok bevon\u00e1s\u00e1val is.<\/span><\/p>\n","protected":false},"excerpt":{"rendered":"<p>A projekt c\u00e9lja online eszk\u00f6z\u00f6k seg\u00edts\u00e9g\u00e9vel v\u00e9deni a kisebbs\u00e9gben \u00e9l\u0151 gyermekek \u00e9s any\u00e1k jogait \u00e9s \u00e9rdekeit. Pontosabban, min\u00e9l t\u00f6bb aktivist\u00e1t szeretn\u00e9nk bevonni a projektbe az\u00e1ltal, hogy tov\u00e1bbra is relev\u00e1ns blogtartalmakat alak\u00edtunk ki a minoritykids.sk weboldalon, \u00e9s egyedi tartalmakat hozunk a szervezet r\u00e9g\u00f3ta fenn\u00e1ll\u00f3 webhely\u00e9re \u00e9s j\u00f3l bev\u00e1lt blogf\u00f3rum\u00e1ra. A blog egyben gyermekeknek sz\u00f3l\u00f3 tan\u00e1csad\u00e1si projekt [&hellip;]<\/p>\n","protected":false},"author":1,"featured_media":0,"parent":0,"menu_order":0,"comment_status":"closed","ping_status":"closed","template":"","meta":{"_monsterinsights_skip_tracking":false,"_monsterinsights_sitenote_active":false,"_monsterinsights_sitenote_note":"","_monsterinsights_sitenote_category":0,"footnotes":""},"class_list":["post-376","page","type-page","status-publish","hentry"],"yoast_head":"<!-- This site is optimized with the Yoast SEO plugin v26.1.1 - https:\/\/yoast.com\/wordpress\/plugins\/seo\/ -->\n<title>Minority Kids blog - FutuReg PT<\/title>\n<meta name=\"robots\" content=\"index, follow, max-snippet:-1, max-image-preview:large, max-video-preview:-1\" \/>\n<link rel=\"canonical\" href=\"https:\/\/futureg.sk\/hu\/minority-kids-blog\/\" \/>\n<meta property=\"og:locale\" content=\"hu_HU\" \/>\n<meta property=\"og:type\" content=\"article\" \/>\n<meta property=\"og:title\" content=\"Minority Kids blog - FutuReg PT\" \/>\n<meta property=\"og:description\" content=\"A projekt c\u00e9lja online eszk\u00f6z\u00f6k seg\u00edts\u00e9g\u00e9vel v\u00e9deni a kisebbs\u00e9gben \u00e9l\u0151 gyermekek \u00e9s any\u00e1k jogait \u00e9s \u00e9rdekeit. Pontosabban, min\u00e9l t\u00f6bb aktivist\u00e1t szeretn\u00e9nk bevonni a projektbe az\u00e1ltal, hogy tov\u00e1bbra is relev\u00e1ns blogtartalmakat alak\u00edtunk ki a minoritykids.sk weboldalon, \u00e9s egyedi tartalmakat hozunk a szervezet r\u00e9g\u00f3ta fenn\u00e1ll\u00f3 webhely\u00e9re \u00e9s j\u00f3l bev\u00e1lt blogf\u00f3rum\u00e1ra. A blog egyben gyermekeknek sz\u00f3l\u00f3 tan\u00e1csad\u00e1si projekt [&hellip;]\" \/>\n<meta property=\"og:url\" content=\"https:\/\/futureg.sk\/hu\/minority-kids-blog\/\" \/>\n<meta property=\"og:site_name\" content=\"FutuReg PT\" \/>\n<meta property=\"article:modified_time\" content=\"2020-10-10T23:40:01+00:00\" \/>\n<meta name=\"twitter:card\" content=\"summary_large_image\" \/>\n<meta name=\"twitter:label1\" content=\"Becs\u00fclt olvas\u00e1si id\u0151\" \/>\n\t<meta name=\"twitter:data1\" content=\"2 perc\" \/>\n<script type=\"application\/ld+json\" class=\"yoast-schema-graph\">{\"@context\":\"https:\/\/schema.org\",\"@graph\":[{\"@type\":\"WebPage\",\"@id\":\"https:\/\/futureg.sk\/hu\/minority-kids-blog\/\",\"url\":\"https:\/\/futureg.sk\/hu\/minority-kids-blog\/\",\"name\":\"Minority Kids blog - FutuReg PT\",\"isPartOf\":{\"@id\":\"https:\/\/futureg.sk\/hu\/#website\"},\"datePublished\":\"2020-10-10T22:47:04+00:00\",\"dateModified\":\"2020-10-10T23:40:01+00:00\",\"breadcrumb\":{\"@id\":\"https:\/\/futureg.sk\/hu\/minority-kids-blog\/#breadcrumb\"},\"inLanguage\":\"hu\",\"potentialAction\":[{\"@type\":\"ReadAction\",\"target\":[\"https:\/\/futureg.sk\/hu\/minority-kids-blog\/\"]}]},{\"@type\":\"BreadcrumbList\",\"@id\":\"https:\/\/futureg.sk\/hu\/minority-kids-blog\/#breadcrumb\",\"itemListElement\":[{\"@type\":\"ListItem\",\"position\":1,\"name\":\"Home\",\"item\":\"https:\/\/futureg.sk\/hu\/\"},{\"@type\":\"ListItem\",\"position\":2,\"name\":\"Minority Kids blog\"}]},{\"@type\":\"WebSite\",\"@id\":\"https:\/\/futureg.sk\/hu\/#website\",\"url\":\"https:\/\/futureg.sk\/hu\/\",\"name\":\"FutuReg PT\",\"description\":\"R\u00e9gi\u00f3nk \u00e9s gyermekeink fejleszt\u00e9s\u00e9\u00e9rt\",\"potentialAction\":[{\"@type\":\"SearchAction\",\"target\":{\"@type\":\"EntryPoint\",\"urlTemplate\":\"https:\/\/futureg.sk\/hu\/?s={search_term_string}\"},\"query-input\":{\"@type\":\"PropertyValueSpecification\",\"valueRequired\":true,\"valueName\":\"search_term_string\"}}],\"inLanguage\":\"hu\"}]}<\/script>\n<!-- \/ Yoast SEO plugin. -->","yoast_head_json":{"title":"Minority Kids blog - FutuReg PT","robots":{"index":"index","follow":"follow","max-snippet":"max-snippet:-1","max-image-preview":"max-image-preview:large","max-video-preview":"max-video-preview:-1"},"canonical":"https:\/\/futureg.sk\/hu\/minority-kids-blog\/","og_locale":"hu_HU","og_type":"article","og_title":"Minority Kids blog - FutuReg PT","og_description":"A projekt c\u00e9lja online eszk\u00f6z\u00f6k seg\u00edts\u00e9g\u00e9vel v\u00e9deni a kisebbs\u00e9gben \u00e9l\u0151 gyermekek \u00e9s any\u00e1k jogait \u00e9s \u00e9rdekeit. Pontosabban, min\u00e9l t\u00f6bb aktivist\u00e1t szeretn\u00e9nk bevonni a projektbe az\u00e1ltal, hogy tov\u00e1bbra is relev\u00e1ns blogtartalmakat alak\u00edtunk ki a minoritykids.sk weboldalon, \u00e9s egyedi tartalmakat hozunk a szervezet r\u00e9g\u00f3ta fenn\u00e1ll\u00f3 webhely\u00e9re \u00e9s j\u00f3l bev\u00e1lt blogf\u00f3rum\u00e1ra. A blog egyben gyermekeknek sz\u00f3l\u00f3 tan\u00e1csad\u00e1si projekt [&hellip;]","og_url":"https:\/\/futureg.sk\/hu\/minority-kids-blog\/","og_site_name":"FutuReg PT","article_modified_time":"2020-10-10T23:40:01+00:00","twitter_card":"summary_large_image","twitter_misc":{"Becs\u00fclt olvas\u00e1si id\u0151":"2 perc"},"schema":{"@context":"https:\/\/schema.org","@graph":[{"@type":"WebPage","@id":"https:\/\/futureg.sk\/hu\/minority-kids-blog\/","url":"https:\/\/futureg.sk\/hu\/minority-kids-blog\/","name":"Minority Kids blog - FutuReg PT","isPartOf":{"@id":"https:\/\/futureg.sk\/hu\/#website"},"datePublished":"2020-10-10T22:47:04+00:00","dateModified":"2020-10-10T23:40:01+00:00","breadcrumb":{"@id":"https:\/\/futureg.sk\/hu\/minority-kids-blog\/#breadcrumb"},"inLanguage":"hu","potentialAction":[{"@type":"ReadAction","target":["https:\/\/futureg.sk\/hu\/minority-kids-blog\/"]}]},{"@type":"BreadcrumbList","@id":"https:\/\/futureg.sk\/hu\/minority-kids-blog\/#breadcrumb","itemListElement":[{"@type":"ListItem","position":1,"name":"Home","item":"https:\/\/futureg.sk\/hu\/"},{"@type":"ListItem","position":2,"name":"Minority Kids blog"}]},{"@type":"WebSite","@id":"https:\/\/futureg.sk\/hu\/#website","url":"https:\/\/futureg.sk\/hu\/","name":"FutuReg PT","description":"R\u00e9gi\u00f3nk \u00e9s gyermekeink fejleszt\u00e9s\u00e9\u00e9rt","potentialAction":[{"@type":"SearchAction","target":{"@type":"EntryPoint","urlTemplate":"https:\/\/futureg.sk\/hu\/?s={search_term_string}"},"query-input":{"@type":"PropertyValueSpecification","valueRequired":true,"valueName":"search_term_string"}}],"inLanguage":"hu"}]}},"_links":{"self":[{"href":"https:\/\/futureg.sk\/hu\/wp-json\/wp\/v2\/pages\/376","targetHints":{"allow":["GET"]}}],"collection":[{"href":"https:\/\/futureg.sk\/hu\/wp-json\/wp\/v2\/pages"}],"about":[{"href":"https:\/\/futureg.sk\/hu\/wp-json\/wp\/v2\/types\/page"}],"author":[{"embeddable":true,"href":"https:\/\/futureg.sk\/hu\/wp-json\/wp\/v2\/users\/1"}],"replies":[{"embeddable":true,"href":"https:\/\/futureg.sk\/hu\/wp-json\/wp\/v2\/comments?post=376"}],"version-history":[{"count":3,"href":"https:\/\/futureg.sk\/hu\/wp-json\/wp\/v2\/pages\/376\/revisions"}],"predecessor-version":[{"id":402,"href":"https:\/\/futureg.sk\/hu\/wp-json\/wp\/v2\/pages\/376\/revisions\/402"}],"wp:attachment":[{"href":"https:\/\/futureg.sk\/hu\/wp-json\/wp\/v2\/media?parent=376"}],"curies":[{"name":"wp","href":"https:\/\/api.w.org\/{rel}","templated":true}]}}