{"id":374,"date":"2020-10-10T22:45:21","date_gmt":"2020-10-10T22:45:21","guid":{"rendered":"http:\/\/futureg.sk\/hu\/?page_id=374"},"modified":"2020-10-10T22:45:21","modified_gmt":"2020-10-10T22:45:21","slug":"minority-kids-konferenciakotet","status":"publish","type":"page","link":"https:\/\/futureg.sk\/hu\/minority-kids-konferenciakotet\/","title":{"rendered":"Minority Kids konferenciak\u00f6tet"},"content":{"rendered":"<p><span class=\"tlid-translation translation\" lang=\"hu\"><span class=\"\" title=\"\">A projekt c\u00e9lja a Gyermekek a kisebbs\u00e9gekben konferencia szakmai prom\u00f3ci\u00f3ja \u00e9s eredm\u00e9nyeinek l\u00e1that\u00f3s\u00e1ga.<\/span> <span title=\"\">A projekt c\u00e9lja a konferencia el\u0151ad\u00e1sainak k\u00f6zz\u00e9t\u00e9tele, amelyre 2017. j\u00fanius 2-3-\u00e1n ker\u00fclt sor \u0160amor\u00ednban.<\/span> <span title=\"\">Az elj\u00e1r\u00e1s a 4. lesz az OZ Phoenixszel egy\u00fcttm\u0171k\u00f6dve konferenci\u00e1kon kiadott elj\u00e1r\u00e1sok sorrendj\u00e9ben.<\/span> <span title=\"\">A r\u00e9szc\u00e9l az, hogy lehet\u0151v\u00e9 tegy\u00e9k az el\u0151ad\u00f3knak, hogy kompetenci\u00e1jukon bel\u00fcl magyar nyelven publik\u00e1ljanak, ami tov\u00e1bb \u00f6szt\u00f6nzi \u0151ket m\u00e1s szakmai el\u0151ad\u00e1sokon val\u00f3 r\u00e9szv\u00e9telre \u00e9s szak\u00e9rt\u0151i munk\u00e1ra.<\/span> <span title=\"\">A projekt tev\u00e9kenys\u00e9gei f\u0151k\u00e9nt a szerkeszt\u00e9s, a konferencia cikkek szerz\u0151it\u0151l sz\u00e1rmaz\u00f3 sz\u00f6vegek lektor\u00e1l\u00e1sa, a lektorok lektor\u00e1l\u00e1sa \u00e9s az anyagok nyomtatott form\u00e1ban t\u00f6rt\u00e9n\u0151 publik\u00e1l\u00e1sa lesz, hogy reprezentat\u00edv legyen a tudom\u00e1nyos c\u00e9lok \u00e9rdek\u00e9ben.<\/span> <span title=\"\">A c\u00e9lcsoportok a tudom\u00e1nyos k\u00f6z\u00f6ss\u00e9g, az egyetemek, a gyermek sz\u00e1m\u00e1ra legfontosabb feln\u0151ttek (sz\u00fcl\u0151, pedag\u00f3gus \u00e9s tan\u00e1r).<\/span><\/span><\/p>\n<blockquote class=\"wp-embedded-content\" data-secret=\"kJNnIctsvo\"><p><a href=\"https:\/\/minoritykids.sk\/ebook-elem\/gyermekek-kisebbsegben\/\">Gyermekek kisebbs\u00e9gben<\/a><\/p><\/blockquote>\n<p><iframe loading=\"lazy\" class=\"wp-embedded-content\" sandbox=\"allow-scripts\" security=\"restricted\" style=\"position: absolute; visibility: hidden;\" title=\"&#8220;Gyermekek kisebbs\u00e9gben&#8221; &#8212; Minority Kids\" src=\"https:\/\/minoritykids.sk\/ebook-elem\/gyermekek-kisebbsegben\/embed\/#?secret=JE66hcwCam#?secret=kJNnIctsvo\" data-secret=\"kJNnIctsvo\" width=\"600\" height=\"338\" frameborder=\"0\" marginwidth=\"0\" marginheight=\"0\" scrolling=\"no\"><\/iframe><\/p>\n<p>&nbsp;<\/p>\n","protected":false},"excerpt":{"rendered":"<p>A projekt c\u00e9lja a Gyermekek a kisebbs\u00e9gekben konferencia szakmai prom\u00f3ci\u00f3ja \u00e9s eredm\u00e9nyeinek l\u00e1that\u00f3s\u00e1ga. A projekt c\u00e9lja a konferencia el\u0151ad\u00e1sainak k\u00f6zz\u00e9t\u00e9tele, amelyre 2017. j\u00fanius 2-3-\u00e1n ker\u00fclt sor \u0160amor\u00ednban. Az elj\u00e1r\u00e1s a 4. lesz az OZ Phoenixszel egy\u00fcttm\u0171k\u00f6dve konferenci\u00e1kon kiadott elj\u00e1r\u00e1sok sorrendj\u00e9ben. A r\u00e9szc\u00e9l az, hogy lehet\u0151v\u00e9 tegy\u00e9k az el\u0151ad\u00f3knak, hogy kompetenci\u00e1jukon bel\u00fcl magyar nyelven publik\u00e1ljanak, ami [&hellip;]<\/p>\n","protected":false},"author":1,"featured_media":0,"parent":0,"menu_order":0,"comment_status":"closed","ping_status":"closed","template":"","meta":{"_monsterinsights_skip_tracking":false,"_monsterinsights_sitenote_active":false,"_monsterinsights_sitenote_note":"","_monsterinsights_sitenote_category":0,"footnotes":""},"class_list":["post-374","page","type-page","status-publish","hentry"],"yoast_head":"<!-- This site is optimized with the Yoast SEO plugin v26.1.1 - https:\/\/yoast.com\/wordpress\/plugins\/seo\/ -->\n<title>Minority Kids konferenciak\u00f6tet - FutuReg PT<\/title>\n<meta name=\"robots\" content=\"index, follow, max-snippet:-1, max-image-preview:large, max-video-preview:-1\" \/>\n<link rel=\"canonical\" href=\"https:\/\/futureg.sk\/hu\/minority-kids-konferenciakotet\/\" \/>\n<meta property=\"og:locale\" content=\"hu_HU\" \/>\n<meta property=\"og:type\" content=\"article\" \/>\n<meta property=\"og:title\" content=\"Minority Kids konferenciak\u00f6tet - FutuReg PT\" \/>\n<meta property=\"og:description\" content=\"A projekt c\u00e9lja a Gyermekek a kisebbs\u00e9gekben konferencia szakmai prom\u00f3ci\u00f3ja \u00e9s eredm\u00e9nyeinek l\u00e1that\u00f3s\u00e1ga. A projekt c\u00e9lja a konferencia el\u0151ad\u00e1sainak k\u00f6zz\u00e9t\u00e9tele, amelyre 2017. j\u00fanius 2-3-\u00e1n ker\u00fclt sor \u0160amor\u00ednban. Az elj\u00e1r\u00e1s a 4. lesz az OZ Phoenixszel egy\u00fcttm\u0171k\u00f6dve konferenci\u00e1kon kiadott elj\u00e1r\u00e1sok sorrendj\u00e9ben. A r\u00e9szc\u00e9l az, hogy lehet\u0151v\u00e9 tegy\u00e9k az el\u0151ad\u00f3knak, hogy kompetenci\u00e1jukon bel\u00fcl magyar nyelven publik\u00e1ljanak, ami [&hellip;]\" \/>\n<meta property=\"og:url\" content=\"https:\/\/futureg.sk\/hu\/minority-kids-konferenciakotet\/\" \/>\n<meta property=\"og:site_name\" content=\"FutuReg PT\" \/>\n<meta name=\"twitter:card\" content=\"summary_large_image\" \/>\n<meta name=\"twitter:label1\" content=\"Becs\u00fclt olvas\u00e1si id\u0151\" \/>\n\t<meta name=\"twitter:data1\" content=\"1 perc\" \/>\n<script type=\"application\/ld+json\" class=\"yoast-schema-graph\">{\"@context\":\"https:\/\/schema.org\",\"@graph\":[{\"@type\":\"WebPage\",\"@id\":\"https:\/\/futureg.sk\/hu\/minority-kids-konferenciakotet\/\",\"url\":\"https:\/\/futureg.sk\/hu\/minority-kids-konferenciakotet\/\",\"name\":\"Minority Kids konferenciak\u00f6tet - FutuReg PT\",\"isPartOf\":{\"@id\":\"https:\/\/futureg.sk\/hu\/#website\"},\"datePublished\":\"2020-10-10T22:45:21+00:00\",\"breadcrumb\":{\"@id\":\"https:\/\/futureg.sk\/hu\/minority-kids-konferenciakotet\/#breadcrumb\"},\"inLanguage\":\"hu\",\"potentialAction\":[{\"@type\":\"ReadAction\",\"target\":[\"https:\/\/futureg.sk\/hu\/minority-kids-konferenciakotet\/\"]}]},{\"@type\":\"BreadcrumbList\",\"@id\":\"https:\/\/futureg.sk\/hu\/minority-kids-konferenciakotet\/#breadcrumb\",\"itemListElement\":[{\"@type\":\"ListItem\",\"position\":1,\"name\":\"Home\",\"item\":\"https:\/\/futureg.sk\/hu\/\"},{\"@type\":\"ListItem\",\"position\":2,\"name\":\"Minority Kids konferenciak\u00f6tet\"}]},{\"@type\":\"WebSite\",\"@id\":\"https:\/\/futureg.sk\/hu\/#website\",\"url\":\"https:\/\/futureg.sk\/hu\/\",\"name\":\"FutuReg PT\",\"description\":\"R\u00e9gi\u00f3nk \u00e9s gyermekeink fejleszt\u00e9s\u00e9\u00e9rt\",\"potentialAction\":[{\"@type\":\"SearchAction\",\"target\":{\"@type\":\"EntryPoint\",\"urlTemplate\":\"https:\/\/futureg.sk\/hu\/?s={search_term_string}\"},\"query-input\":{\"@type\":\"PropertyValueSpecification\",\"valueRequired\":true,\"valueName\":\"search_term_string\"}}],\"inLanguage\":\"hu\"}]}<\/script>\n<!-- \/ Yoast SEO plugin. -->","yoast_head_json":{"title":"Minority Kids konferenciak\u00f6tet - FutuReg PT","robots":{"index":"index","follow":"follow","max-snippet":"max-snippet:-1","max-image-preview":"max-image-preview:large","max-video-preview":"max-video-preview:-1"},"canonical":"https:\/\/futureg.sk\/hu\/minority-kids-konferenciakotet\/","og_locale":"hu_HU","og_type":"article","og_title":"Minority Kids konferenciak\u00f6tet - FutuReg PT","og_description":"A projekt c\u00e9lja a Gyermekek a kisebbs\u00e9gekben konferencia szakmai prom\u00f3ci\u00f3ja \u00e9s eredm\u00e9nyeinek l\u00e1that\u00f3s\u00e1ga. A projekt c\u00e9lja a konferencia el\u0151ad\u00e1sainak k\u00f6zz\u00e9t\u00e9tele, amelyre 2017. j\u00fanius 2-3-\u00e1n ker\u00fclt sor \u0160amor\u00ednban. Az elj\u00e1r\u00e1s a 4. lesz az OZ Phoenixszel egy\u00fcttm\u0171k\u00f6dve konferenci\u00e1kon kiadott elj\u00e1r\u00e1sok sorrendj\u00e9ben. A r\u00e9szc\u00e9l az, hogy lehet\u0151v\u00e9 tegy\u00e9k az el\u0151ad\u00f3knak, hogy kompetenci\u00e1jukon bel\u00fcl magyar nyelven publik\u00e1ljanak, ami [&hellip;]","og_url":"https:\/\/futureg.sk\/hu\/minority-kids-konferenciakotet\/","og_site_name":"FutuReg PT","twitter_card":"summary_large_image","twitter_misc":{"Becs\u00fclt olvas\u00e1si id\u0151":"1 perc"},"schema":{"@context":"https:\/\/schema.org","@graph":[{"@type":"WebPage","@id":"https:\/\/futureg.sk\/hu\/minority-kids-konferenciakotet\/","url":"https:\/\/futureg.sk\/hu\/minority-kids-konferenciakotet\/","name":"Minority Kids konferenciak\u00f6tet - FutuReg PT","isPartOf":{"@id":"https:\/\/futureg.sk\/hu\/#website"},"datePublished":"2020-10-10T22:45:21+00:00","breadcrumb":{"@id":"https:\/\/futureg.sk\/hu\/minority-kids-konferenciakotet\/#breadcrumb"},"inLanguage":"hu","potentialAction":[{"@type":"ReadAction","target":["https:\/\/futureg.sk\/hu\/minority-kids-konferenciakotet\/"]}]},{"@type":"BreadcrumbList","@id":"https:\/\/futureg.sk\/hu\/minority-kids-konferenciakotet\/#breadcrumb","itemListElement":[{"@type":"ListItem","position":1,"name":"Home","item":"https:\/\/futureg.sk\/hu\/"},{"@type":"ListItem","position":2,"name":"Minority Kids konferenciak\u00f6tet"}]},{"@type":"WebSite","@id":"https:\/\/futureg.sk\/hu\/#website","url":"https:\/\/futureg.sk\/hu\/","name":"FutuReg PT","description":"R\u00e9gi\u00f3nk \u00e9s gyermekeink fejleszt\u00e9s\u00e9\u00e9rt","potentialAction":[{"@type":"SearchAction","target":{"@type":"EntryPoint","urlTemplate":"https:\/\/futureg.sk\/hu\/?s={search_term_string}"},"query-input":{"@type":"PropertyValueSpecification","valueRequired":true,"valueName":"search_term_string"}}],"inLanguage":"hu"}]}},"_links":{"self":[{"href":"https:\/\/futureg.sk\/hu\/wp-json\/wp\/v2\/pages\/374","targetHints":{"allow":["GET"]}}],"collection":[{"href":"https:\/\/futureg.sk\/hu\/wp-json\/wp\/v2\/pages"}],"about":[{"href":"https:\/\/futureg.sk\/hu\/wp-json\/wp\/v2\/types\/page"}],"author":[{"embeddable":true,"href":"https:\/\/futureg.sk\/hu\/wp-json\/wp\/v2\/users\/1"}],"replies":[{"embeddable":true,"href":"https:\/\/futureg.sk\/hu\/wp-json\/wp\/v2\/comments?post=374"}],"version-history":[{"count":1,"href":"https:\/\/futureg.sk\/hu\/wp-json\/wp\/v2\/pages\/374\/revisions"}],"predecessor-version":[{"id":375,"href":"https:\/\/futureg.sk\/hu\/wp-json\/wp\/v2\/pages\/374\/revisions\/375"}],"wp:attachment":[{"href":"https:\/\/futureg.sk\/hu\/wp-json\/wp\/v2\/media?parent=374"}],"curies":[{"name":"wp","href":"https:\/\/api.w.org\/{rel}","templated":true}]}}