{"id":372,"date":"2020-10-10T22:43:46","date_gmt":"2020-10-10T22:43:46","guid":{"rendered":"http:\/\/futureg.sk\/hu\/?page_id=372"},"modified":"2020-10-10T23:31:34","modified_gmt":"2020-10-10T23:31:34","slug":"a-legjobb-erdek","status":"publish","type":"page","link":"https:\/\/futureg.sk\/hu\/a-legjobb-erdek\/","title":{"rendered":"A legjobb \u00e9rdek"},"content":{"rendered":"<div class=\"text-wrap tlid-copy-target\">\n<div class=\"result-shield-container tlid-copy-target\" tabindex=\"0\"><span class=\"tlid-translation translation\" lang=\"hu\"><span class=\"\" title=\"\">A projekt c\u00e9lja a szlov\u00e1kiai magyar gyermekek legjobb \u00e9rdeke c\u00edm\u0171 tudom\u00e1nyos tanulm\u00e1ny megval\u00f3s\u00edt\u00e1sa.<\/span> <span title=\"\">A projekt f\u0151 c\u00e9lkit\u0171z\u00e9sei: a gyermekek jogainak, sz\u00fcks\u00e9gleteinek \u00e9s \u00e9rdekeinek el\u0151mozd\u00edt\u00e1s\u00e1nak, t\u00e1mogat\u00e1s\u00e1nak \u00e9s teljes\u00edt\u00e9s\u00e9nek szakszer\u0171 elemz\u00e9se a kisebbs\u00e9gi k\u00f6rnyezetben \u00e9l\u0151 gyermekjogokr\u00f3l sz\u00f3l\u00f3 egyezm\u00e9nynek megfelel\u0151en.<\/span> <span title=\"\">A c\u00e9lcsoportok a gyermekekkel, iskol\u00e1kkal, \u00f3vod\u00e1kkal \u00e9s a gyermek \u00e9let\u00e9ben legfontosabb feln\u0151ttekkel (sz\u00fcl\u0151, tan\u00e1r) foglalkoz\u00f3 szervezetek. <\/span><\/span><\/div>\n<\/div>\n<div tabindex=\"0\">\n<div class=\"entry-content\">\n<div class=\"tlid-result-transliteration-container result-transliteration-container transliteration-container\">\n<div class=\"tlid-transliteration-content transliteration-content full\"><\/div>\n<\/div>\n<\/div>\n<footer class=\"entry-footer\">\n<header class=\"entry-header\"><\/header>\n<div class=\"entry-content\">\n<div class=\"result-shield-container tlid-copy-target\" tabindex=\"0\"><\/div>\n<div class=\"text-wrap tlid-copy-target\">\n<div class=\"result-shield-container tlid-copy-target\" tabindex=\"0\"><span class=\"tlid-translation translation\" lang=\"hu\"><span title=\"\">https:\/\/minoritykids.sk\/wp-content\/uploads\/2019\/11\/legjobb_erdek.pdf<br \/>\n<\/span><\/span><\/div>\n<\/div>\n<div class=\"tlid-result-transliteration-container result-transliteration-container transliteration-container\">\n<div class=\"tlid-transliteration-content transliteration-content full\"><\/div>\n<\/div>\n<div class=\"result-footer source-or-target-footer tlid-copy-target\"><\/div>\n<\/div>\n<footer class=\"entry-footer\"><\/footer>\n<\/footer>\n<\/div>\n<div class=\"tlid-result-transliteration-container result-transliteration-container transliteration-container\">\n<div class=\"tlid-transliteration-content transliteration-content full\"><\/div>\n<\/div>\n<div class=\"result-footer source-or-target-footer tlid-copy-target\"><\/div>\n","protected":false},"excerpt":{"rendered":"<p>A projekt c\u00e9lja a szlov\u00e1kiai magyar gyermekek legjobb \u00e9rdeke c\u00edm\u0171 tudom\u00e1nyos tanulm\u00e1ny megval\u00f3s\u00edt\u00e1sa. A projekt f\u0151 c\u00e9lkit\u0171z\u00e9sei: a gyermekek jogainak, sz\u00fcks\u00e9gleteinek \u00e9s \u00e9rdekeinek el\u0151mozd\u00edt\u00e1s\u00e1nak, t\u00e1mogat\u00e1s\u00e1nak \u00e9s teljes\u00edt\u00e9s\u00e9nek szakszer\u0171 elemz\u00e9se a kisebbs\u00e9gi k\u00f6rnyezetben \u00e9l\u0151 gyermekjogokr\u00f3l sz\u00f3l\u00f3 egyezm\u00e9nynek megfelel\u0151en. A c\u00e9lcsoportok a gyermekekkel, iskol\u00e1kkal, \u00f3vod\u00e1kkal \u00e9s a gyermek \u00e9let\u00e9ben legfontosabb feln\u0151ttekkel (sz\u00fcl\u0151, tan\u00e1r) foglalkoz\u00f3 szervezetek. https:\/\/minoritykids.sk\/wp-content\/uploads\/2019\/11\/legjobb_erdek.pdf<\/p>\n","protected":false},"author":1,"featured_media":0,"parent":0,"menu_order":0,"comment_status":"closed","ping_status":"closed","template":"","meta":{"_monsterinsights_skip_tracking":false,"_monsterinsights_sitenote_active":false,"_monsterinsights_sitenote_note":"","_monsterinsights_sitenote_category":0,"footnotes":""},"class_list":["post-372","page","type-page","status-publish","hentry"],"yoast_head":"<!-- This site is optimized with the Yoast SEO plugin v26.1.1 - https:\/\/yoast.com\/wordpress\/plugins\/seo\/ -->\n<title>A legjobb \u00e9rdek - FutuReg PT<\/title>\n<meta name=\"robots\" content=\"index, follow, max-snippet:-1, max-image-preview:large, max-video-preview:-1\" \/>\n<link rel=\"canonical\" href=\"https:\/\/futureg.sk\/hu\/a-legjobb-erdek\/\" \/>\n<meta property=\"og:locale\" content=\"hu_HU\" \/>\n<meta property=\"og:type\" content=\"article\" \/>\n<meta property=\"og:title\" content=\"A legjobb \u00e9rdek - FutuReg PT\" \/>\n<meta property=\"og:description\" content=\"A projekt c\u00e9lja a szlov\u00e1kiai magyar gyermekek legjobb \u00e9rdeke c\u00edm\u0171 tudom\u00e1nyos tanulm\u00e1ny megval\u00f3s\u00edt\u00e1sa. A projekt f\u0151 c\u00e9lkit\u0171z\u00e9sei: a gyermekek jogainak, sz\u00fcks\u00e9gleteinek \u00e9s \u00e9rdekeinek el\u0151mozd\u00edt\u00e1s\u00e1nak, t\u00e1mogat\u00e1s\u00e1nak \u00e9s teljes\u00edt\u00e9s\u00e9nek szakszer\u0171 elemz\u00e9se a kisebbs\u00e9gi k\u00f6rnyezetben \u00e9l\u0151 gyermekjogokr\u00f3l sz\u00f3l\u00f3 egyezm\u00e9nynek megfelel\u0151en. A c\u00e9lcsoportok a gyermekekkel, iskol\u00e1kkal, \u00f3vod\u00e1kkal \u00e9s a gyermek \u00e9let\u00e9ben legfontosabb feln\u0151ttekkel (sz\u00fcl\u0151, tan\u00e1r) foglalkoz\u00f3 szervezetek. https:\/\/minoritykids.sk\/wp-content\/uploads\/2019\/11\/legjobb_erdek.pdf\" \/>\n<meta property=\"og:url\" content=\"https:\/\/futureg.sk\/hu\/a-legjobb-erdek\/\" \/>\n<meta property=\"og:site_name\" content=\"FutuReg PT\" \/>\n<meta property=\"article:modified_time\" content=\"2020-10-10T23:31:34+00:00\" \/>\n<meta name=\"twitter:card\" content=\"summary_large_image\" \/>\n<script type=\"application\/ld+json\" class=\"yoast-schema-graph\">{\"@context\":\"https:\/\/schema.org\",\"@graph\":[{\"@type\":\"WebPage\",\"@id\":\"https:\/\/futureg.sk\/hu\/a-legjobb-erdek\/\",\"url\":\"https:\/\/futureg.sk\/hu\/a-legjobb-erdek\/\",\"name\":\"A legjobb \u00e9rdek - FutuReg PT\",\"isPartOf\":{\"@id\":\"https:\/\/futureg.sk\/hu\/#website\"},\"datePublished\":\"2020-10-10T22:43:46+00:00\",\"dateModified\":\"2020-10-10T23:31:34+00:00\",\"breadcrumb\":{\"@id\":\"https:\/\/futureg.sk\/hu\/a-legjobb-erdek\/#breadcrumb\"},\"inLanguage\":\"hu\",\"potentialAction\":[{\"@type\":\"ReadAction\",\"target\":[\"https:\/\/futureg.sk\/hu\/a-legjobb-erdek\/\"]}]},{\"@type\":\"BreadcrumbList\",\"@id\":\"https:\/\/futureg.sk\/hu\/a-legjobb-erdek\/#breadcrumb\",\"itemListElement\":[{\"@type\":\"ListItem\",\"position\":1,\"name\":\"Home\",\"item\":\"https:\/\/futureg.sk\/hu\/\"},{\"@type\":\"ListItem\",\"position\":2,\"name\":\"A legjobb \u00e9rdek\"}]},{\"@type\":\"WebSite\",\"@id\":\"https:\/\/futureg.sk\/hu\/#website\",\"url\":\"https:\/\/futureg.sk\/hu\/\",\"name\":\"FutuReg PT\",\"description\":\"R\u00e9gi\u00f3nk \u00e9s gyermekeink fejleszt\u00e9s\u00e9\u00e9rt\",\"potentialAction\":[{\"@type\":\"SearchAction\",\"target\":{\"@type\":\"EntryPoint\",\"urlTemplate\":\"https:\/\/futureg.sk\/hu\/?s={search_term_string}\"},\"query-input\":{\"@type\":\"PropertyValueSpecification\",\"valueRequired\":true,\"valueName\":\"search_term_string\"}}],\"inLanguage\":\"hu\"}]}<\/script>\n<!-- \/ Yoast SEO plugin. -->","yoast_head_json":{"title":"A legjobb \u00e9rdek - FutuReg PT","robots":{"index":"index","follow":"follow","max-snippet":"max-snippet:-1","max-image-preview":"max-image-preview:large","max-video-preview":"max-video-preview:-1"},"canonical":"https:\/\/futureg.sk\/hu\/a-legjobb-erdek\/","og_locale":"hu_HU","og_type":"article","og_title":"A legjobb \u00e9rdek - FutuReg PT","og_description":"A projekt c\u00e9lja a szlov\u00e1kiai magyar gyermekek legjobb \u00e9rdeke c\u00edm\u0171 tudom\u00e1nyos tanulm\u00e1ny megval\u00f3s\u00edt\u00e1sa. A projekt f\u0151 c\u00e9lkit\u0171z\u00e9sei: a gyermekek jogainak, sz\u00fcks\u00e9gleteinek \u00e9s \u00e9rdekeinek el\u0151mozd\u00edt\u00e1s\u00e1nak, t\u00e1mogat\u00e1s\u00e1nak \u00e9s teljes\u00edt\u00e9s\u00e9nek szakszer\u0171 elemz\u00e9se a kisebbs\u00e9gi k\u00f6rnyezetben \u00e9l\u0151 gyermekjogokr\u00f3l sz\u00f3l\u00f3 egyezm\u00e9nynek megfelel\u0151en. A c\u00e9lcsoportok a gyermekekkel, iskol\u00e1kkal, \u00f3vod\u00e1kkal \u00e9s a gyermek \u00e9let\u00e9ben legfontosabb feln\u0151ttekkel (sz\u00fcl\u0151, tan\u00e1r) foglalkoz\u00f3 szervezetek. https:\/\/minoritykids.sk\/wp-content\/uploads\/2019\/11\/legjobb_erdek.pdf","og_url":"https:\/\/futureg.sk\/hu\/a-legjobb-erdek\/","og_site_name":"FutuReg PT","article_modified_time":"2020-10-10T23:31:34+00:00","twitter_card":"summary_large_image","schema":{"@context":"https:\/\/schema.org","@graph":[{"@type":"WebPage","@id":"https:\/\/futureg.sk\/hu\/a-legjobb-erdek\/","url":"https:\/\/futureg.sk\/hu\/a-legjobb-erdek\/","name":"A legjobb \u00e9rdek - FutuReg PT","isPartOf":{"@id":"https:\/\/futureg.sk\/hu\/#website"},"datePublished":"2020-10-10T22:43:46+00:00","dateModified":"2020-10-10T23:31:34+00:00","breadcrumb":{"@id":"https:\/\/futureg.sk\/hu\/a-legjobb-erdek\/#breadcrumb"},"inLanguage":"hu","potentialAction":[{"@type":"ReadAction","target":["https:\/\/futureg.sk\/hu\/a-legjobb-erdek\/"]}]},{"@type":"BreadcrumbList","@id":"https:\/\/futureg.sk\/hu\/a-legjobb-erdek\/#breadcrumb","itemListElement":[{"@type":"ListItem","position":1,"name":"Home","item":"https:\/\/futureg.sk\/hu\/"},{"@type":"ListItem","position":2,"name":"A legjobb \u00e9rdek"}]},{"@type":"WebSite","@id":"https:\/\/futureg.sk\/hu\/#website","url":"https:\/\/futureg.sk\/hu\/","name":"FutuReg PT","description":"R\u00e9gi\u00f3nk \u00e9s gyermekeink fejleszt\u00e9s\u00e9\u00e9rt","potentialAction":[{"@type":"SearchAction","target":{"@type":"EntryPoint","urlTemplate":"https:\/\/futureg.sk\/hu\/?s={search_term_string}"},"query-input":{"@type":"PropertyValueSpecification","valueRequired":true,"valueName":"search_term_string"}}],"inLanguage":"hu"}]}},"_links":{"self":[{"href":"https:\/\/futureg.sk\/hu\/wp-json\/wp\/v2\/pages\/372","targetHints":{"allow":["GET"]}}],"collection":[{"href":"https:\/\/futureg.sk\/hu\/wp-json\/wp\/v2\/pages"}],"about":[{"href":"https:\/\/futureg.sk\/hu\/wp-json\/wp\/v2\/types\/page"}],"author":[{"embeddable":true,"href":"https:\/\/futureg.sk\/hu\/wp-json\/wp\/v2\/users\/1"}],"replies":[{"embeddable":true,"href":"https:\/\/futureg.sk\/hu\/wp-json\/wp\/v2\/comments?post=372"}],"version-history":[{"count":3,"href":"https:\/\/futureg.sk\/hu\/wp-json\/wp\/v2\/pages\/372\/revisions"}],"predecessor-version":[{"id":398,"href":"https:\/\/futureg.sk\/hu\/wp-json\/wp\/v2\/pages\/372\/revisions\/398"}],"wp:attachment":[{"href":"https:\/\/futureg.sk\/hu\/wp-json\/wp\/v2\/media?parent=372"}],"curies":[{"name":"wp","href":"https:\/\/api.w.org\/{rel}","templated":true}]}}