{"id":326,"date":"2019-11-17T19:13:04","date_gmt":"2019-11-17T19:13:04","guid":{"rendered":"http:\/\/futureg.sk\/hu\/?page_id=326"},"modified":"2021-09-07T13:55:08","modified_gmt":"2021-09-07T13:55:08","slug":"workshopok","status":"publish","type":"page","link":"https:\/\/futureg.sk\/hu\/workshopok\/","title":{"rendered":"P\u00e1ly\u00e1z(z)atok workshopok"},"content":{"rendered":"<p>Workshopokr\u00f3l sz\u00f3l\u00f3 inform\u00e1ci\u00f3k a<a href=\"https:\/\/www.facebook.com\/pg\/ozfutureg\/events\/?ref=page_internal\"> FutuReg PT Facebook oldal\u00e1n tal\u00e1lhat\u00f3ak.<\/a> Regisztr\u00e1lni a bottlivi@gmail.com mailen lehet.<\/p>\n<p>Workshopjainkr\u00f3l<\/p>\n<p><a href=\"https:\/\/www.facebook.com\/events\/392169082285189\">https:\/\/www.facebook.com\/events\/392169082285189<\/a><\/p>\n<p><span class=\"d2edcug0 hpfvmrgz qv66sw1b c1et5uql lr9zc1uh a8c37x1j keod5gw0 nxhoafnm aigsh9s9 d3f4x2em fe6kdd0r mau55g9w c8b282yb iv3no6db jq4qci2q a3bd9o3v b1v8xokw oo9gr5id\" dir=\"auto\">\u00c1LY\u00c1Z(Z)ATOK! &#8211; egy praktikus workshop-sorozat, arr\u00f3l amit a p\u00e1ly\u00e1zatok, dot\u00e1ci\u00f3k \u00e9s k\u00e9rv\u00e9nyek vil\u00e1g\u00e1r\u00f3l tudni \u00e9rdemes ahhoz, hogy egy sikeres projekt elk\u00e9sz\u00fclj\u00f6n.<br \/>\nSzeretn\u00e9 egy k\u00f6zhaszn\u00fa \u00f6tlet\u00e9t kivitelezni, de nem tudja hol tal\u00e1lhat r\u00e1 forr\u00e1st? Ha tudja is hova p\u00e1ly\u00e1zzon, nem tudja, hogyan kezdjen neki? Esetleg \u00edrt m\u00e1r p\u00e1ly\u00e1zatot, de az akkor nem volt sikeres \u00e9s szeretn\u00e9 azt \u00e1tdolgozni? \u00c1ttekint\u00e9st szeretne kapni a p\u00e1ly\u00e1zatok vil\u00e1g\u00e1r\u00f3l? Vagy \u201ecsak \u00fagy\u201d szeretne \u00faj tud\u00e1st szerezni egy \u00e9rdekes t\u00e9ma kapcs\u00e1n, ami \u00faj horizontokat nyithat meg? Mit tudhat meg a k\u00e9pz\u00e9si program sor\u00e1n? A p\u00e1ly\u00e1zat\u00edr\u00f3 workshop 3 modulb\u00f3l \u00e1ll, emellett a tartalom ig\u00e9ny szerint alak\u00edthat\u00f3:<br \/>\nI. modul<br \/>\nAz E\u00da dot\u00e1ci\u00f3s rendszerei, struktur\u00e1lis alapok, nemzetk\u00f6zi projektek, a projekt management alapjai, a projekt \u00f6tlet, workshop, projekt-csapat\u00e9p\u00edt\u00e9s<br \/>\nII. modul<br \/>\nA p\u00e1ly\u00e1zati lehet\u0151s\u00e9gek keres\u00e9se, orient\u00e1ci\u00f3 hazai, eur\u00f3pai \u00e9s nemzetk\u00f6zi rendszerekben, effekt\u00edv projekt implement\u00e1ci\u00f3 rendszere, a projekt tervezet elk\u00e9sz\u00edt\u00e9se<br \/>\nIII. modul<br \/>\nA p\u00e1ly\u00e1zati lehet\u0151s\u00e9gek keres\u00e9se, orient\u00e1ci\u00f3 hazai, eur\u00f3pai \u00e9s nemzetk\u00f6zi rendszerekben,effekt\u00edv projekt implement\u00e1ci\u00f3 rendszere, a projekt tervezet elk\u00e9sz\u00edt\u00e9se.<br \/>\nA p\u00e1ly\u00e1zatok min\u0151s\u00e9ges, tartalmilag \u00e9s formailag megfelel\u0151 kidolgoz\u00e1sa, ellen\u0151rz\u00e9s, kontrolling, z\u00e1r\u00f3jelent\u00e9sek rendszere, a harmadik modul \u00e9rdekess\u00e9ge a k\u00e9rd\u00e9sek \u00f3r\u00e1ja, ahol A FutuReg PT szakemberei seg\u00edts\u00e9g\u00e9re lesz Cs\u00f3k\u00e1s Judit a Grantconsult s.r.o igazgat\u00f3ja, p\u00e1ly\u00e1zat\u00edr\u00f3 szakember.<br \/>\nA modulok egyenk\u00e9nt is l\u00e1togathat\u00f3k, de egym\u00e1sra \u00e9p\u00fclnek, ez\u00e9rt az eredm\u00e9ny \u00e9rdek\u00e9ben aj\u00e1nlott mien workshopon val\u00f3 r\u00e9szv\u00e9tel.<br \/>\nKinek lehet \u00e9rdekes a tr\u00e9ning?<br \/>\n&#8211; mag\u00e1nszem\u00e9lyeknek alkot\u00e1si kedvvel \u00e9s \u00f6tlettel,<br \/>\n&#8211; akik m\u00e1r p\u00e1ly\u00e1ztak vagy szeretn\u00e9nek<br \/>\n&#8211; nonprofit szervezetek k\u00e9pvisel\u0151inek<br \/>\n&#8211; \u00f6nkorm\u00e1nyzatok dolgoz\u00f3inak<br \/>\n&#8211; kis- \u00e9s k\u00f6z\u00e9p-v\u00e1llalatoknak<br \/>\n&#8211; kultur\u00e1lis \u00e9s m\u00e1s k\u00f6zhaszn\u00fa int\u00e9zm\u00e9nyeknek<br \/>\nEzekben a t\u00e9m\u00e1kban \u00e9s ki\u00edr\u00e1sokban ny\u00fajtanak a tanfolyamok \u00edzel\u00edt\u0151t:<br \/>\n&#8211; helyi jelleg\u0171 p\u00e1ly\u00e1zatok (\u00f6nkorm\u00e1nyzati, megyei, region\u00e1lis lehet\u0151s\u00e9gek)<br \/>\n&#8211; szlov\u00e1kiai magyar szervezetek sz\u00e1m\u00e1ra \u00e9rdekes p\u00e1ly\u00e1zati lehet\u0151s\u00e9gek, mint pl. Kultminor, BGA<br \/>\n&#8211; szlov\u00e1k OP-k (operat\u00edv programok) pl. kreat\u00edv ipar \u00e9s kult\u00fara, szlov\u00e1k alap\u00edtv\u00e1nyok<br \/>\n&#8211; nemzetk\u00f6zi p\u00e1ly\u00e1zatok: pl. Visegr\u00e1di Alap, INTERREG, Norv\u00e9g Alap, Erasmus+,Horizon 2020, Europe for Citizen Creative Europe stb.<br \/>\nSzervez\u0151: FutuReg PT, <a class=\"oajrlxb2 g5ia77u1 qu0x051f esr5mh6w e9989ue4 r7d6kgcz rq0escxv nhd2j8a9 nc684nl6 p7hjln8o kvgmc6g5 cxmmr5t8 oygrvhab hcukyx3x jb3vyjys rz4wbd8a qt6c0cv9 a8nywdso i1ao9s8h esuyzwwr f1sip0of lzcic4wl py34i1dx gpro0wi8\" tabindex=\"0\" role=\"link\" href=\"https:\/\/l.facebook.com\/l.php?u=http%3A%2F%2Fwww.futureg.sk%2F%3Ffbclid%3DIwAR3Vb3Zmfxj4NTr65q6rRkK2vI7iVSpsuIYBnL_m8bRCYudaU6CuJ-ahc4M&amp;h=AT2nm2KIxAYZvN6KG0hT2NZuGosYbj0AGOwrvLKh3_Dz4LtIY-LjPhAGw8NWESQ0wgvLTaaouA52bcsIZn4F7QFRNsXQvGyDFLl6Dy9vxHYj9yZ5T3ADg7DlJqBNzCmX&amp;__tn__=q&amp;c[0]=AT00wBlAmPQRTwaOdRzjK5bb6bYE9MsbHCS13Nv-3mRoGxkIFL-9kyYOXAH2M1VPmkIi2ps1gXua34v2sreBqNl3RC-9Q6OtrYSftf5yboU_mWELHxSjMrU3RjShfTIb_3cVnbrDWWfZ5V1Y_TVaiX4cM12Si-BEZ-j_pyU8-P7SFNIUfg\" target=\"_blank\" rel=\"nofollow noopener noreferrer\">www.futureg.sk<\/a><br \/>\nHelysz\u00edn: ONLINE, bejelentkez\u00e9si linket a jelentkez\u0151k regisztr\u00e1ci\u00f3 ut\u00e1n kapnak<br \/>\nR\u00e9szv\u00e9teli d\u00edj, mely tartalmazza a k\u00e9pz\u00e9si anyagokat, prezent\u00e1ci\u00f3kat, esettanulm\u00e1nyokat \u00e9s feladatgy\u0171jtem\u00e9nyt a tanfolyam sor\u00e1n: 90 eur<br \/>\nA teljes k\u00e9pz\u00e9s-sorozaton r\u00e9sztvev\u0151k oklevelet kapnak. A kurzus legal\u00e1bb 4 legfeljebb 8 r\u00e9sztvev\u0151vel val\u00f3sul meg, a r\u00e9sztvev\u0151k online bel\u00e9p\u00e9st kapnak a jelentkez\u00e9s ut\u00e1n.<br \/>\nJelentkezni lehet mail form\u00e1j\u00e1ban <a href=\"mailto:oz@futureg.sk\">oz@futureg.sk<\/a> c\u00edmen 1 r\u00f6vid inform\u00e1ci\u00f3val arr\u00f3l, hogy mi az, ami a t\u00e9ma kapcs\u00e1n legink\u00e1bb \u00e9rdekli?<br \/>\n<\/span><\/p>\n<p><a href=\"https:\/\/www.facebook.com\/pg\/ozfutureg\/events\/?ref=page_internal\">https:\/\/www.facebook.com\/pg\/ozfutureg\/events\/?ref=page_internal<\/a><\/p>\n<p>Cikkek a t\u00e9m\u00e1ban:<\/p>\n<blockquote class=\"wp-embedded-content\" data-secret=\"8uCNwmkMSl\"><p><a href=\"https:\/\/futureg.sk\/hu\/november-6-an-szervezunk-palyazatiro-workshopot-ngo-knak\/\">November 6. -\u00e1n szervez\u00fcnk p\u00e1ly\u00e1zat\u00edr\u00f3 workshopot NGO-knak<\/a><\/p><\/blockquote>\n<p><iframe loading=\"lazy\" class=\"wp-embedded-content\" sandbox=\"allow-scripts\" security=\"restricted\" style=\"position: absolute; visibility: hidden;\" title=\"&#8220;November 6. -\u00e1n szervez\u00fcnk p\u00e1ly\u00e1zat\u00edr\u00f3 workshopot NGO-knak&#8221; &#8212; FutuReg PT\" src=\"https:\/\/futureg.sk\/hu\/november-6-an-szervezunk-palyazatiro-workshopot-ngo-knak\/embed\/#?secret=CP8CYHn1Xr#?secret=8uCNwmkMSl\" data-secret=\"8uCNwmkMSl\" width=\"600\" height=\"338\" frameborder=\"0\" marginwidth=\"0\" marginheight=\"0\" scrolling=\"no\"><\/iframe><\/p>\n<blockquote class=\"wp-embedded-content\" data-secret=\"aqEJYizLnx\"><p><a href=\"https:\/\/futureg.sk\/hu\/szeretne-egy-regota-tervezett-otletet-vegre-kivitelezni\/\">Szeretn\u00e9 egy r\u00e9g\u00f3ta tervezett \u00f6tlet\u00e9t v\u00e9gre kivitelezni?<\/a><\/p><\/blockquote>\n<p><iframe loading=\"lazy\" class=\"wp-embedded-content\" sandbox=\"allow-scripts\" security=\"restricted\" style=\"position: absolute; visibility: hidden;\" title=\"&#8220;Szeretn\u00e9 egy r\u00e9g\u00f3ta tervezett \u00f6tlet\u00e9t v\u00e9gre kivitelezni?&#8221; &#8212; FutuReg PT\" src=\"https:\/\/futureg.sk\/hu\/szeretne-egy-regota-tervezett-otletet-vegre-kivitelezni\/embed\/#?secret=4U1xpdyeUo#?secret=aqEJYizLnx\" data-secret=\"aqEJYizLnx\" width=\"600\" height=\"338\" frameborder=\"0\" marginwidth=\"0\" marginheight=\"0\" scrolling=\"no\"><\/iframe><\/p>\n<p>T\u00fcrelem, Tanul\u00e1s, Tapasztalat &#8211; ez a sikeres p\u00e1ly\u00e1zat 3 T- je<\/p>\n<p>P\u00c1LY\u00c1Z(Z)ATOK! &#8211; egy praktikus workshop, arr\u00f3l amit a p\u00e1ly\u00e1zatok, dot\u00e1ci\u00f3k \u00e9s k\u00e9rv\u00e9nyek vil\u00e1g\u00e1r\u00f3l tudni \u00e9rdemes, ahhoz, hogy egy sikeres projekt elk\u00e9sz\u00fclj\u00f6n.<\/p>\n<p>Szeretn\u00e9 egy k\u00f6zhaszn\u00fa \u00f6tlet\u00e9t kivitelezni, de nem tudja hol tal\u00e1lhat r\u00e1 forr\u00e1st? Ha tudja is hova p\u00e1ly\u00e1zzon nem tudja, hogy kezdjen neki? Esetleg \u00edrt m\u00e1r p\u00e1ly\u00e1zatot, de az akkor nem volt sikeres \u00e9s szeretn\u00e9 azt \u00e1tdolgozni? \u00c1ttekint\u00e9st szeretne kapni a p\u00e1ly\u00e1zatok vil\u00e1g\u00e1ban? Vagy \u201ecsak \u00fagy\u201d szeretne \u00faj tud\u00e1st szerezni egy \u00e9rdekes t\u00e9ma kapcs\u00e1n, ami \u00faj horizontokat nyithat meg?<\/p>\n<p>A k\u00e9pz\u00e9s az \u00f6tlett\u0151l a tervez\u00e9sen \u00e1t a megval\u00f3s\u00edt\u00e1sig elk\u00eds\u00e9ri eg\u00e9szen a lez\u00e1r\u00e1sig. Felk\u00e9sz\u00edt a projekt aktivit\u00e1saira szervezeten bel\u00fcl \u00e9s individu\u00e1lisan is. Megtanulhatja a\u00a0projekt vezet\u00e9s alapjait, saj\u00e1t projekt \u00f6tlete alapj\u00e1n megfogalmazhat konkr\u00e9t vagy ak\u00e1r p\u00e1ly\u00e1zati c\u00e9lokat, LogFrame M\u00e1trixot is tervezhet. Alapfogalmak, elemz\u0151 m\u00f3dszerek, j\u00e1t\u00e9kos terez\u00e9s, kreat\u00edv brainstorming azaz \u201e\u00f6tletel\u00e9s\u201d, rendszerszer\u0171 tev\u00e9kenys\u00e9gek&#8230;ezekr\u0151l mind besz\u00e9l\u00fcnk \u00e9s kipr\u00f3b\u00e1ljuk a\u00a0nap sor\u00e1n.<\/p>\n<p>Mit tudhat meg a nap sor\u00e1n?:<\/p>\n<p>&#8211; Az E\u00da dot\u00e1ci\u00f3s rendszerei, struktur\u00e1lis alapok, nemzetk\u00f6zi projektek<\/p>\n<p>&#8211; p\u00e1ly\u00e1zati lehet\u0151s\u00e9gek keres\u00e9se, orient\u00e1ci\u00f3 hazai, eur\u00f3pai \u00e9s nemzetk\u00f6zi rendszerekben<\/p>\n<p>&#8211; a p\u00e1ly\u00e1zatok min\u0151s\u00e9ges, tartalmilag \u00e9s formailag megfelel\u0151 kidolgoz\u00e1sa<\/p>\n<p>&#8211; effekt\u00edv projekt implement\u00e1ci\u00f3 rendszere<\/p>\n<p>&#8211; projekt management alapjai<\/p>\n<p>&#8211; effekt\u00edv projekt tervez\u00e9s<\/p>\n<p>&#8211; a projekt kivitelez\u00e9se: az aktu\u00e1lis k\u00f6zbeszerz\u00e9s alapjai, a projekt elk\u00f6nyvel\u00e9se \u00e9s adminisztr\u00e1ci\u00f3j\u00e1nak alapjai<\/p>\n<p>&#8211; a\u00a0projekt lez\u00e1r\u00e1sa: ellen\u0151rz\u00e9s, kontrolling, z\u00e1r\u00f3jelent\u00e9sek rendszere<\/p>\n<p>Kinek lehet \u00e9rdekes a tr\u00e9ning?<\/p>\n<p>&#8211; mag\u00e1nszem\u00e9lyeknek alkot\u00e1si kedvvel \u00e9s \u00f6tlettel, akik p\u00e1ly\u00e1ztak m\u00e1r vagy szeretn\u00e9nek<\/p>\n<p>&#8211; nonprofit szervezetek k\u00e9pvisel\u0151inek<\/p>\n<p>&#8211; \u00f6nkorm\u00e1nyzatok dolgoz\u00f3inak<\/p>\n<p>&#8211; kis \u00e9s k\u00f6z\u00e9p v\u00e1llalatoknak<\/p>\n<p>&#8211; kultur\u00e1lis \u00e9s m\u00e1s k\u00f6zhaszn\u00fa int\u00e9zm\u00e9nyeknek<\/p>\n<p>Ezekben a t\u00e9m\u00e1kban \u00e9s ki\u00edr\u00e1sokban adhatunk \u00edzel\u00edt\u0151t:<\/p>\n<p>&#8211; Helyi p\u00e1ly\u00e1zatok (\u00f6nkorm\u00e1nyzati, megyei, region\u00e1lis lehet\u0151s\u00e9gek)<\/p>\n<p>&#8211; szlov\u00e1kiai magyar p\u00e1ly\u00e1zati lehet\u0151s\u00e9gek mint pl. Kultminor, BGA<\/p>\n<p>&#8211; szlov\u00e1k OP-k (oper\u00e1ci\u00f3s programok)<\/p>\n<p>&#8211; nemzetk\u00f6zi p\u00e1ly\u00e1zatok: pl. Visegrad Fund, INTERREG<\/p>\n<p>****************************************************************<\/p>\n<p>A workshop c\u00e9lja felk\u00e9sz\u00edteni a p\u00e1ly\u00e1z\u00f3t egy adminisztrat\u00edv m\u00f3don helyes p\u00e1ly\u00e1zat meg\u00edr\u00e1s\u00e1ra \u00e9s orient\u00e1l\u00f3dni a projektek vil\u00e1g\u00e1ban alapfokon.<\/p>\n<p>Max. kapacit\u00e1s: 10 szem\u00e9ly<\/p>\n<p>Tr\u00e9ner profilja: PhDr. Bott Domonkos L\u00edvia, PhD. &#8211; k\u00f6zgazd\u00e1sz, projekt manager (PRINCE 2 certifik\u00e1lt) t\u00f6bb mint 15 \u00e9ves p\u00e1ly\u00e1zat\u00edr\u00f3i \u00e9s vezet\u00e9si tapasztalattal, a FutuReg PT eln\u00f6ke, t\u00f6bb sikeres nemzetk\u00f6zi \u00e9s hazai p\u00e1ly\u00e1zat meg\u00edr\u00f3ja \u00e9s realiz\u00e1l\u00f3ja, az p\u00e1ly\u00e1zatok szakmai elb\u00edr\u00e1l\u00f3ja \u00e9s tan\u00e1csad\u00f3ja , a Nad\u00e1cia pre deti Slovenska egykori p\u00e1ly\u00e1zati menedzsere, civil aktivista (gyermekjogi, k\u00f6rnyezetv\u00e9delmi ), a Minority Kids online tan\u00e1csad\u00f3 projekt vezet\u0151je \u00e9s a \u00e9s a projekt forr\u00e1sainak bebiztos\u00edt\u00f3ja imm\u00e1r 5 \u00e9ve, a Slovensk\u00e9 Centrum pre Fundraising tagja a Grantexpert.sk port\u00e1l tagja.<\/p>\n<p>Mott\u00f3ja: J\u00f3t s j\u00f3l!<\/p>\n<p>Jelentkez\u00e9s: Mail form\u00e1j\u00e1ban bottlivi@gmail.com c\u00edmre r\u00f6vid inform\u00e1ci\u00f3val arr\u00f3l, hogy konkr\u00e9tan milyen tapasztalatai vannak a p\u00e1ly\u00e1zatok kapcs\u00e1n, mi az ami a t\u00e9ma kapcs\u00e1n legink\u00e1bb \u00e9rdekli, milyen ki\u00edr\u00e1sban vett r\u00e9szt \u00e9s milyent tervez.<\/p>\n<p>&nbsp;<\/p>\n<p>&nbsp;<\/p>\n","protected":false},"excerpt":{"rendered":"<p>Workshopokr\u00f3l sz\u00f3l\u00f3 inform\u00e1ci\u00f3k a FutuReg PT Facebook oldal\u00e1n tal\u00e1lhat\u00f3ak. Regisztr\u00e1lni a bottlivi@gmail.com mailen lehet. Workshopjainkr\u00f3l https:\/\/www.facebook.com\/events\/392169082285189 \u00c1LY\u00c1Z(Z)ATOK! &#8211; egy praktikus workshop-sorozat, arr\u00f3l amit a p\u00e1ly\u00e1zatok, dot\u00e1ci\u00f3k \u00e9s k\u00e9rv\u00e9nyek vil\u00e1g\u00e1r\u00f3l tudni \u00e9rdemes ahhoz, hogy egy sikeres projekt elk\u00e9sz\u00fclj\u00f6n. Szeretn\u00e9 egy k\u00f6zhaszn\u00fa \u00f6tlet\u00e9t kivitelezni, de nem tudja hol tal\u00e1lhat r\u00e1 forr\u00e1st? Ha tudja is hova p\u00e1ly\u00e1zzon, nem [&hellip;]<\/p>\n","protected":false},"author":1,"featured_media":327,"parent":0,"menu_order":0,"comment_status":"closed","ping_status":"closed","template":"","meta":{"_monsterinsights_skip_tracking":false,"_monsterinsights_sitenote_active":false,"_monsterinsights_sitenote_note":"","_monsterinsights_sitenote_category":0,"footnotes":""},"class_list":["post-326","page","type-page","status-publish","has-post-thumbnail","hentry"],"yoast_head":"<!-- This site is optimized with the Yoast SEO plugin v26.1.1 - https:\/\/yoast.com\/wordpress\/plugins\/seo\/ -->\n<title>P\u00e1ly\u00e1z(z)atok workshopok - FutuReg PT<\/title>\n<meta name=\"robots\" content=\"index, follow, max-snippet:-1, max-image-preview:large, max-video-preview:-1\" \/>\n<link rel=\"canonical\" href=\"https:\/\/futureg.sk\/hu\/workshopok\/\" \/>\n<meta property=\"og:locale\" content=\"hu_HU\" \/>\n<meta property=\"og:type\" content=\"article\" \/>\n<meta property=\"og:title\" content=\"P\u00e1ly\u00e1z(z)atok workshopok - FutuReg PT\" \/>\n<meta property=\"og:description\" content=\"Workshopokr\u00f3l sz\u00f3l\u00f3 inform\u00e1ci\u00f3k a FutuReg PT Facebook oldal\u00e1n tal\u00e1lhat\u00f3ak. Regisztr\u00e1lni a bottlivi@gmail.com mailen lehet. Workshopjainkr\u00f3l https:\/\/www.facebook.com\/events\/392169082285189 \u00c1LY\u00c1Z(Z)ATOK! &#8211; egy praktikus workshop-sorozat, arr\u00f3l amit a p\u00e1ly\u00e1zatok, dot\u00e1ci\u00f3k \u00e9s k\u00e9rv\u00e9nyek vil\u00e1g\u00e1r\u00f3l tudni \u00e9rdemes ahhoz, hogy egy sikeres projekt elk\u00e9sz\u00fclj\u00f6n. Szeretn\u00e9 egy k\u00f6zhaszn\u00fa \u00f6tlet\u00e9t kivitelezni, de nem tudja hol tal\u00e1lhat r\u00e1 forr\u00e1st? Ha tudja is hova p\u00e1ly\u00e1zzon, nem [&hellip;]\" \/>\n<meta property=\"og:url\" content=\"https:\/\/futureg.sk\/hu\/workshopok\/\" \/>\n<meta property=\"og:site_name\" content=\"FutuReg PT\" \/>\n<meta property=\"article:modified_time\" content=\"2021-09-07T13:55:08+00:00\" \/>\n<meta property=\"og:image\" content=\"https:\/\/futureg.sk\/hu\/wp-content\/uploads\/sites\/2\/2019\/11\/wordcloud-1.jpg\" \/>\n\t<meta property=\"og:image:width\" content=\"1024\" \/>\n\t<meta property=\"og:image:height\" content=\"768\" \/>\n\t<meta property=\"og:image:type\" content=\"image\/jpeg\" \/>\n<meta name=\"twitter:card\" content=\"summary_large_image\" \/>\n<meta name=\"twitter:label1\" content=\"Becs\u00fclt olvas\u00e1si id\u0151\" \/>\n\t<meta name=\"twitter:data1\" content=\"6 perc\" \/>\n<script type=\"application\/ld+json\" class=\"yoast-schema-graph\">{\"@context\":\"https:\/\/schema.org\",\"@graph\":[{\"@type\":\"WebPage\",\"@id\":\"https:\/\/futureg.sk\/hu\/workshopok\/\",\"url\":\"https:\/\/futureg.sk\/hu\/workshopok\/\",\"name\":\"P\u00e1ly\u00e1z(z)atok workshopok - FutuReg PT\",\"isPartOf\":{\"@id\":\"https:\/\/futureg.sk\/hu\/#website\"},\"primaryImageOfPage\":{\"@id\":\"https:\/\/futureg.sk\/hu\/workshopok\/#primaryimage\"},\"image\":{\"@id\":\"https:\/\/futureg.sk\/hu\/workshopok\/#primaryimage\"},\"thumbnailUrl\":\"https:\/\/futureg.sk\/hu\/wp-content\/uploads\/sites\/2\/2019\/11\/wordcloud-1.jpg\",\"datePublished\":\"2019-11-17T19:13:04+00:00\",\"dateModified\":\"2021-09-07T13:55:08+00:00\",\"breadcrumb\":{\"@id\":\"https:\/\/futureg.sk\/hu\/workshopok\/#breadcrumb\"},\"inLanguage\":\"hu\",\"potentialAction\":[{\"@type\":\"ReadAction\",\"target\":[\"https:\/\/futureg.sk\/hu\/workshopok\/\"]}]},{\"@type\":\"ImageObject\",\"inLanguage\":\"hu\",\"@id\":\"https:\/\/futureg.sk\/hu\/workshopok\/#primaryimage\",\"url\":\"https:\/\/futureg.sk\/hu\/wp-content\/uploads\/sites\/2\/2019\/11\/wordcloud-1.jpg\",\"contentUrl\":\"https:\/\/futureg.sk\/hu\/wp-content\/uploads\/sites\/2\/2019\/11\/wordcloud-1.jpg\",\"width\":1024,\"height\":768},{\"@type\":\"BreadcrumbList\",\"@id\":\"https:\/\/futureg.sk\/hu\/workshopok\/#breadcrumb\",\"itemListElement\":[{\"@type\":\"ListItem\",\"position\":1,\"name\":\"Home\",\"item\":\"https:\/\/futureg.sk\/hu\/\"},{\"@type\":\"ListItem\",\"position\":2,\"name\":\"P\u00e1ly\u00e1z(z)atok workshopok\"}]},{\"@type\":\"WebSite\",\"@id\":\"https:\/\/futureg.sk\/hu\/#website\",\"url\":\"https:\/\/futureg.sk\/hu\/\",\"name\":\"FutuReg PT\",\"description\":\"R\u00e9gi\u00f3nk \u00e9s gyermekeink fejleszt\u00e9s\u00e9\u00e9rt\",\"potentialAction\":[{\"@type\":\"SearchAction\",\"target\":{\"@type\":\"EntryPoint\",\"urlTemplate\":\"https:\/\/futureg.sk\/hu\/?s={search_term_string}\"},\"query-input\":{\"@type\":\"PropertyValueSpecification\",\"valueRequired\":true,\"valueName\":\"search_term_string\"}}],\"inLanguage\":\"hu\"}]}<\/script>\n<!-- \/ Yoast SEO plugin. -->","yoast_head_json":{"title":"P\u00e1ly\u00e1z(z)atok workshopok - FutuReg PT","robots":{"index":"index","follow":"follow","max-snippet":"max-snippet:-1","max-image-preview":"max-image-preview:large","max-video-preview":"max-video-preview:-1"},"canonical":"https:\/\/futureg.sk\/hu\/workshopok\/","og_locale":"hu_HU","og_type":"article","og_title":"P\u00e1ly\u00e1z(z)atok workshopok - FutuReg PT","og_description":"Workshopokr\u00f3l sz\u00f3l\u00f3 inform\u00e1ci\u00f3k a FutuReg PT Facebook oldal\u00e1n tal\u00e1lhat\u00f3ak. Regisztr\u00e1lni a bottlivi@gmail.com mailen lehet. Workshopjainkr\u00f3l https:\/\/www.facebook.com\/events\/392169082285189 \u00c1LY\u00c1Z(Z)ATOK! &#8211; egy praktikus workshop-sorozat, arr\u00f3l amit a p\u00e1ly\u00e1zatok, dot\u00e1ci\u00f3k \u00e9s k\u00e9rv\u00e9nyek vil\u00e1g\u00e1r\u00f3l tudni \u00e9rdemes ahhoz, hogy egy sikeres projekt elk\u00e9sz\u00fclj\u00f6n. Szeretn\u00e9 egy k\u00f6zhaszn\u00fa \u00f6tlet\u00e9t kivitelezni, de nem tudja hol tal\u00e1lhat r\u00e1 forr\u00e1st? Ha tudja is hova p\u00e1ly\u00e1zzon, nem [&hellip;]","og_url":"https:\/\/futureg.sk\/hu\/workshopok\/","og_site_name":"FutuReg PT","article_modified_time":"2021-09-07T13:55:08+00:00","og_image":[{"width":1024,"height":768,"url":"https:\/\/futureg.sk\/hu\/wp-content\/uploads\/sites\/2\/2019\/11\/wordcloud-1.jpg","type":"image\/jpeg"}],"twitter_card":"summary_large_image","twitter_misc":{"Becs\u00fclt olvas\u00e1si id\u0151":"6 perc"},"schema":{"@context":"https:\/\/schema.org","@graph":[{"@type":"WebPage","@id":"https:\/\/futureg.sk\/hu\/workshopok\/","url":"https:\/\/futureg.sk\/hu\/workshopok\/","name":"P\u00e1ly\u00e1z(z)atok workshopok - FutuReg PT","isPartOf":{"@id":"https:\/\/futureg.sk\/hu\/#website"},"primaryImageOfPage":{"@id":"https:\/\/futureg.sk\/hu\/workshopok\/#primaryimage"},"image":{"@id":"https:\/\/futureg.sk\/hu\/workshopok\/#primaryimage"},"thumbnailUrl":"https:\/\/futureg.sk\/hu\/wp-content\/uploads\/sites\/2\/2019\/11\/wordcloud-1.jpg","datePublished":"2019-11-17T19:13:04+00:00","dateModified":"2021-09-07T13:55:08+00:00","breadcrumb":{"@id":"https:\/\/futureg.sk\/hu\/workshopok\/#breadcrumb"},"inLanguage":"hu","potentialAction":[{"@type":"ReadAction","target":["https:\/\/futureg.sk\/hu\/workshopok\/"]}]},{"@type":"ImageObject","inLanguage":"hu","@id":"https:\/\/futureg.sk\/hu\/workshopok\/#primaryimage","url":"https:\/\/futureg.sk\/hu\/wp-content\/uploads\/sites\/2\/2019\/11\/wordcloud-1.jpg","contentUrl":"https:\/\/futureg.sk\/hu\/wp-content\/uploads\/sites\/2\/2019\/11\/wordcloud-1.jpg","width":1024,"height":768},{"@type":"BreadcrumbList","@id":"https:\/\/futureg.sk\/hu\/workshopok\/#breadcrumb","itemListElement":[{"@type":"ListItem","position":1,"name":"Home","item":"https:\/\/futureg.sk\/hu\/"},{"@type":"ListItem","position":2,"name":"P\u00e1ly\u00e1z(z)atok workshopok"}]},{"@type":"WebSite","@id":"https:\/\/futureg.sk\/hu\/#website","url":"https:\/\/futureg.sk\/hu\/","name":"FutuReg PT","description":"R\u00e9gi\u00f3nk \u00e9s gyermekeink fejleszt\u00e9s\u00e9\u00e9rt","potentialAction":[{"@type":"SearchAction","target":{"@type":"EntryPoint","urlTemplate":"https:\/\/futureg.sk\/hu\/?s={search_term_string}"},"query-input":{"@type":"PropertyValueSpecification","valueRequired":true,"valueName":"search_term_string"}}],"inLanguage":"hu"}]}},"_links":{"self":[{"href":"https:\/\/futureg.sk\/hu\/wp-json\/wp\/v2\/pages\/326","targetHints":{"allow":["GET"]}}],"collection":[{"href":"https:\/\/futureg.sk\/hu\/wp-json\/wp\/v2\/pages"}],"about":[{"href":"https:\/\/futureg.sk\/hu\/wp-json\/wp\/v2\/types\/page"}],"author":[{"embeddable":true,"href":"https:\/\/futureg.sk\/hu\/wp-json\/wp\/v2\/users\/1"}],"replies":[{"embeddable":true,"href":"https:\/\/futureg.sk\/hu\/wp-json\/wp\/v2\/comments?post=326"}],"version-history":[{"count":4,"href":"https:\/\/futureg.sk\/hu\/wp-json\/wp\/v2\/pages\/326\/revisions"}],"predecessor-version":[{"id":511,"href":"https:\/\/futureg.sk\/hu\/wp-json\/wp\/v2\/pages\/326\/revisions\/511"}],"wp:featuredmedia":[{"embeddable":true,"href":"https:\/\/futureg.sk\/hu\/wp-json\/wp\/v2\/media\/327"}],"wp:attachment":[{"href":"https:\/\/futureg.sk\/hu\/wp-json\/wp\/v2\/media?parent=326"}],"curies":[{"name":"wp","href":"https:\/\/api.w.org\/{rel}","templated":true}]}}