{"id":134,"date":"2017-12-17T22:45:29","date_gmt":"2017-12-17T22:45:29","guid":{"rendered":"http:\/\/futureg.sk\/hu\/?page_id=134"},"modified":"2017-12-17T22:45:29","modified_gmt":"2017-12-17T22:45:29","slug":"kozos-regionk-kutatas","status":"publish","type":"page","link":"https:\/\/futureg.sk\/hu\/kozos-regionk-kutatas\/","title":{"rendered":"K\u00f6z\u00f6s r\u00e9gi\u00f3nk &#8211; kutat\u00e1s"},"content":{"rendered":"<p><strong>K\u00f6z\u00f6s r\u00e9gi\u00f3nk\u00a0 &#8211;\u00a0A hat\u00e1rmenti r\u00e9gi\u00f3 k\u00f6rnyezet\u00e9nek multikultur\u00e1lis kutat\u00e1sa<\/strong><\/p>\n<p><strong>A projekten bel\u00fcl azon dolgozunk, hogy vizsg\u00e1ljuk D\u00e9l-Szlov\u00e1kia hat\u00e1rmenti r\u00e9gi\u00f3j\u00e1nak (szorosabb \u00e9rtelemben v\u00e9ve Csall\u00f3k\u00f6z) multikultur\u00e1lis t\u00e1rsadalm\u00e1t, \u00e9s \u00f6sszehasonl\u00edtsuk azt m\u00e1s (cseh, lengyel) hat\u00e1rmenti multikultur\u00e1lis r\u00e9gi\u00f3kkal a kult\u00fara \u00e9s nemzeti kisebbs\u00e9gi identit\u00e1s szempontj\u00e1b\u00f3l. Terepkutat\u00e1son kereszt\u00fcl dokument\u00e1ljuk a k\u00fcl\u00f6nb\u00f6z\u0151 \u00e9s k\u00f6z\u00f6s t\u00e9nyeket, \u00e9s Szlov\u00e1kia nyugati r\u00e9sz\u00e9n elter\u00fcl\u0151 hat\u00e1rmenti r\u00e9gi\u00f3k eredm\u00e9nyeit, ahol lengyel, magyar, n\u00e9met (osztr\u00e1k r\u00e9szen) \u00e9s cseh nemzeti kisebbs\u00e9gek \u00e9lnek. Ennek a feladatnak a kivitelez\u00e9se sor\u00e1n int\u00e9zm\u00e9ny\u00fcnk m\u00e1s region\u00e1lis szakemberekkel m\u0171k\u00f6dik egy\u00fctt. A kutat\u00e1s el\u0151re meghat\u00e1rozott feladatok \u00e9s k\u00e9rd\u0151\u00edvek alapj\u00e1n zajlott, \u00e9s az eredm\u00e9nyek a think-tank\u00fcnkben ker\u00fcltek v\u00e9gleges\u00edt\u00e9sre.\u00a0A kutat\u00e1s eredm\u00e9nyeit online, egy elektronikus publik\u00e1ci\u00f3ban tessz\u00fck weboldalunkon k\u00f6zz\u00e9. <\/strong><\/p>\n<p><a href=\"https:\/\/futureg.sk\/hu\/kozos-regionk-kutatas\/spolocny-region-futureg-2017-e-book\/\" rel=\"attachment wp-att-135\">Spolocny region FUTUREG 2017 e-book<\/a><a href=\"https:\/\/futureg.sk\/hu\/wp-content\/uploads\/sites\/2\/2017\/11\/Spolocny-region-UVSR-studia-20112017.doc\">\u00a0<\/a><strong>olvashatj\u00e1k el a kutat\u00e1st<\/strong><\/p>\n","protected":false},"excerpt":{"rendered":"<p>K\u00f6z\u00f6s r\u00e9gi\u00f3nk\u00a0 &#8211;\u00a0A hat\u00e1rmenti r\u00e9gi\u00f3 k\u00f6rnyezet\u00e9nek multikultur\u00e1lis kutat\u00e1sa A projekten bel\u00fcl azon dolgozunk, hogy vizsg\u00e1ljuk D\u00e9l-Szlov\u00e1kia hat\u00e1rmenti r\u00e9gi\u00f3j\u00e1nak (szorosabb \u00e9rtelemben v\u00e9ve Csall\u00f3k\u00f6z) multikultur\u00e1lis t\u00e1rsadalm\u00e1t, \u00e9s \u00f6sszehasonl\u00edtsuk azt m\u00e1s (cseh, lengyel) hat\u00e1rmenti multikultur\u00e1lis r\u00e9gi\u00f3kkal a kult\u00fara \u00e9s nemzeti kisebbs\u00e9gi identit\u00e1s szempontj\u00e1b\u00f3l. Terepkutat\u00e1son kereszt\u00fcl dokument\u00e1ljuk a k\u00fcl\u00f6nb\u00f6z\u0151 \u00e9s k\u00f6z\u00f6s t\u00e9nyeket, \u00e9s Szlov\u00e1kia nyugati r\u00e9sz\u00e9n elter\u00fcl\u0151 hat\u00e1rmenti r\u00e9gi\u00f3k [&hellip;]<\/p>\n","protected":false},"author":1,"featured_media":0,"parent":0,"menu_order":0,"comment_status":"closed","ping_status":"closed","template":"","meta":{"_monsterinsights_skip_tracking":false,"_monsterinsights_sitenote_active":false,"_monsterinsights_sitenote_note":"","_monsterinsights_sitenote_category":0,"footnotes":""},"class_list":["post-134","page","type-page","status-publish","hentry"],"yoast_head":"<!-- This site is optimized with the Yoast SEO plugin v26.1.1 - https:\/\/yoast.com\/wordpress\/plugins\/seo\/ -->\n<title>K\u00f6z\u00f6s r\u00e9gi\u00f3nk - kutat\u00e1s - FutuReg PT<\/title>\n<meta name=\"robots\" content=\"index, follow, max-snippet:-1, max-image-preview:large, max-video-preview:-1\" \/>\n<link rel=\"canonical\" href=\"https:\/\/futureg.sk\/hu\/kozos-regionk-kutatas\/\" \/>\n<meta property=\"og:locale\" content=\"hu_HU\" \/>\n<meta property=\"og:type\" content=\"article\" \/>\n<meta property=\"og:title\" content=\"K\u00f6z\u00f6s r\u00e9gi\u00f3nk - kutat\u00e1s - FutuReg PT\" \/>\n<meta property=\"og:description\" content=\"K\u00f6z\u00f6s r\u00e9gi\u00f3nk\u00a0 &#8211;\u00a0A hat\u00e1rmenti r\u00e9gi\u00f3 k\u00f6rnyezet\u00e9nek multikultur\u00e1lis kutat\u00e1sa A projekten bel\u00fcl azon dolgozunk, hogy vizsg\u00e1ljuk D\u00e9l-Szlov\u00e1kia hat\u00e1rmenti r\u00e9gi\u00f3j\u00e1nak (szorosabb \u00e9rtelemben v\u00e9ve Csall\u00f3k\u00f6z) multikultur\u00e1lis t\u00e1rsadalm\u00e1t, \u00e9s \u00f6sszehasonl\u00edtsuk azt m\u00e1s (cseh, lengyel) hat\u00e1rmenti multikultur\u00e1lis r\u00e9gi\u00f3kkal a kult\u00fara \u00e9s nemzeti kisebbs\u00e9gi identit\u00e1s szempontj\u00e1b\u00f3l. Terepkutat\u00e1son kereszt\u00fcl dokument\u00e1ljuk a k\u00fcl\u00f6nb\u00f6z\u0151 \u00e9s k\u00f6z\u00f6s t\u00e9nyeket, \u00e9s Szlov\u00e1kia nyugati r\u00e9sz\u00e9n elter\u00fcl\u0151 hat\u00e1rmenti r\u00e9gi\u00f3k [&hellip;]\" \/>\n<meta property=\"og:url\" content=\"https:\/\/futureg.sk\/hu\/kozos-regionk-kutatas\/\" \/>\n<meta property=\"og:site_name\" content=\"FutuReg PT\" \/>\n<meta name=\"twitter:card\" content=\"summary_large_image\" \/>\n<meta name=\"twitter:label1\" content=\"Becs\u00fclt olvas\u00e1si id\u0151\" \/>\n\t<meta name=\"twitter:data1\" content=\"1 perc\" \/>\n<script type=\"application\/ld+json\" class=\"yoast-schema-graph\">{\"@context\":\"https:\/\/schema.org\",\"@graph\":[{\"@type\":\"WebPage\",\"@id\":\"https:\/\/futureg.sk\/hu\/kozos-regionk-kutatas\/\",\"url\":\"https:\/\/futureg.sk\/hu\/kozos-regionk-kutatas\/\",\"name\":\"K\u00f6z\u00f6s r\u00e9gi\u00f3nk - kutat\u00e1s - FutuReg PT\",\"isPartOf\":{\"@id\":\"https:\/\/futureg.sk\/hu\/#website\"},\"datePublished\":\"2017-12-17T22:45:29+00:00\",\"breadcrumb\":{\"@id\":\"https:\/\/futureg.sk\/hu\/kozos-regionk-kutatas\/#breadcrumb\"},\"inLanguage\":\"hu\",\"potentialAction\":[{\"@type\":\"ReadAction\",\"target\":[\"https:\/\/futureg.sk\/hu\/kozos-regionk-kutatas\/\"]}]},{\"@type\":\"BreadcrumbList\",\"@id\":\"https:\/\/futureg.sk\/hu\/kozos-regionk-kutatas\/#breadcrumb\",\"itemListElement\":[{\"@type\":\"ListItem\",\"position\":1,\"name\":\"Home\",\"item\":\"https:\/\/futureg.sk\/hu\/\"},{\"@type\":\"ListItem\",\"position\":2,\"name\":\"K\u00f6z\u00f6s r\u00e9gi\u00f3nk &#8211; kutat\u00e1s\"}]},{\"@type\":\"WebSite\",\"@id\":\"https:\/\/futureg.sk\/hu\/#website\",\"url\":\"https:\/\/futureg.sk\/hu\/\",\"name\":\"FutuReg PT\",\"description\":\"R\u00e9gi\u00f3nk \u00e9s gyermekeink fejleszt\u00e9s\u00e9\u00e9rt\",\"potentialAction\":[{\"@type\":\"SearchAction\",\"target\":{\"@type\":\"EntryPoint\",\"urlTemplate\":\"https:\/\/futureg.sk\/hu\/?s={search_term_string}\"},\"query-input\":{\"@type\":\"PropertyValueSpecification\",\"valueRequired\":true,\"valueName\":\"search_term_string\"}}],\"inLanguage\":\"hu\"}]}<\/script>\n<!-- \/ Yoast SEO plugin. -->","yoast_head_json":{"title":"K\u00f6z\u00f6s r\u00e9gi\u00f3nk - kutat\u00e1s - FutuReg PT","robots":{"index":"index","follow":"follow","max-snippet":"max-snippet:-1","max-image-preview":"max-image-preview:large","max-video-preview":"max-video-preview:-1"},"canonical":"https:\/\/futureg.sk\/hu\/kozos-regionk-kutatas\/","og_locale":"hu_HU","og_type":"article","og_title":"K\u00f6z\u00f6s r\u00e9gi\u00f3nk - kutat\u00e1s - FutuReg PT","og_description":"K\u00f6z\u00f6s r\u00e9gi\u00f3nk\u00a0 &#8211;\u00a0A hat\u00e1rmenti r\u00e9gi\u00f3 k\u00f6rnyezet\u00e9nek multikultur\u00e1lis kutat\u00e1sa A projekten bel\u00fcl azon dolgozunk, hogy vizsg\u00e1ljuk D\u00e9l-Szlov\u00e1kia hat\u00e1rmenti r\u00e9gi\u00f3j\u00e1nak (szorosabb \u00e9rtelemben v\u00e9ve Csall\u00f3k\u00f6z) multikultur\u00e1lis t\u00e1rsadalm\u00e1t, \u00e9s \u00f6sszehasonl\u00edtsuk azt m\u00e1s (cseh, lengyel) hat\u00e1rmenti multikultur\u00e1lis r\u00e9gi\u00f3kkal a kult\u00fara \u00e9s nemzeti kisebbs\u00e9gi identit\u00e1s szempontj\u00e1b\u00f3l. Terepkutat\u00e1son kereszt\u00fcl dokument\u00e1ljuk a k\u00fcl\u00f6nb\u00f6z\u0151 \u00e9s k\u00f6z\u00f6s t\u00e9nyeket, \u00e9s Szlov\u00e1kia nyugati r\u00e9sz\u00e9n elter\u00fcl\u0151 hat\u00e1rmenti r\u00e9gi\u00f3k [&hellip;]","og_url":"https:\/\/futureg.sk\/hu\/kozos-regionk-kutatas\/","og_site_name":"FutuReg PT","twitter_card":"summary_large_image","twitter_misc":{"Becs\u00fclt olvas\u00e1si id\u0151":"1 perc"},"schema":{"@context":"https:\/\/schema.org","@graph":[{"@type":"WebPage","@id":"https:\/\/futureg.sk\/hu\/kozos-regionk-kutatas\/","url":"https:\/\/futureg.sk\/hu\/kozos-regionk-kutatas\/","name":"K\u00f6z\u00f6s r\u00e9gi\u00f3nk - kutat\u00e1s - FutuReg PT","isPartOf":{"@id":"https:\/\/futureg.sk\/hu\/#website"},"datePublished":"2017-12-17T22:45:29+00:00","breadcrumb":{"@id":"https:\/\/futureg.sk\/hu\/kozos-regionk-kutatas\/#breadcrumb"},"inLanguage":"hu","potentialAction":[{"@type":"ReadAction","target":["https:\/\/futureg.sk\/hu\/kozos-regionk-kutatas\/"]}]},{"@type":"BreadcrumbList","@id":"https:\/\/futureg.sk\/hu\/kozos-regionk-kutatas\/#breadcrumb","itemListElement":[{"@type":"ListItem","position":1,"name":"Home","item":"https:\/\/futureg.sk\/hu\/"},{"@type":"ListItem","position":2,"name":"K\u00f6z\u00f6s r\u00e9gi\u00f3nk &#8211; kutat\u00e1s"}]},{"@type":"WebSite","@id":"https:\/\/futureg.sk\/hu\/#website","url":"https:\/\/futureg.sk\/hu\/","name":"FutuReg PT","description":"R\u00e9gi\u00f3nk \u00e9s gyermekeink fejleszt\u00e9s\u00e9\u00e9rt","potentialAction":[{"@type":"SearchAction","target":{"@type":"EntryPoint","urlTemplate":"https:\/\/futureg.sk\/hu\/?s={search_term_string}"},"query-input":{"@type":"PropertyValueSpecification","valueRequired":true,"valueName":"search_term_string"}}],"inLanguage":"hu"}]}},"_links":{"self":[{"href":"https:\/\/futureg.sk\/hu\/wp-json\/wp\/v2\/pages\/134","targetHints":{"allow":["GET"]}}],"collection":[{"href":"https:\/\/futureg.sk\/hu\/wp-json\/wp\/v2\/pages"}],"about":[{"href":"https:\/\/futureg.sk\/hu\/wp-json\/wp\/v2\/types\/page"}],"author":[{"embeddable":true,"href":"https:\/\/futureg.sk\/hu\/wp-json\/wp\/v2\/users\/1"}],"replies":[{"embeddable":true,"href":"https:\/\/futureg.sk\/hu\/wp-json\/wp\/v2\/comments?post=134"}],"version-history":[{"count":2,"href":"https:\/\/futureg.sk\/hu\/wp-json\/wp\/v2\/pages\/134\/revisions"}],"predecessor-version":[{"id":137,"href":"https:\/\/futureg.sk\/hu\/wp-json\/wp\/v2\/pages\/134\/revisions\/137"}],"wp:attachment":[{"href":"https:\/\/futureg.sk\/hu\/wp-json\/wp\/v2\/media?parent=134"}],"curies":[{"name":"wp","href":"https:\/\/api.w.org\/{rel}","templated":true}]}}