{"id":127,"date":"2017-12-17T22:43:17","date_gmt":"2017-12-17T22:43:17","guid":{"rendered":"http:\/\/futureg.sk\/hu\/?page_id=127"},"modified":"2020-10-10T23:48:45","modified_gmt":"2020-10-10T23:48:45","slug":"minority-kids-2","status":"publish","type":"page","link":"https:\/\/futureg.sk\/hu\/minority-kids-2\/","title":{"rendered":"MultiKultiKidss"},"content":{"rendered":"<p>Minority Kids<\/p>\n<p>A Minoritykids.sk projekt, \u00e9s egyben az online tan\u00e1csad\u00e1si fel\u00fclet kisebbs\u00e9gben \u00e9l\u0151 gyerekekkel foglalkozik. A kulcsszavaink a gyerekek es\u00e9lyegyenl\u0151s\u00e9ge, az ENSZ Gyermekjogi egyezm\u00e9ny szerint a gyerekek legjobb \u00e9rdeke, effekt\u00edv gyereknevel\u00e9s, gyerekek \u00e9s any\u00e1k helye a t\u00e1rsadalomban, gyermek \u00e9s anya k\u00f6z\u00f6s \u00fatja a tisztess\u00e9ges sz\u00fclet\u00e9st\u0151l eg\u00e9szen az alternat\u00edv m\u00f3dszereken \u00e1t az anyanyelvi oktat\u00e1sig. Jelszavunk a 3MK. A kicsi gyerekek (Minor Kids) v\u00e9delme, akik nemzeti kisebbs\u00e9gben \u00e9lnek (Minority Kids), \u00e9s multikultur\u00e1lis k\u00f6zeg\u00fckben a gyermek legjobb \u00e9rdekeinek felt\u00e9teleit kell alkalmazni. A szakmai anyag fontos mot\u00edvuma a region\u00e1lis inform\u00e1ci\u00f3k mellett az a gondolat, hogy\u201d A gyermekeknek nagyobb sz\u00fcks\u00e9g\u00fck van p\u00e9ldak\u00e9pre, mint b\u00edr\u00e1latra.\u201d (Joseph Joubert)<\/p>\n<p>MultiKultiKids<\/p>\n<p>A projekt c\u00e9lja olyan rendezv\u00e9nysorozat szervez\u00e9se, amely keretein bel\u00fcl multikultur\u00e1lis tal\u00e1lkoz\u00e1sok val\u00f3sulnak meg, ahol a magyar \u00e9s m\u00e1s kisebbs\u00e9gek gyermekei \u00e9s a t\u00f6bbs\u00e9gi \u2013 szlov\u00e1k \u2013 t\u00e1radalom tagjai besz\u00e9lget\u00e9sek form\u00e1j\u00e1ban ismerkedhetnek meg egym\u00e1ssal. A tal\u00e1lkoz\u00e1sok azzal a sz\u00e1nd\u00e9kkal j\u00f6nnek l\u00e9tre, hogy a\u00a0r\u00e9sztvev\u0151k a gyerekek \u00e9s kisebbs\u00e9gi csal\u00e1dok konkr\u00e9t helyzet\u00e9t is vizsg\u00e1lj\u00e1k a kult\u00fara kontextus\u00e1ban.\u00a0 A megh\u00edvottak k\u00f6z\u00f6tt roma \u00e9s magyar gyerekek, valamint a FutuReg polg\u00e1ri t\u00e1rsul\u00e1s Minority Kids projektj\u00e9nek r\u00e9sztvev\u0151i szerepelnek. A rendezv\u00e9nyek sor\u00e1n a r\u00e9sztvev\u0151 gyerekek \u00e9s sz\u00fcleik toler\u00e1ns k\u00f6rnyezetben a www.minoritykids.fonix.sk port\u00e1lon el\u00e9rhet\u0151 t\u00e9m\u00e1kra \u00f6sszpontos\u00edtanak, egy\u00fcttm\u0171k\u00f6dve nemcsak nevel\u00e9si szak\u00e9rt\u0151kkel, de hangs\u00falyozva a k\u00f6z\u00f6s kult\u00far\u00e1t is. A tolerancia, az antidiszkrimin\u00e1ci\u00f3, mint ahogy a rasszizmus elnyom\u00e1sa a tisztess\u00e9ges, toler\u00e1ns t\u00e1rsadalmi \u00e9let alapja. A projekt c\u00e9ljai k\u00f6zt szerepel t\u00f6bbek k\u00f6z\u00f6tt a multikultur\u00e1lis nevel\u00e9s fejleszt\u00e9se, \u00e9s annak el\u0151seg\u00edt\u00e9se, hogy a t\u00f6bbs\u00e9gi t\u00e1rsadalom elismerje, elfogadja a nemzeti kisebbs\u00e9gek soksz\u00edn\u0171s\u00e9g\u00e9t \u00e9s jogait. A projekt keretein bel\u00fcl c\u00e9l a kisebbs\u00e9gi jogok ir\u00e1nti tisztelet er\u0151s\u00edt\u00e9se, amit a sz\u00fcl\u0151k sz\u00e1m\u00e1ra kialak\u00edtott tr\u00e9ningek szervez\u00e9s\u00e9vel \u00e9s egy praktikus k\u00e9zik\u00f6nyv anyag\u00e1nak bemutat\u00e1s\u00e1val terveznek el\u00e9rni a szervez\u0151k. A projekt j\u00f6v\u0151beli c\u00e9ljai m\u00e9g a helyi sz\u00fcl\u0151k \u00e9s akt\u00edv \u00e9desany\u00e1k k\u00f6z\u00f6ss\u00e9g\u00e9nek ki\u00e9p\u00edt\u00e9se, t\u00e1mogat\u00e1sa a multikultur\u00e1lis k\u00f6zegben t\u00f6rt\u00e9n\u0151 nevel\u00e9s ter\u00fclet\u00e9n. C\u00e9lunk egy k\u00e9zik\u00f6nyv kiad\u00e1sa voltuink, amely seg\u00edts\u00e9get ny\u00fajt a gyerekek multikultur\u00e1lis nevel\u00e9s\u00e9hez, \u00e9s amely seg\u00edt tov\u00e1bbfejleszteni a kutat\u00e1si-tudom\u00e1nyos folyamatba be\u00e9p\u00edtett didaktikai \u00e9s metodikai kompetenci\u00e1kat.<\/p>\n<p><a href=\"https:\/\/futureg.sk\/hu\/minority-kids-2\/multikultikids\/\" rel=\"attachment wp-att-128\">MULTIKULTIKIDS<\/a><\/p>\n","protected":false},"excerpt":{"rendered":"<p>Minority Kids A Minoritykids.sk projekt, \u00e9s egyben az online tan\u00e1csad\u00e1si fel\u00fclet kisebbs\u00e9gben \u00e9l\u0151 gyerekekkel foglalkozik. A kulcsszavaink a gyerekek es\u00e9lyegyenl\u0151s\u00e9ge, az ENSZ Gyermekjogi egyezm\u00e9ny szerint a gyerekek legjobb \u00e9rdeke, effekt\u00edv gyereknevel\u00e9s, gyerekek \u00e9s any\u00e1k helye a t\u00e1rsadalomban, gyermek \u00e9s anya k\u00f6z\u00f6s \u00fatja a tisztess\u00e9ges sz\u00fclet\u00e9st\u0151l eg\u00e9szen az alternat\u00edv m\u00f3dszereken \u00e1t az anyanyelvi oktat\u00e1sig. Jelszavunk a [&hellip;]<\/p>\n","protected":false},"author":1,"featured_media":0,"parent":0,"menu_order":0,"comment_status":"closed","ping_status":"closed","template":"","meta":{"_monsterinsights_skip_tracking":false,"_monsterinsights_sitenote_active":false,"_monsterinsights_sitenote_note":"","_monsterinsights_sitenote_category":0,"footnotes":""},"class_list":["post-127","page","type-page","status-publish","hentry"],"yoast_head":"<!-- This site is optimized with the Yoast SEO plugin v26.1.1 - https:\/\/yoast.com\/wordpress\/plugins\/seo\/ -->\n<title>MultiKultiKidss - FutuReg PT<\/title>\n<meta name=\"robots\" content=\"index, follow, max-snippet:-1, max-image-preview:large, max-video-preview:-1\" \/>\n<link rel=\"canonical\" href=\"https:\/\/futureg.sk\/hu\/minority-kids-2\/\" \/>\n<meta property=\"og:locale\" content=\"hu_HU\" \/>\n<meta property=\"og:type\" content=\"article\" \/>\n<meta property=\"og:title\" content=\"MultiKultiKidss - FutuReg PT\" \/>\n<meta property=\"og:description\" content=\"Minority Kids A Minoritykids.sk projekt, \u00e9s egyben az online tan\u00e1csad\u00e1si fel\u00fclet kisebbs\u00e9gben \u00e9l\u0151 gyerekekkel foglalkozik. A kulcsszavaink a gyerekek es\u00e9lyegyenl\u0151s\u00e9ge, az ENSZ Gyermekjogi egyezm\u00e9ny szerint a gyerekek legjobb \u00e9rdeke, effekt\u00edv gyereknevel\u00e9s, gyerekek \u00e9s any\u00e1k helye a t\u00e1rsadalomban, gyermek \u00e9s anya k\u00f6z\u00f6s \u00fatja a tisztess\u00e9ges sz\u00fclet\u00e9st\u0151l eg\u00e9szen az alternat\u00edv m\u00f3dszereken \u00e1t az anyanyelvi oktat\u00e1sig. Jelszavunk a [&hellip;]\" \/>\n<meta property=\"og:url\" content=\"https:\/\/futureg.sk\/hu\/minority-kids-2\/\" \/>\n<meta property=\"og:site_name\" content=\"FutuReg PT\" \/>\n<meta property=\"article:modified_time\" content=\"2020-10-10T23:48:45+00:00\" \/>\n<meta name=\"twitter:card\" content=\"summary_large_image\" \/>\n<meta name=\"twitter:label1\" content=\"Becs\u00fclt olvas\u00e1si id\u0151\" \/>\n\t<meta name=\"twitter:data1\" content=\"3 perc\" \/>\n<script type=\"application\/ld+json\" class=\"yoast-schema-graph\">{\"@context\":\"https:\/\/schema.org\",\"@graph\":[{\"@type\":\"WebPage\",\"@id\":\"https:\/\/futureg.sk\/hu\/minority-kids-2\/\",\"url\":\"https:\/\/futureg.sk\/hu\/minority-kids-2\/\",\"name\":\"MultiKultiKidss - FutuReg PT\",\"isPartOf\":{\"@id\":\"https:\/\/futureg.sk\/hu\/#website\"},\"datePublished\":\"2017-12-17T22:43:17+00:00\",\"dateModified\":\"2020-10-10T23:48:45+00:00\",\"breadcrumb\":{\"@id\":\"https:\/\/futureg.sk\/hu\/minority-kids-2\/#breadcrumb\"},\"inLanguage\":\"hu\",\"potentialAction\":[{\"@type\":\"ReadAction\",\"target\":[\"https:\/\/futureg.sk\/hu\/minority-kids-2\/\"]}]},{\"@type\":\"BreadcrumbList\",\"@id\":\"https:\/\/futureg.sk\/hu\/minority-kids-2\/#breadcrumb\",\"itemListElement\":[{\"@type\":\"ListItem\",\"position\":1,\"name\":\"Home\",\"item\":\"https:\/\/futureg.sk\/hu\/\"},{\"@type\":\"ListItem\",\"position\":2,\"name\":\"MultiKultiKidss\"}]},{\"@type\":\"WebSite\",\"@id\":\"https:\/\/futureg.sk\/hu\/#website\",\"url\":\"https:\/\/futureg.sk\/hu\/\",\"name\":\"FutuReg PT\",\"description\":\"R\u00e9gi\u00f3nk \u00e9s gyermekeink fejleszt\u00e9s\u00e9\u00e9rt\",\"potentialAction\":[{\"@type\":\"SearchAction\",\"target\":{\"@type\":\"EntryPoint\",\"urlTemplate\":\"https:\/\/futureg.sk\/hu\/?s={search_term_string}\"},\"query-input\":{\"@type\":\"PropertyValueSpecification\",\"valueRequired\":true,\"valueName\":\"search_term_string\"}}],\"inLanguage\":\"hu\"}]}<\/script>\n<!-- \/ Yoast SEO plugin. -->","yoast_head_json":{"title":"MultiKultiKidss - FutuReg PT","robots":{"index":"index","follow":"follow","max-snippet":"max-snippet:-1","max-image-preview":"max-image-preview:large","max-video-preview":"max-video-preview:-1"},"canonical":"https:\/\/futureg.sk\/hu\/minority-kids-2\/","og_locale":"hu_HU","og_type":"article","og_title":"MultiKultiKidss - FutuReg PT","og_description":"Minority Kids A Minoritykids.sk projekt, \u00e9s egyben az online tan\u00e1csad\u00e1si fel\u00fclet kisebbs\u00e9gben \u00e9l\u0151 gyerekekkel foglalkozik. A kulcsszavaink a gyerekek es\u00e9lyegyenl\u0151s\u00e9ge, az ENSZ Gyermekjogi egyezm\u00e9ny szerint a gyerekek legjobb \u00e9rdeke, effekt\u00edv gyereknevel\u00e9s, gyerekek \u00e9s any\u00e1k helye a t\u00e1rsadalomban, gyermek \u00e9s anya k\u00f6z\u00f6s \u00fatja a tisztess\u00e9ges sz\u00fclet\u00e9st\u0151l eg\u00e9szen az alternat\u00edv m\u00f3dszereken \u00e1t az anyanyelvi oktat\u00e1sig. Jelszavunk a [&hellip;]","og_url":"https:\/\/futureg.sk\/hu\/minority-kids-2\/","og_site_name":"FutuReg PT","article_modified_time":"2020-10-10T23:48:45+00:00","twitter_card":"summary_large_image","twitter_misc":{"Becs\u00fclt olvas\u00e1si id\u0151":"3 perc"},"schema":{"@context":"https:\/\/schema.org","@graph":[{"@type":"WebPage","@id":"https:\/\/futureg.sk\/hu\/minority-kids-2\/","url":"https:\/\/futureg.sk\/hu\/minority-kids-2\/","name":"MultiKultiKidss - FutuReg PT","isPartOf":{"@id":"https:\/\/futureg.sk\/hu\/#website"},"datePublished":"2017-12-17T22:43:17+00:00","dateModified":"2020-10-10T23:48:45+00:00","breadcrumb":{"@id":"https:\/\/futureg.sk\/hu\/minority-kids-2\/#breadcrumb"},"inLanguage":"hu","potentialAction":[{"@type":"ReadAction","target":["https:\/\/futureg.sk\/hu\/minority-kids-2\/"]}]},{"@type":"BreadcrumbList","@id":"https:\/\/futureg.sk\/hu\/minority-kids-2\/#breadcrumb","itemListElement":[{"@type":"ListItem","position":1,"name":"Home","item":"https:\/\/futureg.sk\/hu\/"},{"@type":"ListItem","position":2,"name":"MultiKultiKidss"}]},{"@type":"WebSite","@id":"https:\/\/futureg.sk\/hu\/#website","url":"https:\/\/futureg.sk\/hu\/","name":"FutuReg PT","description":"R\u00e9gi\u00f3nk \u00e9s gyermekeink fejleszt\u00e9s\u00e9\u00e9rt","potentialAction":[{"@type":"SearchAction","target":{"@type":"EntryPoint","urlTemplate":"https:\/\/futureg.sk\/hu\/?s={search_term_string}"},"query-input":{"@type":"PropertyValueSpecification","valueRequired":true,"valueName":"search_term_string"}}],"inLanguage":"hu"}]}},"_links":{"self":[{"href":"https:\/\/futureg.sk\/hu\/wp-json\/wp\/v2\/pages\/127","targetHints":{"allow":["GET"]}}],"collection":[{"href":"https:\/\/futureg.sk\/hu\/wp-json\/wp\/v2\/pages"}],"about":[{"href":"https:\/\/futureg.sk\/hu\/wp-json\/wp\/v2\/types\/page"}],"author":[{"embeddable":true,"href":"https:\/\/futureg.sk\/hu\/wp-json\/wp\/v2\/users\/1"}],"replies":[{"embeddable":true,"href":"https:\/\/futureg.sk\/hu\/wp-json\/wp\/v2\/comments?post=127"}],"version-history":[{"count":4,"href":"https:\/\/futureg.sk\/hu\/wp-json\/wp\/v2\/pages\/127\/revisions"}],"predecessor-version":[{"id":405,"href":"https:\/\/futureg.sk\/hu\/wp-json\/wp\/v2\/pages\/127\/revisions\/405"}],"wp:attachment":[{"href":"https:\/\/futureg.sk\/hu\/wp-json\/wp\/v2\/media?parent=127"}],"curies":[{"name":"wp","href":"https:\/\/api.w.org\/{rel}","templated":true}]}}