{"id":123,"date":"2017-12-17T22:36:24","date_gmt":"2017-12-17T22:36:24","guid":{"rendered":"http:\/\/futureg.sk\/hu\/?page_id=123"},"modified":"2020-10-10T23:41:19","modified_gmt":"2020-10-10T23:41:19","slug":"multikulturalis-mesek","status":"publish","type":"page","link":"https:\/\/futureg.sk\/hu\/multikulturalis-mesek\/","title":{"rendered":"Multikultur\u00e1lis mes\u00e9k"},"content":{"rendered":"<p>A projekt c\u00e9lja multikultur\u00e1lis mes\u00e9s tal\u00e1lkoz\u00f3k szervez\u00e9se mindenekel\u0151tt a magyar, cseh \u00e9s roma gyerekeknek \u00e9s sz\u00fcleiknek. Az \u00e9lm\u00e9nyk\u00f6zpont\u00fa workshop megval\u00f3s\u00edt\u00e1sakor a gyerekek \u00e9s szakemberek egy\u00fctt dolgoznak, k\u00f6z\u00f6sen alkotnak vegyes k\u00f6rnyezetben, ahol a gyerekek k\u00e9pes-sz\u00f6veges bemutat\u00f3n kereszt\u00fcl vizualiz\u00e1lhatj\u00e1k az irodalom, a mes\u00e9k \u00e9s a hagyom\u00e1nyok sz\u00e9ps\u00e9g\u00e9t, mik\u00f6zben megismerik a nemzet, a nemzeti kisebbs\u00e9g \u00e9s a r\u00e9gi\u00f3 kult\u00far\u00e1j\u00e1t, valamint megtanulj\u00e1k annak szok\u00e1sait. A projekt a nemzeti kisebbs\u00e9gek k\u00e9pvisel\u0151i k\u00f6zt fenn\u00e1ll\u00f3 akad\u00e1lyok lek\u00fczd\u00e9s\u00e9re ir\u00e1nyul. Ezek az akad\u00e1lyok az ugyanabban a t\u00e9rs\u00e9gben \u00e9l\u0151 t\u00f6bbs\u00e9gi, kisebbs\u00e9gi, etnikai \u00e9s kultur\u00e1lis csoportok k\u00f6zti k\u00f6lcs\u00f6n\u00f6s megismer\u00e9s \u00e9s meg\u00e9rt\u00e9s hi\u00e1ny\u00e1b\u00f3l fakadnak. Els\u0151sorban a d\u00e9l -szlov\u00e1kiai vid\u00e9kek azok a ter\u00fcletek, ahol a szlov\u00e1k, magyar \u00e9s roma lakoss\u00e1g egy\u00fctt \u00e9l m\u00e1r t\u00f6bb \u00e9vsz\u00e1zada. Ennek ellen\u00e9re m\u00e9g mindig nem rendelkeznek elegend\u0151 ismerettel egym\u00e1s kult\u00far\u00e1j\u00e1r\u00f3l, mes\u00e9ir\u0151l, gyermekirodalm\u00e1r\u00f3l \u00e9s szok\u00e1sair\u00f3l.<\/p>\n<p><a href=\"http:\/\/futureg.sk\/blog\/2017\/05\/24\/multikulturne-rozpravky-i-pozsonyi-mesek-bratislavske-rozpravky\/\"><strong>Multikultur\u00e1lis mes\u00e9k I &#8211; Pozsonyi mes\u00e9k<\/strong><\/a><\/p>\n<p><a href=\"http:\/\/futureg.sk\/blog\/2017\/05\/27\/multikulturne-rozpravky-ii-somorjai-mesek-samorinske-rozpravky\/\"><strong>Multikultur\u00e1lis mes\u00e9k II &#8211; Somorjai mes\u00e9k<\/strong><\/a><\/p>\n<p><strong>Multikultur\u00e1lis mes\u00e9k III <\/strong>&#8211; Csall\u00f3k\u00f6zi mes\u00e9k<\/p>\n<p><strong>Multikultur\u00e1lis mes\u00e9k\u00a0 IV- <\/strong>Roma mes\u00e9k<\/p>\n<p><a href=\"https:\/\/futureg.sk\/hu\/multikulturalis-mesek\/multikulti-plakat\/\" rel=\"attachment wp-att-124\"><img loading=\"lazy\" decoding=\"async\" class=\"alignnone size-medium wp-image-124\" src=\"https:\/\/futureg.sk\/hu\/wp-content\/uploads\/sites\/2\/2017\/12\/multikulti-plakat-212x300.jpg\" alt=\"\" width=\"212\" height=\"300\" srcset=\"https:\/\/futureg.sk\/hu\/wp-content\/uploads\/sites\/2\/2017\/12\/multikulti-plakat-212x300.jpg 212w, https:\/\/futureg.sk\/hu\/wp-content\/uploads\/sites\/2\/2017\/12\/multikulti-plakat-768x1088.jpg 768w, https:\/\/futureg.sk\/hu\/wp-content\/uploads\/sites\/2\/2017\/12\/multikulti-plakat-723x1024.jpg 723w, https:\/\/futureg.sk\/hu\/wp-content\/uploads\/sites\/2\/2017\/12\/multikulti-plakat.jpg 1052w\" sizes=\"auto, (max-width: 212px) 100vw, 212px\" \/><\/a><\/p>\n","protected":false},"excerpt":{"rendered":"<p>A projekt c\u00e9lja multikultur\u00e1lis mes\u00e9s tal\u00e1lkoz\u00f3k szervez\u00e9se mindenekel\u0151tt a magyar, cseh \u00e9s roma gyerekeknek \u00e9s sz\u00fcleiknek. Az \u00e9lm\u00e9nyk\u00f6zpont\u00fa workshop megval\u00f3s\u00edt\u00e1sakor a gyerekek \u00e9s szakemberek egy\u00fctt dolgoznak, k\u00f6z\u00f6sen alkotnak vegyes k\u00f6rnyezetben, ahol a gyerekek k\u00e9pes-sz\u00f6veges bemutat\u00f3n kereszt\u00fcl vizualiz\u00e1lhatj\u00e1k az irodalom, a mes\u00e9k \u00e9s a hagyom\u00e1nyok sz\u00e9ps\u00e9g\u00e9t, mik\u00f6zben megismerik a nemzet, a nemzeti kisebbs\u00e9g \u00e9s a r\u00e9gi\u00f3 [&hellip;]<\/p>\n","protected":false},"author":1,"featured_media":0,"parent":0,"menu_order":0,"comment_status":"closed","ping_status":"closed","template":"","meta":{"_monsterinsights_skip_tracking":false,"_monsterinsights_sitenote_active":false,"_monsterinsights_sitenote_note":"","_monsterinsights_sitenote_category":0,"footnotes":""},"class_list":["post-123","page","type-page","status-publish","hentry"],"yoast_head":"<!-- This site is optimized with the Yoast SEO plugin v26.1.1 - https:\/\/yoast.com\/wordpress\/plugins\/seo\/ -->\n<title>Multikultur\u00e1lis mes\u00e9k - FutuReg PT<\/title>\n<meta name=\"robots\" content=\"index, follow, max-snippet:-1, max-image-preview:large, max-video-preview:-1\" \/>\n<link rel=\"canonical\" href=\"https:\/\/futureg.sk\/hu\/multikulturalis-mesek\/\" \/>\n<meta property=\"og:locale\" content=\"hu_HU\" \/>\n<meta property=\"og:type\" content=\"article\" \/>\n<meta property=\"og:title\" content=\"Multikultur\u00e1lis mes\u00e9k - FutuReg PT\" \/>\n<meta property=\"og:description\" content=\"A projekt c\u00e9lja multikultur\u00e1lis mes\u00e9s tal\u00e1lkoz\u00f3k szervez\u00e9se mindenekel\u0151tt a magyar, cseh \u00e9s roma gyerekeknek \u00e9s sz\u00fcleiknek. Az \u00e9lm\u00e9nyk\u00f6zpont\u00fa workshop megval\u00f3s\u00edt\u00e1sakor a gyerekek \u00e9s szakemberek egy\u00fctt dolgoznak, k\u00f6z\u00f6sen alkotnak vegyes k\u00f6rnyezetben, ahol a gyerekek k\u00e9pes-sz\u00f6veges bemutat\u00f3n kereszt\u00fcl vizualiz\u00e1lhatj\u00e1k az irodalom, a mes\u00e9k \u00e9s a hagyom\u00e1nyok sz\u00e9ps\u00e9g\u00e9t, mik\u00f6zben megismerik a nemzet, a nemzeti kisebbs\u00e9g \u00e9s a r\u00e9gi\u00f3 [&hellip;]\" \/>\n<meta property=\"og:url\" content=\"https:\/\/futureg.sk\/hu\/multikulturalis-mesek\/\" \/>\n<meta property=\"og:site_name\" content=\"FutuReg PT\" \/>\n<meta property=\"article:modified_time\" content=\"2020-10-10T23:41:19+00:00\" \/>\n<meta property=\"og:image\" content=\"http:\/\/futureg.sk\/hu\/wp-content\/uploads\/sites\/2\/2017\/12\/multikulti-plakat-212x300.jpg\" \/>\n<meta name=\"twitter:card\" content=\"summary_large_image\" \/>\n<meta name=\"twitter:label1\" content=\"Becs\u00fclt olvas\u00e1si id\u0151\" \/>\n\t<meta name=\"twitter:data1\" content=\"1 perc\" \/>\n<script type=\"application\/ld+json\" class=\"yoast-schema-graph\">{\"@context\":\"https:\/\/schema.org\",\"@graph\":[{\"@type\":\"WebPage\",\"@id\":\"https:\/\/futureg.sk\/hu\/multikulturalis-mesek\/\",\"url\":\"https:\/\/futureg.sk\/hu\/multikulturalis-mesek\/\",\"name\":\"Multikultur\u00e1lis mes\u00e9k - FutuReg PT\",\"isPartOf\":{\"@id\":\"https:\/\/futureg.sk\/hu\/#website\"},\"primaryImageOfPage\":{\"@id\":\"https:\/\/futureg.sk\/hu\/multikulturalis-mesek\/#primaryimage\"},\"image\":{\"@id\":\"https:\/\/futureg.sk\/hu\/multikulturalis-mesek\/#primaryimage\"},\"thumbnailUrl\":\"http:\/\/futureg.sk\/hu\/wp-content\/uploads\/sites\/2\/2017\/12\/multikulti-plakat-212x300.jpg\",\"datePublished\":\"2017-12-17T22:36:24+00:00\",\"dateModified\":\"2020-10-10T23:41:19+00:00\",\"breadcrumb\":{\"@id\":\"https:\/\/futureg.sk\/hu\/multikulturalis-mesek\/#breadcrumb\"},\"inLanguage\":\"hu\",\"potentialAction\":[{\"@type\":\"ReadAction\",\"target\":[\"https:\/\/futureg.sk\/hu\/multikulturalis-mesek\/\"]}]},{\"@type\":\"ImageObject\",\"inLanguage\":\"hu\",\"@id\":\"https:\/\/futureg.sk\/hu\/multikulturalis-mesek\/#primaryimage\",\"url\":\"http:\/\/futureg.sk\/hu\/wp-content\/uploads\/sites\/2\/2017\/12\/multikulti-plakat-212x300.jpg\",\"contentUrl\":\"http:\/\/futureg.sk\/hu\/wp-content\/uploads\/sites\/2\/2017\/12\/multikulti-plakat-212x300.jpg\"},{\"@type\":\"BreadcrumbList\",\"@id\":\"https:\/\/futureg.sk\/hu\/multikulturalis-mesek\/#breadcrumb\",\"itemListElement\":[{\"@type\":\"ListItem\",\"position\":1,\"name\":\"Home\",\"item\":\"https:\/\/futureg.sk\/hu\/\"},{\"@type\":\"ListItem\",\"position\":2,\"name\":\"Multikultur\u00e1lis mes\u00e9k\"}]},{\"@type\":\"WebSite\",\"@id\":\"https:\/\/futureg.sk\/hu\/#website\",\"url\":\"https:\/\/futureg.sk\/hu\/\",\"name\":\"FutuReg PT\",\"description\":\"R\u00e9gi\u00f3nk \u00e9s gyermekeink fejleszt\u00e9s\u00e9\u00e9rt\",\"potentialAction\":[{\"@type\":\"SearchAction\",\"target\":{\"@type\":\"EntryPoint\",\"urlTemplate\":\"https:\/\/futureg.sk\/hu\/?s={search_term_string}\"},\"query-input\":{\"@type\":\"PropertyValueSpecification\",\"valueRequired\":true,\"valueName\":\"search_term_string\"}}],\"inLanguage\":\"hu\"}]}<\/script>\n<!-- \/ Yoast SEO plugin. -->","yoast_head_json":{"title":"Multikultur\u00e1lis mes\u00e9k - FutuReg PT","robots":{"index":"index","follow":"follow","max-snippet":"max-snippet:-1","max-image-preview":"max-image-preview:large","max-video-preview":"max-video-preview:-1"},"canonical":"https:\/\/futureg.sk\/hu\/multikulturalis-mesek\/","og_locale":"hu_HU","og_type":"article","og_title":"Multikultur\u00e1lis mes\u00e9k - FutuReg PT","og_description":"A projekt c\u00e9lja multikultur\u00e1lis mes\u00e9s tal\u00e1lkoz\u00f3k szervez\u00e9se mindenekel\u0151tt a magyar, cseh \u00e9s roma gyerekeknek \u00e9s sz\u00fcleiknek. Az \u00e9lm\u00e9nyk\u00f6zpont\u00fa workshop megval\u00f3s\u00edt\u00e1sakor a gyerekek \u00e9s szakemberek egy\u00fctt dolgoznak, k\u00f6z\u00f6sen alkotnak vegyes k\u00f6rnyezetben, ahol a gyerekek k\u00e9pes-sz\u00f6veges bemutat\u00f3n kereszt\u00fcl vizualiz\u00e1lhatj\u00e1k az irodalom, a mes\u00e9k \u00e9s a hagyom\u00e1nyok sz\u00e9ps\u00e9g\u00e9t, mik\u00f6zben megismerik a nemzet, a nemzeti kisebbs\u00e9g \u00e9s a r\u00e9gi\u00f3 [&hellip;]","og_url":"https:\/\/futureg.sk\/hu\/multikulturalis-mesek\/","og_site_name":"FutuReg PT","article_modified_time":"2020-10-10T23:41:19+00:00","og_image":[{"url":"http:\/\/futureg.sk\/hu\/wp-content\/uploads\/sites\/2\/2017\/12\/multikulti-plakat-212x300.jpg","type":"","width":"","height":""}],"twitter_card":"summary_large_image","twitter_misc":{"Becs\u00fclt olvas\u00e1si id\u0151":"1 perc"},"schema":{"@context":"https:\/\/schema.org","@graph":[{"@type":"WebPage","@id":"https:\/\/futureg.sk\/hu\/multikulturalis-mesek\/","url":"https:\/\/futureg.sk\/hu\/multikulturalis-mesek\/","name":"Multikultur\u00e1lis mes\u00e9k - FutuReg PT","isPartOf":{"@id":"https:\/\/futureg.sk\/hu\/#website"},"primaryImageOfPage":{"@id":"https:\/\/futureg.sk\/hu\/multikulturalis-mesek\/#primaryimage"},"image":{"@id":"https:\/\/futureg.sk\/hu\/multikulturalis-mesek\/#primaryimage"},"thumbnailUrl":"http:\/\/futureg.sk\/hu\/wp-content\/uploads\/sites\/2\/2017\/12\/multikulti-plakat-212x300.jpg","datePublished":"2017-12-17T22:36:24+00:00","dateModified":"2020-10-10T23:41:19+00:00","breadcrumb":{"@id":"https:\/\/futureg.sk\/hu\/multikulturalis-mesek\/#breadcrumb"},"inLanguage":"hu","potentialAction":[{"@type":"ReadAction","target":["https:\/\/futureg.sk\/hu\/multikulturalis-mesek\/"]}]},{"@type":"ImageObject","inLanguage":"hu","@id":"https:\/\/futureg.sk\/hu\/multikulturalis-mesek\/#primaryimage","url":"http:\/\/futureg.sk\/hu\/wp-content\/uploads\/sites\/2\/2017\/12\/multikulti-plakat-212x300.jpg","contentUrl":"http:\/\/futureg.sk\/hu\/wp-content\/uploads\/sites\/2\/2017\/12\/multikulti-plakat-212x300.jpg"},{"@type":"BreadcrumbList","@id":"https:\/\/futureg.sk\/hu\/multikulturalis-mesek\/#breadcrumb","itemListElement":[{"@type":"ListItem","position":1,"name":"Home","item":"https:\/\/futureg.sk\/hu\/"},{"@type":"ListItem","position":2,"name":"Multikultur\u00e1lis mes\u00e9k"}]},{"@type":"WebSite","@id":"https:\/\/futureg.sk\/hu\/#website","url":"https:\/\/futureg.sk\/hu\/","name":"FutuReg PT","description":"R\u00e9gi\u00f3nk \u00e9s gyermekeink fejleszt\u00e9s\u00e9\u00e9rt","potentialAction":[{"@type":"SearchAction","target":{"@type":"EntryPoint","urlTemplate":"https:\/\/futureg.sk\/hu\/?s={search_term_string}"},"query-input":{"@type":"PropertyValueSpecification","valueRequired":true,"valueName":"search_term_string"}}],"inLanguage":"hu"}]}},"_links":{"self":[{"href":"https:\/\/futureg.sk\/hu\/wp-json\/wp\/v2\/pages\/123","targetHints":{"allow":["GET"]}}],"collection":[{"href":"https:\/\/futureg.sk\/hu\/wp-json\/wp\/v2\/pages"}],"about":[{"href":"https:\/\/futureg.sk\/hu\/wp-json\/wp\/v2\/types\/page"}],"author":[{"embeddable":true,"href":"https:\/\/futureg.sk\/hu\/wp-json\/wp\/v2\/users\/1"}],"replies":[{"embeddable":true,"href":"https:\/\/futureg.sk\/hu\/wp-json\/wp\/v2\/comments?post=123"}],"version-history":[{"count":5,"href":"https:\/\/futureg.sk\/hu\/wp-json\/wp\/v2\/pages\/123\/revisions"}],"predecessor-version":[{"id":403,"href":"https:\/\/futureg.sk\/hu\/wp-json\/wp\/v2\/pages\/123\/revisions\/403"}],"wp:attachment":[{"href":"https:\/\/futureg.sk\/hu\/wp-json\/wp\/v2\/media?parent=123"}],"curies":[{"name":"wp","href":"https:\/\/api.w.org\/{rel}","templated":true}]}}