{"id":104,"date":"2017-12-05T11:06:40","date_gmt":"2017-12-05T11:06:40","guid":{"rendered":"http:\/\/futureg.sk\/hu\/?page_id=104"},"modified":"2020-10-10T23:36:48","modified_gmt":"2020-10-10T23:36:48","slug":"babycultart-kultura-legkisebbeknek","status":"publish","type":"page","link":"https:\/\/futureg.sk\/hu\/babycultart-kultura-legkisebbeknek\/","title":{"rendered":"BabyCultArt &#8211; kult\u00fara a legkisebbeknek"},"content":{"rendered":"<p><span class=\"_4n-j _fbReactionComponent__eventDetailsContentTags fsl\" data-testid=\"event-permalink-details\"> <a href=\"https:\/\/www.facebook.com\/kantner.eva\" data-hovercard=\"\/ajax\/hovercard\/user.php?id=100000148620762&amp;extragetparams=%7B%22directed_target_id%22%3A1371458776308358%7D\" data-hovercard-prefer-more-content-show=\"1\">Kantner \u00c9va<\/a> meseter\u00e1pi\u00e1s szakemberrel dolgoztak a gyerekek a Somorjai k\u00f6nyvt\u00e1rban, aki a <a href=\"https:\/\/www.facebook.com\/meseterapiacsallokozben\/\" data-hovercard=\"\/ajax\/hovercard\/page.php?id=133573417180278&amp;extragetparams=%7B%22directed_target_id%22%3A1371458776308358%7D\" data-hovercard-prefer-more-content-show=\"1\">Meseter\u00e1pia Csall\u00f3k\u00f6zben<\/a> meghonos\u00edt\u00f3ja.<br \/>\nSomorja eddig kimaradt az csall\u00f3k\u00f6zi \u00e1llom\u00e1sok k\u00f6z\u00fcl, de a FutuReg PT szeretn\u00e9 r\u00e9gi\u00f3nkat, hagyom\u00e1nyainkat \u00e9s mes\u00e9ket k\u00f6zelebb hozni az itt \u00e9l\u0151 gyerekekhez. A foglalkoz\u00e1sok k\u00e9pzett meseterapeuta vezet\u00e9s\u00e9vel t\u00f6rt\u00e9nnek, a folytat\u00e1s az \u00e9rdekl\u0151d\u00e9s f\u00fcggv\u00e9ny\u00e9ben eg\u00e9sz \u00e9ves is lehet. A foglalkoz\u00e1s nyelve magyar, melyre a 4-8 \u00e9ves koroszt\u00e1ly\u00fa gyerekeket v\u00e1rjuk. A foglalkoz\u00e1s tartalma: Interakt\u00edv mesefeldolgoz\u00e1s, j\u00e1t\u00e9k, alkot\u00e1s. A projekt a BabyCultArt 2017 projekt keret\u00e9n bel\u00fcl Nagyszombat megye kultur\u00e1lis dot\u00e1ci\u00f3inak k\u00f6sz\u00f6nhet\u0151en val\u00f3sult\u00a0 meg.<\/span><\/p>\n<p>A projekt sor\u00e1n ezeket a tev\u00e9kenys\u00e9geket folytattuk:<\/p>\n<ul>\n<li>Meseter\u00e1pia, f\u00e9nyk\u00e9pes <a href=\"https:\/\/www.facebook.com\/events\/1371458776308358\/\">gal\u00e9ria a FB-on<\/a><\/li>\n<li>Tal\u00e1lkoz\u00f3k, konzult\u00e1ci\u00f3k \u00e9s blogbejegyz\u00e9sek <a href=\"http:\/\/www.minoritykids.sk\">terheseknek \u00e9s szoptat\u00f3 anyuk\u00e1knak magyarul Gravid Info<\/a><\/li>\n<li>Blog a FutuReg saj\u00e1t mes\u00e9s esem\u00e9nyeir\u0151l<a href=\"http:\/\/futureg.sk\/blog\"> Multikulti Mes\u00e9k c\u00edmen a meseter\u00e1pi\u00e1r\u00f3l is<\/a><\/li>\n<\/ul>\n","protected":false},"excerpt":{"rendered":"<p>Kantner \u00c9va meseter\u00e1pi\u00e1s szakemberrel dolgoztak a gyerekek a Somorjai k\u00f6nyvt\u00e1rban, aki a Meseter\u00e1pia Csall\u00f3k\u00f6zben meghonos\u00edt\u00f3ja. Somorja eddig kimaradt az csall\u00f3k\u00f6zi \u00e1llom\u00e1sok k\u00f6z\u00fcl, de a FutuReg PT szeretn\u00e9 r\u00e9gi\u00f3nkat, hagyom\u00e1nyainkat \u00e9s mes\u00e9ket k\u00f6zelebb hozni az itt \u00e9l\u0151 gyerekekhez. A foglalkoz\u00e1sok k\u00e9pzett meseterapeuta vezet\u00e9s\u00e9vel t\u00f6rt\u00e9nnek, a folytat\u00e1s az \u00e9rdekl\u0151d\u00e9s f\u00fcggv\u00e9ny\u00e9ben eg\u00e9sz \u00e9ves is lehet. A foglalkoz\u00e1s nyelve [&hellip;]<\/p>\n","protected":false},"author":1,"featured_media":0,"parent":0,"menu_order":0,"comment_status":"closed","ping_status":"closed","template":"","meta":{"_monsterinsights_skip_tracking":false,"_monsterinsights_sitenote_active":false,"_monsterinsights_sitenote_note":"","_monsterinsights_sitenote_category":0,"footnotes":""},"class_list":["post-104","page","type-page","status-publish","hentry"],"yoast_head":"<!-- This site is optimized with the Yoast SEO plugin v26.1.1 - https:\/\/yoast.com\/wordpress\/plugins\/seo\/ -->\n<title>BabyCultArt - kult\u00fara a legkisebbeknek - FutuReg PT<\/title>\n<meta name=\"robots\" content=\"index, follow, max-snippet:-1, max-image-preview:large, max-video-preview:-1\" \/>\n<link rel=\"canonical\" href=\"https:\/\/futureg.sk\/hu\/babycultart-kultura-legkisebbeknek\/\" \/>\n<meta property=\"og:locale\" content=\"hu_HU\" \/>\n<meta property=\"og:type\" content=\"article\" \/>\n<meta property=\"og:title\" content=\"BabyCultArt - kult\u00fara a legkisebbeknek - FutuReg PT\" \/>\n<meta property=\"og:description\" content=\"Kantner \u00c9va meseter\u00e1pi\u00e1s szakemberrel dolgoztak a gyerekek a Somorjai k\u00f6nyvt\u00e1rban, aki a Meseter\u00e1pia Csall\u00f3k\u00f6zben meghonos\u00edt\u00f3ja. Somorja eddig kimaradt az csall\u00f3k\u00f6zi \u00e1llom\u00e1sok k\u00f6z\u00fcl, de a FutuReg PT szeretn\u00e9 r\u00e9gi\u00f3nkat, hagyom\u00e1nyainkat \u00e9s mes\u00e9ket k\u00f6zelebb hozni az itt \u00e9l\u0151 gyerekekhez. A foglalkoz\u00e1sok k\u00e9pzett meseterapeuta vezet\u00e9s\u00e9vel t\u00f6rt\u00e9nnek, a folytat\u00e1s az \u00e9rdekl\u0151d\u00e9s f\u00fcggv\u00e9ny\u00e9ben eg\u00e9sz \u00e9ves is lehet. A foglalkoz\u00e1s nyelve [&hellip;]\" \/>\n<meta property=\"og:url\" content=\"https:\/\/futureg.sk\/hu\/babycultart-kultura-legkisebbeknek\/\" \/>\n<meta property=\"og:site_name\" content=\"FutuReg PT\" \/>\n<meta property=\"article:modified_time\" content=\"2020-10-10T23:36:48+00:00\" \/>\n<meta name=\"twitter:card\" content=\"summary_large_image\" \/>\n<meta name=\"twitter:label1\" content=\"Becs\u00fclt olvas\u00e1si id\u0151\" \/>\n\t<meta name=\"twitter:data1\" content=\"1 perc\" \/>\n<script type=\"application\/ld+json\" class=\"yoast-schema-graph\">{\"@context\":\"https:\/\/schema.org\",\"@graph\":[{\"@type\":\"WebPage\",\"@id\":\"https:\/\/futureg.sk\/hu\/babycultart-kultura-legkisebbeknek\/\",\"url\":\"https:\/\/futureg.sk\/hu\/babycultart-kultura-legkisebbeknek\/\",\"name\":\"BabyCultArt - kult\u00fara a legkisebbeknek - FutuReg PT\",\"isPartOf\":{\"@id\":\"https:\/\/futureg.sk\/hu\/#website\"},\"datePublished\":\"2017-12-05T11:06:40+00:00\",\"dateModified\":\"2020-10-10T23:36:48+00:00\",\"breadcrumb\":{\"@id\":\"https:\/\/futureg.sk\/hu\/babycultart-kultura-legkisebbeknek\/#breadcrumb\"},\"inLanguage\":\"hu\",\"potentialAction\":[{\"@type\":\"ReadAction\",\"target\":[\"https:\/\/futureg.sk\/hu\/babycultart-kultura-legkisebbeknek\/\"]}]},{\"@type\":\"BreadcrumbList\",\"@id\":\"https:\/\/futureg.sk\/hu\/babycultart-kultura-legkisebbeknek\/#breadcrumb\",\"itemListElement\":[{\"@type\":\"ListItem\",\"position\":1,\"name\":\"Home\",\"item\":\"https:\/\/futureg.sk\/hu\/\"},{\"@type\":\"ListItem\",\"position\":2,\"name\":\"BabyCultArt &#8211; kult\u00fara a legkisebbeknek\"}]},{\"@type\":\"WebSite\",\"@id\":\"https:\/\/futureg.sk\/hu\/#website\",\"url\":\"https:\/\/futureg.sk\/hu\/\",\"name\":\"FutuReg PT\",\"description\":\"R\u00e9gi\u00f3nk \u00e9s gyermekeink fejleszt\u00e9s\u00e9\u00e9rt\",\"potentialAction\":[{\"@type\":\"SearchAction\",\"target\":{\"@type\":\"EntryPoint\",\"urlTemplate\":\"https:\/\/futureg.sk\/hu\/?s={search_term_string}\"},\"query-input\":{\"@type\":\"PropertyValueSpecification\",\"valueRequired\":true,\"valueName\":\"search_term_string\"}}],\"inLanguage\":\"hu\"}]}<\/script>\n<!-- \/ Yoast SEO plugin. -->","yoast_head_json":{"title":"BabyCultArt - kult\u00fara a legkisebbeknek - FutuReg PT","robots":{"index":"index","follow":"follow","max-snippet":"max-snippet:-1","max-image-preview":"max-image-preview:large","max-video-preview":"max-video-preview:-1"},"canonical":"https:\/\/futureg.sk\/hu\/babycultart-kultura-legkisebbeknek\/","og_locale":"hu_HU","og_type":"article","og_title":"BabyCultArt - kult\u00fara a legkisebbeknek - FutuReg PT","og_description":"Kantner \u00c9va meseter\u00e1pi\u00e1s szakemberrel dolgoztak a gyerekek a Somorjai k\u00f6nyvt\u00e1rban, aki a Meseter\u00e1pia Csall\u00f3k\u00f6zben meghonos\u00edt\u00f3ja. Somorja eddig kimaradt az csall\u00f3k\u00f6zi \u00e1llom\u00e1sok k\u00f6z\u00fcl, de a FutuReg PT szeretn\u00e9 r\u00e9gi\u00f3nkat, hagyom\u00e1nyainkat \u00e9s mes\u00e9ket k\u00f6zelebb hozni az itt \u00e9l\u0151 gyerekekhez. A foglalkoz\u00e1sok k\u00e9pzett meseterapeuta vezet\u00e9s\u00e9vel t\u00f6rt\u00e9nnek, a folytat\u00e1s az \u00e9rdekl\u0151d\u00e9s f\u00fcggv\u00e9ny\u00e9ben eg\u00e9sz \u00e9ves is lehet. A foglalkoz\u00e1s nyelve [&hellip;]","og_url":"https:\/\/futureg.sk\/hu\/babycultart-kultura-legkisebbeknek\/","og_site_name":"FutuReg PT","article_modified_time":"2020-10-10T23:36:48+00:00","twitter_card":"summary_large_image","twitter_misc":{"Becs\u00fclt olvas\u00e1si id\u0151":"1 perc"},"schema":{"@context":"https:\/\/schema.org","@graph":[{"@type":"WebPage","@id":"https:\/\/futureg.sk\/hu\/babycultart-kultura-legkisebbeknek\/","url":"https:\/\/futureg.sk\/hu\/babycultart-kultura-legkisebbeknek\/","name":"BabyCultArt - kult\u00fara a legkisebbeknek - FutuReg PT","isPartOf":{"@id":"https:\/\/futureg.sk\/hu\/#website"},"datePublished":"2017-12-05T11:06:40+00:00","dateModified":"2020-10-10T23:36:48+00:00","breadcrumb":{"@id":"https:\/\/futureg.sk\/hu\/babycultart-kultura-legkisebbeknek\/#breadcrumb"},"inLanguage":"hu","potentialAction":[{"@type":"ReadAction","target":["https:\/\/futureg.sk\/hu\/babycultart-kultura-legkisebbeknek\/"]}]},{"@type":"BreadcrumbList","@id":"https:\/\/futureg.sk\/hu\/babycultart-kultura-legkisebbeknek\/#breadcrumb","itemListElement":[{"@type":"ListItem","position":1,"name":"Home","item":"https:\/\/futureg.sk\/hu\/"},{"@type":"ListItem","position":2,"name":"BabyCultArt &#8211; kult\u00fara a legkisebbeknek"}]},{"@type":"WebSite","@id":"https:\/\/futureg.sk\/hu\/#website","url":"https:\/\/futureg.sk\/hu\/","name":"FutuReg PT","description":"R\u00e9gi\u00f3nk \u00e9s gyermekeink fejleszt\u00e9s\u00e9\u00e9rt","potentialAction":[{"@type":"SearchAction","target":{"@type":"EntryPoint","urlTemplate":"https:\/\/futureg.sk\/hu\/?s={search_term_string}"},"query-input":{"@type":"PropertyValueSpecification","valueRequired":true,"valueName":"search_term_string"}}],"inLanguage":"hu"}]}},"_links":{"self":[{"href":"https:\/\/futureg.sk\/hu\/wp-json\/wp\/v2\/pages\/104","targetHints":{"allow":["GET"]}}],"collection":[{"href":"https:\/\/futureg.sk\/hu\/wp-json\/wp\/v2\/pages"}],"about":[{"href":"https:\/\/futureg.sk\/hu\/wp-json\/wp\/v2\/types\/page"}],"author":[{"embeddable":true,"href":"https:\/\/futureg.sk\/hu\/wp-json\/wp\/v2\/users\/1"}],"replies":[{"embeddable":true,"href":"https:\/\/futureg.sk\/hu\/wp-json\/wp\/v2\/comments?post=104"}],"version-history":[{"count":6,"href":"https:\/\/futureg.sk\/hu\/wp-json\/wp\/v2\/pages\/104\/revisions"}],"predecessor-version":[{"id":400,"href":"https:\/\/futureg.sk\/hu\/wp-json\/wp\/v2\/pages\/104\/revisions\/400"}],"wp:attachment":[{"href":"https:\/\/futureg.sk\/hu\/wp-json\/wp\/v2\/media?parent=104"}],"curies":[{"name":"wp","href":"https:\/\/api.w.org\/{rel}","templated":true}]}}