{"id":649,"date":"2026-01-14T08:32:52","date_gmt":"2026-01-14T08:32:52","guid":{"rendered":"https:\/\/futureg.sk\/en\/?page_id=649"},"modified":"2026-01-14T08:32:52","modified_gmt":"2026-01-14T08:32:52","slug":"girlpower","status":"publish","type":"page","link":"https:\/\/futureg.sk\/en\/girlpower\/","title":{"rendered":"GIRLPOWER"},"content":{"rendered":"<p>KA210-SCH-C1510769 &#8211; Small-scale partnerships in school education<\/p>\n<p>Lead Partner:<a href=\"http:\/\/www.6waters.com\">6waters<\/a><\/p>\n<p>January 1, 2024 &#8211; December 31, 2025<\/p>\n<p>The overall aim of Project <a href=\"http:\/\/www.girlpowerapp.com\">Girlpower<\/a> is to motivate girls across Europe to identify their own potential to become valued and respected members of the society. To this end, Project Girlpower showcases women who have made a name for themselves through extraordinary achievements and can serve as role models for the next generation.<\/p>\n<p>The aim of the project is to create a mobile app that showcases the women&#8217;s stories of excellence in the participating countries, and in doing so, aims to provide parallels for young people today, motivating them to create extraordinary achievements or simply to live life safely and wisely through the adversities of everyday life.<\/p>\n<p><a href=\"https:\/\/futureg.sk\/en\/2023\/01\/26\/digit4all-kickoff-meeting\/copy-of-1200px-erasmus_logo-svg1\/\" rel=\"attachment wp-att-219\"><img loading=\"lazy\" decoding=\"async\" class=\"alignnone size-medium wp-image-219\" src=\"https:\/\/futureg.sk\/en\/wp-content\/uploads\/sites\/3\/2023\/01\/Copy-of-1200px-Erasmus_Logo.svg1_-300x86.png\" alt=\"\" width=\"300\" height=\"86\" srcset=\"https:\/\/futureg.sk\/en\/wp-content\/uploads\/sites\/3\/2023\/01\/Copy-of-1200px-Erasmus_Logo.svg1_-300x86.png 300w, https:\/\/futureg.sk\/en\/wp-content\/uploads\/sites\/3\/2023\/01\/Copy-of-1200px-Erasmus_Logo.svg1_-1024x294.png 1024w, https:\/\/futureg.sk\/en\/wp-content\/uploads\/sites\/3\/2023\/01\/Copy-of-1200px-Erasmus_Logo.svg1_-768x220.png 768w, https:\/\/futureg.sk\/en\/wp-content\/uploads\/sites\/3\/2023\/01\/Copy-of-1200px-Erasmus_Logo.svg1_.png 1200w\" sizes=\"auto, (max-width: 300px) 100vw, 300px\" \/><\/a><a href=\"https:\/\/futureg.sk\/en\/wowit\/en-co-funded-by-the-eu_pos\/\" rel=\"attachment wp-att-307\"><img loading=\"lazy\" decoding=\"async\" class=\"alignnone size-medium wp-image-307\" src=\"https:\/\/futureg.sk\/en\/wp-content\/uploads\/sites\/3\/2023\/05\/EN-Co-funded-by-the-EU_POS-300x63.jpg\" alt=\"\" width=\"300\" height=\"63\" srcset=\"https:\/\/futureg.sk\/en\/wp-content\/uploads\/sites\/3\/2023\/05\/EN-Co-funded-by-the-EU_POS-300x63.jpg 300w, https:\/\/futureg.sk\/en\/wp-content\/uploads\/sites\/3\/2023\/05\/EN-Co-funded-by-the-EU_POS-1024x215.jpg 1024w, https:\/\/futureg.sk\/en\/wp-content\/uploads\/sites\/3\/2023\/05\/EN-Co-funded-by-the-EU_POS-768x161.jpg 768w, https:\/\/futureg.sk\/en\/wp-content\/uploads\/sites\/3\/2023\/05\/EN-Co-funded-by-the-EU_POS-1536x322.jpg 1536w, https:\/\/futureg.sk\/en\/wp-content\/uploads\/sites\/3\/2023\/05\/EN-Co-funded-by-the-EU_POS-2048x430.jpg 2048w\" sizes=\"auto, (max-width: 300px) 100vw, 300px\" \/><\/a><\/p>\n<p>A projektet az Eur\u00f3pai uni\u00f3 t\u00e1mogatta.<\/p>\n<p><a href=\"https:\/\/futureg.sk\/en\/girlpower\/screenshot-2026-01-13-at-19-38-58\/\" rel=\"attachment wp-att-650\"><img loading=\"lazy\" decoding=\"async\" class=\"alignnone size-medium wp-image-650\" src=\"https:\/\/futureg.sk\/en\/wp-content\/uploads\/sites\/3\/2026\/01\/Screenshot-2026-01-13-at-19.38.58-300x184.png\" alt=\"\" width=\"300\" height=\"184\" srcset=\"https:\/\/futureg.sk\/en\/wp-content\/uploads\/sites\/3\/2026\/01\/Screenshot-2026-01-13-at-19.38.58-300x184.png 300w, https:\/\/futureg.sk\/en\/wp-content\/uploads\/sites\/3\/2026\/01\/Screenshot-2026-01-13-at-19.38.58-768x470.png 768w, https:\/\/futureg.sk\/en\/wp-content\/uploads\/sites\/3\/2026\/01\/Screenshot-2026-01-13-at-19.38.58-340x210.png 340w, https:\/\/futureg.sk\/en\/wp-content\/uploads\/sites\/3\/2026\/01\/Screenshot-2026-01-13-at-19.38.58.png 1000w\" sizes=\"auto, (max-width: 300px) 100vw, 300px\" \/><\/a><\/p>\n","protected":false},"excerpt":{"rendered":"<p>KA210-SCH-C1510769 &#8211; Small-scale partnerships in school education Lead Partner:6waters January 1, 2024 &#8211; December 31, 2025 The overall aim of Project Girlpower is to motivate girls across Europe to identify their own potential to become valued and respected members of the society. To this end, Project Girlpower showcases women who have made a name for [&hellip;]<\/p>\n","protected":false},"author":1,"featured_media":0,"parent":0,"menu_order":0,"comment_status":"closed","ping_status":"closed","template":"","meta":{"_monsterinsights_skip_tracking":false,"_monsterinsights_sitenote_active":false,"_monsterinsights_sitenote_note":"","_monsterinsights_sitenote_category":0,"footnotes":""},"class_list":["post-649","page","type-page","status-publish","hentry"],"yoast_head":"<!-- This site is optimized with the Yoast SEO plugin v26.1.1 - https:\/\/yoast.com\/wordpress\/plugins\/seo\/ -->\n<title>GIRLPOWER - FutuReg NGO<\/title>\n<meta name=\"robots\" content=\"index, follow, max-snippet:-1, max-image-preview:large, max-video-preview:-1\" \/>\n<link rel=\"canonical\" href=\"https:\/\/futureg.sk\/en\/girlpower\/\" \/>\n<meta property=\"og:locale\" content=\"en_US\" \/>\n<meta property=\"og:type\" content=\"article\" \/>\n<meta property=\"og:title\" content=\"GIRLPOWER - FutuReg NGO\" \/>\n<meta property=\"og:description\" content=\"KA210-SCH-C1510769 &#8211; Small-scale partnerships in school education Lead Partner:6waters January 1, 2024 &#8211; December 31, 2025 The overall aim of Project Girlpower is to motivate girls across Europe to identify their own potential to become valued and respected members of the society. To this end, Project Girlpower showcases women who have made a name for [&hellip;]\" \/>\n<meta property=\"og:url\" content=\"https:\/\/futureg.sk\/en\/girlpower\/\" \/>\n<meta property=\"og:site_name\" content=\"FutuReg NGO\" \/>\n<meta property=\"og:image\" content=\"https:\/\/futureg.sk\/en\/wp-content\/uploads\/sites\/3\/2023\/01\/Copy-of-1200px-Erasmus_Logo.svg1_.png\" \/>\n\t<meta property=\"og:image:width\" content=\"1200\" \/>\n\t<meta property=\"og:image:height\" content=\"344\" \/>\n\t<meta property=\"og:image:type\" content=\"image\/png\" \/>\n<meta name=\"twitter:card\" content=\"summary_large_image\" \/>\n<meta name=\"twitter:label1\" content=\"Est. reading time\" \/>\n\t<meta name=\"twitter:data1\" content=\"2 minutes\" \/>\n<script type=\"application\/ld+json\" class=\"yoast-schema-graph\">{\"@context\":\"https:\/\/schema.org\",\"@graph\":[{\"@type\":\"WebPage\",\"@id\":\"https:\/\/futureg.sk\/en\/girlpower\/\",\"url\":\"https:\/\/futureg.sk\/en\/girlpower\/\",\"name\":\"GIRLPOWER - FutuReg NGO\",\"isPartOf\":{\"@id\":\"https:\/\/futureg.sk\/en\/#website\"},\"primaryImageOfPage\":{\"@id\":\"https:\/\/futureg.sk\/en\/girlpower\/#primaryimage\"},\"image\":{\"@id\":\"https:\/\/futureg.sk\/en\/girlpower\/#primaryimage\"},\"thumbnailUrl\":\"https:\/\/futureg.sk\/en\/wp-content\/uploads\/sites\/3\/2023\/01\/Copy-of-1200px-Erasmus_Logo.svg1_-300x86.png\",\"datePublished\":\"2026-01-14T08:32:52+00:00\",\"breadcrumb\":{\"@id\":\"https:\/\/futureg.sk\/en\/girlpower\/#breadcrumb\"},\"inLanguage\":\"en-US\",\"potentialAction\":[{\"@type\":\"ReadAction\",\"target\":[\"https:\/\/futureg.sk\/en\/girlpower\/\"]}]},{\"@type\":\"ImageObject\",\"inLanguage\":\"en-US\",\"@id\":\"https:\/\/futureg.sk\/en\/girlpower\/#primaryimage\",\"url\":\"https:\/\/futureg.sk\/en\/wp-content\/uploads\/sites\/3\/2023\/01\/Copy-of-1200px-Erasmus_Logo.svg1_.png\",\"contentUrl\":\"https:\/\/futureg.sk\/en\/wp-content\/uploads\/sites\/3\/2023\/01\/Copy-of-1200px-Erasmus_Logo.svg1_.png\",\"width\":1200,\"height\":344},{\"@type\":\"BreadcrumbList\",\"@id\":\"https:\/\/futureg.sk\/en\/girlpower\/#breadcrumb\",\"itemListElement\":[{\"@type\":\"ListItem\",\"position\":1,\"name\":\"Home\",\"item\":\"https:\/\/futureg.sk\/en\/\"},{\"@type\":\"ListItem\",\"position\":2,\"name\":\"GIRLPOWER\"}]},{\"@type\":\"WebSite\",\"@id\":\"https:\/\/futureg.sk\/en\/#website\",\"url\":\"https:\/\/futureg.sk\/en\/\",\"name\":\"FutuReg NGO\",\"description\":\"Educating kids, youth and adults in the region\",\"potentialAction\":[{\"@type\":\"SearchAction\",\"target\":{\"@type\":\"EntryPoint\",\"urlTemplate\":\"https:\/\/futureg.sk\/en\/?s={search_term_string}\"},\"query-input\":{\"@type\":\"PropertyValueSpecification\",\"valueRequired\":true,\"valueName\":\"search_term_string\"}}],\"inLanguage\":\"en-US\"}]}<\/script>\n<!-- \/ Yoast SEO plugin. -->","yoast_head_json":{"title":"GIRLPOWER - FutuReg NGO","robots":{"index":"index","follow":"follow","max-snippet":"max-snippet:-1","max-image-preview":"max-image-preview:large","max-video-preview":"max-video-preview:-1"},"canonical":"https:\/\/futureg.sk\/en\/girlpower\/","og_locale":"en_US","og_type":"article","og_title":"GIRLPOWER - FutuReg NGO","og_description":"KA210-SCH-C1510769 &#8211; Small-scale partnerships in school education Lead Partner:6waters January 1, 2024 &#8211; December 31, 2025 The overall aim of Project Girlpower is to motivate girls across Europe to identify their own potential to become valued and respected members of the society. To this end, Project Girlpower showcases women who have made a name for [&hellip;]","og_url":"https:\/\/futureg.sk\/en\/girlpower\/","og_site_name":"FutuReg NGO","og_image":[{"width":1200,"height":344,"url":"https:\/\/futureg.sk\/en\/wp-content\/uploads\/sites\/3\/2023\/01\/Copy-of-1200px-Erasmus_Logo.svg1_.png","type":"image\/png"}],"twitter_card":"summary_large_image","twitter_misc":{"Est. reading time":"2 minutes"},"schema":{"@context":"https:\/\/schema.org","@graph":[{"@type":"WebPage","@id":"https:\/\/futureg.sk\/en\/girlpower\/","url":"https:\/\/futureg.sk\/en\/girlpower\/","name":"GIRLPOWER - FutuReg NGO","isPartOf":{"@id":"https:\/\/futureg.sk\/en\/#website"},"primaryImageOfPage":{"@id":"https:\/\/futureg.sk\/en\/girlpower\/#primaryimage"},"image":{"@id":"https:\/\/futureg.sk\/en\/girlpower\/#primaryimage"},"thumbnailUrl":"https:\/\/futureg.sk\/en\/wp-content\/uploads\/sites\/3\/2023\/01\/Copy-of-1200px-Erasmus_Logo.svg1_-300x86.png","datePublished":"2026-01-14T08:32:52+00:00","breadcrumb":{"@id":"https:\/\/futureg.sk\/en\/girlpower\/#breadcrumb"},"inLanguage":"en-US","potentialAction":[{"@type":"ReadAction","target":["https:\/\/futureg.sk\/en\/girlpower\/"]}]},{"@type":"ImageObject","inLanguage":"en-US","@id":"https:\/\/futureg.sk\/en\/girlpower\/#primaryimage","url":"https:\/\/futureg.sk\/en\/wp-content\/uploads\/sites\/3\/2023\/01\/Copy-of-1200px-Erasmus_Logo.svg1_.png","contentUrl":"https:\/\/futureg.sk\/en\/wp-content\/uploads\/sites\/3\/2023\/01\/Copy-of-1200px-Erasmus_Logo.svg1_.png","width":1200,"height":344},{"@type":"BreadcrumbList","@id":"https:\/\/futureg.sk\/en\/girlpower\/#breadcrumb","itemListElement":[{"@type":"ListItem","position":1,"name":"Home","item":"https:\/\/futureg.sk\/en\/"},{"@type":"ListItem","position":2,"name":"GIRLPOWER"}]},{"@type":"WebSite","@id":"https:\/\/futureg.sk\/en\/#website","url":"https:\/\/futureg.sk\/en\/","name":"FutuReg NGO","description":"Educating kids, youth and adults in the region","potentialAction":[{"@type":"SearchAction","target":{"@type":"EntryPoint","urlTemplate":"https:\/\/futureg.sk\/en\/?s={search_term_string}"},"query-input":{"@type":"PropertyValueSpecification","valueRequired":true,"valueName":"search_term_string"}}],"inLanguage":"en-US"}]}},"_links":{"self":[{"href":"https:\/\/futureg.sk\/en\/wp-json\/wp\/v2\/pages\/649","targetHints":{"allow":["GET"]}}],"collection":[{"href":"https:\/\/futureg.sk\/en\/wp-json\/wp\/v2\/pages"}],"about":[{"href":"https:\/\/futureg.sk\/en\/wp-json\/wp\/v2\/types\/page"}],"author":[{"embeddable":true,"href":"https:\/\/futureg.sk\/en\/wp-json\/wp\/v2\/users\/1"}],"replies":[{"embeddable":true,"href":"https:\/\/futureg.sk\/en\/wp-json\/wp\/v2\/comments?post=649"}],"version-history":[{"count":2,"href":"https:\/\/futureg.sk\/en\/wp-json\/wp\/v2\/pages\/649\/revisions"}],"predecessor-version":[{"id":652,"href":"https:\/\/futureg.sk\/en\/wp-json\/wp\/v2\/pages\/649\/revisions\/652"}],"wp:attachment":[{"href":"https:\/\/futureg.sk\/en\/wp-json\/wp\/v2\/media?parent=649"}],"curies":[{"name":"wp","href":"https:\/\/api.w.org\/{rel}","templated":true}]}}