{"id":48,"date":"2017-11-08T15:12:06","date_gmt":"2017-11-08T15:12:06","guid":{"rendered":"http:\/\/futureg.sk\/en\/?page_id=48"},"modified":"2024-06-11T07:29:32","modified_gmt":"2024-06-11T07:29:32","slug":"projects","status":"publish","type":"page","link":"https:\/\/futureg.sk\/en\/projects\/","title":{"rendered":"Projects"},"content":{"rendered":"<p>WE BRING INNOVATIVE EDUCATION.<\/p>\n<ul>\n<li>more then 400 students educated<\/li>\n<li>more then 1000 parents educated<\/li>\n<li>more then 500 teachers educated<\/li>\n<\/ul>\n<p>FUTUREG \u00a0civic organization is involved in various training projects \u00a0in non-formal\u00a0 education of adults, VET education and school education &#8211; both at national and international level, for professionals, school teachers, kids and adults in using ICT competences and cybersecurity education, games and social media education.<\/p>\n<p>Present training courses are in the domain of business models for startups, project management courses, grant writing skills, cultural awareness for trainers, community development, ICT for kids.<\/p>\n<p>Following \u00a0international\u00a0 projects have been recently completed\/ in phase of development :<\/p>\n<h3><strong>KIDSAFEDU WETA SK HU\/1901\/ 317 <\/strong><\/h3>\n<h3><a href=\"http:\/\/futureg.sk\/kidsafedu\/\">http:\/\/futureg.sk\/kidsafedu\/<\/a> (year 2020-2021)<\/h3>\n<h4>\u00a0PEER TO PEER MEDIATION in High Schools <a href=\"http:\/\/futureg.sk\/rovesnicka-mediacia\/\">http:\/\/futureg.sk\/rovesnicka-mediacia\/<\/a><\/h4>\n<p>(year 2019-2021),5 High Schools<\/p>\n<ul>\n<li>KIDSAFEDU ONLINE &#8211; \u00a0http:\/\/futureg.sk\/kidsafedu-online\/ ( Year 2019-2021)<\/li>\n<li>TOLERANCE \u2013 Roma and Hungarian kids in Slovakia a culture road of awareness via the modern and intercultural diversity, (<a href=\"http:\/\/futureg.sk\/tolerancia\/\">http:\/\/futureg.sk\/tolerancia\/<\/a> (year 2019-2021)<\/li>\n<\/ul>\n<ul>\n<li>IT and social media in education for adults, parents, school teachers, trainers : <a href=\"http:\/\/www.kidsafedu.eu\">kidsafedu.eu<\/a><\/li>\n<li>ADULT EDUCATION DEVELOPMENT\u2013 Adults Education for Social Change , <a href=\"http:\/\/futureg.sk\/rozvijaj-sa-palyazzatok-2\/\">http:\/\/futureg.sk\/rozvijaj-sa-palyazzatok-2\/<\/a> ( year 2018-2022)<\/li>\n<\/ul>\n<p>For more information, please visit<\/p>\n<p><a href=\"http:\/\/www.futureg.sk\">www.futureg.sk<\/a><\/p>\n<p><a href=\"http:\/\/www.minoritykids.sk\">www.minoritykids.sk<\/a><\/p>\n<p><a href=\"http:\/\/www.kidsafedu.eu\">www.kidsafedu.eu<\/a><\/p>\n<p><strong>2020 &#8211; Mediation in High School<\/strong><\/p>\n<p><strong>2020 -Tolerance and children<\/strong><\/p>\n<p><strong>2019 &#8211; <\/strong><strong>Implemented thanks to the Fund of Culture for National Minorities of the Slovak Republic Program<br \/>\n<\/strong><\/p>\n<p><strong>www.MinorityKids.sk<\/strong><\/p>\n<p>The aim of the project is to develop multicultural education, respect for diversity and the rights of national minorities through the education of parents. At the same time, a methodological manual will be developed focusing on the education of children, the development of didactic and methodical skills. The intent is a network of active parents in the area of multicultural education who would meet and develop the idea of the project.<\/p>\n<p><strong>Research : CULTURE AND SUBURBANISATION<br \/>\n<\/strong><\/p>\n<p>The study focuses on the rural areas located in the suburban zone in agglomerations and peripheral regions, specifically in the microregion of \u017ditn\u00fd ostrov- Csall\u00f3k\u00f6z \u2013 Rye Island, in \u00a0Southern- Slovakia. Special attention is devoted in study to the rapid demographic growth of population and suburbanisation processes in the context of cultural and social interation and life quality. Besides generally acceptable statistical data, there are primary data collected thorugh survey in suburban villages with quiestionnaires.\u00a0 The impact of suburbanization is not only economic, social and demographic issue, but it became also a determining factor in globalized mankind in all directions, more and more dealing with environmental influences, as well. The study finally summarizes, wheater the suburbanization has effects on culture and everyday life of inhabitants in terms of economic and demographic development in \u017ditn\u00fd ostrov in the last decade.<\/p>\n<h2><strong>2018- Implemented thanks to the Fund of Culture for National Minorities of the Slovak Republic Program<br \/>\n<\/strong><\/h2>\n<p><strong>Minority Kids &#8211; online supportive child-oriented consulting blog for Hungarian parents in Slovakia<\/strong><\/p>\n<p>The aim of the project is to develop multicultural education, respect for diversity and the rights of national minorities through the education of parents. At the same time, a methodological manual will be developed focusing on the education of children, the development of didactic and methodical skills. The intent is a network of active parents in the area of childcare, children&#8217;s rights, green education who would meet and develop the idea of the project.<\/p>\n<p><strong>\u00a0Edition of\u00a0 Conference Book\u00a0<\/strong> <a href=\"http:\/\/minoritykids.sk\/wp-content\/uploads\/2016\/08\/Konf-ko%CC%88tet_bori%CC%81to%CC%81val_web.pdf\">CHILDREN IN MINORITIES<\/a><\/p>\n<p>http:\/\/minoritykids.sk\/wp-content\/uploads\/2016\/08\/Konf-ko%CC%88tet_bori%CC%81to%CC%81val_web.pdf<\/p>\n<p><strong>Research and edition of Study Book<\/strong>\u00a0<a href=\"http:\/\/minoritykids.sk\/wp-content\/uploads\/2018\/10\/ebook_komplet2.pdf\"> BEST INTEREST OF CHILDREN IN MINORITIES LIVING SLOVAKIA<\/a><\/p>\n<p>http:\/\/minoritykids.sk\/wp-content\/uploads\/2018\/10\/ebook_komplet2.pdf<\/p>\n<p><strong>Research on SUBURBANISATION<\/strong> http:\/\/futureg.sk\/blog\/2018\/12\/11\/suburban-suhrnna-sprava\/<\/p>\n<h3><strong>2017- Implemented thanks to the Government Office of the Slovak Republic Program KNM 2017<\/strong><\/h3>\n<p><strong>Multicultural fairy tales<\/strong><\/p>\n<p>The aim of the project is to present multicultural fairy tales for national minorities, especially Hungarian, Czech and Roma children and their parents. The intent is to implement joint creative-experience workshops for children on a mixed national territory with the help of a video-text presentation of the fairy tales, the traditional habits of national minorities in the region. The project is aimed at removing barriers between members of the majority society and members of national minorities. These barriers often result from unrecognizable and ethnic, ethnic and cultural groups. living in the same territory. Especially the territory of southern Slovakia, where Slovaks, Hungarians and Roma live side by side for centuries. Nevertheless, they know their cultures only superficially and inconspicuously.<\/p>\n<p><a href=\"http:\/\/futureg.sk\/multikulturne-rozpravky-i-pozsonyi-mesek-bratislavske-rozpravky\/\">Multiculture fairy tales I \u2013 Bratislav<\/a>a\u00b4s fairy tales<\/p>\n<p><a href=\"http:\/\/futureg.sk\/multikulturne-rozpravky-ii-somorjai-mesek-samorinske-rozpravky\/\">Multiculture fairy tales II- \u0160amor\u00edn<\/a>\u00b4s fairy tales<\/p>\n<p><strong>Minority Kids Offline<\/strong><\/p>\n<p>The aim of the project is a series of interethnic\u00a0 meetings for children of the Hungarian, Czech, Roma minority and other minorities with the majority Slovak society, with the intention of discovering the knowledge of children and their families about individual cultures. The target group is Hungarian and Roma, as well as their mothers involved in the Phoenix Minority Kids project. Meetings develop different themes not only with educated children, but also with cultural figures. The motto of the meeting is a credo: tolerance and non-discrimination and the suppression of racism are the foundation of a dignified and democratic society.<\/p>\n<p>The aim of the project is to develop multicultural education, respect for diversity and the rights of national minorities through the education of parents. At the same time, a methodological manual will be developed focusing on the education of children, the development of didactic and methodical skills. The intent is a network of active parents in the area of multicultural education who would meet and develop the idea of the project.<\/p>\n<p><strong>Mutual region &#8211; research of the multicultural environment of the cross-border region<\/strong><\/p>\n<p>The aim of the research is to explore the multi-ethnic region of \u017ditn\u00fd ostrov and to compare it with multicultural Czech, Polish cross-border regions in terms of culture and identity of national minorities. Through field research, to document all the various and common facts and findings in the western cross-border regions of Slovakia where the Polish, Hungarian, German (Austrian) and Czech national minorities live. This task will be carried out on the basis of the cooperation of our institution with members of regional experts, teachers, and selected persons from the different regions. Research will be conducted according to predefined tasks and questionnaires, and its results will be integrated into our think-tanks. The outcome of the research should be the Mutual Region publication, which includes the research of several nationalities in terms of cultural values, cultural heritage and cross-border cooperation of the regions.<\/p>\n<p><strong>READ THE RESEARCH HERE IN SLOVAK LANGUAGE<a href=\"https:\/\/futureg.sk\/en\/wp-content\/uploads\/sites\/3\/2017\/11\/Spolocny-region-UVSR-studia-20112017.doc\"> Spolocny region UVSR studia 20112017<\/a><br \/>\n<\/strong><\/p>\n<p><strong>Website on MVO Opportunities in a Multicultural Region &#8211; <\/strong><a href=\"http:\/\/www.futureg.sk\">www.futureg.sk<\/a><\/p>\n<p>The aim of the project is to mediate information through an online information channel providing insight into development opportunities in the regions where Hungarian, Polish, Czech citizens and other national minorities live next to the borders. The aim is to clarify the basic socio-economic concepts, economic facts, the possibilities of drawing financial resources for cross-border projects, the definitions of fudriasing and why it is good to develop the region, its culture\u00a0 and answer questions like<\/p>\n<p>national minorities can cooperate and develop their regions. In addition to economy, regionalism, culture, and history, the portal will bring contributions to topics of nationality, national politics, and contributions to other topics. In the long run, the portal aims to focus on crowdfunding and information on obtaining grants and donate.<\/p>\n<h3><strong>Other PROJECTS<\/strong><\/h3>\n<p><a href=\"https:\/\/www.facebook.com\/groups\/1776700409246592\/about\/\">Any\u00e1kON.sk ONLINE MOTHER- creative, task-oriented, supportive group for Minority Kdis project management<\/a><\/p>\n<p><a href=\"https:\/\/www.facebook.com\/groups\/586007898193101\/about\/\">Csal\u00e1dbar\u00e1tOK F\u00f3ruma Forum of Friend of Family<\/a><\/p>\n<p>Information provided for Hungarian families in Slovakia, mainly in Bratislava<\/p>\n<p><img loading=\"lazy\" decoding=\"async\" class=\"alignnone size-medium wp-image-94\" src=\"http:\/\/futureg.sk\/hu\/wp-content\/uploads\/sites\/2\/2017\/11\/banner_11-300x120.png\" sizes=\"auto, (max-width: 300px) 100vw, 300px\" srcset=\"http:\/\/futureg.sk\/hu\/wp-content\/uploads\/sites\/2\/2017\/11\/banner_11-300x120.png 300w, http:\/\/futureg.sk\/hu\/wp-content\/uploads\/sites\/2\/2017\/11\/banner_11-768x307.png 768w, http:\/\/futureg.sk\/hu\/wp-content\/uploads\/sites\/2\/2017\/11\/banner_11-1024x410.png 1024w\" alt=\"\" width=\"300\" height=\"120\" \/><\/p>\n<p><a href=\"https:\/\/futureg.sk\/en\/projects\/digital-activism\/\">2024 Digital Activism\u00a0<\/a><\/p>\n","protected":false},"excerpt":{"rendered":"<p>WE BRING INNOVATIVE EDUCATION. more then 400 students educated more then 1000 parents educated more then 500 teachers educated FUTUREG \u00a0civic organization is involved in various training projects \u00a0in non-formal\u00a0 education of adults, VET education and school education &#8211; both at national and international level, for professionals, school teachers, kids and adults in using ICT [&hellip;]<\/p>\n","protected":false},"author":1,"featured_media":0,"parent":0,"menu_order":0,"comment_status":"closed","ping_status":"closed","template":"","meta":{"_monsterinsights_skip_tracking":false,"_monsterinsights_sitenote_active":false,"_monsterinsights_sitenote_note":"","_monsterinsights_sitenote_category":0,"footnotes":""},"class_list":["post-48","page","type-page","status-publish","hentry"],"yoast_head":"<!-- This site is optimized with the Yoast SEO plugin v26.1.1 - https:\/\/yoast.com\/wordpress\/plugins\/seo\/ -->\n<title>Projects - FutuReg NGO<\/title>\n<meta name=\"robots\" content=\"index, follow, max-snippet:-1, max-image-preview:large, max-video-preview:-1\" \/>\n<link rel=\"canonical\" href=\"https:\/\/futureg.sk\/en\/projects\/\" \/>\n<meta property=\"og:locale\" content=\"en_US\" \/>\n<meta property=\"og:type\" content=\"article\" \/>\n<meta property=\"og:title\" content=\"Projects - FutuReg NGO\" \/>\n<meta property=\"og:description\" content=\"WE BRING INNOVATIVE EDUCATION. more then 400 students educated more then 1000 parents educated more then 500 teachers educated FUTUREG \u00a0civic organization is involved in various training projects \u00a0in non-formal\u00a0 education of adults, VET education and school education &#8211; both at national and international level, for professionals, school teachers, kids and adults in using ICT [&hellip;]\" \/>\n<meta property=\"og:url\" content=\"https:\/\/futureg.sk\/en\/projects\/\" \/>\n<meta property=\"og:site_name\" content=\"FutuReg NGO\" \/>\n<meta property=\"article:modified_time\" content=\"2024-06-11T07:29:32+00:00\" \/>\n<meta property=\"og:image\" content=\"http:\/\/futureg.sk\/hu\/wp-content\/uploads\/sites\/2\/2017\/11\/banner_11-300x120.png\" \/>\n<meta name=\"twitter:card\" content=\"summary_large_image\" \/>\n<meta name=\"twitter:label1\" content=\"Est. reading time\" \/>\n\t<meta name=\"twitter:data1\" content=\"6 minutes\" \/>\n<script type=\"application\/ld+json\" class=\"yoast-schema-graph\">{\"@context\":\"https:\/\/schema.org\",\"@graph\":[{\"@type\":\"WebPage\",\"@id\":\"https:\/\/futureg.sk\/en\/projects\/\",\"url\":\"https:\/\/futureg.sk\/en\/projects\/\",\"name\":\"Projects - FutuReg NGO\",\"isPartOf\":{\"@id\":\"https:\/\/futureg.sk\/en\/#website\"},\"primaryImageOfPage\":{\"@id\":\"https:\/\/futureg.sk\/en\/projects\/#primaryimage\"},\"image\":{\"@id\":\"https:\/\/futureg.sk\/en\/projects\/#primaryimage\"},\"thumbnailUrl\":\"http:\/\/futureg.sk\/hu\/wp-content\/uploads\/sites\/2\/2017\/11\/banner_11-300x120.png\",\"datePublished\":\"2017-11-08T15:12:06+00:00\",\"dateModified\":\"2024-06-11T07:29:32+00:00\",\"breadcrumb\":{\"@id\":\"https:\/\/futureg.sk\/en\/projects\/#breadcrumb\"},\"inLanguage\":\"en-US\",\"potentialAction\":[{\"@type\":\"ReadAction\",\"target\":[\"https:\/\/futureg.sk\/en\/projects\/\"]}]},{\"@type\":\"ImageObject\",\"inLanguage\":\"en-US\",\"@id\":\"https:\/\/futureg.sk\/en\/projects\/#primaryimage\",\"url\":\"http:\/\/futureg.sk\/hu\/wp-content\/uploads\/sites\/2\/2017\/11\/banner_11-300x120.png\",\"contentUrl\":\"http:\/\/futureg.sk\/hu\/wp-content\/uploads\/sites\/2\/2017\/11\/banner_11-300x120.png\"},{\"@type\":\"BreadcrumbList\",\"@id\":\"https:\/\/futureg.sk\/en\/projects\/#breadcrumb\",\"itemListElement\":[{\"@type\":\"ListItem\",\"position\":1,\"name\":\"Home\",\"item\":\"https:\/\/futureg.sk\/en\/\"},{\"@type\":\"ListItem\",\"position\":2,\"name\":\"Projects\"}]},{\"@type\":\"WebSite\",\"@id\":\"https:\/\/futureg.sk\/en\/#website\",\"url\":\"https:\/\/futureg.sk\/en\/\",\"name\":\"FutuReg NGO\",\"description\":\"Educating kids, youth and adults in the region\",\"potentialAction\":[{\"@type\":\"SearchAction\",\"target\":{\"@type\":\"EntryPoint\",\"urlTemplate\":\"https:\/\/futureg.sk\/en\/?s={search_term_string}\"},\"query-input\":{\"@type\":\"PropertyValueSpecification\",\"valueRequired\":true,\"valueName\":\"search_term_string\"}}],\"inLanguage\":\"en-US\"}]}<\/script>\n<!-- \/ Yoast SEO plugin. -->","yoast_head_json":{"title":"Projects - FutuReg NGO","robots":{"index":"index","follow":"follow","max-snippet":"max-snippet:-1","max-image-preview":"max-image-preview:large","max-video-preview":"max-video-preview:-1"},"canonical":"https:\/\/futureg.sk\/en\/projects\/","og_locale":"en_US","og_type":"article","og_title":"Projects - FutuReg NGO","og_description":"WE BRING INNOVATIVE EDUCATION. more then 400 students educated more then 1000 parents educated more then 500 teachers educated FUTUREG \u00a0civic organization is involved in various training projects \u00a0in non-formal\u00a0 education of adults, VET education and school education &#8211; both at national and international level, for professionals, school teachers, kids and adults in using ICT [&hellip;]","og_url":"https:\/\/futureg.sk\/en\/projects\/","og_site_name":"FutuReg NGO","article_modified_time":"2024-06-11T07:29:32+00:00","og_image":[{"url":"http:\/\/futureg.sk\/hu\/wp-content\/uploads\/sites\/2\/2017\/11\/banner_11-300x120.png","type":"","width":"","height":""}],"twitter_card":"summary_large_image","twitter_misc":{"Est. reading time":"6 minutes"},"schema":{"@context":"https:\/\/schema.org","@graph":[{"@type":"WebPage","@id":"https:\/\/futureg.sk\/en\/projects\/","url":"https:\/\/futureg.sk\/en\/projects\/","name":"Projects - FutuReg NGO","isPartOf":{"@id":"https:\/\/futureg.sk\/en\/#website"},"primaryImageOfPage":{"@id":"https:\/\/futureg.sk\/en\/projects\/#primaryimage"},"image":{"@id":"https:\/\/futureg.sk\/en\/projects\/#primaryimage"},"thumbnailUrl":"http:\/\/futureg.sk\/hu\/wp-content\/uploads\/sites\/2\/2017\/11\/banner_11-300x120.png","datePublished":"2017-11-08T15:12:06+00:00","dateModified":"2024-06-11T07:29:32+00:00","breadcrumb":{"@id":"https:\/\/futureg.sk\/en\/projects\/#breadcrumb"},"inLanguage":"en-US","potentialAction":[{"@type":"ReadAction","target":["https:\/\/futureg.sk\/en\/projects\/"]}]},{"@type":"ImageObject","inLanguage":"en-US","@id":"https:\/\/futureg.sk\/en\/projects\/#primaryimage","url":"http:\/\/futureg.sk\/hu\/wp-content\/uploads\/sites\/2\/2017\/11\/banner_11-300x120.png","contentUrl":"http:\/\/futureg.sk\/hu\/wp-content\/uploads\/sites\/2\/2017\/11\/banner_11-300x120.png"},{"@type":"BreadcrumbList","@id":"https:\/\/futureg.sk\/en\/projects\/#breadcrumb","itemListElement":[{"@type":"ListItem","position":1,"name":"Home","item":"https:\/\/futureg.sk\/en\/"},{"@type":"ListItem","position":2,"name":"Projects"}]},{"@type":"WebSite","@id":"https:\/\/futureg.sk\/en\/#website","url":"https:\/\/futureg.sk\/en\/","name":"FutuReg NGO","description":"Educating kids, youth and adults in the region","potentialAction":[{"@type":"SearchAction","target":{"@type":"EntryPoint","urlTemplate":"https:\/\/futureg.sk\/en\/?s={search_term_string}"},"query-input":{"@type":"PropertyValueSpecification","valueRequired":true,"valueName":"search_term_string"}}],"inLanguage":"en-US"}]}},"_links":{"self":[{"href":"https:\/\/futureg.sk\/en\/wp-json\/wp\/v2\/pages\/48","targetHints":{"allow":["GET"]}}],"collection":[{"href":"https:\/\/futureg.sk\/en\/wp-json\/wp\/v2\/pages"}],"about":[{"href":"https:\/\/futureg.sk\/en\/wp-json\/wp\/v2\/types\/page"}],"author":[{"embeddable":true,"href":"https:\/\/futureg.sk\/en\/wp-json\/wp\/v2\/users\/1"}],"replies":[{"embeddable":true,"href":"https:\/\/futureg.sk\/en\/wp-json\/wp\/v2\/comments?post=48"}],"version-history":[{"count":6,"href":"https:\/\/futureg.sk\/en\/wp-json\/wp\/v2\/pages\/48\/revisions"}],"predecessor-version":[{"id":485,"href":"https:\/\/futureg.sk\/en\/wp-json\/wp\/v2\/pages\/48\/revisions\/485"}],"wp:attachment":[{"href":"https:\/\/futureg.sk\/en\/wp-json\/wp\/v2\/media?parent=48"}],"curies":[{"name":"wp","href":"https:\/\/api.w.org\/{rel}","templated":true}]}}