{"id":287,"date":"2023-05-12T11:23:27","date_gmt":"2023-05-12T11:23:27","guid":{"rendered":"https:\/\/futureg.sk\/en\/?page_id=287"},"modified":"2023-12-21T08:35:37","modified_gmt":"2023-12-21T08:35:37","slug":"media-wowit","status":"publish","type":"page","link":"https:\/\/futureg.sk\/en\/media-wowit\/","title":{"rendered":"Media WOWIT"},"content":{"rendered":"<p><a href=\"https:\/\/epale.ec.europa.eu\/en\/blog\/wowit-women-workmarket-inclusive-techniques\">EPALE Blog post<\/a><\/p>\r\n<p>&nbsp;<\/p>\r\n<p><strong>1.1.KICK OFF MEETING<\/strong><\/p>\r\n<p><a href=\"https:\/\/futureg.sk\/hu\/wowit-talalkozo-ostrava\/\">Futureg &#8211; Article in HU<\/a><\/p>\r\n<p><a href=\"https:\/\/futureg.sk\/blog\/2022\/04\/22\/wowit-kick-off-meeting-v-ostrave\/\">Futureg &#8211; Article in SK<\/a><\/p>\r\n<p><a href=\"https:\/\/futureg.sk\/en\/2022\/04\/28\/wowit-kick-off-meeting-in-ostrava\/\">Futureg &#8211; Article in ENG<\/a><\/p>\r\n<p><a href=\"https:\/\/www.rovnovazka.cz\/l\/hostili-jsme-prvni-meeting-projektu-erasmus-wowit\/\">Rovnov\u00e1\u017eka (CZ)<\/a><\/p>\r\n<p><a href=\"https:\/\/drustvo-novus.com\/novice\/WOWIT%20-%20Kick-off%20Ostrava\/6487\">Dru\u0161tvo Novus (SL)<\/a><\/p>\r\n<p>&nbsp;<\/p>\r\n<p><strong>1.2. BEST PRACTICE GUIDE<\/strong><\/p>\r\n<p><a href=\"https:\/\/futureg.sk\/blog\/2022\/11\/15\/best-practice-guide-wowit\/\">Futureg &#8211; Article in SK<\/a><\/p>\r\n<p><a href=\"https:\/\/futureg.sk\/hu\/656-2\/\">Futureg &#8211; Article in HU<\/a><\/p>\r\n<p><a href=\"https:\/\/drustvo-novus.com\/novice\/WOWIT%20-%20Primeri%20dobrih%20praks\/6589\">Dru\u0161tvo Novus (SL)<\/a><\/p>\r\n<p>&nbsp;<\/p>\r\n<p><strong>1.3. PROJECT MANAGEMENT<\/strong><\/p>\r\n<p><span data-sheets-value=\"{&quot;1&quot;:2,&quot;2&quot;:&quot;Dobry den, Patria (RTVS)&quot;}\" data-sheets-userformat=\"{&quot;2&quot;:513,&quot;3&quot;:{&quot;1&quot;:0},&quot;12&quot;:0}\"><a href=\"https:\/\/www.rtvs.sk\/televizia\/archiv\/18689\/402620#1075\">Dobry den, Patria (RTVS) &#8211; video<\/a><\/span><\/p>\r\n<p>Youtube &#8211; a short video about WOWIT conference<\/p>\r\n<p><iframe loading=\"lazy\" title=\"WOWIT konferencia\" width=\"640\" height=\"360\" src=\"https:\/\/www.youtube.com\/embed\/5nd3225eHVg?feature=oembed\" frameborder=\"0\" allow=\"accelerometer; autoplay; clipboard-write; encrypted-media; gyroscope; picture-in-picture; web-share\" referrerpolicy=\"strict-origin-when-cross-origin\" allowfullscreen><\/iframe><\/p>\r\n<p><iframe loading=\"lazy\" title=\"Dru\u0161tvo NOVUS - ERASMUS+ WOWIT\" width=\"640\" height=\"360\" src=\"https:\/\/www.youtube.com\/embed\/kFKEftN2FNc?feature=oembed\" frameborder=\"0\" allow=\"accelerometer; autoplay; clipboard-write; encrypted-media; gyroscope; picture-in-picture; web-share\" referrerpolicy=\"strict-origin-when-cross-origin\" allowfullscreen><\/iframe><\/p>\r\n<p><a href=\"https:\/\/drustvo-novus.com\/projekti\/WOWIT\">Publication\/presentation on the official website NOVUS<\/a><\/p>\r\n<p>&nbsp;<\/p>\r\n<p><strong>1.4. EVALUATION GRID<\/strong><\/p>\r\n<p><a href=\"https:\/\/futureg.sk\/blog\/2023\/12\/04\/wowit-faktory-ovplyvnujuce-ucast-na-vzdelavani-programy-pre-digitalne-vylucene-zranitelne-cielove-skupiny\/\">Futureg &#8211; Article in SK<\/a><\/p>\r\n<p><a href=\"https:\/\/futureg.sk\/hu\/wowit-ecg\/\">Futureg &#8211; Article in HU<\/a><\/p>\r\n<p><a href=\"https:\/\/futureg.sk\/en\/2023\/12\/04\/wowit-ecg-factors-affecting-participation-in-educational-programs-for-digitally-excluded-vulnerable-target-groups\/\">Futureg &#8211; Article in ENG<\/a><\/p>\r\n<p>&nbsp;<\/p>\r\n<p><strong>2.1. SEMINAR OF EXPERTS<\/strong><\/p>\r\n<p><a href=\"https:\/\/futureg.sk\/blog\/2022\/08\/31\/wowit-konferencia-v-dunajskej-strede\/\">Futureg &#8211; Article in SK<\/a><\/p>\r\n<p><a href=\"https:\/\/futureg.sk\/hu\/wowit-konferencia-dunaszerdahely-2022-junius-8\/\">Futureg &#8211; Article in HU<\/a><\/p>\r\n<p><a href=\"https:\/\/futureg.sk\/en\/2022\/08\/31\/wowit-conference-in-slovakia\/\">Futureg &#8211; Article in ENG<\/a><\/p>\r\n<p><a href=\"https:\/\/www.rovnovazka.cz\/l\/projekt-erasmus-wowit-podporuje-rovne-prilezitosti\/\">Rovnov\u00e1\u017eka (CZ)<\/a><\/p>\r\n<p><a href=\"https:\/\/drustvo-novus.com\/novice\/Erasmus%2B%20WOWIT%20-%20Strokovni%20seminar%20na%20Slova%C5%A1kem\/6533\">Dru\u0161tvo Novus (SL)<\/a><\/p>\r\n<p><a href=\"https:\/\/ma7.sk\/video\/kommentar-nelkul\/konferencia-a-nok-lehetosegteremteserol-a-munkaeropiacon-videokkal\">Magazine Ma7 &#8211; webpage &#8211; article+video<\/a><\/p>\r\n<p>&nbsp;<\/p>\r\n<p><strong>2.2. TRAINING OF TRAINERS<\/strong><\/p>\r\n<p><a href=\"https:\/\/futureg.sk\/en\/2022\/10\/09\/training-of-trainers\/\">Futureg &#8211; Article in ENG\u00a0<\/a><\/p>\r\n<p><a href=\"https:\/\/futureg.sk\/blog\/2022\/11\/15\/training-of-trainers-conferencia-wowit\/\">Futureg &#8211; Article in SK<\/a><\/p>\r\n<p><a href=\"https:\/\/futureg.sk\/hu\/wowit-trenerek-treningje-dunaszerdahelyen\/\">Futureg &#8211; Article in HU<\/a><\/p>\r\n<p>Rovnov\u00e1\u017eka (CZ): <a href=\"https:\/\/rovnovazka6.cms.webnode.cz\/l\/privazime-si-cenne-know-how-z-intenzivniho-skoleni-lektoru-na-slovensku\/\">https:\/\/rovnovazka6.cms.webnode.cz\/l\/privazime-si-cenne-know-how-z-intenzivniho-skoleni-lektoru-na-slovensku\/<\/a><\/p>\r\n<p><a href=\"https:\/\/www.rovnovazka.cz\/l\/wowit-video-ohlednuti-za-skolenim-lektoru-na-slovensku\/\">https:\/\/www.rovnovazka.cz\/l\/wowit-video-ohlednuti-za-skolenim-lektoru-na-slovensku\/<\/a><\/p>\r\n<p><a href=\"https:\/\/drustvo-novus.com\/novice\/Erasmus%2B%20WOWIT%20%E2%80%93%20Usposabljanje%20predavateljev%20na%20Slova%C5%A1kem\/6575\">Dru\u0161tvo Novus (SL)<\/a><\/p>\r\n<p><a href=\"https:\/\/docs.google.com\/document\/d\/14pU9xkiRFfTfsnpOsCyeVsaLWjJ8aRd8kg9kDMk8MqU\/edit\">UPSVaR &#8211; Office of Labour, Social Affairs and Family, Dunajska Streda &#8211; intrane<\/a>t<\/p>\r\n<p><a href=\"https:\/\/drive.google.com\/drive\/u\/0\/folders\/12hm0FLVrsQPs6uIuajhqIu9PTS_prb0E\">Training of Trainers, Regional Newspaper Csallokoz, 2022<\/a><\/p>\r\n<p>&nbsp;<\/p>\r\n<p><strong>2.3. COURSE DEVELOPMENT<\/strong><\/p>\r\n<p><a href=\"https:\/\/futureg.sk\/hu\/workshop-a-munkanelkuli-nok-szamara\/\">Futureg &#8211; Article in HU\u00a0<\/a><\/p>\r\n<p><a href=\"https:\/\/futureg.sk\/blog\/2023\/05\/31\/workshop-pre-nezamestnanych\/\">Futureg &#8211; Article in SK\u00a0<\/a><\/p>\r\n<p><a href=\"https:\/\/futureg.sk\/en\/2023\/05\/31\/workshop-for-unemployed-women\/\">Futureg &#8211; Article in ENG\u00a0<\/a><\/p>\r\n<p><strong>2.4 WORKSHOP<\/strong><\/p>\r\n<p><a href=\"https:\/\/futureg.sk\/hu\/workshop-a-munkanelkuli-nok-szamara\/\">Futureg &#8211; Article in HU\u00a0<\/a><\/p>\r\n<p><a href=\"https:\/\/futureg.sk\/blog\/2023\/05\/31\/workshop-pre-nezamestnanych\/\">Futureg &#8211; Article in SK\u00a0<\/a><\/p>\r\n<p><a href=\"https:\/\/futureg.sk\/en\/2023\/05\/31\/workshop-for-unemployed-women\/\">Futureg &#8211; Article in ENG\u00a0<\/a><\/p>\r\n<p>&nbsp;<\/p>\r\n<p>\u00a0<span data-sheets-value=\"{&quot;1&quot;:2,&quot;2&quot;:&quot;The project is funded by the European Union.&quot;}\" data-sheets-userformat=\"{&quot;2&quot;:513,&quot;3&quot;:{&quot;1&quot;:0},&quot;12&quot;:0}\">The project is co-funded by the European Union.\u00a0<\/span><span data-sheets-value=\"{&quot;1&quot;:2,&quot;2&quot;:&quot;2021-1-SK01-KA210-ADU-000034089&quot;}\" data-sheets-userformat=\"{&quot;2&quot;:18945,&quot;3&quot;:{&quot;1&quot;:0},&quot;12&quot;:0,&quot;14&quot;:{&quot;1&quot;:2,&quot;2&quot;:10027263},&quot;17&quot;:1}\">Project Number: 2021-1-SK01-KA210-ADU-000034089<\/span> <img loading=\"lazy\" decoding=\"async\" class=\"alignnone size-medium wp-image-737\" src=\"https:\/\/futureg.sk\/hu\/wp-content\/uploads\/sites\/2\/2023\/05\/EN-Co-funded-by-the-EU_POS-300x63.jpg\" alt=\"\" width=\"300\" height=\"63\" \/> <img loading=\"lazy\" decoding=\"async\" class=\"alignnone size-medium wp-image-673\" src=\"https:\/\/futureg.sk\/hu\/wp-content\/uploads\/sites\/2\/2023\/01\/Copy-of-1200px-Erasmus_Logo.svg1_-300x86.png\" alt=\"\" width=\"300\" height=\"86\" \/><\/p>\r\n\r\n<p>&nbsp;<\/p>\r\n","protected":false},"excerpt":{"rendered":"<p>EPALE Blog post &nbsp; 1.1.KICK OFF MEETING Futureg &#8211; Article in HU Futureg &#8211; Article in SK Futureg &#8211; Article in ENG Rovnov\u00e1\u017eka (CZ) Dru\u0161tvo Novus (SL) &nbsp; 1.2. BEST PRACTICE GUIDE Futureg &#8211; Article in SK Futureg &#8211; Article in HU Dru\u0161tvo Novus (SL) &nbsp; 1.3. PROJECT MANAGEMENT Dobry den, Patria (RTVS) &#8211; video [&hellip;]<\/p>\n","protected":false},"author":1,"featured_media":0,"parent":0,"menu_order":0,"comment_status":"closed","ping_status":"closed","template":"","meta":{"_monsterinsights_skip_tracking":false,"_monsterinsights_sitenote_active":false,"_monsterinsights_sitenote_note":"","_monsterinsights_sitenote_category":0,"footnotes":""},"class_list":["post-287","page","type-page","status-publish","hentry"],"yoast_head":"<!-- This site is optimized with the Yoast SEO plugin v26.1.1 - https:\/\/yoast.com\/wordpress\/plugins\/seo\/ -->\n<title>Media WOWIT - FutuReg NGO<\/title>\n<meta name=\"robots\" content=\"index, follow, max-snippet:-1, max-image-preview:large, max-video-preview:-1\" \/>\n<link rel=\"canonical\" href=\"https:\/\/futureg.sk\/en\/media-wowit\/\" \/>\n<meta property=\"og:locale\" content=\"en_US\" \/>\n<meta property=\"og:type\" content=\"article\" \/>\n<meta property=\"og:title\" content=\"Media WOWIT - FutuReg NGO\" \/>\n<meta property=\"og:description\" content=\"EPALE Blog post &nbsp; 1.1.KICK OFF MEETING Futureg &#8211; Article in HU Futureg &#8211; Article in SK Futureg &#8211; Article in ENG Rovnov\u00e1\u017eka (CZ) Dru\u0161tvo Novus (SL) &nbsp; 1.2. BEST PRACTICE GUIDE Futureg &#8211; Article in SK Futureg &#8211; Article in HU Dru\u0161tvo Novus (SL) &nbsp; 1.3. PROJECT MANAGEMENT Dobry den, Patria (RTVS) &#8211; video [&hellip;]\" \/>\n<meta property=\"og:url\" content=\"https:\/\/futureg.sk\/en\/media-wowit\/\" \/>\n<meta property=\"og:site_name\" content=\"FutuReg NGO\" \/>\n<meta property=\"article:modified_time\" content=\"2023-12-21T08:35:37+00:00\" \/>\n<meta property=\"og:image\" content=\"https:\/\/futureg.sk\/hu\/wp-content\/uploads\/sites\/2\/2023\/05\/EN-Co-funded-by-the-EU_POS-300x63.jpg\" \/>\n<meta name=\"twitter:card\" content=\"summary_large_image\" \/>\n<meta name=\"twitter:label1\" content=\"Est. reading time\" \/>\n\t<meta name=\"twitter:data1\" content=\"2 minutes\" \/>\n<script type=\"application\/ld+json\" class=\"yoast-schema-graph\">{\"@context\":\"https:\/\/schema.org\",\"@graph\":[{\"@type\":\"WebPage\",\"@id\":\"https:\/\/futureg.sk\/en\/media-wowit\/\",\"url\":\"https:\/\/futureg.sk\/en\/media-wowit\/\",\"name\":\"Media WOWIT - FutuReg NGO\",\"isPartOf\":{\"@id\":\"https:\/\/futureg.sk\/en\/#website\"},\"primaryImageOfPage\":{\"@id\":\"https:\/\/futureg.sk\/en\/media-wowit\/#primaryimage\"},\"image\":{\"@id\":\"https:\/\/futureg.sk\/en\/media-wowit\/#primaryimage\"},\"thumbnailUrl\":\"https:\/\/futureg.sk\/hu\/wp-content\/uploads\/sites\/2\/2023\/05\/EN-Co-funded-by-the-EU_POS-300x63.jpg\",\"datePublished\":\"2023-05-12T11:23:27+00:00\",\"dateModified\":\"2023-12-21T08:35:37+00:00\",\"breadcrumb\":{\"@id\":\"https:\/\/futureg.sk\/en\/media-wowit\/#breadcrumb\"},\"inLanguage\":\"en-US\",\"potentialAction\":[{\"@type\":\"ReadAction\",\"target\":[\"https:\/\/futureg.sk\/en\/media-wowit\/\"]}]},{\"@type\":\"ImageObject\",\"inLanguage\":\"en-US\",\"@id\":\"https:\/\/futureg.sk\/en\/media-wowit\/#primaryimage\",\"url\":\"https:\/\/futureg.sk\/hu\/wp-content\/uploads\/sites\/2\/2023\/05\/EN-Co-funded-by-the-EU_POS-300x63.jpg\",\"contentUrl\":\"https:\/\/futureg.sk\/hu\/wp-content\/uploads\/sites\/2\/2023\/05\/EN-Co-funded-by-the-EU_POS-300x63.jpg\"},{\"@type\":\"BreadcrumbList\",\"@id\":\"https:\/\/futureg.sk\/en\/media-wowit\/#breadcrumb\",\"itemListElement\":[{\"@type\":\"ListItem\",\"position\":1,\"name\":\"Home\",\"item\":\"https:\/\/futureg.sk\/en\/\"},{\"@type\":\"ListItem\",\"position\":2,\"name\":\"Media WOWIT\"}]},{\"@type\":\"WebSite\",\"@id\":\"https:\/\/futureg.sk\/en\/#website\",\"url\":\"https:\/\/futureg.sk\/en\/\",\"name\":\"FutuReg NGO\",\"description\":\"Educating kids, youth and adults in the region\",\"potentialAction\":[{\"@type\":\"SearchAction\",\"target\":{\"@type\":\"EntryPoint\",\"urlTemplate\":\"https:\/\/futureg.sk\/en\/?s={search_term_string}\"},\"query-input\":{\"@type\":\"PropertyValueSpecification\",\"valueRequired\":true,\"valueName\":\"search_term_string\"}}],\"inLanguage\":\"en-US\"}]}<\/script>\n<!-- \/ Yoast SEO plugin. -->","yoast_head_json":{"title":"Media WOWIT - FutuReg NGO","robots":{"index":"index","follow":"follow","max-snippet":"max-snippet:-1","max-image-preview":"max-image-preview:large","max-video-preview":"max-video-preview:-1"},"canonical":"https:\/\/futureg.sk\/en\/media-wowit\/","og_locale":"en_US","og_type":"article","og_title":"Media WOWIT - FutuReg NGO","og_description":"EPALE Blog post &nbsp; 1.1.KICK OFF MEETING Futureg &#8211; Article in HU Futureg &#8211; Article in SK Futureg &#8211; Article in ENG Rovnov\u00e1\u017eka (CZ) Dru\u0161tvo Novus (SL) &nbsp; 1.2. BEST PRACTICE GUIDE Futureg &#8211; Article in SK Futureg &#8211; Article in HU Dru\u0161tvo Novus (SL) &nbsp; 1.3. PROJECT MANAGEMENT Dobry den, Patria (RTVS) &#8211; video [&hellip;]","og_url":"https:\/\/futureg.sk\/en\/media-wowit\/","og_site_name":"FutuReg NGO","article_modified_time":"2023-12-21T08:35:37+00:00","og_image":[{"url":"https:\/\/futureg.sk\/hu\/wp-content\/uploads\/sites\/2\/2023\/05\/EN-Co-funded-by-the-EU_POS-300x63.jpg","type":"","width":"","height":""}],"twitter_card":"summary_large_image","twitter_misc":{"Est. reading time":"2 minutes"},"schema":{"@context":"https:\/\/schema.org","@graph":[{"@type":"WebPage","@id":"https:\/\/futureg.sk\/en\/media-wowit\/","url":"https:\/\/futureg.sk\/en\/media-wowit\/","name":"Media WOWIT - FutuReg NGO","isPartOf":{"@id":"https:\/\/futureg.sk\/en\/#website"},"primaryImageOfPage":{"@id":"https:\/\/futureg.sk\/en\/media-wowit\/#primaryimage"},"image":{"@id":"https:\/\/futureg.sk\/en\/media-wowit\/#primaryimage"},"thumbnailUrl":"https:\/\/futureg.sk\/hu\/wp-content\/uploads\/sites\/2\/2023\/05\/EN-Co-funded-by-the-EU_POS-300x63.jpg","datePublished":"2023-05-12T11:23:27+00:00","dateModified":"2023-12-21T08:35:37+00:00","breadcrumb":{"@id":"https:\/\/futureg.sk\/en\/media-wowit\/#breadcrumb"},"inLanguage":"en-US","potentialAction":[{"@type":"ReadAction","target":["https:\/\/futureg.sk\/en\/media-wowit\/"]}]},{"@type":"ImageObject","inLanguage":"en-US","@id":"https:\/\/futureg.sk\/en\/media-wowit\/#primaryimage","url":"https:\/\/futureg.sk\/hu\/wp-content\/uploads\/sites\/2\/2023\/05\/EN-Co-funded-by-the-EU_POS-300x63.jpg","contentUrl":"https:\/\/futureg.sk\/hu\/wp-content\/uploads\/sites\/2\/2023\/05\/EN-Co-funded-by-the-EU_POS-300x63.jpg"},{"@type":"BreadcrumbList","@id":"https:\/\/futureg.sk\/en\/media-wowit\/#breadcrumb","itemListElement":[{"@type":"ListItem","position":1,"name":"Home","item":"https:\/\/futureg.sk\/en\/"},{"@type":"ListItem","position":2,"name":"Media WOWIT"}]},{"@type":"WebSite","@id":"https:\/\/futureg.sk\/en\/#website","url":"https:\/\/futureg.sk\/en\/","name":"FutuReg NGO","description":"Educating kids, youth and adults in the region","potentialAction":[{"@type":"SearchAction","target":{"@type":"EntryPoint","urlTemplate":"https:\/\/futureg.sk\/en\/?s={search_term_string}"},"query-input":{"@type":"PropertyValueSpecification","valueRequired":true,"valueName":"search_term_string"}}],"inLanguage":"en-US"}]}},"_links":{"self":[{"href":"https:\/\/futureg.sk\/en\/wp-json\/wp\/v2\/pages\/287","targetHints":{"allow":["GET"]}}],"collection":[{"href":"https:\/\/futureg.sk\/en\/wp-json\/wp\/v2\/pages"}],"about":[{"href":"https:\/\/futureg.sk\/en\/wp-json\/wp\/v2\/types\/page"}],"author":[{"embeddable":true,"href":"https:\/\/futureg.sk\/en\/wp-json\/wp\/v2\/users\/1"}],"replies":[{"embeddable":true,"href":"https:\/\/futureg.sk\/en\/wp-json\/wp\/v2\/comments?post=287"}],"version-history":[{"count":6,"href":"https:\/\/futureg.sk\/en\/wp-json\/wp\/v2\/pages\/287\/revisions"}],"predecessor-version":[{"id":421,"href":"https:\/\/futureg.sk\/en\/wp-json\/wp\/v2\/pages\/287\/revisions\/421"}],"wp:attachment":[{"href":"https:\/\/futureg.sk\/en\/wp-json\/wp\/v2\/media?parent=287"}],"curies":[{"name":"wp","href":"https:\/\/api.w.org\/{rel}","templated":true}]}}