{"id":228,"date":"2023-01-28T11:09:06","date_gmt":"2023-01-28T11:09:06","guid":{"rendered":"https:\/\/futureg.sk\/en\/?page_id=228"},"modified":"2024-10-31T08:24:59","modified_gmt":"2024-10-31T08:24:59","slug":"digit4all","status":"publish","type":"page","link":"https:\/\/futureg.sk\/en\/digit4all\/","title":{"rendered":"DIGIT4ALL"},"content":{"rendered":"<p>Medi@LL addresses digital transformation through development of digital readiness, resilience in media.Young generation where LL is Media Literacy and Law consists the practices that allow people to access, critically evaluate, and create or manipulate media. Media literacy is not restricted to one medium. Media literacy education is intended to promote awareness of media influence and create an active stance towards both consuming and creating media.The aim is to produce within cooperation. Project is mainly Networking and Educatingwith project management, dissemination and networking creation of Medi@Coaches and Mentors.<br \/>\nEducation means MediaCamp with Media Literacy Training and a seminar for 40 young, following with Workshop on best practices 40 person the real Publication of Medi@LL Commando dissemination is the written of the NewsPaper and the experimental Medi@Camp for 5 days and 10 young people who will edit an old- school NewsPaper during Camp in non- formal education ACTIVITY 1 has 4 results: a Networking b} project management, c}dissemination and d } creation of Medi@Coaches and Mentors.<br \/>\nACTIIVITY 2 Medi@Education includes the organisation of Medi@Camp as main goal with a) Media Literacy Training on-<br \/>\nline ,b) Seminar for 40 youth c 1 Workshop for 40 person, 1 Newspaper of Medi@LL Commando dissemination and a real<br \/>\nMedia Camp for 5 days for 10 young people who will edit, issue and produce together an Erasmus+ Media Product.<\/p>\n<p>Outcome of ACTIVITY 1:<br \/>\n<a href=\"https:\/\/futureg.sk\/en\/2023\/01\/26\/digit4all-kickoff-meeting\/\">1.1.Kick off meeting &#8211; 1st meeting<\/a><br \/>\n<a href=\"https:\/\/futureg.sk\/en\/2024\/09\/26\/medialisation-of-digit4all\/\">1.2.Dissemination &#8211; Media coverage<\/a><br \/>\n<a href=\"https:\/\/futureg.sk\/en\/2024\/10\/03\/digit4all-projekt-management\/\">1.3.Project management,<\/a><br \/>\n<a href=\"https:\/\/futureg.sk\/en\/2023\/04\/26\/digit4all-conference\/\">1.4.Networking conference of youth workers<\/a><br \/>\n<a href=\"https:\/\/futureg.sk\/en\/2024\/10\/25\/virtual-networking-of-media-coaches\/\">1.5.Virtual networking of Media Coaches<\/a><br \/>\n<a href=\"https:\/\/futureg.sk\/en\/2024\/10\/24\/evaluation-context-grid-digit4all\/\">1.6.Evaluation grid<\/a><\/p>\n<p>Outcome of ACTIVITY 2: Medi@Education m\u00e1 za hlavn\u00fd cie\u013e organiz\u00e1ciu Medi@Campu<br \/>\n<a href=\"https:\/\/futureg.sk\/en\/2023\/05\/26\/the-importance-of-information-literacy-and-media-literacy-training-in-the-digital-world-digit4all\/\">2.1.Media Literacy Training on-line<\/a><br \/>\n<a href=\"https:\/\/futureg.sk\/en\/2024\/10\/03\/seminar-on-artificial-intelligence-and-media-literacy\/\">2.2.Seminar on the topic reflecting the situation in youth in their country<\/a><br \/>\n<a href=\"https:\/\/futureg.sk\/en\/2024\/10\/02\/preventing-online-bullying-through-school-meditation-and-an-introduction-to-the-legal-aspects-of-cyberbullying-2\/\">2.3.Workshop on best practices in Medi@LL<\/a><br \/>\n<a href=\"https:\/\/drive.google.com\/drive\/folders\/1kJroTAdv7BvpRdLFeyItb_SjFWQo4daf\">2.4.Newspaper of Medi@ LL COMMANDO<\/a><br \/>\n<a href=\"https:\/\/futureg.sk\/en\/2024\/03\/10\/media-camp-szeged\/\">2.5.Medi@LL Camp<\/a><br \/>\na) Media literacy training<br \/>\nb) Seminar for 40 young people with 20 youthpasses workshop for 40 young people<br \/>\nc) 1 educational newspaper of Medi@LL Commando and a real Media Camp for 5 days for 10 young people who will jointly edit, publish and produce an Erasmus+ media product.<\/p>\n<p><span data-sheets-value=\"{&quot;1&quot;:2,&quot;2&quot;:&quot;The project is funded by the European Union.&quot;}\" data-sheets-userformat=\"{&quot;2&quot;:513,&quot;3&quot;:{&quot;1&quot;:0},&quot;12&quot;:0}\">The project is funded by the European Union.<\/span><span data-sheets-value=\"{&quot;1&quot;:2,&quot;2&quot;:&quot;2022-1-SK02-KA210-YOU-000083196&quot;}\" data-sheets-userformat=\"{&quot;2&quot;:18945,&quot;3&quot;:{&quot;1&quot;:0},&quot;12&quot;:0,&quot;14&quot;:{&quot;1&quot;:2,&quot;2&quot;:16750848},&quot;17&quot;:1}\">2022-1-SK02-KA210-YOU-000083196<\/span><\/p>\n<p><a href=\"https:\/\/futureg.sk\/en\/2023\/01\/26\/digit4all-kickoff-meeting\/copy-of-1200px-erasmus_logo-svg1\/\" rel=\"attachment wp-att-219\"><img loading=\"lazy\" decoding=\"async\" class=\"alignnone size-medium wp-image-219\" src=\"https:\/\/futureg.sk\/en\/wp-content\/uploads\/sites\/3\/2023\/01\/Copy-of-1200px-Erasmus_Logo.svg1_-300x86.png\" alt=\"\" width=\"300\" height=\"86\" srcset=\"https:\/\/futureg.sk\/en\/wp-content\/uploads\/sites\/3\/2023\/01\/Copy-of-1200px-Erasmus_Logo.svg1_-300x86.png 300w, https:\/\/futureg.sk\/en\/wp-content\/uploads\/sites\/3\/2023\/01\/Copy-of-1200px-Erasmus_Logo.svg1_-1024x294.png 1024w, https:\/\/futureg.sk\/en\/wp-content\/uploads\/sites\/3\/2023\/01\/Copy-of-1200px-Erasmus_Logo.svg1_-768x220.png 768w, https:\/\/futureg.sk\/en\/wp-content\/uploads\/sites\/3\/2023\/01\/Copy-of-1200px-Erasmus_Logo.svg1_.png 1200w\" sizes=\"auto, (max-width: 300px) 100vw, 300px\" \/><\/a><a href=\"https:\/\/futureg.sk\/en\/2022\/11\/14\/best-practice-guide-wowit\/2022-correct-logo-eu-funded_official-logo-from-2022\/\" rel=\"attachment wp-att-198\"><img loading=\"lazy\" decoding=\"async\" class=\"alignnone size-medium wp-image-198\" src=\"https:\/\/futureg.sk\/en\/wp-content\/uploads\/sites\/3\/2022\/11\/2022-CORRECT-LOGO-EU-FUNDED_official-logo-from-2022-300x63.jpg\" alt=\"\" width=\"300\" height=\"63\" srcset=\"https:\/\/futureg.sk\/en\/wp-content\/uploads\/sites\/3\/2022\/11\/2022-CORRECT-LOGO-EU-FUNDED_official-logo-from-2022-300x63.jpg 300w, https:\/\/futureg.sk\/en\/wp-content\/uploads\/sites\/3\/2022\/11\/2022-CORRECT-LOGO-EU-FUNDED_official-logo-from-2022-1024x215.jpg 1024w, https:\/\/futureg.sk\/en\/wp-content\/uploads\/sites\/3\/2022\/11\/2022-CORRECT-LOGO-EU-FUNDED_official-logo-from-2022-768x161.jpg 768w, https:\/\/futureg.sk\/en\/wp-content\/uploads\/sites\/3\/2022\/11\/2022-CORRECT-LOGO-EU-FUNDED_official-logo-from-2022-1536x322.jpg 1536w, https:\/\/futureg.sk\/en\/wp-content\/uploads\/sites\/3\/2022\/11\/2022-CORRECT-LOGO-EU-FUNDED_official-logo-from-2022-2048x430.jpg 2048w\" sizes=\"auto, (max-width: 300px) 100vw, 300px\" \/><\/a><\/p>\n","protected":false},"excerpt":{"rendered":"<p>Medi@LL addresses digital transformation through development of digital readiness, resilience in media.Young generation where LL is Media Literacy and Law consists the practices that allow people to access, critically evaluate, and create or manipulate media. Media literacy is not restricted to one medium. Media literacy education is intended to promote awareness of media influence and [&hellip;]<\/p>\n","protected":false},"author":1,"featured_media":0,"parent":0,"menu_order":0,"comment_status":"closed","ping_status":"closed","template":"","meta":{"_monsterinsights_skip_tracking":false,"_monsterinsights_sitenote_active":false,"_monsterinsights_sitenote_note":"","_monsterinsights_sitenote_category":0,"footnotes":""},"class_list":["post-228","page","type-page","status-publish","hentry"],"yoast_head":"<!-- This site is optimized with the Yoast SEO plugin v26.1.1 - https:\/\/yoast.com\/wordpress\/plugins\/seo\/ -->\n<title>DIGIT4ALL - FutuReg NGO<\/title>\n<meta name=\"robots\" content=\"index, follow, max-snippet:-1, max-image-preview:large, max-video-preview:-1\" \/>\n<link rel=\"canonical\" href=\"https:\/\/futureg.sk\/en\/digit4all\/\" \/>\n<meta property=\"og:locale\" content=\"en_US\" \/>\n<meta property=\"og:type\" content=\"article\" \/>\n<meta property=\"og:title\" content=\"DIGIT4ALL - FutuReg NGO\" \/>\n<meta property=\"og:description\" content=\"Medi@LL addresses digital transformation through development of digital readiness, resilience in media.Young generation where LL is Media Literacy and Law consists the practices that allow people to access, critically evaluate, and create or manipulate media. Media literacy is not restricted to one medium. Media literacy education is intended to promote awareness of media influence and [&hellip;]\" \/>\n<meta property=\"og:url\" content=\"https:\/\/futureg.sk\/en\/digit4all\/\" \/>\n<meta property=\"og:site_name\" content=\"FutuReg NGO\" \/>\n<meta property=\"article:modified_time\" content=\"2024-10-31T08:24:59+00:00\" \/>\n<meta property=\"og:image\" content=\"https:\/\/futureg.sk\/en\/wp-content\/uploads\/sites\/3\/2023\/01\/Copy-of-1200px-Erasmus_Logo.svg1_-300x86.png\" \/>\n<meta name=\"twitter:card\" content=\"summary_large_image\" \/>\n<meta name=\"twitter:label1\" content=\"Est. reading time\" \/>\n\t<meta name=\"twitter:data1\" content=\"2 minutes\" \/>\n<script type=\"application\/ld+json\" class=\"yoast-schema-graph\">{\"@context\":\"https:\/\/schema.org\",\"@graph\":[{\"@type\":\"WebPage\",\"@id\":\"https:\/\/futureg.sk\/en\/digit4all\/\",\"url\":\"https:\/\/futureg.sk\/en\/digit4all\/\",\"name\":\"DIGIT4ALL - FutuReg NGO\",\"isPartOf\":{\"@id\":\"https:\/\/futureg.sk\/en\/#website\"},\"primaryImageOfPage\":{\"@id\":\"https:\/\/futureg.sk\/en\/digit4all\/#primaryimage\"},\"image\":{\"@id\":\"https:\/\/futureg.sk\/en\/digit4all\/#primaryimage\"},\"thumbnailUrl\":\"https:\/\/futureg.sk\/en\/wp-content\/uploads\/sites\/3\/2023\/01\/Copy-of-1200px-Erasmus_Logo.svg1_-300x86.png\",\"datePublished\":\"2023-01-28T11:09:06+00:00\",\"dateModified\":\"2024-10-31T08:24:59+00:00\",\"breadcrumb\":{\"@id\":\"https:\/\/futureg.sk\/en\/digit4all\/#breadcrumb\"},\"inLanguage\":\"en-US\",\"potentialAction\":[{\"@type\":\"ReadAction\",\"target\":[\"https:\/\/futureg.sk\/en\/digit4all\/\"]}]},{\"@type\":\"ImageObject\",\"inLanguage\":\"en-US\",\"@id\":\"https:\/\/futureg.sk\/en\/digit4all\/#primaryimage\",\"url\":\"https:\/\/futureg.sk\/en\/wp-content\/uploads\/sites\/3\/2023\/01\/Copy-of-1200px-Erasmus_Logo.svg1_.png\",\"contentUrl\":\"https:\/\/futureg.sk\/en\/wp-content\/uploads\/sites\/3\/2023\/01\/Copy-of-1200px-Erasmus_Logo.svg1_.png\",\"width\":1200,\"height\":344},{\"@type\":\"BreadcrumbList\",\"@id\":\"https:\/\/futureg.sk\/en\/digit4all\/#breadcrumb\",\"itemListElement\":[{\"@type\":\"ListItem\",\"position\":1,\"name\":\"Home\",\"item\":\"https:\/\/futureg.sk\/en\/\"},{\"@type\":\"ListItem\",\"position\":2,\"name\":\"DIGIT4ALL\"}]},{\"@type\":\"WebSite\",\"@id\":\"https:\/\/futureg.sk\/en\/#website\",\"url\":\"https:\/\/futureg.sk\/en\/\",\"name\":\"FutuReg NGO\",\"description\":\"Educating kids, youth and adults in the region\",\"potentialAction\":[{\"@type\":\"SearchAction\",\"target\":{\"@type\":\"EntryPoint\",\"urlTemplate\":\"https:\/\/futureg.sk\/en\/?s={search_term_string}\"},\"query-input\":{\"@type\":\"PropertyValueSpecification\",\"valueRequired\":true,\"valueName\":\"search_term_string\"}}],\"inLanguage\":\"en-US\"}]}<\/script>\n<!-- \/ Yoast SEO plugin. -->","yoast_head_json":{"title":"DIGIT4ALL - FutuReg NGO","robots":{"index":"index","follow":"follow","max-snippet":"max-snippet:-1","max-image-preview":"max-image-preview:large","max-video-preview":"max-video-preview:-1"},"canonical":"https:\/\/futureg.sk\/en\/digit4all\/","og_locale":"en_US","og_type":"article","og_title":"DIGIT4ALL - FutuReg NGO","og_description":"Medi@LL addresses digital transformation through development of digital readiness, resilience in media.Young generation where LL is Media Literacy and Law consists the practices that allow people to access, critically evaluate, and create or manipulate media. Media literacy is not restricted to one medium. Media literacy education is intended to promote awareness of media influence and [&hellip;]","og_url":"https:\/\/futureg.sk\/en\/digit4all\/","og_site_name":"FutuReg NGO","article_modified_time":"2024-10-31T08:24:59+00:00","og_image":[{"url":"https:\/\/futureg.sk\/en\/wp-content\/uploads\/sites\/3\/2023\/01\/Copy-of-1200px-Erasmus_Logo.svg1_-300x86.png","type":"","width":"","height":""}],"twitter_card":"summary_large_image","twitter_misc":{"Est. reading time":"2 minutes"},"schema":{"@context":"https:\/\/schema.org","@graph":[{"@type":"WebPage","@id":"https:\/\/futureg.sk\/en\/digit4all\/","url":"https:\/\/futureg.sk\/en\/digit4all\/","name":"DIGIT4ALL - FutuReg NGO","isPartOf":{"@id":"https:\/\/futureg.sk\/en\/#website"},"primaryImageOfPage":{"@id":"https:\/\/futureg.sk\/en\/digit4all\/#primaryimage"},"image":{"@id":"https:\/\/futureg.sk\/en\/digit4all\/#primaryimage"},"thumbnailUrl":"https:\/\/futureg.sk\/en\/wp-content\/uploads\/sites\/3\/2023\/01\/Copy-of-1200px-Erasmus_Logo.svg1_-300x86.png","datePublished":"2023-01-28T11:09:06+00:00","dateModified":"2024-10-31T08:24:59+00:00","breadcrumb":{"@id":"https:\/\/futureg.sk\/en\/digit4all\/#breadcrumb"},"inLanguage":"en-US","potentialAction":[{"@type":"ReadAction","target":["https:\/\/futureg.sk\/en\/digit4all\/"]}]},{"@type":"ImageObject","inLanguage":"en-US","@id":"https:\/\/futureg.sk\/en\/digit4all\/#primaryimage","url":"https:\/\/futureg.sk\/en\/wp-content\/uploads\/sites\/3\/2023\/01\/Copy-of-1200px-Erasmus_Logo.svg1_.png","contentUrl":"https:\/\/futureg.sk\/en\/wp-content\/uploads\/sites\/3\/2023\/01\/Copy-of-1200px-Erasmus_Logo.svg1_.png","width":1200,"height":344},{"@type":"BreadcrumbList","@id":"https:\/\/futureg.sk\/en\/digit4all\/#breadcrumb","itemListElement":[{"@type":"ListItem","position":1,"name":"Home","item":"https:\/\/futureg.sk\/en\/"},{"@type":"ListItem","position":2,"name":"DIGIT4ALL"}]},{"@type":"WebSite","@id":"https:\/\/futureg.sk\/en\/#website","url":"https:\/\/futureg.sk\/en\/","name":"FutuReg NGO","description":"Educating kids, youth and adults in the region","potentialAction":[{"@type":"SearchAction","target":{"@type":"EntryPoint","urlTemplate":"https:\/\/futureg.sk\/en\/?s={search_term_string}"},"query-input":{"@type":"PropertyValueSpecification","valueRequired":true,"valueName":"search_term_string"}}],"inLanguage":"en-US"}]}},"_links":{"self":[{"href":"https:\/\/futureg.sk\/en\/wp-json\/wp\/v2\/pages\/228","targetHints":{"allow":["GET"]}}],"collection":[{"href":"https:\/\/futureg.sk\/en\/wp-json\/wp\/v2\/pages"}],"about":[{"href":"https:\/\/futureg.sk\/en\/wp-json\/wp\/v2\/types\/page"}],"author":[{"embeddable":true,"href":"https:\/\/futureg.sk\/en\/wp-json\/wp\/v2\/users\/1"}],"replies":[{"embeddable":true,"href":"https:\/\/futureg.sk\/en\/wp-json\/wp\/v2\/comments?post=228"}],"version-history":[{"count":6,"href":"https:\/\/futureg.sk\/en\/wp-json\/wp\/v2\/pages\/228\/revisions"}],"predecessor-version":[{"id":573,"href":"https:\/\/futureg.sk\/en\/wp-json\/wp\/v2\/pages\/228\/revisions\/573"}],"wp:attachment":[{"href":"https:\/\/futureg.sk\/en\/wp-json\/wp\/v2\/media?parent=228"}],"curies":[{"name":"wp","href":"https:\/\/api.w.org\/{rel}","templated":true}]}}