{"id":226,"date":"2023-01-28T11:07:47","date_gmt":"2023-01-28T11:07:47","guid":{"rendered":"https:\/\/futureg.sk\/en\/?page_id=226"},"modified":"2023-07-07T12:04:22","modified_gmt":"2023-07-07T12:04:22","slug":"digeq","status":"publish","type":"page","link":"https:\/\/futureg.sk\/en\/digeq\/","title":{"rendered":"DIGEQ"},"content":{"rendered":"<p><!--more-->The aim of the small partnership project FUTUREG, GLAFKA,FAZEKAS is to promote digital knowledge, the growth of digital intelligence through the emotional balance of young people, creating emotional resolution techniques for online conflicts and the so-called teaching of emotional comepetence for young people. It is a way to prevent bullying and cyberbullying by sharing experiences, best practices, training young trainers through participation and developing curricula for non-formal education of young people in digital resilience. Prioritising digital transformation and the growth of digital intelligence through the emotional quality of young people by the EU Safer Internet challenge. The project partners feel responsible for the appropriate provision of digital knowledge for young people for online learning in EU institutions. DIGEQ is a common youth concept that is urgently needed to promote the safety of children and young people of the project in the online environment &#8211; not only because of the COVID 19 pandemic, but overall because of the digital transformation of our time. In March 2020, children and youth suddenly found themselves in an unexpected situation that forced everyone to learn professional digital knowledge. If the youth and children themselves or social campaigns do not react in time to raise awareness and comprehensibly to the most pressing issues of the constant presence of the anna on the net.<\/p>\n<p><b>HORIZONTAL PRINCIPLES<\/b>: Addressing digital transformation through the development of digital readiness, resilience and capacity<br \/>\nPriorities:<br \/>\nShared values, civic engagement and active citizenship<br \/>\nYouth: Increasing the quality, innovation and recognition of youth work<br \/>\nNew learning and teaching methods and approaches<br \/>\nDigital youth work<br \/>\nDigital skills and competences<\/p>\n<p><strong>Project activities<\/strong><\/p>\n<table width=\"0\">\n<tbody>\n<tr>\n<td><\/td>\n<td><a href=\"https:\/\/futureg.sk\/en\/2023\/06\/06\/as-a-participant-of-the-international-digeq-project-the-futureg-team-took-part-in-an-experience-rich-conference-in-prague\/\">1.1 Kick off meeting<\/a>.<\/td>\n<\/tr>\n<tr>\n<td><\/td>\n<td><a href=\"https:\/\/futureg.sk\/en\/2023\/05\/12\/the-practical-guide-digital-intelligence-growth-via-the-emotional-quality-of-youth-is-available\/\">1.2 Best practice quide<\/a><\/td>\n<\/tr>\n<tr>\n<td><\/td>\n<td><a href=\"https:\/\/futureg.sk\/en\/2023\/07\/02\/digeq-project-management\/\">1.3 Project Management<\/a><\/td>\n<\/tr>\n<tr>\n<td><\/td>\n<td><a href=\"https:\/\/futureg.sk\/en\/2023\/05\/12\/hexagon-tales-a-tool-for-exploring-sensitive-topics-in-the-educational-environment-is-now-available-as-a-teachers-guide\/\">2.1 Offline Handbook on Digital Citizenship<\/a><\/td>\n<\/tr>\n<tr>\n<td><\/td>\n<td><a href=\"https:\/\/futureg.sk\/en\/2023\/07\/07\/digeq-educational-videos-on-youtube\/\">2.2 Online DIGEQ workshop materials\/ DIGEQ videos<\/a><\/td>\n<\/tr>\n<tr>\n<td><\/td>\n<td><a href=\"https:\/\/futureg.sk\/en\/2023\/06\/27\/digeq-training-of-youth-workers-in-prague\/\">3.1.Seminar for Youth Workers \u2013 \u00a0Prague<\/a><\/td>\n<\/tr>\n<tr>\n<td><\/td>\n<td><a href=\"https:\/\/futureg.sk\/en\/2023\/06\/06\/digital-eq-in-the-form-of-a-mediation-seminar-in-dunajska-streda\/\">3.2.Mediation training\u00a0 \u2013 in Dunajsk\u00e1 Streda 2022<\/a><\/td>\n<\/tr>\n<tr>\n<td><\/td>\n<td><a href=\"https:\/\/futureg.sk\/en\/2022\/10\/25\/digeq-training-of-trainers-in-budapest\/\">3.2 Train the traines in Budape\u0161ti Oct. 2022<\/a><\/td>\n<\/tr>\n<\/tbody>\n<\/table>\n<p>&nbsp;<\/p>\n<p><strong>Medialization of project<\/strong><\/p>\n<table width=\"0\">\n<tbody>\n<tr>\n<td><\/td>\n<td><a href=\"https:\/\/futureg.sk\/en\/2023\/06\/06\/as-a-participant-of-the-international-digeq-project-the-futureg-team-took-part-in-an-experience-rich-conference-in-prague\/\">1.1. kick off meeting \u2013 \u00favodn\u00e9 stretnutie<\/a><\/td>\n<\/tr>\n<tr>\n<td><\/td>\n<td><a href=\"https:\/\/futureg.sk\/en\/2023\/05\/12\/the-practical-guide-digital-intelligence-growth-via-the-emotional-quality-of-youth-is-available\/\">1.2. Best practice guide-\u00a0 Pr\u00edru\u010dka dobrej praxe<\/a><\/td>\n<\/tr>\n<tr>\n<td><\/td>\n<td><a href=\"https:\/\/futureg.sk\/en\/2023\/07\/02\/digeq-project-management\/\">1.3 Project Management- projektov\u00fd mana\u017ement<\/a><\/td>\n<\/tr>\n<tr>\n<td><\/td>\n<td><a href=\"https:\/\/futureg.sk\/en\/2023\/05\/12\/hexagon-tales-a-tool-for-exploring-sensitive-topics-in-the-educational-environment-is-now-available-as-a-teachers-guide\/\">2.1 Offline Handbook on Digital Citizenship \u2013 Ofline Pr\u00edru\u010dka \u2013 Pravidl\u00e1 Hry<\/a>&nbsp;<\/p>\n<p><a href=\"https:\/\/www.discuss-community.eu\/developing-basic-skills-and-key-competences-3\/386-digital-intelligence-growth-via-emotional-quality-of-youth.html\">https:\/\/www.discuss-community.eu\/developing-basic-skills-and-key-competences-3\/386-digital-intelligence-growth-via-emotional-quality-of-youth.html<\/a><\/p>\n<p>EPALE (available with EU login)<\/p>\n<p><a href=\"https:\/\/school-education.ec.europa.eu\/en\/etwinning\/projects\/hexatales-boardgame-writing-stories\">ETWINNING Partners responsible (available for schools)<\/a><\/td>\n<\/tr>\n<tr>\n<td><\/td>\n<td><a href=\"https:\/\/futureg.sk\/en\/2023\/07\/07\/digeq-educational-videos-on-youtube\/\">2.2 Online DIGEQ workshop materials \u2013 Vide\u00e1 DIGEQ<\/a><\/td>\n<\/tr>\n<tr>\n<td><\/td>\n<td><a href=\"https:\/\/futureg.sk\/en\/2023\/06\/27\/digeq-training-of-youth-workers-in-prague\/\">3.1.Seminar for Youth Workers<\/a><\/td>\n<\/tr>\n<tr>\n<td><\/td>\n<td><a href=\"https:\/\/futureg.sk\/digeq\/1399_230605110511_001\/\" rel=\"attachment wp-att-1445\">3.2 Medializ\u00e1cia v Csall\u00f3koz t\u00fd\u017edenn\u00edku j\u00fan 2022<\/a><\/td>\n<\/tr>\n<tr>\n<td><\/td>\n<td><a href=\"https:\/\/futureg.sk\/en\/2022\/10\/25\/digeq-training-of-trainers-in-budapest\/\">3.2 Train the trainers Budapest<\/a><\/td>\n<\/tr>\n<\/tbody>\n<\/table>\n<p>&nbsp;<\/p>\n<p>&nbsp;<\/p>\n<p>STIHANUT SI MOZE*TE NASE MATERIALY<\/p>\n<p><a href=\"https:\/\/futureg.sk\/en\/2023\/05\/12\/the-practical-guide-digital-intelligence-growth-via-the-emotional-quality-of-youth-is-available\/\">BEST PRACTiCE<\/a><\/p>\n<p><a href=\"https:\/\/futureg.sk\/en\/2023\/05\/12\/hexagon-tales-a-tool-for-exploring-sensitive-topics-in-the-educational-environment-is-now-available-as-a-teachers-guide\/\">HEXAGON TALES<\/a><\/p>\n<p>2021-1-SK02-KA210-YOU-000033913<\/p>\n<p><a href=\"https:\/\/futureg.sk\/en\/2023\/01\/26\/digit4all-kickoff-meeting\/copy-of-1200px-erasmus_logo-svg1\/\" rel=\"attachment wp-att-219\"><img loading=\"lazy\" decoding=\"async\" class=\"alignnone size-medium wp-image-219\" src=\"https:\/\/futureg.sk\/en\/wp-content\/uploads\/sites\/3\/2023\/01\/Copy-of-1200px-Erasmus_Logo.svg1_-300x86.png\" alt=\"\" width=\"300\" height=\"86\" srcset=\"https:\/\/futureg.sk\/en\/wp-content\/uploads\/sites\/3\/2023\/01\/Copy-of-1200px-Erasmus_Logo.svg1_-300x86.png 300w, https:\/\/futureg.sk\/en\/wp-content\/uploads\/sites\/3\/2023\/01\/Copy-of-1200px-Erasmus_Logo.svg1_-1024x294.png 1024w, https:\/\/futureg.sk\/en\/wp-content\/uploads\/sites\/3\/2023\/01\/Copy-of-1200px-Erasmus_Logo.svg1_-768x220.png 768w, https:\/\/futureg.sk\/en\/wp-content\/uploads\/sites\/3\/2023\/01\/Copy-of-1200px-Erasmus_Logo.svg1_.png 1200w\" sizes=\"auto, (max-width: 300px) 100vw, 300px\" \/><\/a><a href=\"https:\/\/futureg.sk\/en\/2022\/11\/14\/best-practice-guide-wowit\/2022-correct-logo-eu-funded_official-logo-from-2022\/\" rel=\"attachment wp-att-198\"><img loading=\"lazy\" decoding=\"async\" class=\"alignnone size-medium wp-image-198\" src=\"https:\/\/futureg.sk\/en\/wp-content\/uploads\/sites\/3\/2022\/11\/2022-CORRECT-LOGO-EU-FUNDED_official-logo-from-2022-300x63.jpg\" alt=\"\" width=\"300\" height=\"63\" srcset=\"https:\/\/futureg.sk\/en\/wp-content\/uploads\/sites\/3\/2022\/11\/2022-CORRECT-LOGO-EU-FUNDED_official-logo-from-2022-300x63.jpg 300w, https:\/\/futureg.sk\/en\/wp-content\/uploads\/sites\/3\/2022\/11\/2022-CORRECT-LOGO-EU-FUNDED_official-logo-from-2022-1024x215.jpg 1024w, https:\/\/futureg.sk\/en\/wp-content\/uploads\/sites\/3\/2022\/11\/2022-CORRECT-LOGO-EU-FUNDED_official-logo-from-2022-768x161.jpg 768w, https:\/\/futureg.sk\/en\/wp-content\/uploads\/sites\/3\/2022\/11\/2022-CORRECT-LOGO-EU-FUNDED_official-logo-from-2022-1536x322.jpg 1536w, https:\/\/futureg.sk\/en\/wp-content\/uploads\/sites\/3\/2022\/11\/2022-CORRECT-LOGO-EU-FUNDED_official-logo-from-2022-2048x430.jpg 2048w\" sizes=\"auto, (max-width: 300px) 100vw, 300px\" \/><\/a><\/p>\n<p>The project is funded by the European Union.<span data-sheets-value=\"{&quot;1&quot;:2,&quot;2&quot;:&quot;2021-1-SK02-KA210-YOU-000033913&quot;}\" data-sheets-userformat=\"{&quot;2&quot;:31297,&quot;3&quot;:{&quot;1&quot;:0},&quot;9&quot;:0,&quot;12&quot;:0,&quot;14&quot;:{&quot;1&quot;:2,&quot;2&quot;:255},&quot;15&quot;:&quot;Calibri, sans-serif&quot;,&quot;16&quot;:12,&quot;17&quot;:1}\">2021-1-SK02-KA210-YOU-000033913<\/span><\/p>\n<p>Partners<\/p>\n<p><a href=\"http:\/\/www.fazekas.hu\">FAZEKAS<\/a><\/p>\n<p><a href=\"http:\/\/www.glafka.cz\">GLAFKA<\/a><\/p>\n","protected":false},"excerpt":{"rendered":"","protected":false},"author":1,"featured_media":0,"parent":0,"menu_order":0,"comment_status":"closed","ping_status":"closed","template":"","meta":{"_monsterinsights_skip_tracking":false,"_monsterinsights_sitenote_active":false,"_monsterinsights_sitenote_note":"","_monsterinsights_sitenote_category":0,"footnotes":""},"class_list":["post-226","page","type-page","status-publish","hentry"],"yoast_head":"<!-- This site is optimized with the Yoast SEO plugin v26.1.1 - https:\/\/yoast.com\/wordpress\/plugins\/seo\/ -->\n<title>DIGEQ - FutuReg NGO<\/title>\n<meta name=\"robots\" content=\"index, follow, max-snippet:-1, max-image-preview:large, max-video-preview:-1\" \/>\n<link rel=\"canonical\" href=\"https:\/\/futureg.sk\/en\/digeq\/\" \/>\n<meta property=\"og:locale\" content=\"en_US\" \/>\n<meta property=\"og:type\" content=\"article\" \/>\n<meta property=\"og:title\" content=\"DIGEQ - FutuReg NGO\" \/>\n<meta property=\"og:url\" content=\"https:\/\/futureg.sk\/en\/digeq\/\" \/>\n<meta property=\"og:site_name\" content=\"FutuReg NGO\" \/>\n<meta property=\"article:modified_time\" content=\"2023-07-07T12:04:22+00:00\" \/>\n<meta property=\"og:image\" content=\"https:\/\/futureg.sk\/en\/wp-content\/uploads\/sites\/3\/2023\/01\/Copy-of-1200px-Erasmus_Logo.svg1_-300x86.png\" \/>\n<meta name=\"twitter:card\" content=\"summary_large_image\" \/>\n<meta name=\"twitter:label1\" content=\"Est. reading time\" \/>\n\t<meta name=\"twitter:data1\" content=\"2 minutes\" \/>\n<script type=\"application\/ld+json\" class=\"yoast-schema-graph\">{\"@context\":\"https:\/\/schema.org\",\"@graph\":[{\"@type\":\"WebPage\",\"@id\":\"https:\/\/futureg.sk\/en\/digeq\/\",\"url\":\"https:\/\/futureg.sk\/en\/digeq\/\",\"name\":\"DIGEQ - FutuReg NGO\",\"isPartOf\":{\"@id\":\"https:\/\/futureg.sk\/en\/#website\"},\"primaryImageOfPage\":{\"@id\":\"https:\/\/futureg.sk\/en\/digeq\/#primaryimage\"},\"image\":{\"@id\":\"https:\/\/futureg.sk\/en\/digeq\/#primaryimage\"},\"thumbnailUrl\":\"https:\/\/futureg.sk\/en\/wp-content\/uploads\/sites\/3\/2023\/01\/Copy-of-1200px-Erasmus_Logo.svg1_-300x86.png\",\"datePublished\":\"2023-01-28T11:07:47+00:00\",\"dateModified\":\"2023-07-07T12:04:22+00:00\",\"breadcrumb\":{\"@id\":\"https:\/\/futureg.sk\/en\/digeq\/#breadcrumb\"},\"inLanguage\":\"en-US\",\"potentialAction\":[{\"@type\":\"ReadAction\",\"target\":[\"https:\/\/futureg.sk\/en\/digeq\/\"]}]},{\"@type\":\"ImageObject\",\"inLanguage\":\"en-US\",\"@id\":\"https:\/\/futureg.sk\/en\/digeq\/#primaryimage\",\"url\":\"https:\/\/futureg.sk\/en\/wp-content\/uploads\/sites\/3\/2023\/01\/Copy-of-1200px-Erasmus_Logo.svg1_.png\",\"contentUrl\":\"https:\/\/futureg.sk\/en\/wp-content\/uploads\/sites\/3\/2023\/01\/Copy-of-1200px-Erasmus_Logo.svg1_.png\",\"width\":1200,\"height\":344},{\"@type\":\"BreadcrumbList\",\"@id\":\"https:\/\/futureg.sk\/en\/digeq\/#breadcrumb\",\"itemListElement\":[{\"@type\":\"ListItem\",\"position\":1,\"name\":\"Home\",\"item\":\"https:\/\/futureg.sk\/en\/\"},{\"@type\":\"ListItem\",\"position\":2,\"name\":\"DIGEQ\"}]},{\"@type\":\"WebSite\",\"@id\":\"https:\/\/futureg.sk\/en\/#website\",\"url\":\"https:\/\/futureg.sk\/en\/\",\"name\":\"FutuReg NGO\",\"description\":\"Educating kids, youth and adults in the region\",\"potentialAction\":[{\"@type\":\"SearchAction\",\"target\":{\"@type\":\"EntryPoint\",\"urlTemplate\":\"https:\/\/futureg.sk\/en\/?s={search_term_string}\"},\"query-input\":{\"@type\":\"PropertyValueSpecification\",\"valueRequired\":true,\"valueName\":\"search_term_string\"}}],\"inLanguage\":\"en-US\"}]}<\/script>\n<!-- \/ Yoast SEO plugin. -->","yoast_head_json":{"title":"DIGEQ - FutuReg NGO","robots":{"index":"index","follow":"follow","max-snippet":"max-snippet:-1","max-image-preview":"max-image-preview:large","max-video-preview":"max-video-preview:-1"},"canonical":"https:\/\/futureg.sk\/en\/digeq\/","og_locale":"en_US","og_type":"article","og_title":"DIGEQ - FutuReg NGO","og_url":"https:\/\/futureg.sk\/en\/digeq\/","og_site_name":"FutuReg NGO","article_modified_time":"2023-07-07T12:04:22+00:00","og_image":[{"url":"https:\/\/futureg.sk\/en\/wp-content\/uploads\/sites\/3\/2023\/01\/Copy-of-1200px-Erasmus_Logo.svg1_-300x86.png","type":"","width":"","height":""}],"twitter_card":"summary_large_image","twitter_misc":{"Est. reading time":"2 minutes"},"schema":{"@context":"https:\/\/schema.org","@graph":[{"@type":"WebPage","@id":"https:\/\/futureg.sk\/en\/digeq\/","url":"https:\/\/futureg.sk\/en\/digeq\/","name":"DIGEQ - FutuReg NGO","isPartOf":{"@id":"https:\/\/futureg.sk\/en\/#website"},"primaryImageOfPage":{"@id":"https:\/\/futureg.sk\/en\/digeq\/#primaryimage"},"image":{"@id":"https:\/\/futureg.sk\/en\/digeq\/#primaryimage"},"thumbnailUrl":"https:\/\/futureg.sk\/en\/wp-content\/uploads\/sites\/3\/2023\/01\/Copy-of-1200px-Erasmus_Logo.svg1_-300x86.png","datePublished":"2023-01-28T11:07:47+00:00","dateModified":"2023-07-07T12:04:22+00:00","breadcrumb":{"@id":"https:\/\/futureg.sk\/en\/digeq\/#breadcrumb"},"inLanguage":"en-US","potentialAction":[{"@type":"ReadAction","target":["https:\/\/futureg.sk\/en\/digeq\/"]}]},{"@type":"ImageObject","inLanguage":"en-US","@id":"https:\/\/futureg.sk\/en\/digeq\/#primaryimage","url":"https:\/\/futureg.sk\/en\/wp-content\/uploads\/sites\/3\/2023\/01\/Copy-of-1200px-Erasmus_Logo.svg1_.png","contentUrl":"https:\/\/futureg.sk\/en\/wp-content\/uploads\/sites\/3\/2023\/01\/Copy-of-1200px-Erasmus_Logo.svg1_.png","width":1200,"height":344},{"@type":"BreadcrumbList","@id":"https:\/\/futureg.sk\/en\/digeq\/#breadcrumb","itemListElement":[{"@type":"ListItem","position":1,"name":"Home","item":"https:\/\/futureg.sk\/en\/"},{"@type":"ListItem","position":2,"name":"DIGEQ"}]},{"@type":"WebSite","@id":"https:\/\/futureg.sk\/en\/#website","url":"https:\/\/futureg.sk\/en\/","name":"FutuReg NGO","description":"Educating kids, youth and adults in the region","potentialAction":[{"@type":"SearchAction","target":{"@type":"EntryPoint","urlTemplate":"https:\/\/futureg.sk\/en\/?s={search_term_string}"},"query-input":{"@type":"PropertyValueSpecification","valueRequired":true,"valueName":"search_term_string"}}],"inLanguage":"en-US"}]}},"_links":{"self":[{"href":"https:\/\/futureg.sk\/en\/wp-json\/wp\/v2\/pages\/226","targetHints":{"allow":["GET"]}}],"collection":[{"href":"https:\/\/futureg.sk\/en\/wp-json\/wp\/v2\/pages"}],"about":[{"href":"https:\/\/futureg.sk\/en\/wp-json\/wp\/v2\/types\/page"}],"author":[{"embeddable":true,"href":"https:\/\/futureg.sk\/en\/wp-json\/wp\/v2\/users\/1"}],"replies":[{"embeddable":true,"href":"https:\/\/futureg.sk\/en\/wp-json\/wp\/v2\/comments?post=226"}],"version-history":[{"count":3,"href":"https:\/\/futureg.sk\/en\/wp-json\/wp\/v2\/pages\/226\/revisions"}],"predecessor-version":[{"id":389,"href":"https:\/\/futureg.sk\/en\/wp-json\/wp\/v2\/pages\/226\/revisions\/389"}],"wp:attachment":[{"href":"https:\/\/futureg.sk\/en\/wp-json\/wp\/v2\/media?parent=226"}],"curies":[{"name":"wp","href":"https:\/\/api.w.org\/{rel}","templated":true}]}}