{"id":141,"date":"2021-10-23T16:18:29","date_gmt":"2021-10-23T16:18:29","guid":{"rendered":"http:\/\/futureg.sk\/en\/?page_id=141"},"modified":"2021-10-23T16:18:29","modified_gmt":"2021-10-23T16:18:29","slug":"sponzors","status":"publish","type":"page","link":"https:\/\/futureg.sk\/en\/sponzors\/","title":{"rendered":"Sponzors"},"content":{"rendered":"<div class=\"entry-content clearfix\">\n<h1>Supported by<\/h1>\n<h2>2021<\/h2>\n<p><a href=\"http:\/\/futureg.sk\/rovesnicka-mediacia\/\">Minority Kids na stredn\u00fdch \u0161kol\u00e1ch<\/a><\/p>\n<p><a href=\"http:\/\/futureg.sk\/tolerancia\/\">Tolerancia<\/a><\/p>\n<p>&nbsp;<\/p>\n<p><a href=\"www.kultminor.sk\" rel=\"attachment wp-att-634\"><img loading=\"lazy\" decoding=\"async\" class=\"alignnone wp-image-634 size-full\" src=\"http:\/\/futureg.sk\/wp-content\/uploads\/2018\/11\/kult-minor-logo.png\" alt=\"\" width=\"267\" height=\"99\" \/><\/a><\/p>\n<p><a href=\"http:\/\/www.minoritykids.sk\">Projekt Minority Kids web<\/a><\/p>\n<p><a href=\"https:\/\/www.trnava-vuc.sk\/\" rel=\"attachment wp-att-633\"><img loading=\"lazy\" decoding=\"async\" class=\"alignnone wp-image-633 size-medium\" src=\"http:\/\/futureg.sk\/wp-content\/uploads\/2018\/11\/logo.tt-sk-300x126.jpg\" alt=\"\" width=\"300\" height=\"126\" \/><\/a><\/p>\n<p><a href=\"http:\/\/futureg.sk\/podporili-nas-2\/tt-sk-logo\/\" rel=\"attachment wp-att-984\"><img loading=\"lazy\" decoding=\"async\" class=\"alignnone size-medium wp-image-984\" src=\"http:\/\/futureg.sk\/wp-content\/uploads\/2021\/10\/tt-sk-logo-300x42.png\" alt=\"\" width=\"300\" height=\"42\" \/><\/a><\/p>\n<p>Websupport<\/p>\n<p><a href=\"www.websupport.sk\" rel=\"attachment wp-att-982\"><img loading=\"lazy\" decoding=\"async\" class=\"alignnone wp-image-982 size-medium\" src=\"http:\/\/futureg.sk\/wp-content\/uploads\/2021\/10\/banner-websupport-hosting-300x94.png\" alt=\"\" width=\"300\" height=\"94\" \/><\/a><\/p>\n<h2>Projekt KIDSAFEDU<\/h2>\n<p><a href=\"http:\/\/futureg.sk\/blog\/2021\/03\/05\/projekt-kidsafedu-interreg-hu-sk\/rdv_logo\/\" rel=\"attachment wp-att-862\"><img loading=\"lazy\" decoding=\"async\" class=\"alignnone size-full wp-image-862\" src=\"http:\/\/futureg.sk\/wp-content\/uploads\/2021\/03\/rdv_logo.png\" alt=\"\" width=\"291\" height=\"126\" \/><\/a><\/p>\n<p><a href=\"http:\/\/futureg.sk\/fundraising\/skhu_erdf_sk\/\" rel=\"attachment wp-att-891\"><img loading=\"lazy\" decoding=\"async\" class=\"alignnone size-medium wp-image-891\" src=\"http:\/\/futureg.sk\/wp-content\/uploads\/2021\/03\/skhu_erdf_sk-300x30.png\" alt=\"\" width=\"300\" height=\"30\" \/><\/a><\/p>\n<p><a href=\"http:\/\/futureg.sk\/fundraising\/logo_color_skhu_sk_rgb\/\" rel=\"attachment wp-att-893\"><img loading=\"lazy\" decoding=\"async\" class=\"alignnone size-medium wp-image-893\" src=\"http:\/\/futureg.sk\/wp-content\/uploads\/2021\/03\/Logo_color_SKHU_SK_RGB-300x74.jpg\" alt=\"\" width=\"300\" height=\"74\" \/><\/a><\/p>\n<p><a href=\"http:\/\/futureg.sk\/fundraising\/skhu_slogen_sk\/\" rel=\"attachment wp-att-892\"><img loading=\"lazy\" decoding=\"async\" class=\"alignnone size-medium wp-image-892\" src=\"http:\/\/futureg.sk\/wp-content\/uploads\/2021\/03\/SKHU_slogen_sk-300x62.png\" alt=\"\" width=\"300\" height=\"62\" \/><\/a><\/p>\n<h2>Nad\u00e1cia Hintalovon Research Violence &#8211; Jedna v\u00fdchovn\u00e1 neza\u0161kod\u00ed?<\/h2>\n<p>&nbsp;<\/p>\n<\/div>\n<p><a href=\"http:\/\/futureg.sk\/blog\/2021\/03\/05\/projekt-kidsafedu-interreg-hu-sk\/cropped-hintalovon_logo_100px\/\" rel=\"attachment wp-att-860\"><img loading=\"lazy\" decoding=\"async\" class=\"alignnone size-full wp-image-860\" src=\"http:\/\/futureg.sk\/wp-content\/uploads\/2021\/03\/cropped-hintalovon_logo_100px.jpg\" alt=\"\" width=\"84\" height=\"97\" \/><\/a><\/p>\n<div class=\"entry-content clearfix\">\n<h2>Bezpe\u010dne komunitne projekt KIDSAFADEU.ONLINE<\/h2>\n<p><a href=\"http:\/\/futureg.sk\/kidsafedu-online\/bezpecne-2-2\/\" rel=\"attachment wp-att-888\"><img loading=\"lazy\" decoding=\"async\" class=\"alignnone wp-image-888\" src=\"http:\/\/futureg.sk\/wp-content\/uploads\/2021\/03\/bezpe\u010dne-2-1-300x300.png\" alt=\"\" width=\"161\" height=\"161\" \/><\/a><\/p>\n<p><a href=\"http:\/\/futureg.sk\/kidsafedu-online\/nds_logo-2\/\" rel=\"attachment wp-att-881\"><img loading=\"lazy\" decoding=\"async\" class=\"alignnone size-medium wp-image-881\" src=\"http:\/\/futureg.sk\/wp-content\/uploads\/2021\/03\/nds_logo-300x65.png\" alt=\"\" width=\"300\" height=\"65\" \/><\/a><\/p>\n<p><a href=\"http:\/\/futureg.sk\/kidsafedu-online\/kooperativa\/\" rel=\"attachment wp-att-885\"><img loading=\"lazy\" decoding=\"async\" class=\"alignnone size-medium wp-image-885\" src=\"http:\/\/futureg.sk\/wp-content\/uploads\/2021\/03\/kooperativa-300x121.png\" alt=\"\" width=\"300\" height=\"121\" \/><\/a><\/p>\n<p><a href=\"http:\/\/futureg.sk\/kidsafedu-online\/banner_sportujemrad\/\" rel=\"attachment wp-att-884\"><img loading=\"lazy\" decoding=\"async\" class=\"alignnone size-medium wp-image-884\" src=\"http:\/\/futureg.sk\/wp-content\/uploads\/2021\/03\/banner_sportujemrad-300x143.png\" alt=\"\" width=\"300\" height=\"143\" \/><\/a><\/p>\n<p>&nbsp;<\/p>\n<h1>2016- 2020<\/h1>\n<p>&nbsp;<\/p>\n<p><a href=\"http:\/\/futureg.sk\/fundraising\/kult-minor-logo\/\" rel=\"attachment wp-att-634\"><img loading=\"lazy\" decoding=\"async\" class=\"alignnone size-full wp-image-634\" src=\"http:\/\/futureg.sk\/wp-content\/uploads\/2018\/11\/kult-minor-logo.png\" alt=\"\" width=\"267\" height=\"99\" \/><\/a><\/p>\n<p><a href=\"http:\/\/futureg.sk\/fundraising\/logo-tt-sk\/\" rel=\"attachment wp-att-633\"><img loading=\"lazy\" decoding=\"async\" class=\"alignnone size-medium wp-image-633\" src=\"http:\/\/futureg.sk\/wp-content\/uploads\/2018\/11\/logo.tt-sk-300x126.jpg\" alt=\"\" width=\"300\" height=\"126\" \/><\/a><\/p>\n<p><a href=\"http:\/\/futureg.sk\/fundraising\/kormany-tamogatas\/\" rel=\"attachment wp-att-636\"><img loading=\"lazy\" decoding=\"async\" class=\"alignnone size-medium wp-image-636\" src=\"http:\/\/futureg.sk\/wp-content\/uploads\/2018\/11\/szines-kormany-tamogatas-300x75.jpg\" alt=\"\" width=\"300\" height=\"75\" \/><\/a><\/p>\n<p>&nbsp;<\/p>\n<\/div>\n","protected":false},"excerpt":{"rendered":"<p>Supported by 2021 Minority Kids na stredn\u00fdch \u0161kol\u00e1ch Tolerancia &nbsp; Projekt Minority Kids web Websupport Projekt KIDSAFEDU Nad\u00e1cia Hintalovon Research Violence &#8211; Jedna v\u00fdchovn\u00e1 neza\u0161kod\u00ed? &nbsp; Bezpe\u010dne komunitne projekt KIDSAFADEU.ONLINE &nbsp; 2016- 2020 &nbsp; &nbsp;<\/p>\n","protected":false},"author":1,"featured_media":0,"parent":0,"menu_order":0,"comment_status":"closed","ping_status":"closed","template":"","meta":{"_monsterinsights_skip_tracking":false,"_monsterinsights_sitenote_active":false,"_monsterinsights_sitenote_note":"","_monsterinsights_sitenote_category":0,"footnotes":""},"class_list":["post-141","page","type-page","status-publish","hentry"],"yoast_head":"<!-- This site is optimized with the Yoast SEO plugin v26.1.1 - https:\/\/yoast.com\/wordpress\/plugins\/seo\/ -->\n<title>Sponzors - FutuReg NGO<\/title>\n<meta name=\"robots\" content=\"index, follow, max-snippet:-1, max-image-preview:large, max-video-preview:-1\" \/>\n<link rel=\"canonical\" href=\"https:\/\/futureg.sk\/en\/sponzors\/\" \/>\n<meta property=\"og:locale\" content=\"en_US\" \/>\n<meta property=\"og:type\" content=\"article\" \/>\n<meta property=\"og:title\" content=\"Sponzors - FutuReg NGO\" \/>\n<meta property=\"og:description\" content=\"Supported by 2021 Minority Kids na stredn\u00fdch \u0161kol\u00e1ch Tolerancia &nbsp; Projekt Minority Kids web Websupport Projekt KIDSAFEDU Nad\u00e1cia Hintalovon Research Violence &#8211; Jedna v\u00fdchovn\u00e1 neza\u0161kod\u00ed? &nbsp; Bezpe\u010dne komunitne projekt KIDSAFADEU.ONLINE &nbsp; 2016- 2020 &nbsp; &nbsp;\" \/>\n<meta property=\"og:url\" content=\"https:\/\/futureg.sk\/en\/sponzors\/\" \/>\n<meta property=\"og:site_name\" content=\"FutuReg NGO\" \/>\n<meta property=\"og:image\" content=\"http:\/\/futureg.sk\/wp-content\/uploads\/2018\/11\/kult-minor-logo.png\" \/>\n<meta name=\"twitter:card\" content=\"summary_large_image\" \/>\n<script type=\"application\/ld+json\" class=\"yoast-schema-graph\">{\"@context\":\"https:\/\/schema.org\",\"@graph\":[{\"@type\":\"WebPage\",\"@id\":\"https:\/\/futureg.sk\/en\/sponzors\/\",\"url\":\"https:\/\/futureg.sk\/en\/sponzors\/\",\"name\":\"Sponzors - FutuReg NGO\",\"isPartOf\":{\"@id\":\"https:\/\/futureg.sk\/en\/#website\"},\"primaryImageOfPage\":{\"@id\":\"https:\/\/futureg.sk\/en\/sponzors\/#primaryimage\"},\"image\":{\"@id\":\"https:\/\/futureg.sk\/en\/sponzors\/#primaryimage\"},\"thumbnailUrl\":\"http:\/\/futureg.sk\/wp-content\/uploads\/2018\/11\/kult-minor-logo.png\",\"datePublished\":\"2021-10-23T16:18:29+00:00\",\"breadcrumb\":{\"@id\":\"https:\/\/futureg.sk\/en\/sponzors\/#breadcrumb\"},\"inLanguage\":\"en-US\",\"potentialAction\":[{\"@type\":\"ReadAction\",\"target\":[\"https:\/\/futureg.sk\/en\/sponzors\/\"]}]},{\"@type\":\"ImageObject\",\"inLanguage\":\"en-US\",\"@id\":\"https:\/\/futureg.sk\/en\/sponzors\/#primaryimage\",\"url\":\"http:\/\/futureg.sk\/wp-content\/uploads\/2018\/11\/kult-minor-logo.png\",\"contentUrl\":\"http:\/\/futureg.sk\/wp-content\/uploads\/2018\/11\/kult-minor-logo.png\"},{\"@type\":\"BreadcrumbList\",\"@id\":\"https:\/\/futureg.sk\/en\/sponzors\/#breadcrumb\",\"itemListElement\":[{\"@type\":\"ListItem\",\"position\":1,\"name\":\"Home\",\"item\":\"https:\/\/futureg.sk\/en\/\"},{\"@type\":\"ListItem\",\"position\":2,\"name\":\"Sponzors\"}]},{\"@type\":\"WebSite\",\"@id\":\"https:\/\/futureg.sk\/en\/#website\",\"url\":\"https:\/\/futureg.sk\/en\/\",\"name\":\"FutuReg NGO\",\"description\":\"Educating kids, youth and adults in the region\",\"potentialAction\":[{\"@type\":\"SearchAction\",\"target\":{\"@type\":\"EntryPoint\",\"urlTemplate\":\"https:\/\/futureg.sk\/en\/?s={search_term_string}\"},\"query-input\":{\"@type\":\"PropertyValueSpecification\",\"valueRequired\":true,\"valueName\":\"search_term_string\"}}],\"inLanguage\":\"en-US\"}]}<\/script>\n<!-- \/ Yoast SEO plugin. -->","yoast_head_json":{"title":"Sponzors - FutuReg NGO","robots":{"index":"index","follow":"follow","max-snippet":"max-snippet:-1","max-image-preview":"max-image-preview:large","max-video-preview":"max-video-preview:-1"},"canonical":"https:\/\/futureg.sk\/en\/sponzors\/","og_locale":"en_US","og_type":"article","og_title":"Sponzors - FutuReg NGO","og_description":"Supported by 2021 Minority Kids na stredn\u00fdch \u0161kol\u00e1ch Tolerancia &nbsp; Projekt Minority Kids web Websupport Projekt KIDSAFEDU Nad\u00e1cia Hintalovon Research Violence &#8211; Jedna v\u00fdchovn\u00e1 neza\u0161kod\u00ed? &nbsp; Bezpe\u010dne komunitne projekt KIDSAFADEU.ONLINE &nbsp; 2016- 2020 &nbsp; &nbsp;","og_url":"https:\/\/futureg.sk\/en\/sponzors\/","og_site_name":"FutuReg NGO","og_image":[{"url":"http:\/\/futureg.sk\/wp-content\/uploads\/2018\/11\/kult-minor-logo.png","type":"","width":"","height":""}],"twitter_card":"summary_large_image","schema":{"@context":"https:\/\/schema.org","@graph":[{"@type":"WebPage","@id":"https:\/\/futureg.sk\/en\/sponzors\/","url":"https:\/\/futureg.sk\/en\/sponzors\/","name":"Sponzors - FutuReg NGO","isPartOf":{"@id":"https:\/\/futureg.sk\/en\/#website"},"primaryImageOfPage":{"@id":"https:\/\/futureg.sk\/en\/sponzors\/#primaryimage"},"image":{"@id":"https:\/\/futureg.sk\/en\/sponzors\/#primaryimage"},"thumbnailUrl":"http:\/\/futureg.sk\/wp-content\/uploads\/2018\/11\/kult-minor-logo.png","datePublished":"2021-10-23T16:18:29+00:00","breadcrumb":{"@id":"https:\/\/futureg.sk\/en\/sponzors\/#breadcrumb"},"inLanguage":"en-US","potentialAction":[{"@type":"ReadAction","target":["https:\/\/futureg.sk\/en\/sponzors\/"]}]},{"@type":"ImageObject","inLanguage":"en-US","@id":"https:\/\/futureg.sk\/en\/sponzors\/#primaryimage","url":"http:\/\/futureg.sk\/wp-content\/uploads\/2018\/11\/kult-minor-logo.png","contentUrl":"http:\/\/futureg.sk\/wp-content\/uploads\/2018\/11\/kult-minor-logo.png"},{"@type":"BreadcrumbList","@id":"https:\/\/futureg.sk\/en\/sponzors\/#breadcrumb","itemListElement":[{"@type":"ListItem","position":1,"name":"Home","item":"https:\/\/futureg.sk\/en\/"},{"@type":"ListItem","position":2,"name":"Sponzors"}]},{"@type":"WebSite","@id":"https:\/\/futureg.sk\/en\/#website","url":"https:\/\/futureg.sk\/en\/","name":"FutuReg NGO","description":"Educating kids, youth and adults in the region","potentialAction":[{"@type":"SearchAction","target":{"@type":"EntryPoint","urlTemplate":"https:\/\/futureg.sk\/en\/?s={search_term_string}"},"query-input":{"@type":"PropertyValueSpecification","valueRequired":true,"valueName":"search_term_string"}}],"inLanguage":"en-US"}]}},"_links":{"self":[{"href":"https:\/\/futureg.sk\/en\/wp-json\/wp\/v2\/pages\/141","targetHints":{"allow":["GET"]}}],"collection":[{"href":"https:\/\/futureg.sk\/en\/wp-json\/wp\/v2\/pages"}],"about":[{"href":"https:\/\/futureg.sk\/en\/wp-json\/wp\/v2\/types\/page"}],"author":[{"embeddable":true,"href":"https:\/\/futureg.sk\/en\/wp-json\/wp\/v2\/users\/1"}],"replies":[{"embeddable":true,"href":"https:\/\/futureg.sk\/en\/wp-json\/wp\/v2\/comments?post=141"}],"version-history":[{"count":1,"href":"https:\/\/futureg.sk\/en\/wp-json\/wp\/v2\/pages\/141\/revisions"}],"predecessor-version":[{"id":142,"href":"https:\/\/futureg.sk\/en\/wp-json\/wp\/v2\/pages\/141\/revisions\/142"}],"wp:attachment":[{"href":"https:\/\/futureg.sk\/en\/wp-json\/wp\/v2\/media?parent=141"}],"curies":[{"name":"wp","href":"https:\/\/api.w.org\/{rel}","templated":true}]}}